{"id":2065,"date":"2017-09-18T08:47:56","date_gmt":"2017-09-18T06:47:56","guid":{"rendered":"http:\/\/www.driel-polen.nl\/?page_id=2065"},"modified":"2021-01-12T15:11:22","modified_gmt":"2021-01-12T14:11:22","slug":"2017-gedicht","status":"publish","type":"page","link":"https:\/\/www.driel-polen.nl\/pl\/herdenkingen\/herdenkingen-2015-2024\/2017-gedicht\/","title":{"rendered":"2017 Anio\u0142owie Pokoju"},"content":{"rendered":"<p><span style=\"color: #ff0000;\">Anio\u0142owie Pokoju<\/span><\/p>\n<p>Ta wojna zabra\u0142a ludziom sze\u015b\u0107 lat \u017cycia.<br \/>\nNiekt\u00f3rzy byli nastolatkami,<br \/>\nkiedy przysz\u0142a i zmieni\u0142a ich los.<\/p>\n<p>Znale\u017ali si\u0119 tacy, kt\u00f3rzy chcieli j\u0105 powstrzyma\u0107,<br \/>\nale by\u0142a zby\u0142 silna<br \/>\ni nigdy ju\u017c nie wr\u00f3cili.<\/p>\n<p>Z ni\u0105 odesz\u0142o wielu, kt\u00f3rych<br \/>\njedyn\u0105 win\u0105 by\u0142a ich wiara.<br \/>\nPotem wojna zabra\u0142a tych, kt\u00f3rzy<br \/>\npr\u00f3bowali ich ochroni\u0107.<\/p>\n<p>Zamienia\u0142a miasta w ruiny<br \/>\ni ludzkie \u017cycie w rozpacz.<\/p>\n<p>Opadaj\u0105ce wrze\u015bniowe li\u015bcie<br \/>\nunosz\u0105ce si\u0119 delikatnie<br \/>\nna niebie Arnhem<br \/>\nopowiadaj\u0105 histori\u0119<br \/>\no odwa\u017cnych \u017co\u0142nierzach<br \/>\nbrytyjskich i polskich.<\/p>\n<p>Wyl\u0105dowali na swoich spadochronach<br \/>\njak anio\u0142owie pokoju,<br \/>\n\u017ceby zako\u0144czy\u0107 najokrutniejsz\u0105 z wojen<br \/>\ni przynie\u015b\u0107 pok\u00f3j.<\/p>\n<p>Cena za odwag\u0119 by\u0142a wysoka:<br \/>\nkrew i \u017cycie,<br \/>\nale nie by\u0142a daremna.<\/p>\n<p>Pozostan\u0105 w naszych sercach<br \/>\nBo przyszli i zmienili nasz los.<\/p>\n<p>Amelia Kaczmarek ,2a<br \/>\nPubliczne Gimnazjum nr 21 im. Marii Sk\u0142odowskiej \u2013 Curie in \u0141\u00f3d\u017a, Poland<\/p>\n<p><a href=\"javascript:history.go(-1)\"><< Terug<\/a><\/p>","protected":false},"excerpt":{"rendered":"<p>Anio\u0142owie Pokoju Ta wojna zabra\u0142a ludziom sze\u015b\u0107 lat \u017cycia. Niekt\u00f3rzy byli nastolatkami, kiedy przysz\u0142a i zmieni\u0142a ich los. Znale\u017ali si\u0119 tacy, kt\u00f3rzy chcieli j\u0105 powstrzyma\u0107, ale by\u0142a zby\u0142 silna i nigdy ju\u017c nie wr\u00f3cili. Z ni\u0105 odesz\u0142o wielu, kt\u00f3rych jedyn\u0105 <span class=\"excerpt-dots\">&hellip;<\/span> <a class=\"more-link\" href=\"https:\/\/www.driel-polen.nl\/pl\/herdenkingen\/herdenkingen-2015-2024\/2017-gedicht\/\"><span class=\"more-msg\"><img decoding=\"async\" src=\"https:\/\/www.driel-polen.nl\/downloads\/lees-meer3.jpg\"><\/p>\n<hr class=\"wvrx-expand-full\" style=\"margin:0\"><\/span><\/a><\/p>\n","protected":false},"author":17,"featured_media":0,"parent":5633,"menu_order":4,"comment_status":"closed","ping_status":"closed","template":"","meta":{"_monsterinsights_skip_tracking":false,"_monsterinsights_sitenote_active":false,"_monsterinsights_sitenote_note":"","_monsterinsights_sitenote_category":0,"ngg_post_thumbnail":0,"footnotes":""},"class_list":["post-2065","page","type-page","status-publish","hentry"],"yoast_head":"<!-- This site is optimized with the Yoast SEO plugin v27.4 - https:\/\/yoast.com\/product\/yoast-seo-wordpress\/ -->\n<title>2017 Anio\u0142owie Pokoju - Stichting Driel-Polen<\/title>\n<meta name=\"robots\" content=\"index, follow, max-snippet:-1, max-image-preview:large, max-video-preview:-1\" \/>\n<link rel=\"canonical\" href=\"https:\/\/www.driel-polen.nl\/herdenkingen\/herdenkingen-2015-2024\/2017-gedicht\/\" \/>\n<meta property=\"og:locale\" content=\"pl_PL\" \/>\n<meta property=\"og:type\" content=\"article\" \/>\n<meta property=\"og:title\" content=\"2017 Anio\u0142owie Pokoju - Stichting Driel-Polen\" \/>\n<meta property=\"og:description\" content=\"Anio\u0142owie Pokoju Ta wojna zabra\u0142a ludziom sze\u015b\u0107 lat \u017cycia. Niekt\u00f3rzy byli nastolatkami, kiedy przysz\u0142a i zmieni\u0142a ich los. Znale\u017ali si\u0119 tacy, kt\u00f3rzy chcieli j\u0105 powstrzyma\u0107, ale by\u0142a zby\u0142 silna i nigdy ju\u017c nie wr\u00f3cili. Z ni\u0105 odesz\u0142o wielu, kt\u00f3rych jedyn\u0105 &hellip;\" \/>\n<meta property=\"og:url\" content=\"https:\/\/www.driel-polen.nl\/herdenkingen\/herdenkingen-2015-2024\/2017-gedicht\/\" \/>\n<meta property=\"og:site_name\" content=\"Stichting Driel-Polen\" \/>\n<meta property=\"article:modified_time\" content=\"2021-01-12T14:11:22+00:00\" \/>\n<meta name=\"twitter:label1\" content=\"Szacowany czas czytania\" \/>\n\t<meta name=\"twitter:data1\" content=\"1 minuta\" \/>\n<script type=\"application\/ld+json\" class=\"yoast-schema-graph\">{\"@context\":\"https:\\\/\\\/schema.org\",\"@graph\":[{\"@type\":\"WebPage\",\"@id\":\"https:\\\/\\\/www.driel-polen.nl\\\/herdenkingen\\\/herdenkingen-2015-2024\\\/2017-gedicht\\\/\",\"url\":\"https:\\\/\\\/www.driel-polen.nl\\\/herdenkingen\\\/herdenkingen-2015-2024\\\/2017-gedicht\\\/\",\"name\":\"2017 Anio\u0142owie Pokoju - Stichting Driel-Polen\",\"isPartOf\":{\"@id\":\"https:\\\/\\\/www.driel-polen.nl\\\/nl\\\/#website\"},\"datePublished\":\"2017-09-18T06:47:56+00:00\",\"dateModified\":\"2021-01-12T14:11:22+00:00\",\"breadcrumb\":{\"@id\":\"https:\\\/\\\/www.driel-polen.nl\\\/herdenkingen\\\/herdenkingen-2015-2024\\\/2017-gedicht\\\/#breadcrumb\"},\"inLanguage\":\"pl-PL\",\"potentialAction\":[{\"@type\":\"ReadAction\",\"target\":[\"https:\\\/\\\/www.driel-polen.nl\\\/herdenkingen\\\/herdenkingen-2015-2024\\\/2017-gedicht\\\/\"]}]},{\"@type\":\"BreadcrumbList\",\"@id\":\"https:\\\/\\\/www.driel-polen.nl\\\/herdenkingen\\\/herdenkingen-2015-2024\\\/2017-gedicht\\\/#breadcrumb\",\"itemListElement\":[{\"@type\":\"ListItem\",\"position\":1,\"name\":\"Herdenkingen\",\"item\":\"https:\\\/\\\/www.driel-polen.nl\\\/herdenkingen\\\/\"},{\"@type\":\"ListItem\",\"position\":2,\"name\":\"Herdenkingen 2015-2024\",\"item\":\"https:\\\/\\\/www.driel-polen.nl\\\/herdenkingen\\\/herdenkingen-2015-2024\\\/\"},{\"@type\":\"ListItem\",\"position\":3,\"name\":\"2017 Anio\u0142owie Pokoju\"}]},{\"@type\":\"WebSite\",\"@id\":\"https:\\\/\\\/www.driel-polen.nl\\\/nl\\\/#website\",\"url\":\"https:\\\/\\\/www.driel-polen.nl\\\/nl\\\/\",\"name\":\"Stichting Driel-Polen\",\"description\":\"General St. Sosabowski\",\"potentialAction\":[{\"@type\":\"SearchAction\",\"target\":{\"@type\":\"EntryPoint\",\"urlTemplate\":\"https:\\\/\\\/www.driel-polen.nl\\\/nl\\\/?s={search_term_string}\"},\"query-input\":{\"@type\":\"PropertyValueSpecification\",\"valueRequired\":true,\"valueName\":\"search_term_string\"}}],\"inLanguage\":\"pl-PL\"}]}<\/script>\n<!-- \/ Yoast SEO plugin. -->","yoast_head_json":{"title":"2017 Anio\u0142owie Pokoju - Stichting Driel-Polen","robots":{"index":"index","follow":"follow","max-snippet":"max-snippet:-1","max-image-preview":"max-image-preview:large","max-video-preview":"max-video-preview:-1"},"canonical":"https:\/\/www.driel-polen.nl\/herdenkingen\/herdenkingen-2015-2024\/2017-gedicht\/","og_locale":"pl_PL","og_type":"article","og_title":"2017 Anio\u0142owie Pokoju - Stichting Driel-Polen","og_description":"Anio\u0142owie Pokoju Ta wojna zabra\u0142a ludziom sze\u015b\u0107 lat \u017cycia. Niekt\u00f3rzy byli nastolatkami, kiedy przysz\u0142a i zmieni\u0142a ich los. Znale\u017ali si\u0119 tacy, kt\u00f3rzy chcieli j\u0105 powstrzyma\u0107, ale by\u0142a zby\u0142 silna i nigdy ju\u017c nie wr\u00f3cili. Z ni\u0105 odesz\u0142o wielu, kt\u00f3rych jedyn\u0105 &hellip;","og_url":"https:\/\/www.driel-polen.nl\/herdenkingen\/herdenkingen-2015-2024\/2017-gedicht\/","og_site_name":"Stichting Driel-Polen","article_modified_time":"2021-01-12T14:11:22+00:00","twitter_misc":{"Szacowany czas czytania":"1 minuta"},"schema":{"@context":"https:\/\/schema.org","@graph":[{"@type":"WebPage","@id":"https:\/\/www.driel-polen.nl\/herdenkingen\/herdenkingen-2015-2024\/2017-gedicht\/","url":"https:\/\/www.driel-polen.nl\/herdenkingen\/herdenkingen-2015-2024\/2017-gedicht\/","name":"2017 Anio\u0142owie Pokoju - Stichting Driel-Polen","isPartOf":{"@id":"https:\/\/www.driel-polen.nl\/nl\/#website"},"datePublished":"2017-09-18T06:47:56+00:00","dateModified":"2021-01-12T14:11:22+00:00","breadcrumb":{"@id":"https:\/\/www.driel-polen.nl\/herdenkingen\/herdenkingen-2015-2024\/2017-gedicht\/#breadcrumb"},"inLanguage":"pl-PL","potentialAction":[{"@type":"ReadAction","target":["https:\/\/www.driel-polen.nl\/herdenkingen\/herdenkingen-2015-2024\/2017-gedicht\/"]}]},{"@type":"BreadcrumbList","@id":"https:\/\/www.driel-polen.nl\/herdenkingen\/herdenkingen-2015-2024\/2017-gedicht\/#breadcrumb","itemListElement":[{"@type":"ListItem","position":1,"name":"Herdenkingen","item":"https:\/\/www.driel-polen.nl\/herdenkingen\/"},{"@type":"ListItem","position":2,"name":"Herdenkingen 2015-2024","item":"https:\/\/www.driel-polen.nl\/herdenkingen\/herdenkingen-2015-2024\/"},{"@type":"ListItem","position":3,"name":"2017 Anio\u0142owie Pokoju"}]},{"@type":"WebSite","@id":"https:\/\/www.driel-polen.nl\/nl\/#website","url":"https:\/\/www.driel-polen.nl\/nl\/","name":"Stichting Driel-Polen","description":"General St. Sosabowski","potentialAction":[{"@type":"SearchAction","target":{"@type":"EntryPoint","urlTemplate":"https:\/\/www.driel-polen.nl\/nl\/?s={search_term_string}"},"query-input":{"@type":"PropertyValueSpecification","valueRequired":true,"valueName":"search_term_string"}}],"inLanguage":"pl-PL"}]}},"_links":{"self":[{"href":"https:\/\/www.driel-polen.nl\/pl\/wp-json\/wp\/v2\/pages\/2065","targetHints":{"allow":["GET"]}}],"collection":[{"href":"https:\/\/www.driel-polen.nl\/pl\/wp-json\/wp\/v2\/pages"}],"about":[{"href":"https:\/\/www.driel-polen.nl\/pl\/wp-json\/wp\/v2\/types\/page"}],"author":[{"embeddable":true,"href":"https:\/\/www.driel-polen.nl\/pl\/wp-json\/wp\/v2\/users\/17"}],"replies":[{"embeddable":true,"href":"https:\/\/www.driel-polen.nl\/pl\/wp-json\/wp\/v2\/comments?post=2065"}],"version-history":[{"count":7,"href":"https:\/\/www.driel-polen.nl\/pl\/wp-json\/wp\/v2\/pages\/2065\/revisions"}],"predecessor-version":[{"id":5683,"href":"https:\/\/www.driel-polen.nl\/pl\/wp-json\/wp\/v2\/pages\/2065\/revisions\/5683"}],"up":[{"embeddable":true,"href":"https:\/\/www.driel-polen.nl\/pl\/wp-json\/wp\/v2\/pages\/5633"}],"wp:attachment":[{"href":"https:\/\/www.driel-polen.nl\/pl\/wp-json\/wp\/v2\/media?parent=2065"}],"curies":[{"name":"wp","href":"https:\/\/api.w.org\/{rel}","templated":true}]}}