{"id":1731,"date":"2016-09-19T12:39:28","date_gmt":"2016-09-19T10:39:28","guid":{"rendered":"http:\/\/www.driel-polen.nl\/?page_id=1731"},"modified":"2021-01-12T15:20:23","modified_gmt":"2021-01-12T14:20:23","slug":"poem","status":"publish","type":"page","link":"https:\/\/www.driel-polen.nl\/pl\/herdenkingen\/herdenkingen-2015-2024\/poem\/","title":{"rendered":"2016 Poem (Wiersz)"},"content":{"rendered":"<p><\/p>\n<h3>Bitwa pod Arnhem<\/h3>\n<p><strong>Wrzesie\u0144 1944<\/strong><br \/>\nNie by\u0142o mnie tam<br \/>\nNie widzia\u0142am nieba nad Arnhem,<br \/>\npociemnia\u0142ego c\u0119tkami spadochron\u00f3w.<\/p>\n<p>Nie zna\u0142am \u017co\u0142nierzy<br \/>\nnios\u0105cych nadziej\u0119 na zwyci\u0119stwo,<br \/>\npragnienie wolno\u015bci.<\/p>\n<p>Nadzieja, kt\u00f3r\u0105 nie\u015bli<br \/>\np\u0119k\u0142a jak ba\u0144ka przy zetkni\u0119ciu z ziemi\u0105,<br \/>\na miliony iskier wystrzeli\u0142y w g\u00f3r\u0119.<\/p>\n<p><strong>Wrzesie\u0144 2016<\/strong><br \/>\nJestem tutaj<br \/>\nPatrz\u0119 w niebo nad moim miastem<br \/>\nposrebrzone skrzyd\u0142ami go\u0142\u0119bi.<\/p>\n<p>Znam te ptaki.<br \/>\nka\u017cdy niesie zapewnienie pokoju,<br \/>\nka\u017cdy z nich to iskierka spod Arnhem.<\/p>\n<p>Michalina Nied\u017awiecka<br \/>\nPubliczne Gimnazjum nr 21 im. Marii Sk\u0142odowskiej \u2013 Curie w \u0141odzi<br \/>\nseptember 2016<\/p>","protected":false},"excerpt":{"rendered":"<p>Bitwa pod Arnhem Wrzesie\u0144 1944 Nie by\u0142o mnie tam Nie widzia\u0142am nieba nad Arnhem, pociemnia\u0142ego c\u0119tkami spadochron\u00f3w. Nie zna\u0142am \u017co\u0142nierzy nios\u0105cych nadziej\u0119 na zwyci\u0119stwo, pragnienie wolno\u015bci. Nadzieja, kt\u00f3r\u0105 nie\u015bli p\u0119k\u0142a jak ba\u0144ka przy zetkni\u0119ciu z ziemi\u0105, a miliony iskier wystrzeli\u0142y <span class=\"excerpt-dots\">&hellip;<\/span> <a class=\"more-link\" href=\"https:\/\/www.driel-polen.nl\/pl\/herdenkingen\/herdenkingen-2015-2024\/poem\/\"><span class=\"more-msg\"><img decoding=\"async\" src=\"https:\/\/www.driel-polen.nl\/downloads\/lees-meer3.jpg\"><\/p>\n<hr class=\"wvrx-expand-full\" style=\"margin:0\"><\/span><\/a><\/p>\n","protected":false},"author":17,"featured_media":0,"parent":5633,"menu_order":4,"comment_status":"closed","ping_status":"closed","template":"","meta":{"_monsterinsights_skip_tracking":false,"_monsterinsights_sitenote_active":false,"_monsterinsights_sitenote_note":"","_monsterinsights_sitenote_category":0,"ngg_post_thumbnail":0,"footnotes":""},"class_list":["post-1731","page","type-page","status-publish","hentry"],"yoast_head":"<!-- This site is optimized with the Yoast SEO plugin v27.4 - https:\/\/yoast.com\/product\/yoast-seo-wordpress\/ -->\n<title>2016 Poem (Wiersz) - Stichting Driel-Polen<\/title>\n<meta name=\"robots\" content=\"index, follow, max-snippet:-1, max-image-preview:large, max-video-preview:-1\" \/>\n<link rel=\"canonical\" href=\"https:\/\/www.driel-polen.nl\/herdenkingen\/herdenkingen-2015-2024\/poem\/\" \/>\n<meta property=\"og:locale\" content=\"pl_PL\" \/>\n<meta property=\"og:type\" content=\"article\" \/>\n<meta property=\"og:title\" content=\"2016 Poem (Wiersz) - Stichting Driel-Polen\" \/>\n<meta property=\"og:description\" content=\"Bitwa pod Arnhem Wrzesie\u0144 1944 Nie by\u0142o mnie tam Nie widzia\u0142am nieba nad Arnhem, pociemnia\u0142ego c\u0119tkami spadochron\u00f3w. Nie zna\u0142am \u017co\u0142nierzy nios\u0105cych nadziej\u0119 na zwyci\u0119stwo, pragnienie wolno\u015bci. Nadzieja, kt\u00f3r\u0105 nie\u015bli p\u0119k\u0142a jak ba\u0144ka przy zetkni\u0119ciu z ziemi\u0105, a miliony iskier wystrzeli\u0142y &hellip;\" \/>\n<meta property=\"og:url\" content=\"https:\/\/www.driel-polen.nl\/herdenkingen\/herdenkingen-2015-2024\/poem\/\" \/>\n<meta property=\"og:site_name\" content=\"Stichting Driel-Polen\" \/>\n<meta property=\"article:modified_time\" content=\"2021-01-12T14:20:23+00:00\" \/>\n<meta name=\"twitter:label1\" content=\"Szacowany czas czytania\" \/>\n\t<meta name=\"twitter:data1\" content=\"2 minuty\" \/>\n<script type=\"application\/ld+json\" class=\"yoast-schema-graph\">{\"@context\":\"https:\\\/\\\/schema.org\",\"@graph\":[{\"@type\":\"WebPage\",\"@id\":\"https:\\\/\\\/www.driel-polen.nl\\\/herdenkingen\\\/herdenkingen-2015-2024\\\/poem\\\/\",\"url\":\"https:\\\/\\\/www.driel-polen.nl\\\/herdenkingen\\\/herdenkingen-2015-2024\\\/poem\\\/\",\"name\":\"2016 Poem (Wiersz) - Stichting Driel-Polen\",\"isPartOf\":{\"@id\":\"https:\\\/\\\/www.driel-polen.nl\\\/nl\\\/#website\"},\"datePublished\":\"2016-09-19T10:39:28+00:00\",\"dateModified\":\"2021-01-12T14:20:23+00:00\",\"breadcrumb\":{\"@id\":\"https:\\\/\\\/www.driel-polen.nl\\\/herdenkingen\\\/herdenkingen-2015-2024\\\/poem\\\/#breadcrumb\"},\"inLanguage\":\"pl-PL\",\"potentialAction\":[{\"@type\":\"ReadAction\",\"target\":[\"https:\\\/\\\/www.driel-polen.nl\\\/herdenkingen\\\/herdenkingen-2015-2024\\\/poem\\\/\"]}]},{\"@type\":\"BreadcrumbList\",\"@id\":\"https:\\\/\\\/www.driel-polen.nl\\\/herdenkingen\\\/herdenkingen-2015-2024\\\/poem\\\/#breadcrumb\",\"itemListElement\":[{\"@type\":\"ListItem\",\"position\":1,\"name\":\"Herdenkingen\",\"item\":\"https:\\\/\\\/www.driel-polen.nl\\\/herdenkingen\\\/\"},{\"@type\":\"ListItem\",\"position\":2,\"name\":\"Herdenkingen 2015-2024\",\"item\":\"https:\\\/\\\/www.driel-polen.nl\\\/herdenkingen\\\/herdenkingen-2015-2024\\\/\"},{\"@type\":\"ListItem\",\"position\":3,\"name\":\"2016 Poem (Wiersz)\"}]},{\"@type\":\"WebSite\",\"@id\":\"https:\\\/\\\/www.driel-polen.nl\\\/nl\\\/#website\",\"url\":\"https:\\\/\\\/www.driel-polen.nl\\\/nl\\\/\",\"name\":\"Stichting Driel-Polen\",\"description\":\"General St. Sosabowski\",\"potentialAction\":[{\"@type\":\"SearchAction\",\"target\":{\"@type\":\"EntryPoint\",\"urlTemplate\":\"https:\\\/\\\/www.driel-polen.nl\\\/nl\\\/?s={search_term_string}\"},\"query-input\":{\"@type\":\"PropertyValueSpecification\",\"valueRequired\":true,\"valueName\":\"search_term_string\"}}],\"inLanguage\":\"pl-PL\"}]}<\/script>\n<!-- \/ Yoast SEO plugin. -->","yoast_head_json":{"title":"2016 Poem (Wiersz) - Stichting Driel-Polen","robots":{"index":"index","follow":"follow","max-snippet":"max-snippet:-1","max-image-preview":"max-image-preview:large","max-video-preview":"max-video-preview:-1"},"canonical":"https:\/\/www.driel-polen.nl\/herdenkingen\/herdenkingen-2015-2024\/poem\/","og_locale":"pl_PL","og_type":"article","og_title":"2016 Poem (Wiersz) - Stichting Driel-Polen","og_description":"Bitwa pod Arnhem Wrzesie\u0144 1944 Nie by\u0142o mnie tam Nie widzia\u0142am nieba nad Arnhem, pociemnia\u0142ego c\u0119tkami spadochron\u00f3w. Nie zna\u0142am \u017co\u0142nierzy nios\u0105cych nadziej\u0119 na zwyci\u0119stwo, pragnienie wolno\u015bci. Nadzieja, kt\u00f3r\u0105 nie\u015bli p\u0119k\u0142a jak ba\u0144ka przy zetkni\u0119ciu z ziemi\u0105, a miliony iskier wystrzeli\u0142y &hellip;","og_url":"https:\/\/www.driel-polen.nl\/herdenkingen\/herdenkingen-2015-2024\/poem\/","og_site_name":"Stichting Driel-Polen","article_modified_time":"2021-01-12T14:20:23+00:00","twitter_misc":{"Szacowany czas czytania":"2 minuty"},"schema":{"@context":"https:\/\/schema.org","@graph":[{"@type":"WebPage","@id":"https:\/\/www.driel-polen.nl\/herdenkingen\/herdenkingen-2015-2024\/poem\/","url":"https:\/\/www.driel-polen.nl\/herdenkingen\/herdenkingen-2015-2024\/poem\/","name":"2016 Poem (Wiersz) - Stichting Driel-Polen","isPartOf":{"@id":"https:\/\/www.driel-polen.nl\/nl\/#website"},"datePublished":"2016-09-19T10:39:28+00:00","dateModified":"2021-01-12T14:20:23+00:00","breadcrumb":{"@id":"https:\/\/www.driel-polen.nl\/herdenkingen\/herdenkingen-2015-2024\/poem\/#breadcrumb"},"inLanguage":"pl-PL","potentialAction":[{"@type":"ReadAction","target":["https:\/\/www.driel-polen.nl\/herdenkingen\/herdenkingen-2015-2024\/poem\/"]}]},{"@type":"BreadcrumbList","@id":"https:\/\/www.driel-polen.nl\/herdenkingen\/herdenkingen-2015-2024\/poem\/#breadcrumb","itemListElement":[{"@type":"ListItem","position":1,"name":"Herdenkingen","item":"https:\/\/www.driel-polen.nl\/herdenkingen\/"},{"@type":"ListItem","position":2,"name":"Herdenkingen 2015-2024","item":"https:\/\/www.driel-polen.nl\/herdenkingen\/herdenkingen-2015-2024\/"},{"@type":"ListItem","position":3,"name":"2016 Poem (Wiersz)"}]},{"@type":"WebSite","@id":"https:\/\/www.driel-polen.nl\/nl\/#website","url":"https:\/\/www.driel-polen.nl\/nl\/","name":"Stichting Driel-Polen","description":"General St. Sosabowski","potentialAction":[{"@type":"SearchAction","target":{"@type":"EntryPoint","urlTemplate":"https:\/\/www.driel-polen.nl\/nl\/?s={search_term_string}"},"query-input":{"@type":"PropertyValueSpecification","valueRequired":true,"valueName":"search_term_string"}}],"inLanguage":"pl-PL"}]}},"_links":{"self":[{"href":"https:\/\/www.driel-polen.nl\/pl\/wp-json\/wp\/v2\/pages\/1731","targetHints":{"allow":["GET"]}}],"collection":[{"href":"https:\/\/www.driel-polen.nl\/pl\/wp-json\/wp\/v2\/pages"}],"about":[{"href":"https:\/\/www.driel-polen.nl\/pl\/wp-json\/wp\/v2\/types\/page"}],"author":[{"embeddable":true,"href":"https:\/\/www.driel-polen.nl\/pl\/wp-json\/wp\/v2\/users\/17"}],"replies":[{"embeddable":true,"href":"https:\/\/www.driel-polen.nl\/pl\/wp-json\/wp\/v2\/comments?post=1731"}],"version-history":[{"count":2,"href":"https:\/\/www.driel-polen.nl\/pl\/wp-json\/wp\/v2\/pages\/1731\/revisions"}],"predecessor-version":[{"id":2791,"href":"https:\/\/www.driel-polen.nl\/pl\/wp-json\/wp\/v2\/pages\/1731\/revisions\/2791"}],"up":[{"embeddable":true,"href":"https:\/\/www.driel-polen.nl\/pl\/wp-json\/wp\/v2\/pages\/5633"}],"wp:attachment":[{"href":"https:\/\/www.driel-polen.nl\/pl\/wp-json\/wp\/v2\/media?parent=1731"}],"curies":[{"name":"wp","href":"https:\/\/api.w.org\/{rel}","templated":true}]}}