{"id":1161,"date":"2015-09-29T13:03:16","date_gmt":"2015-09-29T11:03:16","guid":{"rendered":"http:\/\/www.driel-polen.nl\/?page_id=1161"},"modified":"2021-01-12T18:32:59","modified_gmt":"2021-01-12T17:32:59","slug":"2015-ambassadeur-van-de-republiek-polen-nederland","status":"publish","type":"page","link":"https:\/\/www.driel-polen.nl\/pl\/herdenkingen\/herdenkingen-2015-2024\/2015-ambassadeur-van-de-republiek-polen-nederland\/","title":{"rendered":"2015 Ambasadora Rzeczypospolitej Polskiej w Kr\u00f3lestwie Niderland\u00f3w"},"content":{"rendered":"<p><span style=\"color: #ff0000;\">Przem\u00f3wienie Ambasadora Rzeczypospolitej Polskiej w Kr\u00f3lestwie Niderland\u00f3w Pana doktora Jana Borkowskiego,<\/span><br \/>\n<img loading=\"lazy\" decoding=\"async\" class=\"alignleft size-full wp-image-3003\" src=\"https:\/\/www.driel-polen.nl\/wordpress\/wp-content\/uploads\/2018\/10\/Fotos-toespraken-2013-Borkowski.jpg\" alt=\"\" width=\"175\" height=\"250\" \/>podczas uroczysto\u015bci upami\u0119tniaj\u0105cych udzia\u0142<br \/>\n1. Polskiej Samodzielnej Brygady Spadochronowej<br \/>\nw operacji Market Garden, 71 lat temu<br \/>\nDriel, 19 wrze\u015bnia 2015 roku<\/p>\n<p>Czcigodni Weterani,<br \/>\nSzanowny Panie Burmistrzu,<br \/>\nEkscelencje,<br \/>\nSzanowni Pa\u0144stwo,<\/p>\n<p>Zebrali\u015bmy si\u0119 dzisiaj tutaj w Driel, by upami\u0119tni\u0107 71. rocznic\u0119 operacji Market-Garden. By\u0142a to operacja, kt\u00f3ra kosztowa\u0142a \u017cycie tysi\u0119cy odwa\u017cnych alianckich \u017co\u0142nierzy, kt\u00f3rzy walczyli nie tylko o wolno\u015b\u0107 Holandii, ale r\u00f3wnie\u017c o wolno\u015b\u0107 Polski i ca\u0142ego europejskiego kontynentu. To w\u0142a\u015bnie te dramatyczne wydarzenia z wrze\u015bnia 1944 roku spowodowa\u0142y, \u017ce \u017co\u0142nierze I Samodzielnej Brygady Spadochronowej wraz z dow\u00f3dc\u0105 gen. Stanis\u0142awem Sosabowskim i zwykli holenderscy obywatele po\u0142o\u017cyli podwaliny pod polsko-holendersk\u0105 przyja\u017a\u0144 w wymiarze mi\u0119dzyludzkim i mi\u0119dzypa\u0144stwowym. Przejawem tej ostatniej by\u0142 udzia\u0142 w zesz\u0142orocznych uroczysto\u015bciach w Driel Jego Wysoko\u015bci Willema-Alexandra oraz Jego Ekscelencji Prezydenta RP Pana Bronis\u0142awa Komorowskiego.<\/p>\n<p>Drodzy Weterani,<br \/>\nChcia\u0142bym Pa\u0144stwa serdecznie powita\u0107 w Driel. Spotkanie z Pa\u0144stwem jest dla mnie zawsze ogromnym zaszczytem i sprawia mi wielk\u0105 przyjemno\u015b\u0107. Dzisiejsze \u015bwi\u0119to jest przede wszystkim Pa\u0144stwa \u015bwi\u0119tem i to Pa\u0144stwu my wszyscy jeste\u015bmy szczeg\u00f3lnie wdzi\u0119czni. Wdzi\u0119czni za to, \u017ce dzi\u0119ki Pa\u0144stwa po\u015bwieceniu i nara\u017caniu w\u0142asnego \u017cycia dzisiaj mo\u017cemy \u017cy\u0107 w wolnej i demokratycznej Europie. Niestety z wielkim smutkiem przyj\u0105\u0142em informacj\u0119 o \u015bmierci w czerwcu tego roku jednego z ostatnich polskich weteran\u00f3w Bitwy pod Arnhem mieszkaj\u0105cego w Holandii Pana Dembi\u0144skiego. Pami\u0119\u0107 o tym dzielnym \u017co\u0142nierzu i jego wsp\u00f3\u0142towarzyszach broni b\u0119dzie w nas zawsze \u017cywa. Korzystaj\u0105c z okazji chcia\u0142bym \u017cyczy\u0107 wszystkim weteranom rozproszonym po ca\u0142ym \u015bwiecie du\u017co zdrowia i pomy\u015blno\u015bci.<\/p>\n<p>Drodzy holenderscy przyjaciele,<\/p>\n<p>Tak jak ka\u017cdego roku korzystam z okazji by podzi\u0119kowa\u0107 wszystkim tym, kt\u00f3rzy utrwalaj\u0105 w Holandii pami\u0119\u0107 o generale Sosabowskim i jego \u017co\u0142nierzach. To dzi\u0119ki Wam, drodzy przyjaciele, mog\u0119 dzi\u015b pochyli\u0107 g\u0142ow\u0119 przed sztandarem z pomara\u0144czow\u0105 szarf\u0105 Wojskowego Orderu Kr\u00f3la Wilhelma, oddaj\u0105c cze\u015b\u0107 zar\u00f3wno \u017co\u0142nierzom-bohaterom spod Arnhem i innych p\u00f3l bitewnych Holandii, jak i mieszka\u0144com tych ziem, Holendrom, bojownikom o pami\u0119\u0107 i prawd\u0119. To dzi\u0119ki Wam oddano Genera\u0142owi szacunek i honor, nale\u017cne miejsce na kartach historii. Wielki jest nar\u00f3d, kt\u00f3ry szanuje pami\u0119\u0107 i sprawiedliwo\u015b\u0107!<\/p>\n<p>Polacy walczyli \u201eza wolno\u015b\u0107 nasz\u0105 i wasz\u0105\u201d. Wy odpowiedzieli\u015bcie na krew i pot polskiego \u017co\u0142nierza bezprzyk\u0142adn\u0105 wdzi\u0119czno\u015bci\u0105 i uporczyw\u0105 pami\u0119ci\u0105. W imieniu W\u0142adz Rzeczypospolitej Polskiej i narodu polskiego dzi\u0119kuj\u0119 Wam za to!<\/p>\n<p>Szanowni Pa\u0144stwo,<\/p>\n<p>Historia naszej przyja\u017ani ma wymiar heroiczny. Nie powinni\u015bmy nigdy o tym zapomnie\u0107. Powinni\u015bmy ten fakt upami\u0119tnia\u0107 i przekazywa\u0107 nowym pokoleniom. W zasadzie, te m\u0142odsze pokolenia wydaj\u0105 si\u0119 by\u0107 bardziej zainteresowane histori\u0105 ni\u017c by\u015bmy to przypuszczali czy te\u017c pragn\u0119li. Jeste\u015bmy \u015bwiadkami tego r\u00f3wnie\u017c tutaj, na placu Polski w Driel, gdzie tyle m\u0142odych twarzy pojawi\u0142o si\u0119, a w zasadzie pojawia si\u0119 ka\u017cdego roku na uroczysto\u015bciach. Chcia\u0142bym im za to podzi\u0119kowa\u0107. Jeste\u015bcie nasz\u0105 nadziej\u0105 na przysz\u0142o\u015b\u0107. Jeste\u015bcie naszym kapita\u0142em, o kt\u00f3ry powinni\u015bmy dba\u0107 i w kt\u00f3ry powinni\u015bmy inwestowa\u0107 w odpowiedni i wyrafinowany spos\u00f3b. M\u0142odzi ludzie, kt\u00f3rzy s\u0105 zainteresowani histori\u0105 II Wojny \u015awiatowej, histori\u0105 w\u0142asnego miasteczka, miasta, wojew\u00f3dztwa czy kontynentu, s\u0105 przysz\u0142ymi obywatelami Europy, kt\u00f3rzy sprawi\u0105, \u017ce okrucie\u0144stwa II Wojny \u015awiatowej nigdy nie wydarz\u0105 si\u0119 ponownie oraz dopilnuj\u0105, aby nasza wolno\u015b\u0107 zosta\u0142a zachowana i przekazana nast\u0119pnym pokoleniom.<\/p>\n<p>Ta wolno\u015b\u0107 nigdy nie powinna by\u0107 traktowana jako co\u015b pewnego. Ka\u017cdego roku powtarzam, \u017ce musimy wyci\u0105ga\u0107 wnioski z historii i robi\u0107 wszystko, co w naszej mocy, by zapobiec ewentualnej kolejnej wojnie. W tym roku jest to tym bardziej prawdziwe w obliczu konflikt\u00f3w na Ukrainie, Bliskim Wschodzie i w P\u00f3\u0142nocnej Afryce. Te konflikty staj\u0105 si\u0119 bezpo\u015brednim zagro\u017ceniem bezpiecze\u0144stwa dla ca\u0142ej Europy oraz stworzy\u0142y najpowa\u017cniejszy kryzys humanitarny od czas\u00f3w II Wojny \u015awiatowej. Bezprecedensowy nap\u0142yw imigrant\u00f3w do Europy jest wyzwaniem, kt\u00f3re nie mo\u017ce zosta\u0107 zignorowane, tylko musi zosta\u0107 rozwi\u0105zane w duchu humanitaryzmu i europejskiej solidarno\u015bci. W dzisiejszym po\u0142\u0105czonym \u015bwiecie konflikt w jedynym regionie ma bezpo\u015bredni wp\u0142yw na sytuacj\u0119 w pobliskim obszarze. Polska i Holandia musz\u0105, i, jestem przekonany, b\u0119d\u0105 wsp\u00f3\u0142dzia\u0142a\u0107 w Unii Europejskiej, Sojuszu P\u00f3\u0142nocnoatlantyckim i Organizacji Narod\u00f3w Zjednoczonych by przeciwdzia\u0142a\u0107 przyczynom wszystkich tych konflikt\u00f3w w taki spos\u00f3b, aby zapewni\u0107 dostatni\u0105 i odpowiedni\u0105 przysz\u0142o\u015b\u0107 dla przysz\u0142ych pokole\u0144.<\/p>\n<p>Dzi\u0119kuj\u0119 za uwag\u0119.<\/p>","protected":false},"excerpt":{"rendered":"<p>Przem\u00f3wienie Ambasadora Rzeczypospolitej Polskiej w Kr\u00f3lestwie Niderland\u00f3w Pana doktora Jana Borkowskiego, podczas uroczysto\u015bci upami\u0119tniaj\u0105cych udzia\u0142 1. Polskiej Samodzielnej Brygady Spadochronowej w operacji Market Garden, 71 lat temu Driel, 19 wrze\u015bnia 2015 roku Czcigodni Weterani, Szanowny Panie Burmistrzu, Ekscelencje, Szanowni Pa\u0144stwo, <span class=\"excerpt-dots\">&hellip;<\/span> <a class=\"more-link\" href=\"https:\/\/www.driel-polen.nl\/pl\/herdenkingen\/herdenkingen-2015-2024\/2015-ambassadeur-van-de-republiek-polen-nederland\/\"><span class=\"more-msg\"><img decoding=\"async\" src=\"https:\/\/www.driel-polen.nl\/downloads\/lees-meer3.jpg\"><\/p>\n<hr class=\"wvrx-expand-full\" style=\"margin:0\"><\/span><\/a><\/p>\n","protected":false},"author":17,"featured_media":0,"parent":5633,"menu_order":6,"comment_status":"closed","ping_status":"open","template":"","meta":{"_monsterinsights_skip_tracking":false,"_monsterinsights_sitenote_active":false,"_monsterinsights_sitenote_note":"","_monsterinsights_sitenote_category":0,"ngg_post_thumbnail":0,"footnotes":""},"class_list":["post-1161","page","type-page","status-publish","hentry"],"yoast_head":"<!-- This site is optimized with the Yoast SEO plugin v27.4 - https:\/\/yoast.com\/product\/yoast-seo-wordpress\/ -->\n<title>2015 Ambasadora Rzeczypospolitej Polskiej w Kr\u00f3lestwie Niderland\u00f3w - Stichting Driel-Polen<\/title>\n<meta name=\"robots\" content=\"index, follow, max-snippet:-1, max-image-preview:large, max-video-preview:-1\" \/>\n<link rel=\"canonical\" href=\"https:\/\/www.driel-polen.nl\/herdenkingen\/herdenkingen-2015-2024\/2015-ambassadeur-van-de-republiek-polen-nederland\/\" \/>\n<meta property=\"og:locale\" content=\"pl_PL\" \/>\n<meta property=\"og:type\" content=\"article\" \/>\n<meta property=\"og:title\" content=\"2015 Ambasadora Rzeczypospolitej Polskiej w Kr\u00f3lestwie Niderland\u00f3w - Stichting Driel-Polen\" \/>\n<meta property=\"og:description\" content=\"Przem\u00f3wienie Ambasadora Rzeczypospolitej Polskiej w Kr\u00f3lestwie Niderland\u00f3w Pana doktora Jana Borkowskiego, podczas uroczysto\u015bci upami\u0119tniaj\u0105cych udzia\u0142 1. Polskiej Samodzielnej Brygady Spadochronowej w operacji Market Garden, 71 lat temu Driel, 19 wrze\u015bnia 2015 roku Czcigodni Weterani, Szanowny Panie Burmistrzu, Ekscelencje, Szanowni Pa\u0144stwo, &hellip;\" \/>\n<meta property=\"og:url\" content=\"https:\/\/www.driel-polen.nl\/herdenkingen\/herdenkingen-2015-2024\/2015-ambassadeur-van-de-republiek-polen-nederland\/\" \/>\n<meta property=\"og:site_name\" content=\"Stichting Driel-Polen\" \/>\n<meta property=\"article:modified_time\" content=\"2021-01-12T17:32:59+00:00\" \/>\n<meta property=\"og:image\" content=\"https:\/\/www.driel-polen.nl\/wordpress\/wp-content\/uploads\/2018\/10\/Fotos-toespraken-2013-Borkowski.jpg\" \/>\n<meta name=\"twitter:label1\" content=\"Szacowany czas czytania\" \/>\n\t<meta name=\"twitter:data1\" content=\"12 minut\" \/>\n<script type=\"application\/ld+json\" class=\"yoast-schema-graph\">{\"@context\":\"https:\\\/\\\/schema.org\",\"@graph\":[{\"@type\":\"WebPage\",\"@id\":\"https:\\\/\\\/www.driel-polen.nl\\\/herdenkingen\\\/herdenkingen-2015-2024\\\/2015-ambassadeur-van-de-republiek-polen-nederland\\\/\",\"url\":\"https:\\\/\\\/www.driel-polen.nl\\\/herdenkingen\\\/herdenkingen-2015-2024\\\/2015-ambassadeur-van-de-republiek-polen-nederland\\\/\",\"name\":\"2015 Ambasadora Rzeczypospolitej Polskiej w Kr\u00f3lestwie Niderland\u00f3w - Stichting Driel-Polen\",\"isPartOf\":{\"@id\":\"https:\\\/\\\/www.driel-polen.nl\\\/nl\\\/#website\"},\"primaryImageOfPage\":{\"@id\":\"https:\\\/\\\/www.driel-polen.nl\\\/herdenkingen\\\/herdenkingen-2015-2024\\\/2015-ambassadeur-van-de-republiek-polen-nederland\\\/#primaryimage\"},\"image\":{\"@id\":\"https:\\\/\\\/www.driel-polen.nl\\\/herdenkingen\\\/herdenkingen-2015-2024\\\/2015-ambassadeur-van-de-republiek-polen-nederland\\\/#primaryimage\"},\"thumbnailUrl\":\"https:\\\/\\\/www.driel-polen.nl\\\/wordpress\\\/wp-content\\\/uploads\\\/2018\\\/10\\\/Fotos-toespraken-2013-Borkowski.jpg\",\"datePublished\":\"2015-09-29T11:03:16+00:00\",\"dateModified\":\"2021-01-12T17:32:59+00:00\",\"breadcrumb\":{\"@id\":\"https:\\\/\\\/www.driel-polen.nl\\\/herdenkingen\\\/herdenkingen-2015-2024\\\/2015-ambassadeur-van-de-republiek-polen-nederland\\\/#breadcrumb\"},\"inLanguage\":\"pl-PL\",\"potentialAction\":[{\"@type\":\"ReadAction\",\"target\":[\"https:\\\/\\\/www.driel-polen.nl\\\/herdenkingen\\\/herdenkingen-2015-2024\\\/2015-ambassadeur-van-de-republiek-polen-nederland\\\/\"]}]},{\"@type\":\"ImageObject\",\"inLanguage\":\"pl-PL\",\"@id\":\"https:\\\/\\\/www.driel-polen.nl\\\/herdenkingen\\\/herdenkingen-2015-2024\\\/2015-ambassadeur-van-de-republiek-polen-nederland\\\/#primaryimage\",\"url\":\"https:\\\/\\\/www.driel-polen.nl\\\/wordpress\\\/wp-content\\\/uploads\\\/2018\\\/10\\\/Fotos-toespraken-2013-Borkowski.jpg\",\"contentUrl\":\"https:\\\/\\\/www.driel-polen.nl\\\/wordpress\\\/wp-content\\\/uploads\\\/2018\\\/10\\\/Fotos-toespraken-2013-Borkowski.jpg\"},{\"@type\":\"BreadcrumbList\",\"@id\":\"https:\\\/\\\/www.driel-polen.nl\\\/herdenkingen\\\/herdenkingen-2015-2024\\\/2015-ambassadeur-van-de-republiek-polen-nederland\\\/#breadcrumb\",\"itemListElement\":[{\"@type\":\"ListItem\",\"position\":1,\"name\":\"Herdenkingen\",\"item\":\"https:\\\/\\\/www.driel-polen.nl\\\/herdenkingen\\\/\"},{\"@type\":\"ListItem\",\"position\":2,\"name\":\"Herdenkingen 2015-2024\",\"item\":\"https:\\\/\\\/www.driel-polen.nl\\\/herdenkingen\\\/herdenkingen-2015-2024\\\/\"},{\"@type\":\"ListItem\",\"position\":3,\"name\":\"2015 Ambasadora Rzeczypospolitej Polskiej w Kr\u00f3lestwie Niderland\u00f3w\"}]},{\"@type\":\"WebSite\",\"@id\":\"https:\\\/\\\/www.driel-polen.nl\\\/nl\\\/#website\",\"url\":\"https:\\\/\\\/www.driel-polen.nl\\\/nl\\\/\",\"name\":\"Stichting Driel-Polen\",\"description\":\"General St. Sosabowski\",\"potentialAction\":[{\"@type\":\"SearchAction\",\"target\":{\"@type\":\"EntryPoint\",\"urlTemplate\":\"https:\\\/\\\/www.driel-polen.nl\\\/nl\\\/?s={search_term_string}\"},\"query-input\":{\"@type\":\"PropertyValueSpecification\",\"valueRequired\":true,\"valueName\":\"search_term_string\"}}],\"inLanguage\":\"pl-PL\"}]}<\/script>\n<!-- \/ Yoast SEO plugin. -->","yoast_head_json":{"title":"2015 Ambasadora Rzeczypospolitej Polskiej w Kr\u00f3lestwie Niderland\u00f3w - Stichting Driel-Polen","robots":{"index":"index","follow":"follow","max-snippet":"max-snippet:-1","max-image-preview":"max-image-preview:large","max-video-preview":"max-video-preview:-1"},"canonical":"https:\/\/www.driel-polen.nl\/herdenkingen\/herdenkingen-2015-2024\/2015-ambassadeur-van-de-republiek-polen-nederland\/","og_locale":"pl_PL","og_type":"article","og_title":"2015 Ambasadora Rzeczypospolitej Polskiej w Kr\u00f3lestwie Niderland\u00f3w - Stichting Driel-Polen","og_description":"Przem\u00f3wienie Ambasadora Rzeczypospolitej Polskiej w Kr\u00f3lestwie Niderland\u00f3w Pana doktora Jana Borkowskiego, podczas uroczysto\u015bci upami\u0119tniaj\u0105cych udzia\u0142 1. Polskiej Samodzielnej Brygady Spadochronowej w operacji Market Garden, 71 lat temu Driel, 19 wrze\u015bnia 2015 roku Czcigodni Weterani, Szanowny Panie Burmistrzu, Ekscelencje, Szanowni Pa\u0144stwo, &hellip;","og_url":"https:\/\/www.driel-polen.nl\/herdenkingen\/herdenkingen-2015-2024\/2015-ambassadeur-van-de-republiek-polen-nederland\/","og_site_name":"Stichting Driel-Polen","article_modified_time":"2021-01-12T17:32:59+00:00","og_image":[{"url":"https:\/\/www.driel-polen.nl\/wordpress\/wp-content\/uploads\/2018\/10\/Fotos-toespraken-2013-Borkowski.jpg","type":"","width":"","height":""}],"twitter_misc":{"Szacowany czas czytania":"12 minut"},"schema":{"@context":"https:\/\/schema.org","@graph":[{"@type":"WebPage","@id":"https:\/\/www.driel-polen.nl\/herdenkingen\/herdenkingen-2015-2024\/2015-ambassadeur-van-de-republiek-polen-nederland\/","url":"https:\/\/www.driel-polen.nl\/herdenkingen\/herdenkingen-2015-2024\/2015-ambassadeur-van-de-republiek-polen-nederland\/","name":"2015 Ambasadora Rzeczypospolitej Polskiej w Kr\u00f3lestwie Niderland\u00f3w - Stichting Driel-Polen","isPartOf":{"@id":"https:\/\/www.driel-polen.nl\/nl\/#website"},"primaryImageOfPage":{"@id":"https:\/\/www.driel-polen.nl\/herdenkingen\/herdenkingen-2015-2024\/2015-ambassadeur-van-de-republiek-polen-nederland\/#primaryimage"},"image":{"@id":"https:\/\/www.driel-polen.nl\/herdenkingen\/herdenkingen-2015-2024\/2015-ambassadeur-van-de-republiek-polen-nederland\/#primaryimage"},"thumbnailUrl":"https:\/\/www.driel-polen.nl\/wordpress\/wp-content\/uploads\/2018\/10\/Fotos-toespraken-2013-Borkowski.jpg","datePublished":"2015-09-29T11:03:16+00:00","dateModified":"2021-01-12T17:32:59+00:00","breadcrumb":{"@id":"https:\/\/www.driel-polen.nl\/herdenkingen\/herdenkingen-2015-2024\/2015-ambassadeur-van-de-republiek-polen-nederland\/#breadcrumb"},"inLanguage":"pl-PL","potentialAction":[{"@type":"ReadAction","target":["https:\/\/www.driel-polen.nl\/herdenkingen\/herdenkingen-2015-2024\/2015-ambassadeur-van-de-republiek-polen-nederland\/"]}]},{"@type":"ImageObject","inLanguage":"pl-PL","@id":"https:\/\/www.driel-polen.nl\/herdenkingen\/herdenkingen-2015-2024\/2015-ambassadeur-van-de-republiek-polen-nederland\/#primaryimage","url":"https:\/\/www.driel-polen.nl\/wordpress\/wp-content\/uploads\/2018\/10\/Fotos-toespraken-2013-Borkowski.jpg","contentUrl":"https:\/\/www.driel-polen.nl\/wordpress\/wp-content\/uploads\/2018\/10\/Fotos-toespraken-2013-Borkowski.jpg"},{"@type":"BreadcrumbList","@id":"https:\/\/www.driel-polen.nl\/herdenkingen\/herdenkingen-2015-2024\/2015-ambassadeur-van-de-republiek-polen-nederland\/#breadcrumb","itemListElement":[{"@type":"ListItem","position":1,"name":"Herdenkingen","item":"https:\/\/www.driel-polen.nl\/herdenkingen\/"},{"@type":"ListItem","position":2,"name":"Herdenkingen 2015-2024","item":"https:\/\/www.driel-polen.nl\/herdenkingen\/herdenkingen-2015-2024\/"},{"@type":"ListItem","position":3,"name":"2015 Ambasadora Rzeczypospolitej Polskiej w Kr\u00f3lestwie Niderland\u00f3w"}]},{"@type":"WebSite","@id":"https:\/\/www.driel-polen.nl\/nl\/#website","url":"https:\/\/www.driel-polen.nl\/nl\/","name":"Stichting Driel-Polen","description":"General St. Sosabowski","potentialAction":[{"@type":"SearchAction","target":{"@type":"EntryPoint","urlTemplate":"https:\/\/www.driel-polen.nl\/nl\/?s={search_term_string}"},"query-input":{"@type":"PropertyValueSpecification","valueRequired":true,"valueName":"search_term_string"}}],"inLanguage":"pl-PL"}]}},"_links":{"self":[{"href":"https:\/\/www.driel-polen.nl\/pl\/wp-json\/wp\/v2\/pages\/1161","targetHints":{"allow":["GET"]}}],"collection":[{"href":"https:\/\/www.driel-polen.nl\/pl\/wp-json\/wp\/v2\/pages"}],"about":[{"href":"https:\/\/www.driel-polen.nl\/pl\/wp-json\/wp\/v2\/types\/page"}],"author":[{"embeddable":true,"href":"https:\/\/www.driel-polen.nl\/pl\/wp-json\/wp\/v2\/users\/17"}],"replies":[{"embeddable":true,"href":"https:\/\/www.driel-polen.nl\/pl\/wp-json\/wp\/v2\/comments?post=1161"}],"version-history":[{"count":4,"href":"https:\/\/www.driel-polen.nl\/pl\/wp-json\/wp\/v2\/pages\/1161\/revisions"}],"predecessor-version":[{"id":3035,"href":"https:\/\/www.driel-polen.nl\/pl\/wp-json\/wp\/v2\/pages\/1161\/revisions\/3035"}],"up":[{"embeddable":true,"href":"https:\/\/www.driel-polen.nl\/pl\/wp-json\/wp\/v2\/pages\/5633"}],"wp:attachment":[{"href":"https:\/\/www.driel-polen.nl\/pl\/wp-json\/wp\/v2\/media?parent=1161"}],"curies":[{"name":"wp","href":"https:\/\/api.w.org\/{rel}","templated":true}]}}