{"id":1143,"date":"2015-08-11T18:46:24","date_gmt":"2015-08-11T16:46:24","guid":{"rendered":"http:\/\/www.driel-polen.nl\/?page_id=1143"},"modified":"2021-01-12T19:25:09","modified_gmt":"2021-01-12T18:25:09","slug":"2014-toespraken-president","status":"publish","type":"page","link":"https:\/\/www.driel-polen.nl\/pl\/herdenkingen\/herdenkingen-2005-2014\/2014-toespraken-president\/","title":{"rendered":"2014-toespraken-president"},"content":{"rendered":"<p><span style=\"color: #ff0000; font-size: large;\">Przem\u00f3wienie Prezydenta Rzeczypospolitej Polskiej Jego Ekscelencji<\/span><br \/>\n<span style=\"color: #ff0000; font-size: large;\"> Pana Bronis\u0142awa Komorowskiego<\/span><br \/>\n<img loading=\"lazy\" decoding=\"async\" class=\"alignleft size-full wp-image-3027\" src=\"https:\/\/www.driel-polen.nl\/wordpress\/wp-content\/uploads\/2018\/10\/Fotos-toespraken-2014-Komorowski.jpg\" alt=\"\" width=\"175\" height=\"250\" \/>z okazji 70. obchod\u00f3w upami\u0119tniaj\u0105cych udzia\u0142<br \/>\n1 Samodzielnej Brygady Spadochronowej<br \/>\nw operacji Market Garden<br \/>\nDriel, 20 wrze\u015bnia 2014 roku<br \/>\nWasza Kr\u00f3lewska Wysoko\u015b\u0107, Szanowni Weterani, excelencje i wszyscy drodzy Pa\u0144stwo, zebrani tutaj na polskim placu w Driel.<\/p>\n<p>\u201cNajkr\u00f3tsz\u0105 drog\u0105, najkr\u00f3tsz\u0105 drog\u0105 do Polski\u201d &#8211; tak brzmia\u0142o has\u0142o 1 Brygady Spadochronowej Genera\u0142a Stanis\u0142awa Sosabowskiego sformowanej w Wielkiej Brytanii z \u017co\u0142nierzy, kt\u00f3rzy po kl\u0119sce we wrze\u015bniu 1939 roku przedostali si\u0119 na zach\u00f3d, by kontynuowa\u0107 walk\u0119 o polsk\u0105 wolno\u015b\u0107.<br \/>\n\u201cNajkr\u00f3tsz\u0105 drog\u0105\u201d, ale ta droga do wolnej Polski okaza\u0142a si\u0119 drog\u0105 bardzo, bardzo d\u0142ug\u0105.<br \/>\nBrygada stanowi\u0142a cz\u0119\u015b\u0107 polskich Si\u0142 Zbrojnych. W ich sk\u0142ad wchodzi\u0142y Polskie Jednostki Lotnicze, Polska Marynarka Wojenna, walcz\u0105ca na Atlantyku i Morzu \u015ar\u00f3dziemnym, 1 Dywizja Pancerna Genera\u0142a Maczka, kt\u00f3ra w walce przesz\u0142a od Normandii przez Belgi\u0119 i Holandi\u0119 a\u017c do Willemshaven w Niemczech oraz II Korpus Polski we W\u0142oszech, kt\u00f3ry pod dow\u00f3dztwem Genera\u0142a Andersa szed\u0142 w boju od Monte Casino a\u017c po Ancone.<br \/>\nW tym samym czasie w okupowanej Polsce, Polska Armia Podziemna \u2013 kilkuset tysi\u0119czna \u2013 szykowa\u0142a si\u0119 do og\u00f3lnopolskiego, og\u00f3lnonarodowego powstania.<br \/>\nPierwsza Brygada Spadochronowa mia\u0142a by\u0107 wsparciem dla tego powstania. Jej \u017co\u0142nierze wierzyli, \u017ce jako pierwsi wr\u00f3c\u0105 do kraju z broni\u0105 w r\u0119ku, \u017ce pierwsi podadz\u0105 d\u0142o\u0144 Polskiej Armii Podziemnej. O tej chwili marzyli, do tego zadania si\u0119 przygotowywali.<br \/>\nHistoria II wojny \u015bwiatowej przekre\u015bli\u0142a te polskie marzenia i plany.<br \/>\n1 sierpnia 1944 roku Warszawa \u2013 stolica Polski \u2013 stan\u0119\u0142a do nier\u00f3wnego boju z okupantem niemieckim. Walka trwa\u0142a 63 dni i poch\u0142on\u0119\u0142a ok 200.000 ofiar: \u017co\u0142nierzy podziemnych i cywilnych mieszka\u0144c\u00f3w.<br \/>\nNa rozkaz Stalina, zbli\u017caj\u0105ca si\u0119 armia sowiecka wstrzyma\u0142a ofensyw\u0119 i da\u0142a Niemcom czas na rozprawienie si\u0119 z powsta\u0144cz\u0105 Warszaw\u0105. Na rozkaz Hitlera, Warszawa mia\u0142a przesta\u0107 istnie\u0107. Ten rozkaz zosta\u0142 w ogromnej mierze wykonany.<br \/>\n\u017bo\u0142nierzom Polskiej Brygady Spadochronowej przysz\u0142o walczy\u0107 nie w kraju, ale tutaj, na ziemi holenderskiej, w ramach alianckiej \u2013 nieudanej \u2013 operacji Market Garden, mi\u0119dzy innymi os\u0142aniaj\u0105c odwr\u00f3t oddzia\u0142\u00f3w brytyjskich.<\/p>\n<p>\u017bo\u0142nierze polscy walczyli, p\u0142ac\u0105c danin\u0119 krwi, za wolno\u015b\u0107 \u015bwiata zachodniego, za wolno\u015b\u0107 innych narod\u00f3w, za wolno\u015b\u0107 tak\u017ce Holendr\u00f3w.<br \/>\nWalczyli, cho\u0107 serce krwawi\u0142o im z b\u00f3lu, gdy\u017c wiedzieli, \u017ce tam w Polsce, tam w Warszawie, gin\u0105 ich rodacy, ich rodziny, \u017ce tam w zgliszcza zamienia si\u0119 stolica, \u017ce tam zapada ju\u017c \u017celazna kurtyna, pozostawiaj\u0105ca Polsk\u0119 po stronie wschodniej, w ramach Sowieckiej Strefy Wp\u0142yw\u00f3w, i odbieraj\u0105ca po\u0142ow\u0119 terytorium przedwojennego pa\u0144stwa polskiego.<\/p>\n<p>Dlatego dzisiaj, w 70-t\u0105 rocznic\u0119 tamtych dramatycznych walk, tamtych dramatycznych wydarze\u0144, a jednocze\u015bnie w 25-t\u0105 rocznic\u0119 odzyskania przez Polsk\u0119 wolno\u015bci, naszego powrotu do wielkiej rodziny zachodu, pragn\u0119 nie tylko z\u0142o\u017cy\u0107 ho\u0142d polskim spadachroniarzom gin\u0105cym na ziemi holdenderskiej. Pragn\u0119 r\u00f3wnie\u017c podzi\u0119kowa\u0107 Holendrom, Waszej Kr\u00f3lewskiej Mo\u015bci i ca\u0142ej rodzinie kr\u00f3lewskiej, za pami\u0119\u0107 o polskim wk\u0142adzie w walk\u0119 o wolno\u015b\u0107 Kr\u00f3lestwa Niderland\u00f3w. Za opiek\u0119 nad grobami polskich \u017co\u0142nierzy.<br \/>\nPragn\u0119 podzi\u0119kowa\u0107 wszystkim Holendrom a szczeg\u00f3lnie mieszka\u0144com Driel za to miejsce, za pami\u0119\u0107, za pomnik Genera\u0142a Sosabowskiego.<br \/>\nPragn\u0119 dzisiaj podzi\u0119kowa\u0107 tak\u017ce, \u017cyczliwej dla Polski historii, bo pragn\u0119 podzi\u0119kowa\u0107 za to, \u017ce tamta walka, tamto po\u015bwi\u0119cenie, nie posz\u0142y na marne, bo znowu mo\u017cemy by\u0107 razem, wsp\u00f3\u0142tworz\u0105c Europ\u0119 wolnych narod\u00f3w i wolnych ludzi. Razem mo\u017cemy cieszy\u0107 si\u0119 zerwaniem \u017celaznej kurtyny, kt\u00f3ra przez kilkadziesi\u0105t lat dzieli\u0142a narody Europy. Za to, \u017ce razem jeste\u015bmy dzisiaj w Sojuszu P\u00f3\u0142nocnoatlantyckim i w Unii Europejskiej.<br \/>\nWtedy nie uda\u0142o si\u0119 i\u015b\u0107 najkr\u00f3tsz\u0105 drog\u0105. Dzisiaj, po d\u0142ugiej, bardzo d\u0142ugiej drodze znowu jeste\u015bmy wolni, znowu jeste\u015bmy razem.<\/p>","protected":false},"excerpt":{"rendered":"<p>Przem\u00f3wienie Prezydenta Rzeczypospolitej Polskiej Jego Ekscelencji Pana Bronis\u0142awa Komorowskiego z okazji 70. obchod\u00f3w upami\u0119tniaj\u0105cych udzia\u0142 1 Samodzielnej Brygady Spadochronowej w operacji Market Garden Driel, 20 wrze\u015bnia 2014 roku Wasza Kr\u00f3lewska Wysoko\u015b\u0107, Szanowni Weterani, excelencje i wszyscy drodzy Pa\u0144stwo, zebrani tutaj <span class=\"excerpt-dots\">&hellip;<\/span> <a class=\"more-link\" href=\"https:\/\/www.driel-polen.nl\/pl\/herdenkingen\/herdenkingen-2005-2014\/2014-toespraken-president\/\"><span class=\"more-msg\"><img decoding=\"async\" src=\"https:\/\/www.driel-polen.nl\/downloads\/lees-meer3.jpg\"><\/p>\n<hr class=\"wvrx-expand-full\" style=\"margin:0\"><\/span><\/a><\/p>\n","protected":false},"author":17,"featured_media":0,"parent":5637,"menu_order":13,"comment_status":"closed","ping_status":"open","template":"","meta":{"_monsterinsights_skip_tracking":false,"_monsterinsights_sitenote_active":false,"_monsterinsights_sitenote_note":"","_monsterinsights_sitenote_category":0,"ngg_post_thumbnail":0,"footnotes":""},"class_list":["post-1143","page","type-page","status-publish","hentry"],"yoast_head":"<!-- This site is optimized with the Yoast SEO plugin v27.4 - https:\/\/yoast.com\/product\/yoast-seo-wordpress\/ -->\n<title>2014-toespraken-president - Stichting Driel-Polen<\/title>\n<meta name=\"robots\" content=\"index, follow, max-snippet:-1, max-image-preview:large, max-video-preview:-1\" \/>\n<link rel=\"canonical\" href=\"https:\/\/www.driel-polen.nl\/herdenkingen\/herdenkingen-2005-2014\/2014-toespraken-president\/\" \/>\n<meta property=\"og:locale\" content=\"pl_PL\" \/>\n<meta property=\"og:type\" content=\"article\" \/>\n<meta property=\"og:title\" content=\"2014-toespraken-president - Stichting Driel-Polen\" \/>\n<meta property=\"og:description\" content=\"Przem\u00f3wienie Prezydenta Rzeczypospolitej Polskiej Jego Ekscelencji Pana Bronis\u0142awa Komorowskiego z okazji 70. obchod\u00f3w upami\u0119tniaj\u0105cych udzia\u0142 1 Samodzielnej Brygady Spadochronowej w operacji Market Garden Driel, 20 wrze\u015bnia 2014 roku Wasza Kr\u00f3lewska Wysoko\u015b\u0107, Szanowni Weterani, excelencje i wszyscy drodzy Pa\u0144stwo, zebrani tutaj &hellip;\" \/>\n<meta property=\"og:url\" content=\"https:\/\/www.driel-polen.nl\/herdenkingen\/herdenkingen-2005-2014\/2014-toespraken-president\/\" \/>\n<meta property=\"og:site_name\" content=\"Stichting Driel-Polen\" \/>\n<meta property=\"article:modified_time\" content=\"2021-01-12T18:25:09+00:00\" \/>\n<meta property=\"og:image\" content=\"https:\/\/www.driel-polen.nl\/wordpress\/wp-content\/uploads\/2018\/10\/Fotos-toespraken-2014-Komorowski.jpg\" \/>\n<meta name=\"twitter:label1\" content=\"Szacowany czas czytania\" \/>\n\t<meta name=\"twitter:data1\" content=\"10 minut\" \/>\n<script type=\"application\/ld+json\" class=\"yoast-schema-graph\">{\"@context\":\"https:\\\/\\\/schema.org\",\"@graph\":[{\"@type\":\"WebPage\",\"@id\":\"https:\\\/\\\/www.driel-polen.nl\\\/herdenkingen\\\/herdenkingen-2005-2014\\\/2014-toespraken-president\\\/\",\"url\":\"https:\\\/\\\/www.driel-polen.nl\\\/herdenkingen\\\/herdenkingen-2005-2014\\\/2014-toespraken-president\\\/\",\"name\":\"2014-toespraken-president - Stichting Driel-Polen\",\"isPartOf\":{\"@id\":\"https:\\\/\\\/www.driel-polen.nl\\\/nl\\\/#website\"},\"primaryImageOfPage\":{\"@id\":\"https:\\\/\\\/www.driel-polen.nl\\\/herdenkingen\\\/herdenkingen-2005-2014\\\/2014-toespraken-president\\\/#primaryimage\"},\"image\":{\"@id\":\"https:\\\/\\\/www.driel-polen.nl\\\/herdenkingen\\\/herdenkingen-2005-2014\\\/2014-toespraken-president\\\/#primaryimage\"},\"thumbnailUrl\":\"https:\\\/\\\/www.driel-polen.nl\\\/wordpress\\\/wp-content\\\/uploads\\\/2018\\\/10\\\/Fotos-toespraken-2014-Komorowski.jpg\",\"datePublished\":\"2015-08-11T16:46:24+00:00\",\"dateModified\":\"2021-01-12T18:25:09+00:00\",\"breadcrumb\":{\"@id\":\"https:\\\/\\\/www.driel-polen.nl\\\/herdenkingen\\\/herdenkingen-2005-2014\\\/2014-toespraken-president\\\/#breadcrumb\"},\"inLanguage\":\"pl-PL\",\"potentialAction\":[{\"@type\":\"ReadAction\",\"target\":[\"https:\\\/\\\/www.driel-polen.nl\\\/herdenkingen\\\/herdenkingen-2005-2014\\\/2014-toespraken-president\\\/\"]}]},{\"@type\":\"ImageObject\",\"inLanguage\":\"pl-PL\",\"@id\":\"https:\\\/\\\/www.driel-polen.nl\\\/herdenkingen\\\/herdenkingen-2005-2014\\\/2014-toespraken-president\\\/#primaryimage\",\"url\":\"https:\\\/\\\/www.driel-polen.nl\\\/wordpress\\\/wp-content\\\/uploads\\\/2018\\\/10\\\/Fotos-toespraken-2014-Komorowski.jpg\",\"contentUrl\":\"https:\\\/\\\/www.driel-polen.nl\\\/wordpress\\\/wp-content\\\/uploads\\\/2018\\\/10\\\/Fotos-toespraken-2014-Komorowski.jpg\"},{\"@type\":\"BreadcrumbList\",\"@id\":\"https:\\\/\\\/www.driel-polen.nl\\\/herdenkingen\\\/herdenkingen-2005-2014\\\/2014-toespraken-president\\\/#breadcrumb\",\"itemListElement\":[{\"@type\":\"ListItem\",\"position\":1,\"name\":\"Herdenkingen\",\"item\":\"https:\\\/\\\/www.driel-polen.nl\\\/herdenkingen\\\/\"},{\"@type\":\"ListItem\",\"position\":2,\"name\":\"Herdenkingen 2005-2014\",\"item\":\"https:\\\/\\\/www.driel-polen.nl\\\/herdenkingen\\\/herdenkingen-2005-2014\\\/\"},{\"@type\":\"ListItem\",\"position\":3,\"name\":\"2014-toespraken-president\"}]},{\"@type\":\"WebSite\",\"@id\":\"https:\\\/\\\/www.driel-polen.nl\\\/nl\\\/#website\",\"url\":\"https:\\\/\\\/www.driel-polen.nl\\\/nl\\\/\",\"name\":\"Stichting Driel-Polen\",\"description\":\"General St. Sosabowski\",\"potentialAction\":[{\"@type\":\"SearchAction\",\"target\":{\"@type\":\"EntryPoint\",\"urlTemplate\":\"https:\\\/\\\/www.driel-polen.nl\\\/nl\\\/?s={search_term_string}\"},\"query-input\":{\"@type\":\"PropertyValueSpecification\",\"valueRequired\":true,\"valueName\":\"search_term_string\"}}],\"inLanguage\":\"pl-PL\"}]}<\/script>\n<!-- \/ Yoast SEO plugin. -->","yoast_head_json":{"title":"2014-toespraken-president - Stichting Driel-Polen","robots":{"index":"index","follow":"follow","max-snippet":"max-snippet:-1","max-image-preview":"max-image-preview:large","max-video-preview":"max-video-preview:-1"},"canonical":"https:\/\/www.driel-polen.nl\/herdenkingen\/herdenkingen-2005-2014\/2014-toespraken-president\/","og_locale":"pl_PL","og_type":"article","og_title":"2014-toespraken-president - Stichting Driel-Polen","og_description":"Przem\u00f3wienie Prezydenta Rzeczypospolitej Polskiej Jego Ekscelencji Pana Bronis\u0142awa Komorowskiego z okazji 70. obchod\u00f3w upami\u0119tniaj\u0105cych udzia\u0142 1 Samodzielnej Brygady Spadochronowej w operacji Market Garden Driel, 20 wrze\u015bnia 2014 roku Wasza Kr\u00f3lewska Wysoko\u015b\u0107, Szanowni Weterani, excelencje i wszyscy drodzy Pa\u0144stwo, zebrani tutaj &hellip;","og_url":"https:\/\/www.driel-polen.nl\/herdenkingen\/herdenkingen-2005-2014\/2014-toespraken-president\/","og_site_name":"Stichting Driel-Polen","article_modified_time":"2021-01-12T18:25:09+00:00","og_image":[{"url":"https:\/\/www.driel-polen.nl\/wordpress\/wp-content\/uploads\/2018\/10\/Fotos-toespraken-2014-Komorowski.jpg","type":"","width":"","height":""}],"twitter_misc":{"Szacowany czas czytania":"10 minut"},"schema":{"@context":"https:\/\/schema.org","@graph":[{"@type":"WebPage","@id":"https:\/\/www.driel-polen.nl\/herdenkingen\/herdenkingen-2005-2014\/2014-toespraken-president\/","url":"https:\/\/www.driel-polen.nl\/herdenkingen\/herdenkingen-2005-2014\/2014-toespraken-president\/","name":"2014-toespraken-president - Stichting Driel-Polen","isPartOf":{"@id":"https:\/\/www.driel-polen.nl\/nl\/#website"},"primaryImageOfPage":{"@id":"https:\/\/www.driel-polen.nl\/herdenkingen\/herdenkingen-2005-2014\/2014-toespraken-president\/#primaryimage"},"image":{"@id":"https:\/\/www.driel-polen.nl\/herdenkingen\/herdenkingen-2005-2014\/2014-toespraken-president\/#primaryimage"},"thumbnailUrl":"https:\/\/www.driel-polen.nl\/wordpress\/wp-content\/uploads\/2018\/10\/Fotos-toespraken-2014-Komorowski.jpg","datePublished":"2015-08-11T16:46:24+00:00","dateModified":"2021-01-12T18:25:09+00:00","breadcrumb":{"@id":"https:\/\/www.driel-polen.nl\/herdenkingen\/herdenkingen-2005-2014\/2014-toespraken-president\/#breadcrumb"},"inLanguage":"pl-PL","potentialAction":[{"@type":"ReadAction","target":["https:\/\/www.driel-polen.nl\/herdenkingen\/herdenkingen-2005-2014\/2014-toespraken-president\/"]}]},{"@type":"ImageObject","inLanguage":"pl-PL","@id":"https:\/\/www.driel-polen.nl\/herdenkingen\/herdenkingen-2005-2014\/2014-toespraken-president\/#primaryimage","url":"https:\/\/www.driel-polen.nl\/wordpress\/wp-content\/uploads\/2018\/10\/Fotos-toespraken-2014-Komorowski.jpg","contentUrl":"https:\/\/www.driel-polen.nl\/wordpress\/wp-content\/uploads\/2018\/10\/Fotos-toespraken-2014-Komorowski.jpg"},{"@type":"BreadcrumbList","@id":"https:\/\/www.driel-polen.nl\/herdenkingen\/herdenkingen-2005-2014\/2014-toespraken-president\/#breadcrumb","itemListElement":[{"@type":"ListItem","position":1,"name":"Herdenkingen","item":"https:\/\/www.driel-polen.nl\/herdenkingen\/"},{"@type":"ListItem","position":2,"name":"Herdenkingen 2005-2014","item":"https:\/\/www.driel-polen.nl\/herdenkingen\/herdenkingen-2005-2014\/"},{"@type":"ListItem","position":3,"name":"2014-toespraken-president"}]},{"@type":"WebSite","@id":"https:\/\/www.driel-polen.nl\/nl\/#website","url":"https:\/\/www.driel-polen.nl\/nl\/","name":"Stichting Driel-Polen","description":"General St. Sosabowski","potentialAction":[{"@type":"SearchAction","target":{"@type":"EntryPoint","urlTemplate":"https:\/\/www.driel-polen.nl\/nl\/?s={search_term_string}"},"query-input":{"@type":"PropertyValueSpecification","valueRequired":true,"valueName":"search_term_string"}}],"inLanguage":"pl-PL"}]}},"_links":{"self":[{"href":"https:\/\/www.driel-polen.nl\/pl\/wp-json\/wp\/v2\/pages\/1143","targetHints":{"allow":["GET"]}}],"collection":[{"href":"https:\/\/www.driel-polen.nl\/pl\/wp-json\/wp\/v2\/pages"}],"about":[{"href":"https:\/\/www.driel-polen.nl\/pl\/wp-json\/wp\/v2\/types\/page"}],"author":[{"embeddable":true,"href":"https:\/\/www.driel-polen.nl\/pl\/wp-json\/wp\/v2\/users\/17"}],"replies":[{"embeddable":true,"href":"https:\/\/www.driel-polen.nl\/pl\/wp-json\/wp\/v2\/comments?post=1143"}],"version-history":[{"count":2,"href":"https:\/\/www.driel-polen.nl\/pl\/wp-json\/wp\/v2\/pages\/1143\/revisions"}],"predecessor-version":[{"id":3029,"href":"https:\/\/www.driel-polen.nl\/pl\/wp-json\/wp\/v2\/pages\/1143\/revisions\/3029"}],"up":[{"embeddable":true,"href":"https:\/\/www.driel-polen.nl\/pl\/wp-json\/wp\/v2\/pages\/5637"}],"wp:attachment":[{"href":"https:\/\/www.driel-polen.nl\/pl\/wp-json\/wp\/v2\/media?parent=1143"}],"curies":[{"name":"wp","href":"https:\/\/api.w.org\/{rel}","templated":true}]}}