{"id":8096,"date":"2023-11-06T19:34:16","date_gmt":"2023-11-06T18:34:16","guid":{"rendered":"https:\/\/www.driel-polen.nl\/?page_id=8096"},"modified":"2024-02-05T19:32:34","modified_gmt":"2024-02-05T18:32:34","slug":"2023-openingstoespraak-ambassadeur-m-kassangana","status":"publish","type":"page","link":"https:\/\/www.driel-polen.nl\/nl\/herdenkingen\/herdenkingen-2015-2024\/2023-openingstoespraak-ambassadeur-m-kassangana\/","title":{"rendered":"2023 Openingstoespraak Ambassadeur M. Kassangana"},"content":{"rendered":"<p><strong>Openings toespraak door H. E. Margareta Kassangana Ambassadeur van de Republiek Polen in Nederland tijdens de bijeenkomst van de herbenoeming van de grafsteen<br \/>\nvan Lance Sergant Edward Morchonowicz<br \/>\n<\/strong><strong>15 september 2023, Airborne Begraafplaats, Oosterbeek<\/strong><\/p>\n<p>Geachte vertegenwoordigers van de strijdkrachten en vertegenwoordigers van het corps diplomatique, allen die de herinnering levend houden aan de dappere soldaten die deelnamen aan de Operatie Market Garden, Dames en Heren, Beste Vrienden hartelijk welkom.<\/p>\n<p>Allereerst wil ik u allen bedanken voor uw aanwezigheid hier vandaag bij de herinwijdings ceremonie van de grafsteen voor de Poolse soldaat, Lance Sergeant Edward Morchonowicz.<\/p>\n<p>Tot voor kort had dit graf van een gesneuvelde soldaat een grafsteen met de tekst &#8211; &#8220;Een onbekende Poolse soldaat&#8221;.<\/p>\n<p>Nu, dankzij de heer Mateusz Mroz en zijn passie voor onderzoek, is de identificatie van de laatste rustplaats van onze soldaat in Nederland mogelijk geworden.<\/p>\n<p>Lance Sergeant Edward Morchonowicz was een soldaat van de Eerste Poolse Onafhankelijke ParachutistenBrigade, die hier op 23 september 1944 sneuvelde tijdens Operatie Market Garden.<\/p>\n<p>Onder de bezielende leiding van generaal-majoor Sosabowski werden Lance Sergeant Morchonowicz en vele anderen omgevormd tot een taaie en bekwame parachutistenbrigade. Met maar \u00e9\u00e9n doel: de bevrijding van Polen. Maar velen eindigden hier, 1600 kilometer van Warschau vechtend op Nederlandse bodem &#8211; voor onze vrijheid en de uwe.&nbsp;<\/p>\n<p>79 jaar geleden legde Lance Sergeant Edward Morchonowicz de basis voor de vrijheid waar we vandaag van kunnen genieten. Samen met andere soldaten, uit andere landen, ging hij tot het uiterste om dit mogelijk te maken. Een ooggetuige zei &#8211; en ik citeer: &#8220;Ze vochten tot er niets meer was om mee te vechten &#8211; en toen vochten ze nog wat meer.&#8221; We mogen hun offer nooit vergeten!<\/p>\n<p>Wij herinneren ons hoe Edward Morchonowicz gehoor gaf aan de roep van deze natie, met eer diende en zijn leven gaf in dienst van anderen.<\/p>\n<p>Door deze grafsteen te onthullen en opnieuw in te wijden, zorgen we er niet alleen voor dat nog een Poolse soldaat wordt erkend en dat zijn offer niet wordt vergeten, maar brengen we ook symbolisch hulde aan alle onbekende soldaten die begraven liggen op andere begraafplaatsen in Europa.<\/p>\n<p>De huidige tragische gebeurtenissen in Europa, waarbij opnieuw een land zijn buurland aanviel, zijn een herinnering voor ons allemaal dat we onze vrijheid nooit als vanzelfsprekend moeten beschouwen.<\/p>\n<p>We moeten de vrede en vrijheid die we hebben koesteren, want alle graven op deze begraafplaats zijn het stille bewijs van de opoffering van duizenden soldaten die hun leven gaven voor onze vrijheid.<\/p>\n<p>Soldaten die hun leven gaven in de strijd voor onze vrijheid.&nbsp; En wij mogen niet vergeten dat er vandaag de dag in Europa nog steeds dappere soldaten vechten voor de vrijheid van hun land.<\/p>\n<p>Hartelijk dank voor uw aandacht!<\/p>","protected":false},"excerpt":{"rendered":"<p>Openings toespraak door H. E. Margareta Kassangana Ambassadeur van de Republiek Polen in Nederland tijdens de bijeenkomst van de herbenoeming van de grafsteen van Lance Sergant Edward Morchonowicz 15 september 2023, Airborne Begraafplaats, Oosterbeek Geachte vertegenwoordigers van de strijdkrachten en <span class=\"excerpt-dots\">&hellip;<\/span> <a class=\"more-link\" href=\"https:\/\/www.driel-polen.nl\/nl\/herdenkingen\/herdenkingen-2015-2024\/2023-openingstoespraak-ambassadeur-m-kassangana\/\"><span class=\"more-msg\"><img decoding=\"async\" src=\"https:\/\/www.driel-polen.nl\/downloads\/lees-meer3.jpg\"><\/p>\n<hr class=\"wvrx-expand-full\" style=\"margin:0\"><\/span><\/a><\/p>\n","protected":false},"author":17,"featured_media":0,"parent":5633,"menu_order":0,"comment_status":"closed","ping_status":"closed","template":"","meta":{"_monsterinsights_skip_tracking":false,"_monsterinsights_sitenote_active":false,"_monsterinsights_sitenote_note":"","_monsterinsights_sitenote_category":0,"ngg_post_thumbnail":0,"footnotes":""},"class_list":["post-8096","page","type-page","status-publish","hentry"],"yoast_head":"<!-- This site is optimized with the Yoast SEO plugin v27.4 - https:\/\/yoast.com\/product\/yoast-seo-wordpress\/ -->\n<title>2023 Openingstoespraak Ambassadeur M. Kassangana - Stichting Driel-Polen<\/title>\n<meta name=\"description\" content=\"(Polski) Wyst\u0105pienie Ambasador Rzeczypospolitej Polskiej, podczas ponownego po\u015bwi\u0119cenia nagrobka plutonowego Edwarda Morchonowicza\" \/>\n<meta name=\"robots\" content=\"index, follow, max-snippet:-1, max-image-preview:large, max-video-preview:-1\" \/>\n<link rel=\"canonical\" href=\"https:\/\/www.driel-polen.nl\/herdenkingen\/herdenkingen-2015-2024\/2023-openingstoespraak-ambassadeur-m-kassangana\/\" \/>\n<meta property=\"og:locale\" content=\"nl_NL\" \/>\n<meta property=\"og:type\" content=\"article\" \/>\n<meta property=\"og:title\" content=\"2023 Openingstoespraak Ambassadeur M. Kassangana - Stichting Driel-Polen\" \/>\n<meta property=\"og:description\" content=\"{:pl}Wyst\u0105pienie Ambasador Rzeczypospolitej Polskiej, podczas ponownego po\u015bwi\u0119cenia nagrobka plutonowego Edwarda Morchonowicza{:}\" \/>\n<meta property=\"og:url\" content=\"https:\/\/www.driel-polen.nl\/herdenkingen\/herdenkingen-2015-2024\/2023-openingstoespraak-ambassadeur-m-kassangana\/\" \/>\n<meta property=\"og:site_name\" content=\"Stichting Driel-Polen\" \/>\n<meta property=\"article:modified_time\" content=\"2024-02-05T18:32:34+00:00\" \/>\n<meta name=\"twitter:label1\" content=\"Geschatte leestijd\" \/>\n\t<meta name=\"twitter:data1\" content=\"3 minuten\" \/>\n<script type=\"application\/ld+json\" class=\"yoast-schema-graph\">{\"@context\":\"https:\\\/\\\/schema.org\",\"@graph\":[{\"@type\":\"WebPage\",\"@id\":\"https:\\\/\\\/www.driel-polen.nl\\\/herdenkingen\\\/herdenkingen-2015-2024\\\/2023-openingstoespraak-ambassadeur-m-kassangana\\\/\",\"url\":\"https:\\\/\\\/www.driel-polen.nl\\\/herdenkingen\\\/herdenkingen-2015-2024\\\/2023-openingstoespraak-ambassadeur-m-kassangana\\\/\",\"name\":\"2023 Openingstoespraak Ambassadeur M. Kassangana - Stichting Driel-Polen\",\"isPartOf\":{\"@id\":\"https:\\\/\\\/www.driel-polen.nl\\\/nl\\\/#website\"},\"datePublished\":\"2023-11-06T18:34:16+00:00\",\"dateModified\":\"2024-02-05T18:32:34+00:00\",\"description\":\"{:pl}Wyst\u0105pienie Ambasador Rzeczypospolitej Polskiej, podczas ponownego po\u015bwi\u0119cenia nagrobka plutonowego Edwarda Morchonowicza{:}\",\"breadcrumb\":{\"@id\":\"https:\\\/\\\/www.driel-polen.nl\\\/herdenkingen\\\/herdenkingen-2015-2024\\\/2023-openingstoespraak-ambassadeur-m-kassangana\\\/#breadcrumb\"},\"inLanguage\":\"nl-NL\",\"potentialAction\":[{\"@type\":\"ReadAction\",\"target\":[\"https:\\\/\\\/www.driel-polen.nl\\\/herdenkingen\\\/herdenkingen-2015-2024\\\/2023-openingstoespraak-ambassadeur-m-kassangana\\\/\"]}]},{\"@type\":\"BreadcrumbList\",\"@id\":\"https:\\\/\\\/www.driel-polen.nl\\\/herdenkingen\\\/herdenkingen-2015-2024\\\/2023-openingstoespraak-ambassadeur-m-kassangana\\\/#breadcrumb\",\"itemListElement\":[{\"@type\":\"ListItem\",\"position\":1,\"name\":\"Herdenkingen\",\"item\":\"https:\\\/\\\/www.driel-polen.nl\\\/herdenkingen\\\/\"},{\"@type\":\"ListItem\",\"position\":2,\"name\":\"Herdenkingen 2015-2024\",\"item\":\"https:\\\/\\\/www.driel-polen.nl\\\/herdenkingen\\\/herdenkingen-2015-2024\\\/\"},{\"@type\":\"ListItem\",\"position\":3,\"name\":\"2023 Openingstoespraak Ambassadeur M. Kassangana\"}]},{\"@type\":\"WebSite\",\"@id\":\"https:\\\/\\\/www.driel-polen.nl\\\/nl\\\/#website\",\"url\":\"https:\\\/\\\/www.driel-polen.nl\\\/nl\\\/\",\"name\":\"Stichting Driel-Polen\",\"description\":\"General St. Sosabowski\",\"potentialAction\":[{\"@type\":\"SearchAction\",\"target\":{\"@type\":\"EntryPoint\",\"urlTemplate\":\"https:\\\/\\\/www.driel-polen.nl\\\/nl\\\/?s={search_term_string}\"},\"query-input\":{\"@type\":\"PropertyValueSpecification\",\"valueRequired\":true,\"valueName\":\"search_term_string\"}}],\"inLanguage\":\"nl-NL\"}]}<\/script>\n<!-- \/ Yoast SEO plugin. -->","yoast_head_json":{"title":"2023 Openingstoespraak Ambassadeur M. Kassangana - Stichting Driel-Polen","description":"(Polski) Wyst\u0105pienie Ambasador Rzeczypospolitej Polskiej, podczas ponownego po\u015bwi\u0119cenia nagrobka plutonowego Edwarda Morchonowicza","robots":{"index":"index","follow":"follow","max-snippet":"max-snippet:-1","max-image-preview":"max-image-preview:large","max-video-preview":"max-video-preview:-1"},"canonical":"https:\/\/www.driel-polen.nl\/herdenkingen\/herdenkingen-2015-2024\/2023-openingstoespraak-ambassadeur-m-kassangana\/","og_locale":"nl_NL","og_type":"article","og_title":"2023 Openingstoespraak Ambassadeur M. Kassangana - Stichting Driel-Polen","og_description":"{:pl}Wyst\u0105pienie Ambasador Rzeczypospolitej Polskiej, podczas ponownego po\u015bwi\u0119cenia nagrobka plutonowego Edwarda Morchonowicza{:}","og_url":"https:\/\/www.driel-polen.nl\/herdenkingen\/herdenkingen-2015-2024\/2023-openingstoespraak-ambassadeur-m-kassangana\/","og_site_name":"Stichting Driel-Polen","article_modified_time":"2024-02-05T18:32:34+00:00","twitter_misc":{"Geschatte leestijd":"3 minuten"},"schema":{"@context":"https:\/\/schema.org","@graph":[{"@type":"WebPage","@id":"https:\/\/www.driel-polen.nl\/herdenkingen\/herdenkingen-2015-2024\/2023-openingstoespraak-ambassadeur-m-kassangana\/","url":"https:\/\/www.driel-polen.nl\/herdenkingen\/herdenkingen-2015-2024\/2023-openingstoespraak-ambassadeur-m-kassangana\/","name":"2023 Openingstoespraak Ambassadeur M. Kassangana - Stichting Driel-Polen","isPartOf":{"@id":"https:\/\/www.driel-polen.nl\/nl\/#website"},"datePublished":"2023-11-06T18:34:16+00:00","dateModified":"2024-02-05T18:32:34+00:00","description":"{:pl}Wyst\u0105pienie Ambasador Rzeczypospolitej Polskiej, podczas ponownego po\u015bwi\u0119cenia nagrobka plutonowego Edwarda Morchonowicza{:}","breadcrumb":{"@id":"https:\/\/www.driel-polen.nl\/herdenkingen\/herdenkingen-2015-2024\/2023-openingstoespraak-ambassadeur-m-kassangana\/#breadcrumb"},"inLanguage":"nl-NL","potentialAction":[{"@type":"ReadAction","target":["https:\/\/www.driel-polen.nl\/herdenkingen\/herdenkingen-2015-2024\/2023-openingstoespraak-ambassadeur-m-kassangana\/"]}]},{"@type":"BreadcrumbList","@id":"https:\/\/www.driel-polen.nl\/herdenkingen\/herdenkingen-2015-2024\/2023-openingstoespraak-ambassadeur-m-kassangana\/#breadcrumb","itemListElement":[{"@type":"ListItem","position":1,"name":"Herdenkingen","item":"https:\/\/www.driel-polen.nl\/herdenkingen\/"},{"@type":"ListItem","position":2,"name":"Herdenkingen 2015-2024","item":"https:\/\/www.driel-polen.nl\/herdenkingen\/herdenkingen-2015-2024\/"},{"@type":"ListItem","position":3,"name":"2023 Openingstoespraak Ambassadeur M. Kassangana"}]},{"@type":"WebSite","@id":"https:\/\/www.driel-polen.nl\/nl\/#website","url":"https:\/\/www.driel-polen.nl\/nl\/","name":"Stichting Driel-Polen","description":"General St. Sosabowski","potentialAction":[{"@type":"SearchAction","target":{"@type":"EntryPoint","urlTemplate":"https:\/\/www.driel-polen.nl\/nl\/?s={search_term_string}"},"query-input":{"@type":"PropertyValueSpecification","valueRequired":true,"valueName":"search_term_string"}}],"inLanguage":"nl-NL"}]}},"_links":{"self":[{"href":"https:\/\/www.driel-polen.nl\/nl\/wp-json\/wp\/v2\/pages\/8096","targetHints":{"allow":["GET"]}}],"collection":[{"href":"https:\/\/www.driel-polen.nl\/nl\/wp-json\/wp\/v2\/pages"}],"about":[{"href":"https:\/\/www.driel-polen.nl\/nl\/wp-json\/wp\/v2\/types\/page"}],"author":[{"embeddable":true,"href":"https:\/\/www.driel-polen.nl\/nl\/wp-json\/wp\/v2\/users\/17"}],"replies":[{"embeddable":true,"href":"https:\/\/www.driel-polen.nl\/nl\/wp-json\/wp\/v2\/comments?post=8096"}],"version-history":[{"count":5,"href":"https:\/\/www.driel-polen.nl\/nl\/wp-json\/wp\/v2\/pages\/8096\/revisions"}],"predecessor-version":[{"id":8216,"href":"https:\/\/www.driel-polen.nl\/nl\/wp-json\/wp\/v2\/pages\/8096\/revisions\/8216"}],"up":[{"embeddable":true,"href":"https:\/\/www.driel-polen.nl\/nl\/wp-json\/wp\/v2\/pages\/5633"}],"wp:attachment":[{"href":"https:\/\/www.driel-polen.nl\/nl\/wp-json\/wp\/v2\/media?parent=8096"}],"curies":[{"name":"wp","href":"https:\/\/api.w.org\/{rel}","templated":true}]}}