{"id":4905,"date":"2020-10-02T18:55:01","date_gmt":"2020-10-02T16:55:01","guid":{"rendered":"https:\/\/www.driel-polen.nl\/?page_id=4905"},"modified":"2021-01-12T14:17:43","modified_gmt":"2021-01-12T13:17:43","slug":"2020-2","status":"publish","type":"page","link":"https:\/\/www.driel-polen.nl\/nl\/herdenkingen\/herdenkingen-2015-2024\/2020-2\/","title":{"rendered":"2020 Toespraak onthulling borstbeeld Generaal-majoor Sosabowski Raadslid gemeente Overbetuwe en initiatiefneemster C\u00e9cile de Boer"},"content":{"rendered":"<p><\/p>\n<p style=\"text-align: center;\"><strong>Toespraak onthulling borstbeeld Generaal-majoor Sosabowski<br \/>\n<\/strong><strong>Raadslid gemeente Overbetuwe en initiatiefneemster C\u00e9cile de Boer<br \/>\n<\/strong><strong>Vrijdag 18 september 2020<\/strong><\/p>\n<p><strong>\u00a0<\/strong><strong>Beste genodigden, aanwezigen, beste Drielenaren, <\/strong><\/p>\n<p>Het is een bijzondere dag vandaag; een bijzonder moment, en een eer, om op deze zonnige middag in Driel het beeld van generaal-majoor Sosabowski te mogen onthullen namens de gehele Overbetuwse gemeenteraad.<\/p>\n<p>Voordat ik overga tot het moment van onthulling (ook voor mij een spannend moment want zoiets moet natuurlijk wel in een keer goed gaan) wil ik u graag heel kort vertellen hoe dit is verlopen.<\/p>\n<p>Tijdens de zeer regenachtige herdenkingsceremonie in september 2018 op het Sosabowski plein zat ik, als kersvers Overbetuws raadslid, naast de kunstenaar Martin Abspoel en raakten wij in gesprek. Martin vertelde dat hij een jaar geleden, in 2017 in Warschau,\u00a0 aanwezig was bij de onthulling van het borstbeeld van generaal-majoor Sosabowksi. Dat was een zeer indrukwekkende ceremonie geweest in Warschau. Martin vertelde dat hij al sinds 2004 rondliep met het idee om een borstbeeld van generaal-majoor Sosabowski te maken om hem te eren en hij was blij en trots dat dit uiteindelijk was gelukt en het beeld, met veel ceremonieel, was onthuld in Warschau.<\/p>\n<p>Ook vertelde hij dat hij nog een origineel wasbeeld had van het borstbeeld in zijn atelier en dat hij al meer dan 10 jaar geleden een kleibeeld van generaal-majoor Sosabowski had \u00a0\u00a0\u00a0\u00a0\u00a0\u00a0\u00a0\u00a0\u00a0\u00a0\u00a0\u00a0\u00a0\u00a0\u00a0\u00a0\u00a0\u00a0\u00a0ge-exposeerd in de kerk naast het plein van het centrum in Driel. Na de ceremonie op het Sosabowski plein kwamen de Poolse veteranen de kerk binnen en waren zij ontroerd toen ze het kleibeeld zagen. Ze vertelden aan Martin wat de generaal-majoor voor hun had betekend en wat voor een moedig man hij was geweest.<\/p>\n<p>Dit verhaal van Martin bracht mij op het idee om voor te stellen aan de gemeenteraad om een borstbeeld van de generaal-majoor te plaatsen in Driel:<\/p>\n<ul>\n<li>om Herdenken, Beseffen en Beleven ook voor jonge generaties beeldend te maken,<\/li>\n<li>om de generaal-majoor Sosabowksi en de 1<sup>e<\/sup> Poolse Onafhankelijke Parachutisten Brigade te bedanken voor hun bijzondere inzet,<\/li>\n<li>om verhalen over de Tweede Wereldoorlog te blijven vertellen en<\/li>\n<li>om vrijheid te blijven vieren!<\/li>\n<\/ul>\n<p>&nbsp;<\/p>\n<p>Toen ik vorig jaar de kleinzoon van generaal-majoor Sosabowksi sprak tijdens de bijzondere herdenkingen in Driel aan de Rijn was hij blij verrast te horen dat in juli 2019 de gemeenteraad in Overbetuwe een amendement had aangenomen en had besloten om een borstbeeld van zijn grootvader te plaatsen in Driel. Vanzelfsprekend wilde hij, en zijn familie, hier vandaag graag bij aanwezig zijn maar helaas is dat door de coronapandemie niet mogelijk. We hopen dat we volgend jaar september hier samen met hun wel bloemen kunnen leggen bij het borstbeeld.<\/p>\n<p>Ik hoop dat vele jongeren de \u201cLiberation Route\u201d zullen volgen, het borstbeeld in Driel\u00a0 zullen bezoeken en zich realiseren dat we onze vrijheid te danken hebben aan moedige mensen als generaal-majoor Sosabowski.<\/p>\n<p>\u201cAll men are brothers\u201d, zoals Cora Baltussen in haar verhaal vertelde in de documentaire die u in de kerk kunt zien straks. Blijf dat verhaal vertellen en laten we de vrijheid door blijven geven.<\/p>","protected":false},"excerpt":{"rendered":"<p>Toespraak onthulling borstbeeld Generaal-majoor Sosabowski Raadslid gemeente Overbetuwe en initiatiefneemster C\u00e9cile de Boer Vrijdag 18 september 2020 \u00a0Beste genodigden, aanwezigen, beste Drielenaren, Het is een bijzondere dag vandaag; een bijzonder moment, en een eer, om op deze zonnige middag in <span class=\"excerpt-dots\">&hellip;<\/span> <a class=\"more-link\" href=\"https:\/\/www.driel-polen.nl\/nl\/herdenkingen\/herdenkingen-2015-2024\/2020-2\/\"><span class=\"more-msg\"><img decoding=\"async\" src=\"https:\/\/www.driel-polen.nl\/downloads\/lees-meer3.jpg\"><\/p>\n<hr class=\"wvrx-expand-full\" style=\"margin:0\"><\/span><\/a><\/p>\n","protected":false},"author":17,"featured_media":0,"parent":5633,"menu_order":0,"comment_status":"closed","ping_status":"closed","template":"","meta":{"_monsterinsights_skip_tracking":false,"_monsterinsights_sitenote_active":false,"_monsterinsights_sitenote_note":"","_monsterinsights_sitenote_category":0,"ngg_post_thumbnail":0,"footnotes":""},"class_list":["post-4905","page","type-page","status-publish","hentry"],"yoast_head":"<!-- This site is optimized with the Yoast SEO plugin v27.4 - https:\/\/yoast.com\/product\/yoast-seo-wordpress\/ -->\n<title>2020 Toespraak onthulling borstbeeld Generaal-majoor Sosabowski Raadslid gemeente Overbetuwe en initiatiefneemster C\u00e9cile de Boer - Stichting Driel-Polen<\/title>\n<meta name=\"robots\" content=\"index, follow, max-snippet:-1, max-image-preview:large, max-video-preview:-1\" \/>\n<link rel=\"canonical\" href=\"https:\/\/www.driel-polen.nl\/herdenkingen\/herdenkingen-2015-2024\/2020-2\/\" \/>\n<meta property=\"og:locale\" content=\"nl_NL\" \/>\n<meta property=\"og:type\" content=\"article\" \/>\n<meta property=\"og:title\" content=\"2020 Toespraak onthulling borstbeeld Generaal-majoor Sosabowski Raadslid gemeente Overbetuwe en initiatiefneemster C\u00e9cile de Boer - Stichting Driel-Polen\" \/>\n<meta property=\"og:description\" content=\"Toespraak onthulling borstbeeld Generaal-majoor Sosabowski Raadslid gemeente Overbetuwe en initiatiefneemster C\u00e9cile de Boer Vrijdag 18 september 2020 \u00a0Beste genodigden, aanwezigen, beste Drielenaren, Het is een bijzondere dag vandaag; een bijzonder moment, en een eer, om op deze zonnige middag in &hellip;\" \/>\n<meta property=\"og:url\" content=\"https:\/\/www.driel-polen.nl\/herdenkingen\/herdenkingen-2015-2024\/2020-2\/\" \/>\n<meta property=\"og:site_name\" content=\"Stichting Driel-Polen\" \/>\n<meta property=\"article:modified_time\" content=\"2021-01-12T13:17:43+00:00\" \/>\n<meta name=\"twitter:label1\" content=\"Geschatte leestijd\" \/>\n\t<meta name=\"twitter:data1\" content=\"8 minuten\" \/>\n<script type=\"application\/ld+json\" class=\"yoast-schema-graph\">{\"@context\":\"https:\\\/\\\/schema.org\",\"@graph\":[{\"@type\":\"WebPage\",\"@id\":\"https:\\\/\\\/www.driel-polen.nl\\\/herdenkingen\\\/herdenkingen-2015-2024\\\/2020-2\\\/\",\"url\":\"https:\\\/\\\/www.driel-polen.nl\\\/herdenkingen\\\/herdenkingen-2015-2024\\\/2020-2\\\/\",\"name\":\"2020 Toespraak onthulling borstbeeld Generaal-majoor Sosabowski Raadslid gemeente Overbetuwe en initiatiefneemster C\u00e9cile de Boer - Stichting Driel-Polen\",\"isPartOf\":{\"@id\":\"https:\\\/\\\/www.driel-polen.nl\\\/nl\\\/#website\"},\"datePublished\":\"2020-10-02T16:55:01+00:00\",\"dateModified\":\"2021-01-12T13:17:43+00:00\",\"breadcrumb\":{\"@id\":\"https:\\\/\\\/www.driel-polen.nl\\\/herdenkingen\\\/herdenkingen-2015-2024\\\/2020-2\\\/#breadcrumb\"},\"inLanguage\":\"nl-NL\",\"potentialAction\":[{\"@type\":\"ReadAction\",\"target\":[\"https:\\\/\\\/www.driel-polen.nl\\\/herdenkingen\\\/herdenkingen-2015-2024\\\/2020-2\\\/\"]}]},{\"@type\":\"BreadcrumbList\",\"@id\":\"https:\\\/\\\/www.driel-polen.nl\\\/herdenkingen\\\/herdenkingen-2015-2024\\\/2020-2\\\/#breadcrumb\",\"itemListElement\":[{\"@type\":\"ListItem\",\"position\":1,\"name\":\"Herdenkingen\",\"item\":\"https:\\\/\\\/www.driel-polen.nl\\\/herdenkingen\\\/\"},{\"@type\":\"ListItem\",\"position\":2,\"name\":\"Herdenkingen 2015-2024\",\"item\":\"https:\\\/\\\/www.driel-polen.nl\\\/herdenkingen\\\/herdenkingen-2015-2024\\\/\"},{\"@type\":\"ListItem\",\"position\":3,\"name\":\"2020 Przem\u00f3wienie z okazji ods\u0142oni\u0119cia popiersia genera\u0142a Sosabowskiego Radna gminy Overbetuwe i inicjatorka C\u00e9cile de Boer\"}]},{\"@type\":\"WebSite\",\"@id\":\"https:\\\/\\\/www.driel-polen.nl\\\/nl\\\/#website\",\"url\":\"https:\\\/\\\/www.driel-polen.nl\\\/nl\\\/\",\"name\":\"Stichting Driel-Polen\",\"description\":\"General St. Sosabowski\",\"potentialAction\":[{\"@type\":\"SearchAction\",\"target\":{\"@type\":\"EntryPoint\",\"urlTemplate\":\"https:\\\/\\\/www.driel-polen.nl\\\/nl\\\/?s={search_term_string}\"},\"query-input\":{\"@type\":\"PropertyValueSpecification\",\"valueRequired\":true,\"valueName\":\"search_term_string\"}}],\"inLanguage\":\"nl-NL\"}]}<\/script>\n<!-- \/ Yoast SEO plugin. -->","yoast_head_json":{"title":"2020 Toespraak onthulling borstbeeld Generaal-majoor Sosabowski Raadslid gemeente Overbetuwe en initiatiefneemster C\u00e9cile de Boer - Stichting Driel-Polen","robots":{"index":"index","follow":"follow","max-snippet":"max-snippet:-1","max-image-preview":"max-image-preview:large","max-video-preview":"max-video-preview:-1"},"canonical":"https:\/\/www.driel-polen.nl\/herdenkingen\/herdenkingen-2015-2024\/2020-2\/","og_locale":"nl_NL","og_type":"article","og_title":"2020 Toespraak onthulling borstbeeld Generaal-majoor Sosabowski Raadslid gemeente Overbetuwe en initiatiefneemster C\u00e9cile de Boer - Stichting Driel-Polen","og_description":"Toespraak onthulling borstbeeld Generaal-majoor Sosabowski Raadslid gemeente Overbetuwe en initiatiefneemster C\u00e9cile de Boer Vrijdag 18 september 2020 \u00a0Beste genodigden, aanwezigen, beste Drielenaren, Het is een bijzondere dag vandaag; een bijzonder moment, en een eer, om op deze zonnige middag in &hellip;","og_url":"https:\/\/www.driel-polen.nl\/herdenkingen\/herdenkingen-2015-2024\/2020-2\/","og_site_name":"Stichting Driel-Polen","article_modified_time":"2021-01-12T13:17:43+00:00","twitter_misc":{"Geschatte leestijd":"8 minuten"},"schema":{"@context":"https:\/\/schema.org","@graph":[{"@type":"WebPage","@id":"https:\/\/www.driel-polen.nl\/herdenkingen\/herdenkingen-2015-2024\/2020-2\/","url":"https:\/\/www.driel-polen.nl\/herdenkingen\/herdenkingen-2015-2024\/2020-2\/","name":"2020 Toespraak onthulling borstbeeld Generaal-majoor Sosabowski Raadslid gemeente Overbetuwe en initiatiefneemster C\u00e9cile de Boer - Stichting Driel-Polen","isPartOf":{"@id":"https:\/\/www.driel-polen.nl\/nl\/#website"},"datePublished":"2020-10-02T16:55:01+00:00","dateModified":"2021-01-12T13:17:43+00:00","breadcrumb":{"@id":"https:\/\/www.driel-polen.nl\/herdenkingen\/herdenkingen-2015-2024\/2020-2\/#breadcrumb"},"inLanguage":"nl-NL","potentialAction":[{"@type":"ReadAction","target":["https:\/\/www.driel-polen.nl\/herdenkingen\/herdenkingen-2015-2024\/2020-2\/"]}]},{"@type":"BreadcrumbList","@id":"https:\/\/www.driel-polen.nl\/herdenkingen\/herdenkingen-2015-2024\/2020-2\/#breadcrumb","itemListElement":[{"@type":"ListItem","position":1,"name":"Herdenkingen","item":"https:\/\/www.driel-polen.nl\/herdenkingen\/"},{"@type":"ListItem","position":2,"name":"Herdenkingen 2015-2024","item":"https:\/\/www.driel-polen.nl\/herdenkingen\/herdenkingen-2015-2024\/"},{"@type":"ListItem","position":3,"name":"2020 Przem\u00f3wienie z okazji ods\u0142oni\u0119cia popiersia genera\u0142a Sosabowskiego Radna gminy Overbetuwe i inicjatorka C\u00e9cile de Boer"}]},{"@type":"WebSite","@id":"https:\/\/www.driel-polen.nl\/nl\/#website","url":"https:\/\/www.driel-polen.nl\/nl\/","name":"Stichting Driel-Polen","description":"General St. Sosabowski","potentialAction":[{"@type":"SearchAction","target":{"@type":"EntryPoint","urlTemplate":"https:\/\/www.driel-polen.nl\/nl\/?s={search_term_string}"},"query-input":{"@type":"PropertyValueSpecification","valueRequired":true,"valueName":"search_term_string"}}],"inLanguage":"nl-NL"}]}},"_links":{"self":[{"href":"https:\/\/www.driel-polen.nl\/nl\/wp-json\/wp\/v2\/pages\/4905","targetHints":{"allow":["GET"]}}],"collection":[{"href":"https:\/\/www.driel-polen.nl\/nl\/wp-json\/wp\/v2\/pages"}],"about":[{"href":"https:\/\/www.driel-polen.nl\/nl\/wp-json\/wp\/v2\/types\/page"}],"author":[{"embeddable":true,"href":"https:\/\/www.driel-polen.nl\/nl\/wp-json\/wp\/v2\/users\/17"}],"replies":[{"embeddable":true,"href":"https:\/\/www.driel-polen.nl\/nl\/wp-json\/wp\/v2\/comments?post=4905"}],"version-history":[{"count":2,"href":"https:\/\/www.driel-polen.nl\/nl\/wp-json\/wp\/v2\/pages\/4905\/revisions"}],"predecessor-version":[{"id":4909,"href":"https:\/\/www.driel-polen.nl\/nl\/wp-json\/wp\/v2\/pages\/4905\/revisions\/4909"}],"up":[{"embeddable":true,"href":"https:\/\/www.driel-polen.nl\/nl\/wp-json\/wp\/v2\/pages\/5633"}],"wp:attachment":[{"href":"https:\/\/www.driel-polen.nl\/nl\/wp-json\/wp\/v2\/media?parent=4905"}],"curies":[{"name":"wp","href":"https:\/\/api.w.org\/{rel}","templated":true}]}}