{"id":4709,"date":"2020-09-18T19:29:58","date_gmt":"2020-09-18T17:29:58","guid":{"rendered":"https:\/\/www.driel-polen.nl\/?page_id=4709"},"modified":"2021-01-12T14:11:23","modified_gmt":"2021-01-12T13:11:23","slug":"2020-dankwoord-onthulling-buste-generaal-sosabowski-voorzitter-stichting-driel-polen","status":"publish","type":"page","link":"https:\/\/www.driel-polen.nl\/nl\/herdenkingen\/herdenkingen-2015-2024\/2020-dankwoord-onthulling-buste-generaal-sosabowski-voorzitter-stichting-driel-polen\/","title":{"rendered":"2020 Dankwoord onthulling buste Generaal Sosabowski Voorzitter Stichting Driel-Polen"},"content":{"rendered":"<p><\/p>\n<p style=\"text-align: center;\"><strong>Dankwoord onthulling buste Generaal Sosabowski<br \/>\n<\/strong><strong>Voorzitter Stichting Driel-Polen<br \/>\n<\/strong><strong>18 september 2020<\/strong><\/p>\n<p><strong>Generaal Grodzki, Burgemeester, dames en heren<\/strong><\/p>\n<p>In september 2017 werd het 1<sup>ste<\/sup> exemplaar van deze buste van Generaal Sosabowski onthuld in Warschau. Ongeveer 3 jaar later staan wij in Driel waar zojuist het 2<sup>e<\/sup> exemplaar van de buste onthuld is.<br \/>\nBeiden op historische locaties.<\/p>\n<p>In Warschau op de locatie waar over enkele jaren het vernieuwde Pools Legermuseum zal worden geopend maar tevens nog geen 100 meter verwijdert van de voormalige woning van de generaal.<br \/>\nHier in Driel tegenover de woning die in september 1944 gedurende ongeveer 5 dagen het\u00a0 hoofdkwartier van de generaal was.<\/p>\n<p>Het bestuur van de Stichting Driel-Polen is de gemeenteraad zeer dankbaar voor dit initiatief en dankt de Historische Kring Driel voor de suggestie de buste op deze plek te realiseren.<\/p>\n<p>In het kader van het subsidie project van Gelderland Herdenkt worden in samenwerking met de 4 Airborne gemeenten en Liberation Route Europe routes gemarkeerd. Hiermee gaat een reeds geruime tijd bestaande wens van onze stichting in vervulling.<\/p>\n<p>Voor het einde van deze maand start de voorbereiding van het uitwerken van een reeds beschreven route in en rondom Driel. De route zal aansluiten op de zgn. \u201chiking trail\u201d die LRE door een groot deel van Europa aanbrengt en vanuit Engeland naar Frankrijk loopt en vervolgens via diverse landen in Polen eindigt.<\/p>\n<p>Dit voormalige hoofdkwartier is daarvan in Driel een van de belangrijkste punten.<br \/>\nHet is onze overtuiging dat in de komende jaren veel bezoekers vanuit het Informatiecentrum deze route zullen gebruiken om nog meer informatie te verkrijgen over de bijdrage van de 1<sup>ste<\/sup> Poolse Onafhankelijke Parachutistenbrigade aan Operatie Market Garden.<\/p>\n<p>Dank voor uw aandacht<\/p>","protected":false},"excerpt":{"rendered":"<p>Dankwoord onthulling buste Generaal Sosabowski Voorzitter Stichting Driel-Polen 18 september 2020 Generaal Grodzki, Burgemeester, dames en heren In september 2017 werd het 1ste exemplaar van deze buste van Generaal Sosabowski onthuld in Warschau. Ongeveer 3 jaar later staan wij in <span class=\"excerpt-dots\">&hellip;<\/span> <a class=\"more-link\" href=\"https:\/\/www.driel-polen.nl\/nl\/herdenkingen\/herdenkingen-2015-2024\/2020-dankwoord-onthulling-buste-generaal-sosabowski-voorzitter-stichting-driel-polen\/\"><span class=\"more-msg\"><img decoding=\"async\" src=\"https:\/\/www.driel-polen.nl\/downloads\/lees-meer3.jpg\"><\/p>\n<hr class=\"wvrx-expand-full\" style=\"margin:0\"><\/span><\/a><\/p>\n","protected":false},"author":17,"featured_media":0,"parent":5633,"menu_order":0,"comment_status":"closed","ping_status":"closed","template":"","meta":{"_monsterinsights_skip_tracking":false,"_monsterinsights_sitenote_active":false,"_monsterinsights_sitenote_note":"","_monsterinsights_sitenote_category":0,"ngg_post_thumbnail":0,"footnotes":""},"class_list":["post-4709","page","type-page","status-publish","hentry"],"yoast_head":"<!-- This site is optimized with the Yoast SEO plugin v27.4 - https:\/\/yoast.com\/product\/yoast-seo-wordpress\/ -->\n<title>2020 Dankwoord onthulling buste Generaal Sosabowski Voorzitter Stichting Driel-Polen - Stichting Driel-Polen<\/title>\n<meta name=\"robots\" content=\"index, follow, max-snippet:-1, max-image-preview:large, max-video-preview:-1\" \/>\n<link rel=\"canonical\" href=\"https:\/\/www.driel-polen.nl\/herdenkingen\/herdenkingen-2015-2024\/2020-dankwoord-onthulling-buste-generaal-sosabowski-voorzitter-stichting-driel-polen\/\" \/>\n<meta property=\"og:locale\" content=\"nl_NL\" \/>\n<meta property=\"og:type\" content=\"article\" \/>\n<meta property=\"og:title\" content=\"2020 Dankwoord onthulling buste Generaal Sosabowski Voorzitter Stichting Driel-Polen - Stichting Driel-Polen\" \/>\n<meta property=\"og:description\" content=\"Dankwoord onthulling buste Generaal Sosabowski Voorzitter Stichting Driel-Polen 18 september 2020 Generaal Grodzki, Burgemeester, dames en heren In september 2017 werd het 1ste exemplaar van deze buste van Generaal Sosabowski onthuld in Warschau. Ongeveer 3 jaar later staan wij in &hellip;\" \/>\n<meta property=\"og:url\" content=\"https:\/\/www.driel-polen.nl\/herdenkingen\/herdenkingen-2015-2024\/2020-dankwoord-onthulling-buste-generaal-sosabowski-voorzitter-stichting-driel-polen\/\" \/>\n<meta property=\"og:site_name\" content=\"Stichting Driel-Polen\" \/>\n<meta property=\"article:modified_time\" content=\"2021-01-12T13:11:23+00:00\" \/>\n<meta name=\"twitter:label1\" content=\"Geschatte leestijd\" \/>\n\t<meta name=\"twitter:data1\" content=\"4 minuten\" \/>\n<script type=\"application\/ld+json\" class=\"yoast-schema-graph\">{\"@context\":\"https:\\\/\\\/schema.org\",\"@graph\":[{\"@type\":\"WebPage\",\"@id\":\"https:\\\/\\\/www.driel-polen.nl\\\/herdenkingen\\\/herdenkingen-2015-2024\\\/2020-dankwoord-onthulling-buste-generaal-sosabowski-voorzitter-stichting-driel-polen\\\/\",\"url\":\"https:\\\/\\\/www.driel-polen.nl\\\/herdenkingen\\\/herdenkingen-2015-2024\\\/2020-dankwoord-onthulling-buste-generaal-sosabowski-voorzitter-stichting-driel-polen\\\/\",\"name\":\"2020 Dankwoord onthulling buste Generaal Sosabowski Voorzitter Stichting Driel-Polen - Stichting Driel-Polen\",\"isPartOf\":{\"@id\":\"https:\\\/\\\/www.driel-polen.nl\\\/nl\\\/#website\"},\"datePublished\":\"2020-09-18T17:29:58+00:00\",\"dateModified\":\"2021-01-12T13:11:23+00:00\",\"breadcrumb\":{\"@id\":\"https:\\\/\\\/www.driel-polen.nl\\\/herdenkingen\\\/herdenkingen-2015-2024\\\/2020-dankwoord-onthulling-buste-generaal-sosabowski-voorzitter-stichting-driel-polen\\\/#breadcrumb\"},\"inLanguage\":\"nl-NL\",\"potentialAction\":[{\"@type\":\"ReadAction\",\"target\":[\"https:\\\/\\\/www.driel-polen.nl\\\/herdenkingen\\\/herdenkingen-2015-2024\\\/2020-dankwoord-onthulling-buste-generaal-sosabowski-voorzitter-stichting-driel-polen\\\/\"]}]},{\"@type\":\"BreadcrumbList\",\"@id\":\"https:\\\/\\\/www.driel-polen.nl\\\/herdenkingen\\\/herdenkingen-2015-2024\\\/2020-dankwoord-onthulling-buste-generaal-sosabowski-voorzitter-stichting-driel-polen\\\/#breadcrumb\",\"itemListElement\":[{\"@type\":\"ListItem\",\"position\":1,\"name\":\"Herdenkingen\",\"item\":\"https:\\\/\\\/www.driel-polen.nl\\\/herdenkingen\\\/\"},{\"@type\":\"ListItem\",\"position\":2,\"name\":\"Herdenkingen 2015-2024\",\"item\":\"https:\\\/\\\/www.driel-polen.nl\\\/herdenkingen\\\/herdenkingen-2015-2024\\\/\"},{\"@type\":\"ListItem\",\"position\":3,\"name\":\"2020 S\u0142owo podzi\u0119kowania z okazji ods\u0142oni\u0119cia popiersia Genera\u0142a Sosabowskiego Prezes Fundacji Driel-Polen\"}]},{\"@type\":\"WebSite\",\"@id\":\"https:\\\/\\\/www.driel-polen.nl\\\/nl\\\/#website\",\"url\":\"https:\\\/\\\/www.driel-polen.nl\\\/nl\\\/\",\"name\":\"Stichting Driel-Polen\",\"description\":\"General St. Sosabowski\",\"potentialAction\":[{\"@type\":\"SearchAction\",\"target\":{\"@type\":\"EntryPoint\",\"urlTemplate\":\"https:\\\/\\\/www.driel-polen.nl\\\/nl\\\/?s={search_term_string}\"},\"query-input\":{\"@type\":\"PropertyValueSpecification\",\"valueRequired\":true,\"valueName\":\"search_term_string\"}}],\"inLanguage\":\"nl-NL\"}]}<\/script>\n<!-- \/ Yoast SEO plugin. -->","yoast_head_json":{"title":"2020 Dankwoord onthulling buste Generaal Sosabowski Voorzitter Stichting Driel-Polen - Stichting Driel-Polen","robots":{"index":"index","follow":"follow","max-snippet":"max-snippet:-1","max-image-preview":"max-image-preview:large","max-video-preview":"max-video-preview:-1"},"canonical":"https:\/\/www.driel-polen.nl\/herdenkingen\/herdenkingen-2015-2024\/2020-dankwoord-onthulling-buste-generaal-sosabowski-voorzitter-stichting-driel-polen\/","og_locale":"nl_NL","og_type":"article","og_title":"2020 Dankwoord onthulling buste Generaal Sosabowski Voorzitter Stichting Driel-Polen - Stichting Driel-Polen","og_description":"Dankwoord onthulling buste Generaal Sosabowski Voorzitter Stichting Driel-Polen 18 september 2020 Generaal Grodzki, Burgemeester, dames en heren In september 2017 werd het 1ste exemplaar van deze buste van Generaal Sosabowski onthuld in Warschau. Ongeveer 3 jaar later staan wij in &hellip;","og_url":"https:\/\/www.driel-polen.nl\/herdenkingen\/herdenkingen-2015-2024\/2020-dankwoord-onthulling-buste-generaal-sosabowski-voorzitter-stichting-driel-polen\/","og_site_name":"Stichting Driel-Polen","article_modified_time":"2021-01-12T13:11:23+00:00","twitter_misc":{"Geschatte leestijd":"4 minuten"},"schema":{"@context":"https:\/\/schema.org","@graph":[{"@type":"WebPage","@id":"https:\/\/www.driel-polen.nl\/herdenkingen\/herdenkingen-2015-2024\/2020-dankwoord-onthulling-buste-generaal-sosabowski-voorzitter-stichting-driel-polen\/","url":"https:\/\/www.driel-polen.nl\/herdenkingen\/herdenkingen-2015-2024\/2020-dankwoord-onthulling-buste-generaal-sosabowski-voorzitter-stichting-driel-polen\/","name":"2020 Dankwoord onthulling buste Generaal Sosabowski Voorzitter Stichting Driel-Polen - Stichting Driel-Polen","isPartOf":{"@id":"https:\/\/www.driel-polen.nl\/nl\/#website"},"datePublished":"2020-09-18T17:29:58+00:00","dateModified":"2021-01-12T13:11:23+00:00","breadcrumb":{"@id":"https:\/\/www.driel-polen.nl\/herdenkingen\/herdenkingen-2015-2024\/2020-dankwoord-onthulling-buste-generaal-sosabowski-voorzitter-stichting-driel-polen\/#breadcrumb"},"inLanguage":"nl-NL","potentialAction":[{"@type":"ReadAction","target":["https:\/\/www.driel-polen.nl\/herdenkingen\/herdenkingen-2015-2024\/2020-dankwoord-onthulling-buste-generaal-sosabowski-voorzitter-stichting-driel-polen\/"]}]},{"@type":"BreadcrumbList","@id":"https:\/\/www.driel-polen.nl\/herdenkingen\/herdenkingen-2015-2024\/2020-dankwoord-onthulling-buste-generaal-sosabowski-voorzitter-stichting-driel-polen\/#breadcrumb","itemListElement":[{"@type":"ListItem","position":1,"name":"Herdenkingen","item":"https:\/\/www.driel-polen.nl\/herdenkingen\/"},{"@type":"ListItem","position":2,"name":"Herdenkingen 2015-2024","item":"https:\/\/www.driel-polen.nl\/herdenkingen\/herdenkingen-2015-2024\/"},{"@type":"ListItem","position":3,"name":"2020 S\u0142owo podzi\u0119kowania z okazji ods\u0142oni\u0119cia popiersia Genera\u0142a Sosabowskiego Prezes Fundacji Driel-Polen"}]},{"@type":"WebSite","@id":"https:\/\/www.driel-polen.nl\/nl\/#website","url":"https:\/\/www.driel-polen.nl\/nl\/","name":"Stichting Driel-Polen","description":"General St. Sosabowski","potentialAction":[{"@type":"SearchAction","target":{"@type":"EntryPoint","urlTemplate":"https:\/\/www.driel-polen.nl\/nl\/?s={search_term_string}"},"query-input":{"@type":"PropertyValueSpecification","valueRequired":true,"valueName":"search_term_string"}}],"inLanguage":"nl-NL"}]}},"_links":{"self":[{"href":"https:\/\/www.driel-polen.nl\/nl\/wp-json\/wp\/v2\/pages\/4709","targetHints":{"allow":["GET"]}}],"collection":[{"href":"https:\/\/www.driel-polen.nl\/nl\/wp-json\/wp\/v2\/pages"}],"about":[{"href":"https:\/\/www.driel-polen.nl\/nl\/wp-json\/wp\/v2\/types\/page"}],"author":[{"embeddable":true,"href":"https:\/\/www.driel-polen.nl\/nl\/wp-json\/wp\/v2\/users\/17"}],"replies":[{"embeddable":true,"href":"https:\/\/www.driel-polen.nl\/nl\/wp-json\/wp\/v2\/comments?post=4709"}],"version-history":[{"count":1,"href":"https:\/\/www.driel-polen.nl\/nl\/wp-json\/wp\/v2\/pages\/4709\/revisions"}],"predecessor-version":[{"id":4711,"href":"https:\/\/www.driel-polen.nl\/nl\/wp-json\/wp\/v2\/pages\/4709\/revisions\/4711"}],"up":[{"embeddable":true,"href":"https:\/\/www.driel-polen.nl\/nl\/wp-json\/wp\/v2\/pages\/5633"}],"wp:attachment":[{"href":"https:\/\/www.driel-polen.nl\/nl\/wp-json\/wp\/v2\/media?parent=4709"}],"curies":[{"name":"wp","href":"https:\/\/api.w.org\/{rel}","templated":true}]}}