{"id":4697,"date":"2020-09-18T19:18:54","date_gmt":"2020-09-18T17:18:54","guid":{"rendered":"https:\/\/www.driel-polen.nl\/?page_id=4697"},"modified":"2021-01-12T14:19:26","modified_gmt":"2021-01-12T13:19:26","slug":"2020-welkom-onthulling-buste-generaal-sosabowski-remco-janssen-chef-kabinet-gemeente-overbetuwe","status":"publish","type":"page","link":"https:\/\/www.driel-polen.nl\/nl\/herdenkingen\/herdenkingen-2015-2024\/2020-welkom-onthulling-buste-generaal-sosabowski-remco-janssen-chef-kabinet-gemeente-overbetuwe\/","title":{"rendered":"2020 Welkom onthulling buste Generaal Sosabowski Remco Janssen Chef Kabinet Gemeente Overbetuwe"},"content":{"rendered":"<p><\/p>\n<p style=\"text-align: center;\"><strong>Welkom onthulling buste Generaal Sosabowski<br \/>\n<\/strong><strong>Remco Janssen Chef Kabinet Gemeente Overbetuwe<br \/>\n<\/strong><strong>18 september 2020<\/strong><\/p>\n<p>Generaal Grodzki, Burgemeester, dames en heren<\/p>\n<p>Welkom bij deze korte plechtige ceremonie waarin we het borstbeeld van Generaal-majoor Sosabowski hier op dit plantsoen op de splitsing van de Vogelenzangsestraat met de Baltussenweg zullen onthullen. Dit borstbeeld is gemaakt door kunstenaar Martin Abspoel hier ook aanwezig. Vanaf deze plek hartelijk dank Martin voor dit prachtige beeld en een prettige samenwerking bij de realisatie hiervan.<\/p>\n<p>Waarom uitgerekend het beeld hier wordt geplaatst zal de burgemeester u zo meteen in haar toespraak vertellen. Aansluitend zal het borstbeeld worden onthuld door de heer Hanno Krijgsman en mevrouw Cecile de Boer met een korte toelichting. Beiden zijn gemeenteraadsleden van Overbetuwe. Het initiatief voor het plaatsen van het borstbeeld is afkomstig van de gemeenteraad. Om die reden zullen zij namens de gemeenteraad het borstbeeld onthullen. Vanwege de huidige situatie met COVID-19 is er voor gekozen om vandaag niet met de voltallige gemeenteraad aanwezig te zijn. Hopelijk is er volgend jaar bij de 77<sup>e<\/sup> herdenking een gelegenheid waarop zij samen met de familie Sosabowski dit borstbeeld kunnen bezoeken.<\/p>\n<p>Na de onthulling zal brigadegeneraal Grodzki een bloemstuk leggen bij het borstbeeld. Een borstbeeld dat vandaag wordt geflankeerd door de vaandelwacht van de Poolse 6<sup>e<\/sup> brigade met aan het vaandel de Ridder Militaire Willemsorde.<\/p>\n<p>Na de bloemlegging volgt nog een toespraak van de heer Arno Baltussen van de Stichting Driel-Polen en sluiten we daarmee deze ceremonie af. Ik wil u verzoeken om pas te gaan staan en u buiten de hekken te begeven op aanwijzing van mij en mijn collega\u2019s.<\/p>\n<p>&nbsp;<\/p>","protected":false},"excerpt":{"rendered":"<p>Welkom onthulling buste Generaal Sosabowski Remco Janssen Chef Kabinet Gemeente Overbetuwe 18 september 2020 Generaal Grodzki, Burgemeester, dames en heren Welkom bij deze korte plechtige ceremonie waarin we het borstbeeld van Generaal-majoor Sosabowski hier op dit plantsoen op de splitsing <span class=\"excerpt-dots\">&hellip;<\/span> <a class=\"more-link\" href=\"https:\/\/www.driel-polen.nl\/nl\/herdenkingen\/herdenkingen-2015-2024\/2020-welkom-onthulling-buste-generaal-sosabowski-remco-janssen-chef-kabinet-gemeente-overbetuwe\/\"><span class=\"more-msg\"><img decoding=\"async\" src=\"https:\/\/www.driel-polen.nl\/downloads\/lees-meer3.jpg\"><\/p>\n<hr class=\"wvrx-expand-full\" style=\"margin:0\"><\/span><\/a><\/p>\n","protected":false},"author":17,"featured_media":0,"parent":5633,"menu_order":0,"comment_status":"closed","ping_status":"closed","template":"","meta":{"_monsterinsights_skip_tracking":false,"_monsterinsights_sitenote_active":false,"_monsterinsights_sitenote_note":"","_monsterinsights_sitenote_category":0,"ngg_post_thumbnail":0,"footnotes":""},"class_list":["post-4697","page","type-page","status-publish","hentry"],"yoast_head":"<!-- This site is optimized with the Yoast SEO plugin v27.4 - https:\/\/yoast.com\/product\/yoast-seo-wordpress\/ -->\n<title>2020 Welkom onthulling buste Generaal Sosabowski Remco Janssen Chef Kabinet Gemeente Overbetuwe - Stichting Driel-Polen<\/title>\n<meta name=\"robots\" content=\"index, follow, max-snippet:-1, max-image-preview:large, max-video-preview:-1\" \/>\n<link rel=\"canonical\" href=\"https:\/\/www.driel-polen.nl\/herdenkingen\/herdenkingen-2015-2024\/2020-welkom-onthulling-buste-generaal-sosabowski-remco-janssen-chef-kabinet-gemeente-overbetuwe\/\" \/>\n<meta property=\"og:locale\" content=\"nl_NL\" \/>\n<meta property=\"og:type\" content=\"article\" \/>\n<meta property=\"og:title\" content=\"2020 Welkom onthulling buste Generaal Sosabowski Remco Janssen Chef Kabinet Gemeente Overbetuwe - Stichting Driel-Polen\" \/>\n<meta property=\"og:description\" content=\"Welkom onthulling buste Generaal Sosabowski Remco Janssen Chef Kabinet Gemeente Overbetuwe 18 september 2020 Generaal Grodzki, Burgemeester, dames en heren Welkom bij deze korte plechtige ceremonie waarin we het borstbeeld van Generaal-majoor Sosabowski hier op dit plantsoen op de splitsing &hellip;\" \/>\n<meta property=\"og:url\" content=\"https:\/\/www.driel-polen.nl\/herdenkingen\/herdenkingen-2015-2024\/2020-welkom-onthulling-buste-generaal-sosabowski-remco-janssen-chef-kabinet-gemeente-overbetuwe\/\" \/>\n<meta property=\"og:site_name\" content=\"Stichting Driel-Polen\" \/>\n<meta property=\"article:modified_time\" content=\"2021-01-12T13:19:26+00:00\" \/>\n<meta name=\"twitter:label1\" content=\"Geschatte leestijd\" \/>\n\t<meta name=\"twitter:data1\" content=\"4 minuten\" \/>\n<script type=\"application\/ld+json\" class=\"yoast-schema-graph\">{\"@context\":\"https:\\\/\\\/schema.org\",\"@graph\":[{\"@type\":\"WebPage\",\"@id\":\"https:\\\/\\\/www.driel-polen.nl\\\/herdenkingen\\\/herdenkingen-2015-2024\\\/2020-welkom-onthulling-buste-generaal-sosabowski-remco-janssen-chef-kabinet-gemeente-overbetuwe\\\/\",\"url\":\"https:\\\/\\\/www.driel-polen.nl\\\/herdenkingen\\\/herdenkingen-2015-2024\\\/2020-welkom-onthulling-buste-generaal-sosabowski-remco-janssen-chef-kabinet-gemeente-overbetuwe\\\/\",\"name\":\"2020 Welkom onthulling buste Generaal Sosabowski Remco Janssen Chef Kabinet Gemeente Overbetuwe - Stichting Driel-Polen\",\"isPartOf\":{\"@id\":\"https:\\\/\\\/www.driel-polen.nl\\\/nl\\\/#website\"},\"datePublished\":\"2020-09-18T17:18:54+00:00\",\"dateModified\":\"2021-01-12T13:19:26+00:00\",\"breadcrumb\":{\"@id\":\"https:\\\/\\\/www.driel-polen.nl\\\/herdenkingen\\\/herdenkingen-2015-2024\\\/2020-welkom-onthulling-buste-generaal-sosabowski-remco-janssen-chef-kabinet-gemeente-overbetuwe\\\/#breadcrumb\"},\"inLanguage\":\"nl-NL\",\"potentialAction\":[{\"@type\":\"ReadAction\",\"target\":[\"https:\\\/\\\/www.driel-polen.nl\\\/herdenkingen\\\/herdenkingen-2015-2024\\\/2020-welkom-onthulling-buste-generaal-sosabowski-remco-janssen-chef-kabinet-gemeente-overbetuwe\\\/\"]}]},{\"@type\":\"BreadcrumbList\",\"@id\":\"https:\\\/\\\/www.driel-polen.nl\\\/herdenkingen\\\/herdenkingen-2015-2024\\\/2020-welkom-onthulling-buste-generaal-sosabowski-remco-janssen-chef-kabinet-gemeente-overbetuwe\\\/#breadcrumb\",\"itemListElement\":[{\"@type\":\"ListItem\",\"position\":1,\"name\":\"Herdenkingen\",\"item\":\"https:\\\/\\\/www.driel-polen.nl\\\/herdenkingen\\\/\"},{\"@type\":\"ListItem\",\"position\":2,\"name\":\"Herdenkingen 2015-2024\",\"item\":\"https:\\\/\\\/www.driel-polen.nl\\\/herdenkingen\\\/herdenkingen-2015-2024\\\/\"},{\"@type\":\"ListItem\",\"position\":3,\"name\":\"2020 S\u0142owo powitania na uroczysto\u015bci ods\u0142oni\u0119cia popiersia Genera\u0142a Sosabowskiego Remco Janssen, kierownik biura burmistrza gminy Overbetuwe\"}]},{\"@type\":\"WebSite\",\"@id\":\"https:\\\/\\\/www.driel-polen.nl\\\/nl\\\/#website\",\"url\":\"https:\\\/\\\/www.driel-polen.nl\\\/nl\\\/\",\"name\":\"Stichting Driel-Polen\",\"description\":\"General St. Sosabowski\",\"potentialAction\":[{\"@type\":\"SearchAction\",\"target\":{\"@type\":\"EntryPoint\",\"urlTemplate\":\"https:\\\/\\\/www.driel-polen.nl\\\/nl\\\/?s={search_term_string}\"},\"query-input\":{\"@type\":\"PropertyValueSpecification\",\"valueRequired\":true,\"valueName\":\"search_term_string\"}}],\"inLanguage\":\"nl-NL\"}]}<\/script>\n<!-- \/ Yoast SEO plugin. -->","yoast_head_json":{"title":"2020 Welkom onthulling buste Generaal Sosabowski Remco Janssen Chef Kabinet Gemeente Overbetuwe - Stichting Driel-Polen","robots":{"index":"index","follow":"follow","max-snippet":"max-snippet:-1","max-image-preview":"max-image-preview:large","max-video-preview":"max-video-preview:-1"},"canonical":"https:\/\/www.driel-polen.nl\/herdenkingen\/herdenkingen-2015-2024\/2020-welkom-onthulling-buste-generaal-sosabowski-remco-janssen-chef-kabinet-gemeente-overbetuwe\/","og_locale":"nl_NL","og_type":"article","og_title":"2020 Welkom onthulling buste Generaal Sosabowski Remco Janssen Chef Kabinet Gemeente Overbetuwe - Stichting Driel-Polen","og_description":"Welkom onthulling buste Generaal Sosabowski Remco Janssen Chef Kabinet Gemeente Overbetuwe 18 september 2020 Generaal Grodzki, Burgemeester, dames en heren Welkom bij deze korte plechtige ceremonie waarin we het borstbeeld van Generaal-majoor Sosabowski hier op dit plantsoen op de splitsing &hellip;","og_url":"https:\/\/www.driel-polen.nl\/herdenkingen\/herdenkingen-2015-2024\/2020-welkom-onthulling-buste-generaal-sosabowski-remco-janssen-chef-kabinet-gemeente-overbetuwe\/","og_site_name":"Stichting Driel-Polen","article_modified_time":"2021-01-12T13:19:26+00:00","twitter_misc":{"Geschatte leestijd":"4 minuten"},"schema":{"@context":"https:\/\/schema.org","@graph":[{"@type":"WebPage","@id":"https:\/\/www.driel-polen.nl\/herdenkingen\/herdenkingen-2015-2024\/2020-welkom-onthulling-buste-generaal-sosabowski-remco-janssen-chef-kabinet-gemeente-overbetuwe\/","url":"https:\/\/www.driel-polen.nl\/herdenkingen\/herdenkingen-2015-2024\/2020-welkom-onthulling-buste-generaal-sosabowski-remco-janssen-chef-kabinet-gemeente-overbetuwe\/","name":"2020 Welkom onthulling buste Generaal Sosabowski Remco Janssen Chef Kabinet Gemeente Overbetuwe - Stichting Driel-Polen","isPartOf":{"@id":"https:\/\/www.driel-polen.nl\/nl\/#website"},"datePublished":"2020-09-18T17:18:54+00:00","dateModified":"2021-01-12T13:19:26+00:00","breadcrumb":{"@id":"https:\/\/www.driel-polen.nl\/herdenkingen\/herdenkingen-2015-2024\/2020-welkom-onthulling-buste-generaal-sosabowski-remco-janssen-chef-kabinet-gemeente-overbetuwe\/#breadcrumb"},"inLanguage":"nl-NL","potentialAction":[{"@type":"ReadAction","target":["https:\/\/www.driel-polen.nl\/herdenkingen\/herdenkingen-2015-2024\/2020-welkom-onthulling-buste-generaal-sosabowski-remco-janssen-chef-kabinet-gemeente-overbetuwe\/"]}]},{"@type":"BreadcrumbList","@id":"https:\/\/www.driel-polen.nl\/herdenkingen\/herdenkingen-2015-2024\/2020-welkom-onthulling-buste-generaal-sosabowski-remco-janssen-chef-kabinet-gemeente-overbetuwe\/#breadcrumb","itemListElement":[{"@type":"ListItem","position":1,"name":"Herdenkingen","item":"https:\/\/www.driel-polen.nl\/herdenkingen\/"},{"@type":"ListItem","position":2,"name":"Herdenkingen 2015-2024","item":"https:\/\/www.driel-polen.nl\/herdenkingen\/herdenkingen-2015-2024\/"},{"@type":"ListItem","position":3,"name":"2020 S\u0142owo powitania na uroczysto\u015bci ods\u0142oni\u0119cia popiersia Genera\u0142a Sosabowskiego Remco Janssen, kierownik biura burmistrza gminy Overbetuwe"}]},{"@type":"WebSite","@id":"https:\/\/www.driel-polen.nl\/nl\/#website","url":"https:\/\/www.driel-polen.nl\/nl\/","name":"Stichting Driel-Polen","description":"General St. Sosabowski","potentialAction":[{"@type":"SearchAction","target":{"@type":"EntryPoint","urlTemplate":"https:\/\/www.driel-polen.nl\/nl\/?s={search_term_string}"},"query-input":{"@type":"PropertyValueSpecification","valueRequired":true,"valueName":"search_term_string"}}],"inLanguage":"nl-NL"}]}},"_links":{"self":[{"href":"https:\/\/www.driel-polen.nl\/nl\/wp-json\/wp\/v2\/pages\/4697","targetHints":{"allow":["GET"]}}],"collection":[{"href":"https:\/\/www.driel-polen.nl\/nl\/wp-json\/wp\/v2\/pages"}],"about":[{"href":"https:\/\/www.driel-polen.nl\/nl\/wp-json\/wp\/v2\/types\/page"}],"author":[{"embeddable":true,"href":"https:\/\/www.driel-polen.nl\/nl\/wp-json\/wp\/v2\/users\/17"}],"replies":[{"embeddable":true,"href":"https:\/\/www.driel-polen.nl\/nl\/wp-json\/wp\/v2\/comments?post=4697"}],"version-history":[{"count":2,"href":"https:\/\/www.driel-polen.nl\/nl\/wp-json\/wp\/v2\/pages\/4697\/revisions"}],"predecessor-version":[{"id":4707,"href":"https:\/\/www.driel-polen.nl\/nl\/wp-json\/wp\/v2\/pages\/4697\/revisions\/4707"}],"up":[{"embeddable":true,"href":"https:\/\/www.driel-polen.nl\/nl\/wp-json\/wp\/v2\/pages\/5633"}],"wp:attachment":[{"href":"https:\/\/www.driel-polen.nl\/nl\/wp-json\/wp\/v2\/media?parent=4697"}],"curies":[{"name":"wp","href":"https:\/\/api.w.org\/{rel}","templated":true}]}}