{"id":4681,"date":"2020-09-18T18:40:45","date_gmt":"2020-09-18T16:40:45","guid":{"rendered":"https:\/\/www.driel-polen.nl\/?page_id=4681"},"modified":"2021-01-12T14:13:18","modified_gmt":"2021-01-12T13:13:18","slug":"2020-onthulling-gerestaureerde-glas-in-lood-raam-vertegenwoordiger-rksv-frans-essers","status":"publish","type":"page","link":"https:\/\/www.driel-polen.nl\/nl\/herdenkingen\/herdenkingen-2015-2024\/2020-onthulling-gerestaureerde-glas-in-lood-raam-vertegenwoordiger-rksv-frans-essers\/","title":{"rendered":"2020 Onthulling \u00a0gerestaureerde glas in lood raam Vertegenwoordiger RKSV \u2013 Frans Essers"},"content":{"rendered":"<p><\/p>\n<p style=\"text-align: center;\"><strong>Onthulling \u00a0gerestaureerde glas in lood raam<br \/>\n<\/strong><strong>Vertegenwoordiger RKSV \u2013 Frans Essers<br \/>\n<\/strong><strong>18 september 2020<\/strong><\/p>\n<p>Geachte aanwezigen,<\/p>\n<p>Het is eigenlijk best bijzonder dat ik hier mag staan.<br \/>\nNee, ik ben geen veteraan.<br \/>\nIk heb zelfs de oorlog niet meegemaakt.<br \/>\nIk heb zelfs niet mee gedaan met de kerstkaarten actie van de Drielse Jeugd in 1946<br \/>\nIk ben van de tijd dat alles al weer een beetje beter ging.<br \/>\nNee, ik vertegenwoordig geen offici\u00eble instantie.<br \/>\nIk ben slechts vertegenwoordiger van een voetbalvereniging.<br \/>\nEen voetbalvereniging met een bijzondere band met de Poolse parachutisten.<br \/>\nHet is dan ook een bijzondere eer dat ik hier mag staan.<\/p>\n<p>In deze bijzondere tijd waarin\u00a0 heel veel bijeenkomsten zijn afgelast, mogen wij hier wel samen zijn.<br \/>\nOok dat is bijzonder.<br \/>\nOf is het misschien toch niet zo bijzonder?<br \/>\nHebben wij hier gewoon een bijzondere aanleiding voor om samen te zijn.<br \/>\nDelen we toch meer met elkaar dan het oppervlakkig lijkt?<br \/>\nJa, ik denk dat we meer delen dan velen denken.<\/p>\n<p>Het zijn bijzondere tijden waarin we op dit moment verkeren.<br \/>\nNu, \u2026.. 76 jaar geleden waren het ook bijzondere tijden waarin men verkeerde.<br \/>\nTijden ook die verankerd\u00a0 zijn gebleven in de herinnering van toen en de herdenkingen in latere jaren.<br \/>\nHerinneringen aan het negatieve dat \u201coorlog\u201d heet.<br \/>\nDaarom herdenken wij nu\u00a0 in vrijheid de gebeurtenissen die we nooit meer mee willen maken.<\/p>\n<p>En ook,\u2026\u2026\u2026.we staan er te weinig bij stil\u2026\u2026\u2026., hoe negatieve gebeurtenissen een positief vervolg kunnen krijgen.<br \/>\nNemen we pastoor Poelman, die aan het einde van de oorlog, met de Poolse Parachutistenbrigade nog volop in ons dorp aanwezig, zich al zorgen maakte over de toekomst van de jeugdigen van het dorp.<\/p>\n<p>Pastoor Poelman die,\u2026\u2026\u2026.misschien wel hier, op de plek waar wij nu staan,\u2026\u2026\u2026\u2026.zijn idee\u00ebn vorm probeerde te geven om de jeugd van Driel weer een toekomst te geven.<br \/>\nEen toekomst met perspectief.<br \/>\nEen toekomst die mede door U, 1<sup>e<\/sup> Poolse Onafhankelijke Parachutistenbrigade mogelijk werd gemaakt.<\/p>\n<p>Want 75 jaar geleden kwam er een einde aan de oorlog en mochten we ons bevrijd voelen.<br \/>\nWe mochten weer verenigen.<br \/>\nEn direct toen dat weer mogelijk was werd een sportvereniging opgericht.<\/p>\n<p>Het woord <strong>verenigen<\/strong> zegt eigenlijk alles wat Pastoor Poelman en de mede oprichters van onze vereniging de heren Baltussen, Kock en Hoogsteder voor ogen hadden.<br \/>\nn.l.\u00a0\u00a0\u00a0\u00a0\u00a0\u00a0 Samen actief zijn<br \/>\nsamen een doel voor ogen hebben<br \/>\nen bovenal sportief bezig zijn.<\/p>\n<p>Net als Generaal Stanis\u0142aw Sosabowksi ongetwijfeld ook met zijn manschappen voor ogen had.<br \/>\nSamenwerken, samen sterk zijn, samen een doel nastreven.<br \/>\nEn voor hen was het doel \u201cbevrijd Warschau en bouw een toekomst\u201d.<br \/>\nVoor de oprichters van onze vereniging was dat:\u00a0 voel je bevrijdt en omhels de toekomst die je geboden wordt.<br \/>\nDe oprichters van onze vereniging kiezen voor de kleuren wit en rood als verenigingskleuren.<br \/>\nDe kleuren van de Poolse vlag.<br \/>\nDaarbij komt\u00a0 op de borst de &#8216;V&#8217; van victorie.<\/p>\n<p>Nog v\u00f3\u00f3r de eerste herdenking in het dorp van het comit\u00e9 Driel-Polen eert de voetbalvereniging, door de keuze van de clubkleuren, al de Poolse bevrijders.<br \/>\nLater wordt er aan het clublogo een parachutist toegevoegd.<br \/>\nEn dat beeld is onlosmakelijk verbonden met onze vereniging\u00a0 RKSV Driel.<\/p>\n<p>Zelfs tot in hoge kringen van de nationale voetbalbond wordt dit ook als bijzonder ervaren.<br \/>\nDe Koninklijke Nederlandse Voetbal Bond, bestede daar in september 2019 uitgebreid aandacht aan.<br \/>\nIn een groot artikel over de bijzondere verbondenheid tussen onze vereniging en de Poolse Parachutistenbrigade.<br \/>\nOnder de kop \u201c<strong>RKSV Driel zal Poolse bevrijders nooit vergeten<\/strong>\u201d werd uitgebreid verslag gedaan over de verbondenheid tussen de 1<sup>e<\/sup> Poolse Onafhankelijke Parachutistenbrigade en onze voetbalvereniging RKSV Driel.<br \/>\nHierin wordt eerst stil gestaan bij de clubkleuren die bij de oprichting van onze vereniging werden gekozen.<\/p>\n<p>De opmerking verder in dat artikel\u00a0\u00a0 <em>citaat<\/em><strong>\u2026\u201dVeertig jaar later wordt er aan het clublogo een parachutist toegevoegd. Dat beeld beklijft als je bij RKSV Driel op het sportpark rond loopt. Van koffiekopje tot biertap. En van kampioensvlag tot jubileumshirt\u201d<\/strong> <em>einde citaat<\/em><\/p>\n<p>Duidelijker is verbondenheid niet weer te geven.<br \/>\nOnze vereniging\u00a0 R.K.S.V. Driel\u00a0 staat voor Rooms Katholieke Sport Vereniging Driel. En dus niet alleen voor voetbal.<br \/>\nDe jeugd moest duidelijk gemaakt worden dat samen sporten en samen dingen doen het beste medicijn\u00a0 was om snel weer naar een betere en gezondere toekomst te komen.<br \/>\nVanwege de bijzondere tijd waarin we ons nu bevinden zijn de grote herdenking van 75 jaar vrijheid afgelast.<br \/>\nDeze bijeenkomst in bescheiden kring gaat wel door en naar onze mening terecht.<br \/>\nWant het ging toen al over jeugd en toekomst.<br \/>\nDe toekomst staat niet stil.<\/p>\n<p>Dat toonden onze bevrijders aan in 1945.<br \/>\nDat toonden Drielse kinderen in 1946 aan met een kerstkaarten actie naar de Poolse bevrijders.<br \/>\nDat toonden de Poolse militairen aan met hun bijdrage aan de bouw van de vernielde jongensschool dat eerder hun onderdak vormde.<br \/>\nDat toonde mevrouw Cora Baltussen aan door haar niet aflatende inzet voor de 1<sup>e<\/sup> Poolse Onafhankelijke Parachutistenbrigade en hun generaal Stanis\u0142aw Sosabowski.<br \/>\nDat de toekomst niet stil heeft gestaan toont onze vereniging RKSV Driel nadrukkelijk aan.<br \/>\nWaar Pastoor Poelman en de oprichters van onze vereniging de jeugd weer een actieve en sportieve toekomst wilde geven, zo zorgden de Poolse veteranen er met hun niet onbelangrijke financi\u00eble bijdrage aan de bouw van de nieuw school, \u2026\u2026\u2026..er voor dat de jeugd weer toekomst en perspectief kreeg.<br \/>\nEn dat alles naast de door hen reeds geleverde prestaties in het oorlogsgeweld in en rond Driel.<\/p>\n<p>75 jaar vrijheid. \u2026\u2026\u2026\u2026\u2026\u2026\u202675 jaar RKSV Driel.<br \/>\nTwee mijlpalen die niet los van elkaar te zien zijn.<br \/>\nTwee mijlpalen die met elkaar verbonden worden in het raamwerk dat we zo dadelijk weer in volle glorie mogen aanschouwen.<br \/>\nEen raamwerk dat symbool stond en staat voor waardering.<br \/>\nWaardering die nu mede door RKSV Driel een nieuw leven krijgt.<br \/>\nEen raamwerk dat weer toekomst krijgt hier in dit informatiecentrum.<br \/>\nOnze vereniging, met haar wit rode hart en beschut door een parachute is in haar 75 jaar bestaan altijd een vast baken en van maatschappelijke waarde geweest binnen onze Drielse gemeenschap<br \/>\nDit komt mede tot uitdrukking in het \u00a0grote aantal jeugdleden van onze vereniging.<br \/>\nJeugdleden die ook tijdens de jaarlijkse herdenkingen immer aanwezig zijn.<br \/>\nEn ook nu niet ontbreken.<br \/>\nOok hierin toont onze vereniging haar maatschappelijke betrokkenheid en verbondenheid.<br \/>\nOnze maatschappelijke betrokkenheid die mede tot uitdrukking komt in het realiseren van de restauratie van dit unieke glas in lood raam.<\/p>\n<p>75 jaar vrijheid. \u00a0\u00a0\u00a0\u00a0\u00a0\u00a0\u00a0\u00a0\u00a0 75 jaar RKSV Driel.<br \/>\nEen kerstkaarten actie vanuit de jeugd<br \/>\nEen hoopvolle reactie vanuit de Poolse militairen<br \/>\nEen blijvende herinnering in glas.<br \/>\nGekleurd glas dat met wisselend licht wisselende stemmingen oproept.<br \/>\nMet een weerkaatsing van historie naar toekomst.<br \/>\nDat is prachtig om te zien.<br \/>\nDat is best wonderlijk.<br \/>\nEn met alles wat is gebeurt en gedaan<br \/>\nEn met alles wat ons raakt en verbind, blijf ik en ik neem aan velen met mij:<\/p>\n<p><strong>Omkijken in verwondering en nog steeds met bewondering <\/strong><\/p>\n<p>Dank voor uw aandacht.<br \/>\nFrans Essers<br \/>\nNamens RKSV Driel<\/p>","protected":false},"excerpt":{"rendered":"<p>Onthulling \u00a0gerestaureerde glas in lood raam Vertegenwoordiger RKSV \u2013 Frans Essers 18 september 2020 Geachte aanwezigen, Het is eigenlijk best bijzonder dat ik hier mag staan. Nee, ik ben geen veteraan. Ik heb zelfs de oorlog niet meegemaakt. Ik heb <span class=\"excerpt-dots\">&hellip;<\/span> <a class=\"more-link\" href=\"https:\/\/www.driel-polen.nl\/nl\/herdenkingen\/herdenkingen-2015-2024\/2020-onthulling-gerestaureerde-glas-in-lood-raam-vertegenwoordiger-rksv-frans-essers\/\"><span class=\"more-msg\"><img decoding=\"async\" src=\"https:\/\/www.driel-polen.nl\/downloads\/lees-meer3.jpg\"><\/p>\n<hr class=\"wvrx-expand-full\" style=\"margin:0\"><\/span><\/a><\/p>\n","protected":false},"author":17,"featured_media":0,"parent":5633,"menu_order":0,"comment_status":"closed","ping_status":"closed","template":"","meta":{"_monsterinsights_skip_tracking":false,"_monsterinsights_sitenote_active":false,"_monsterinsights_sitenote_note":"","_monsterinsights_sitenote_category":0,"ngg_post_thumbnail":0,"footnotes":""},"class_list":["post-4681","page","type-page","status-publish","hentry"],"yoast_head":"<!-- This site is optimized with the Yoast SEO plugin v27.4 - https:\/\/yoast.com\/product\/yoast-seo-wordpress\/ -->\n<title>2020 Onthulling \u00a0gerestaureerde glas in lood raam Vertegenwoordiger RKSV \u2013 Frans Essers - Stichting Driel-Polen<\/title>\n<meta name=\"robots\" content=\"index, follow, max-snippet:-1, max-image-preview:large, max-video-preview:-1\" \/>\n<link rel=\"canonical\" href=\"https:\/\/www.driel-polen.nl\/herdenkingen\/herdenkingen-2015-2024\/2020-onthulling-gerestaureerde-glas-in-lood-raam-vertegenwoordiger-rksv-frans-essers\/\" \/>\n<meta property=\"og:locale\" content=\"nl_NL\" \/>\n<meta property=\"og:type\" content=\"article\" \/>\n<meta property=\"og:title\" content=\"2020 Onthulling \u00a0gerestaureerde glas in lood raam Vertegenwoordiger RKSV \u2013 Frans Essers - Stichting Driel-Polen\" \/>\n<meta property=\"og:description\" content=\"Onthulling \u00a0gerestaureerde glas in lood raam Vertegenwoordiger RKSV \u2013 Frans Essers 18 september 2020 Geachte aanwezigen, Het is eigenlijk best bijzonder dat ik hier mag staan. Nee, ik ben geen veteraan. Ik heb zelfs de oorlog niet meegemaakt. Ik heb &hellip;\" \/>\n<meta property=\"og:url\" content=\"https:\/\/www.driel-polen.nl\/herdenkingen\/herdenkingen-2015-2024\/2020-onthulling-gerestaureerde-glas-in-lood-raam-vertegenwoordiger-rksv-frans-essers\/\" \/>\n<meta property=\"og:site_name\" content=\"Stichting Driel-Polen\" \/>\n<meta property=\"article:modified_time\" content=\"2021-01-12T13:13:18+00:00\" \/>\n<meta name=\"twitter:label1\" content=\"Geschatte leestijd\" \/>\n\t<meta name=\"twitter:data1\" content=\"18 minuten\" \/>\n<script type=\"application\/ld+json\" class=\"yoast-schema-graph\">{\"@context\":\"https:\\\/\\\/schema.org\",\"@graph\":[{\"@type\":\"WebPage\",\"@id\":\"https:\\\/\\\/www.driel-polen.nl\\\/herdenkingen\\\/herdenkingen-2015-2024\\\/2020-onthulling-gerestaureerde-glas-in-lood-raam-vertegenwoordiger-rksv-frans-essers\\\/\",\"url\":\"https:\\\/\\\/www.driel-polen.nl\\\/herdenkingen\\\/herdenkingen-2015-2024\\\/2020-onthulling-gerestaureerde-glas-in-lood-raam-vertegenwoordiger-rksv-frans-essers\\\/\",\"name\":\"2020 Onthulling \u00a0gerestaureerde glas in lood raam Vertegenwoordiger RKSV \u2013 Frans Essers - Stichting Driel-Polen\",\"isPartOf\":{\"@id\":\"https:\\\/\\\/www.driel-polen.nl\\\/nl\\\/#website\"},\"datePublished\":\"2020-09-18T16:40:45+00:00\",\"dateModified\":\"2021-01-12T13:13:18+00:00\",\"breadcrumb\":{\"@id\":\"https:\\\/\\\/www.driel-polen.nl\\\/herdenkingen\\\/herdenkingen-2015-2024\\\/2020-onthulling-gerestaureerde-glas-in-lood-raam-vertegenwoordiger-rksv-frans-essers\\\/#breadcrumb\"},\"inLanguage\":\"nl-NL\",\"potentialAction\":[{\"@type\":\"ReadAction\",\"target\":[\"https:\\\/\\\/www.driel-polen.nl\\\/herdenkingen\\\/herdenkingen-2015-2024\\\/2020-onthulling-gerestaureerde-glas-in-lood-raam-vertegenwoordiger-rksv-frans-essers\\\/\"]}]},{\"@type\":\"BreadcrumbList\",\"@id\":\"https:\\\/\\\/www.driel-polen.nl\\\/herdenkingen\\\/herdenkingen-2015-2024\\\/2020-onthulling-gerestaureerde-glas-in-lood-raam-vertegenwoordiger-rksv-frans-essers\\\/#breadcrumb\",\"itemListElement\":[{\"@type\":\"ListItem\",\"position\":1,\"name\":\"Herdenkingen\",\"item\":\"https:\\\/\\\/www.driel-polen.nl\\\/herdenkingen\\\/\"},{\"@type\":\"ListItem\",\"position\":2,\"name\":\"Herdenkingen 2015-2024\",\"item\":\"https:\\\/\\\/www.driel-polen.nl\\\/herdenkingen\\\/herdenkingen-2015-2024\\\/\"},{\"@type\":\"ListItem\",\"position\":3,\"name\":\"2020 Ods\u0142oni\u0119cie odrestaurowanego witra\u017ca Przedstawiciel RKSV \u2013 Frans Essers\"}]},{\"@type\":\"WebSite\",\"@id\":\"https:\\\/\\\/www.driel-polen.nl\\\/nl\\\/#website\",\"url\":\"https:\\\/\\\/www.driel-polen.nl\\\/nl\\\/\",\"name\":\"Stichting Driel-Polen\",\"description\":\"General St. Sosabowski\",\"potentialAction\":[{\"@type\":\"SearchAction\",\"target\":{\"@type\":\"EntryPoint\",\"urlTemplate\":\"https:\\\/\\\/www.driel-polen.nl\\\/nl\\\/?s={search_term_string}\"},\"query-input\":{\"@type\":\"PropertyValueSpecification\",\"valueRequired\":true,\"valueName\":\"search_term_string\"}}],\"inLanguage\":\"nl-NL\"}]}<\/script>\n<!-- \/ Yoast SEO plugin. -->","yoast_head_json":{"title":"2020 Onthulling \u00a0gerestaureerde glas in lood raam Vertegenwoordiger RKSV \u2013 Frans Essers - Stichting Driel-Polen","robots":{"index":"index","follow":"follow","max-snippet":"max-snippet:-1","max-image-preview":"max-image-preview:large","max-video-preview":"max-video-preview:-1"},"canonical":"https:\/\/www.driel-polen.nl\/herdenkingen\/herdenkingen-2015-2024\/2020-onthulling-gerestaureerde-glas-in-lood-raam-vertegenwoordiger-rksv-frans-essers\/","og_locale":"nl_NL","og_type":"article","og_title":"2020 Onthulling \u00a0gerestaureerde glas in lood raam Vertegenwoordiger RKSV \u2013 Frans Essers - Stichting Driel-Polen","og_description":"Onthulling \u00a0gerestaureerde glas in lood raam Vertegenwoordiger RKSV \u2013 Frans Essers 18 september 2020 Geachte aanwezigen, Het is eigenlijk best bijzonder dat ik hier mag staan. Nee, ik ben geen veteraan. Ik heb zelfs de oorlog niet meegemaakt. Ik heb &hellip;","og_url":"https:\/\/www.driel-polen.nl\/herdenkingen\/herdenkingen-2015-2024\/2020-onthulling-gerestaureerde-glas-in-lood-raam-vertegenwoordiger-rksv-frans-essers\/","og_site_name":"Stichting Driel-Polen","article_modified_time":"2021-01-12T13:13:18+00:00","twitter_misc":{"Geschatte leestijd":"18 minuten"},"schema":{"@context":"https:\/\/schema.org","@graph":[{"@type":"WebPage","@id":"https:\/\/www.driel-polen.nl\/herdenkingen\/herdenkingen-2015-2024\/2020-onthulling-gerestaureerde-glas-in-lood-raam-vertegenwoordiger-rksv-frans-essers\/","url":"https:\/\/www.driel-polen.nl\/herdenkingen\/herdenkingen-2015-2024\/2020-onthulling-gerestaureerde-glas-in-lood-raam-vertegenwoordiger-rksv-frans-essers\/","name":"2020 Onthulling \u00a0gerestaureerde glas in lood raam Vertegenwoordiger RKSV \u2013 Frans Essers - Stichting Driel-Polen","isPartOf":{"@id":"https:\/\/www.driel-polen.nl\/nl\/#website"},"datePublished":"2020-09-18T16:40:45+00:00","dateModified":"2021-01-12T13:13:18+00:00","breadcrumb":{"@id":"https:\/\/www.driel-polen.nl\/herdenkingen\/herdenkingen-2015-2024\/2020-onthulling-gerestaureerde-glas-in-lood-raam-vertegenwoordiger-rksv-frans-essers\/#breadcrumb"},"inLanguage":"nl-NL","potentialAction":[{"@type":"ReadAction","target":["https:\/\/www.driel-polen.nl\/herdenkingen\/herdenkingen-2015-2024\/2020-onthulling-gerestaureerde-glas-in-lood-raam-vertegenwoordiger-rksv-frans-essers\/"]}]},{"@type":"BreadcrumbList","@id":"https:\/\/www.driel-polen.nl\/herdenkingen\/herdenkingen-2015-2024\/2020-onthulling-gerestaureerde-glas-in-lood-raam-vertegenwoordiger-rksv-frans-essers\/#breadcrumb","itemListElement":[{"@type":"ListItem","position":1,"name":"Herdenkingen","item":"https:\/\/www.driel-polen.nl\/herdenkingen\/"},{"@type":"ListItem","position":2,"name":"Herdenkingen 2015-2024","item":"https:\/\/www.driel-polen.nl\/herdenkingen\/herdenkingen-2015-2024\/"},{"@type":"ListItem","position":3,"name":"2020 Ods\u0142oni\u0119cie odrestaurowanego witra\u017ca Przedstawiciel RKSV \u2013 Frans Essers"}]},{"@type":"WebSite","@id":"https:\/\/www.driel-polen.nl\/nl\/#website","url":"https:\/\/www.driel-polen.nl\/nl\/","name":"Stichting Driel-Polen","description":"General St. Sosabowski","potentialAction":[{"@type":"SearchAction","target":{"@type":"EntryPoint","urlTemplate":"https:\/\/www.driel-polen.nl\/nl\/?s={search_term_string}"},"query-input":{"@type":"PropertyValueSpecification","valueRequired":true,"valueName":"search_term_string"}}],"inLanguage":"nl-NL"}]}},"_links":{"self":[{"href":"https:\/\/www.driel-polen.nl\/nl\/wp-json\/wp\/v2\/pages\/4681","targetHints":{"allow":["GET"]}}],"collection":[{"href":"https:\/\/www.driel-polen.nl\/nl\/wp-json\/wp\/v2\/pages"}],"about":[{"href":"https:\/\/www.driel-polen.nl\/nl\/wp-json\/wp\/v2\/types\/page"}],"author":[{"embeddable":true,"href":"https:\/\/www.driel-polen.nl\/nl\/wp-json\/wp\/v2\/users\/17"}],"replies":[{"embeddable":true,"href":"https:\/\/www.driel-polen.nl\/nl\/wp-json\/wp\/v2\/comments?post=4681"}],"version-history":[{"count":3,"href":"https:\/\/www.driel-polen.nl\/nl\/wp-json\/wp\/v2\/pages\/4681\/revisions"}],"predecessor-version":[{"id":4693,"href":"https:\/\/www.driel-polen.nl\/nl\/wp-json\/wp\/v2\/pages\/4681\/revisions\/4693"}],"up":[{"embeddable":true,"href":"https:\/\/www.driel-polen.nl\/nl\/wp-json\/wp\/v2\/pages\/5633"}],"wp:attachment":[{"href":"https:\/\/www.driel-polen.nl\/nl\/wp-json\/wp\/v2\/media?parent=4681"}],"curies":[{"name":"wp","href":"https:\/\/api.w.org\/{rel}","templated":true}]}}