{"id":4671,"date":"2020-09-18T18:21:48","date_gmt":"2020-09-18T16:21:48","guid":{"rendered":"https:\/\/www.driel-polen.nl\/?page_id=4671"},"modified":"2021-01-12T14:16:00","modified_gmt":"2021-01-12T13:16:00","slug":"2020-opening-door-voorzitter-driel-polen-a-j-m-baltussen","status":"publish","type":"page","link":"https:\/\/www.driel-polen.nl\/nl\/herdenkingen\/herdenkingen-2015-2024\/2020-opening-door-voorzitter-driel-polen-a-j-m-baltussen\/","title":{"rendered":"2020 Opening door voorzitter Driel-Polen A.J.M. Baltussen"},"content":{"rendered":"<p><\/p>\n<p style=\"text-align: center;\"><strong>Onthulling gerestaureerde glas-in-loodraam<br \/>\n<\/strong><strong>Arno Baltussen voorzitter Stichting Driel-Polen<br \/>\n<\/strong><strong>18 september 2020<\/strong><\/p>\n<p>Generaal Grodzki, burgemeester Hoytink-Roubos, bestuursleden van voetbalvereniging RKSV, Dames en heren, jongens en meisjes.<\/p>\n<p>Welkom bij de onthulling van het gerestaureerde glas-in-loodraam. Dit raam vormt een belangrijk element in \u00a0de band die in september 1944 is ontstaan tussen Driel en Polen en na de bevrijding in 1945 is voortgezet.<\/p>\n<p>Kort na terugkeer van de bevolking van hun evacuatie adressen troffen zij al snel leden van de 1<sup>ste<\/sup> Poolse Onafhankelijke Parachutistenbrigade aan die op dat moment, als onderdeel van het bezettingsleger, gelegerd waren in Kleef en Gronau. Van daaruit reisden zij geregeld naar Driel op zoek naar graven in het veld van gesneuvelde kameraden en restanten van hun materialen die zij bij hun terugtocht op 26 september 1944 hadden moet achterlaten.<\/p>\n<p>De wederzijdse gevoelens van verbondenheid zijn in die periode versterkt.<\/p>\n<p>Voor de initiatiefnemers van het oprichten van de voetbalclub moet dit de reden zijn geweest om voor de clubkleuren de kleuren van de Poolse vlag te kiezen. Bij het jubileum in 1985 werd hier het logo met een parachutist aan toegevoegd.<\/p>\n<p>Sinds oktober 1945 spelen de leden wekelijks in de kleuren van de vlag van Polen, inmiddels 35 teams en 600 leden. Gedurende de laatste 75 jaar kan het alleen al om deze reden, meerdere keren per week, niemand zijn ontgaan dat Polen en Driel nauw met elkaar verbonden zijn.<\/p>\n<p>Het bestuur van RKSV heeft onze stichting vorig jaar benaderd met de vraag hoe zij in hun jubileumjaar de band die zij met onze bevrijders hebben blijvend in dit Informatiecentrum tot uitdrukking konden brengen. In het kader van Gelderland Herdenkt hadden wij o.a. een project opgenomen die de restauratie en plaatsing van het glas-in-loodraam betreft. Toen wij de geschiedenis achter dit raam opzochten bleek dit een uitstekend object te zijn om de band tussen onze Poolse bevrijders en de lokale voetbalclub tot uitdrukking te brengen. In de toespraken van de volgende sprekers zal u dit duidelijk worden.<\/p>\n<p>Maar, met de sponsoring van dit glas-in-loodraam zijn wij er nog niet.<\/p>\n<p>Vorig jaar werd nog enthousiast de afspraak gemaakt om tijdens dit weekend een wedstrijd te spelen tussen een sterrenteam van de 6<sup>e<\/sup> Airborne brigade en het 1<sup>ste<\/sup> elftal van RKSV. Helaas is de huidige pandemie de spelbreker. Ik neem aan dat wij ons ervan kunnen verzekeren dat beide teams in de komende jaren deze strijd alsnog aangaan. Het bestuur van de Stichting heeft al ervaren dat diverse leden van de 6<sup>e<\/sup> Airborne brigade strijden voor een plaats in hun sterrenteam tijdens deze bijzondere wedstrijd. Wij hopen van harte dat er volgend jaar weer voldoende ruimte is om deze wedstrijd te kunnen aanschouwen.<\/p>\n<p>Graag geef ik nu het woord aan generaal Grodzki<\/p>","protected":false},"excerpt":{"rendered":"<p>Onthulling gerestaureerde glas-in-loodraam Arno Baltussen voorzitter Stichting Driel-Polen 18 september 2020 Generaal Grodzki, burgemeester Hoytink-Roubos, bestuursleden van voetbalvereniging RKSV, Dames en heren, jongens en meisjes. Welkom bij de onthulling van het gerestaureerde glas-in-loodraam. Dit raam vormt een belangrijk element in <span class=\"excerpt-dots\">&hellip;<\/span> <a class=\"more-link\" href=\"https:\/\/www.driel-polen.nl\/nl\/herdenkingen\/herdenkingen-2015-2024\/2020-opening-door-voorzitter-driel-polen-a-j-m-baltussen\/\"><span class=\"more-msg\"><img decoding=\"async\" src=\"https:\/\/www.driel-polen.nl\/downloads\/lees-meer3.jpg\"><\/p>\n<hr class=\"wvrx-expand-full\" style=\"margin:0\"><\/span><\/a><\/p>\n","protected":false},"author":17,"featured_media":0,"parent":5633,"menu_order":0,"comment_status":"closed","ping_status":"closed","template":"","meta":{"_monsterinsights_skip_tracking":false,"_monsterinsights_sitenote_active":false,"_monsterinsights_sitenote_note":"","_monsterinsights_sitenote_category":0,"ngg_post_thumbnail":0,"footnotes":""},"class_list":["post-4671","page","type-page","status-publish","hentry"],"yoast_head":"<!-- This site is optimized with the Yoast SEO plugin v27.4 - https:\/\/yoast.com\/product\/yoast-seo-wordpress\/ -->\n<title>2020 Opening door voorzitter Driel-Polen A.J.M. Baltussen - Stichting Driel-Polen<\/title>\n<meta name=\"robots\" content=\"index, follow, max-snippet:-1, max-image-preview:large, max-video-preview:-1\" \/>\n<link rel=\"canonical\" href=\"https:\/\/www.driel-polen.nl\/herdenkingen\/herdenkingen-2015-2024\/2020-opening-door-voorzitter-driel-polen-a-j-m-baltussen\/\" \/>\n<meta property=\"og:locale\" content=\"nl_NL\" \/>\n<meta property=\"og:type\" content=\"article\" \/>\n<meta property=\"og:title\" content=\"2020 Opening door voorzitter Driel-Polen A.J.M. Baltussen - Stichting Driel-Polen\" \/>\n<meta property=\"og:description\" content=\"Onthulling gerestaureerde glas-in-loodraam Arno Baltussen voorzitter Stichting Driel-Polen 18 september 2020 Generaal Grodzki, burgemeester Hoytink-Roubos, bestuursleden van voetbalvereniging RKSV, Dames en heren, jongens en meisjes. Welkom bij de onthulling van het gerestaureerde glas-in-loodraam. Dit raam vormt een belangrijk element in &hellip;\" \/>\n<meta property=\"og:url\" content=\"https:\/\/www.driel-polen.nl\/herdenkingen\/herdenkingen-2015-2024\/2020-opening-door-voorzitter-driel-polen-a-j-m-baltussen\/\" \/>\n<meta property=\"og:site_name\" content=\"Stichting Driel-Polen\" \/>\n<meta property=\"article:modified_time\" content=\"2021-01-12T13:16:00+00:00\" \/>\n<meta name=\"twitter:label1\" content=\"Geschatte leestijd\" \/>\n\t<meta name=\"twitter:data1\" content=\"7 minuten\" \/>\n<script type=\"application\/ld+json\" class=\"yoast-schema-graph\">{\"@context\":\"https:\\\/\\\/schema.org\",\"@graph\":[{\"@type\":\"WebPage\",\"@id\":\"https:\\\/\\\/www.driel-polen.nl\\\/herdenkingen\\\/herdenkingen-2015-2024\\\/2020-opening-door-voorzitter-driel-polen-a-j-m-baltussen\\\/\",\"url\":\"https:\\\/\\\/www.driel-polen.nl\\\/herdenkingen\\\/herdenkingen-2015-2024\\\/2020-opening-door-voorzitter-driel-polen-a-j-m-baltussen\\\/\",\"name\":\"2020 Opening door voorzitter Driel-Polen A.J.M. Baltussen - Stichting Driel-Polen\",\"isPartOf\":{\"@id\":\"https:\\\/\\\/www.driel-polen.nl\\\/nl\\\/#website\"},\"datePublished\":\"2020-09-18T16:21:48+00:00\",\"dateModified\":\"2021-01-12T13:16:00+00:00\",\"breadcrumb\":{\"@id\":\"https:\\\/\\\/www.driel-polen.nl\\\/herdenkingen\\\/herdenkingen-2015-2024\\\/2020-opening-door-voorzitter-driel-polen-a-j-m-baltussen\\\/#breadcrumb\"},\"inLanguage\":\"nl-NL\",\"potentialAction\":[{\"@type\":\"ReadAction\",\"target\":[\"https:\\\/\\\/www.driel-polen.nl\\\/herdenkingen\\\/herdenkingen-2015-2024\\\/2020-opening-door-voorzitter-driel-polen-a-j-m-baltussen\\\/\"]}]},{\"@type\":\"BreadcrumbList\",\"@id\":\"https:\\\/\\\/www.driel-polen.nl\\\/herdenkingen\\\/herdenkingen-2015-2024\\\/2020-opening-door-voorzitter-driel-polen-a-j-m-baltussen\\\/#breadcrumb\",\"itemListElement\":[{\"@type\":\"ListItem\",\"position\":1,\"name\":\"Herdenkingen\",\"item\":\"https:\\\/\\\/www.driel-polen.nl\\\/herdenkingen\\\/\"},{\"@type\":\"ListItem\",\"position\":2,\"name\":\"Herdenkingen 2015-2024\",\"item\":\"https:\\\/\\\/www.driel-polen.nl\\\/herdenkingen\\\/herdenkingen-2015-2024\\\/\"},{\"@type\":\"ListItem\",\"position\":3,\"name\":\"2020 Ods\u0142oni\u0119cie odrestaurowanego witra\u017ca Arno Baltussen \u2013 prezes Fundacji Driel-Polen\"}]},{\"@type\":\"WebSite\",\"@id\":\"https:\\\/\\\/www.driel-polen.nl\\\/nl\\\/#website\",\"url\":\"https:\\\/\\\/www.driel-polen.nl\\\/nl\\\/\",\"name\":\"Stichting Driel-Polen\",\"description\":\"General St. Sosabowski\",\"potentialAction\":[{\"@type\":\"SearchAction\",\"target\":{\"@type\":\"EntryPoint\",\"urlTemplate\":\"https:\\\/\\\/www.driel-polen.nl\\\/nl\\\/?s={search_term_string}\"},\"query-input\":{\"@type\":\"PropertyValueSpecification\",\"valueRequired\":true,\"valueName\":\"search_term_string\"}}],\"inLanguage\":\"nl-NL\"}]}<\/script>\n<!-- \/ Yoast SEO plugin. -->","yoast_head_json":{"title":"2020 Opening door voorzitter Driel-Polen A.J.M. Baltussen - Stichting Driel-Polen","robots":{"index":"index","follow":"follow","max-snippet":"max-snippet:-1","max-image-preview":"max-image-preview:large","max-video-preview":"max-video-preview:-1"},"canonical":"https:\/\/www.driel-polen.nl\/herdenkingen\/herdenkingen-2015-2024\/2020-opening-door-voorzitter-driel-polen-a-j-m-baltussen\/","og_locale":"nl_NL","og_type":"article","og_title":"2020 Opening door voorzitter Driel-Polen A.J.M. Baltussen - Stichting Driel-Polen","og_description":"Onthulling gerestaureerde glas-in-loodraam Arno Baltussen voorzitter Stichting Driel-Polen 18 september 2020 Generaal Grodzki, burgemeester Hoytink-Roubos, bestuursleden van voetbalvereniging RKSV, Dames en heren, jongens en meisjes. Welkom bij de onthulling van het gerestaureerde glas-in-loodraam. Dit raam vormt een belangrijk element in &hellip;","og_url":"https:\/\/www.driel-polen.nl\/herdenkingen\/herdenkingen-2015-2024\/2020-opening-door-voorzitter-driel-polen-a-j-m-baltussen\/","og_site_name":"Stichting Driel-Polen","article_modified_time":"2021-01-12T13:16:00+00:00","twitter_misc":{"Geschatte leestijd":"7 minuten"},"schema":{"@context":"https:\/\/schema.org","@graph":[{"@type":"WebPage","@id":"https:\/\/www.driel-polen.nl\/herdenkingen\/herdenkingen-2015-2024\/2020-opening-door-voorzitter-driel-polen-a-j-m-baltussen\/","url":"https:\/\/www.driel-polen.nl\/herdenkingen\/herdenkingen-2015-2024\/2020-opening-door-voorzitter-driel-polen-a-j-m-baltussen\/","name":"2020 Opening door voorzitter Driel-Polen A.J.M. Baltussen - Stichting Driel-Polen","isPartOf":{"@id":"https:\/\/www.driel-polen.nl\/nl\/#website"},"datePublished":"2020-09-18T16:21:48+00:00","dateModified":"2021-01-12T13:16:00+00:00","breadcrumb":{"@id":"https:\/\/www.driel-polen.nl\/herdenkingen\/herdenkingen-2015-2024\/2020-opening-door-voorzitter-driel-polen-a-j-m-baltussen\/#breadcrumb"},"inLanguage":"nl-NL","potentialAction":[{"@type":"ReadAction","target":["https:\/\/www.driel-polen.nl\/herdenkingen\/herdenkingen-2015-2024\/2020-opening-door-voorzitter-driel-polen-a-j-m-baltussen\/"]}]},{"@type":"BreadcrumbList","@id":"https:\/\/www.driel-polen.nl\/herdenkingen\/herdenkingen-2015-2024\/2020-opening-door-voorzitter-driel-polen-a-j-m-baltussen\/#breadcrumb","itemListElement":[{"@type":"ListItem","position":1,"name":"Herdenkingen","item":"https:\/\/www.driel-polen.nl\/herdenkingen\/"},{"@type":"ListItem","position":2,"name":"Herdenkingen 2015-2024","item":"https:\/\/www.driel-polen.nl\/herdenkingen\/herdenkingen-2015-2024\/"},{"@type":"ListItem","position":3,"name":"2020 Ods\u0142oni\u0119cie odrestaurowanego witra\u017ca Arno Baltussen \u2013 prezes Fundacji Driel-Polen"}]},{"@type":"WebSite","@id":"https:\/\/www.driel-polen.nl\/nl\/#website","url":"https:\/\/www.driel-polen.nl\/nl\/","name":"Stichting Driel-Polen","description":"General St. Sosabowski","potentialAction":[{"@type":"SearchAction","target":{"@type":"EntryPoint","urlTemplate":"https:\/\/www.driel-polen.nl\/nl\/?s={search_term_string}"},"query-input":{"@type":"PropertyValueSpecification","valueRequired":true,"valueName":"search_term_string"}}],"inLanguage":"nl-NL"}]}},"_links":{"self":[{"href":"https:\/\/www.driel-polen.nl\/nl\/wp-json\/wp\/v2\/pages\/4671","targetHints":{"allow":["GET"]}}],"collection":[{"href":"https:\/\/www.driel-polen.nl\/nl\/wp-json\/wp\/v2\/pages"}],"about":[{"href":"https:\/\/www.driel-polen.nl\/nl\/wp-json\/wp\/v2\/types\/page"}],"author":[{"embeddable":true,"href":"https:\/\/www.driel-polen.nl\/nl\/wp-json\/wp\/v2\/users\/17"}],"replies":[{"embeddable":true,"href":"https:\/\/www.driel-polen.nl\/nl\/wp-json\/wp\/v2\/comments?post=4671"}],"version-history":[{"count":4,"href":"https:\/\/www.driel-polen.nl\/nl\/wp-json\/wp\/v2\/pages\/4671\/revisions"}],"predecessor-version":[{"id":4679,"href":"https:\/\/www.driel-polen.nl\/nl\/wp-json\/wp\/v2\/pages\/4671\/revisions\/4679"}],"up":[{"embeddable":true,"href":"https:\/\/www.driel-polen.nl\/nl\/wp-json\/wp\/v2\/pages\/5633"}],"wp:attachment":[{"href":"https:\/\/www.driel-polen.nl\/nl\/wp-json\/wp\/v2\/media?parent=4671"}],"curies":[{"name":"wp","href":"https:\/\/api.w.org\/{rel}","templated":true}]}}