{"id":4093,"date":"2019-09-27T19:17:50","date_gmt":"2019-09-27T17:17:50","guid":{"rendered":"https:\/\/www.driel-polen.nl\/?page_id=4093"},"modified":"2021-01-12T14:34:22","modified_gmt":"2021-01-12T13:34:22","slug":"2019-gedicht","status":"publish","type":"page","link":"https:\/\/www.driel-polen.nl\/nl\/herdenkingen\/herdenkingen-2015-2024\/2019-gedicht\/","title":{"rendered":"2019 Gedicht"},"content":{"rendered":"<p><\/p>\n<h4>17 september<\/h4>\n<p>Een volgende zomer gaat voorbij als een nachtmerrie\u2026<br \/>\n*<br \/>\nKijk! Is dit sneeuw?<br \/>\nNee, dat zijn de witte koepels van de parachutisten.<br \/>\nDe soldaten vliegen als adelaars de dood tegemoet.<br \/>\nZo veel schoten,<br \/>\nZo veel rood bloed.<br \/>\nEen vuurdoop.<br \/>\nDe laatste brug is gevallen.<br \/>\nMaar het geloof overleeft en de hulp zal komen.<br \/>\nDe Britten, de Amerikanen en de Polen\u2212<br \/>\nBroeders in de strijd voor vrijheid.<br \/>\nDat witte en dat rode &#8211; dat zijn de Poolse kleuren.<br \/>\n*<br \/>\nMaak me wakker,<br \/>\nals deze nachtmerrie voorbij is\u2026<\/p>\n<p><strong>Gabriela Kazanek<\/strong>, Wanda Chotomska Basischool nr. 19 in \u0141\u00f3d\u017a, Polen<\/p>","protected":false},"excerpt":{"rendered":"<p>17 september Een volgende zomer gaat voorbij als een nachtmerrie\u2026 * Kijk! Is dit sneeuw? Nee, dat zijn de witte koepels van de parachutisten. De soldaten vliegen als adelaars de dood tegemoet. Zo veel schoten, Zo veel rood bloed. Een <span class=\"excerpt-dots\">&hellip;<\/span> <a class=\"more-link\" href=\"https:\/\/www.driel-polen.nl\/nl\/herdenkingen\/herdenkingen-2015-2024\/2019-gedicht\/\"><span class=\"more-msg\"><img decoding=\"async\" src=\"https:\/\/www.driel-polen.nl\/downloads\/lees-meer3.jpg\"><\/p>\n<hr class=\"wvrx-expand-full\" style=\"margin:0\"><\/span><\/a><\/p>\n","protected":false},"author":17,"featured_media":0,"parent":5633,"menu_order":0,"comment_status":"closed","ping_status":"closed","template":"","meta":{"_monsterinsights_skip_tracking":false,"_monsterinsights_sitenote_active":false,"_monsterinsights_sitenote_note":"","_monsterinsights_sitenote_category":0,"ngg_post_thumbnail":0,"footnotes":""},"class_list":["post-4093","page","type-page","status-publish","hentry"],"yoast_head":"<!-- This site is optimized with the Yoast SEO plugin v27.4 - https:\/\/yoast.com\/product\/yoast-seo-wordpress\/ -->\n<title>2019 Gedicht - Stichting Driel-Polen<\/title>\n<meta name=\"robots\" content=\"index, follow, max-snippet:-1, max-image-preview:large, max-video-preview:-1\" \/>\n<link rel=\"canonical\" href=\"https:\/\/www.driel-polen.nl\/herdenkingen\/herdenkingen-2015-2024\/2019-gedicht\/\" \/>\n<meta property=\"og:locale\" content=\"nl_NL\" \/>\n<meta property=\"og:type\" content=\"article\" \/>\n<meta property=\"og:title\" content=\"2019 Gedicht - Stichting Driel-Polen\" \/>\n<meta property=\"og:description\" content=\"17 september Een volgende zomer gaat voorbij als een nachtmerrie\u2026 * Kijk! Is dit sneeuw? Nee, dat zijn de witte koepels van de parachutisten. De soldaten vliegen als adelaars de dood tegemoet. Zo veel schoten, Zo veel rood bloed. Een &hellip;\" \/>\n<meta property=\"og:url\" content=\"https:\/\/www.driel-polen.nl\/herdenkingen\/herdenkingen-2015-2024\/2019-gedicht\/\" \/>\n<meta property=\"og:site_name\" content=\"Stichting Driel-Polen\" \/>\n<meta property=\"article:modified_time\" content=\"2021-01-12T13:34:22+00:00\" \/>\n<meta name=\"twitter:label1\" content=\"Geschatte leestijd\" \/>\n\t<meta name=\"twitter:data1\" content=\"1 minuut\" \/>\n<script type=\"application\/ld+json\" class=\"yoast-schema-graph\">{\"@context\":\"https:\\\/\\\/schema.org\",\"@graph\":[{\"@type\":\"WebPage\",\"@id\":\"https:\\\/\\\/www.driel-polen.nl\\\/herdenkingen\\\/herdenkingen-2015-2024\\\/2019-gedicht\\\/\",\"url\":\"https:\\\/\\\/www.driel-polen.nl\\\/herdenkingen\\\/herdenkingen-2015-2024\\\/2019-gedicht\\\/\",\"name\":\"2019 Gedicht - Stichting Driel-Polen\",\"isPartOf\":{\"@id\":\"https:\\\/\\\/www.driel-polen.nl\\\/nl\\\/#website\"},\"datePublished\":\"2019-09-27T17:17:50+00:00\",\"dateModified\":\"2021-01-12T13:34:22+00:00\",\"breadcrumb\":{\"@id\":\"https:\\\/\\\/www.driel-polen.nl\\\/herdenkingen\\\/herdenkingen-2015-2024\\\/2019-gedicht\\\/#breadcrumb\"},\"inLanguage\":\"nl-NL\",\"potentialAction\":[{\"@type\":\"ReadAction\",\"target\":[\"https:\\\/\\\/www.driel-polen.nl\\\/herdenkingen\\\/herdenkingen-2015-2024\\\/2019-gedicht\\\/\"]}]},{\"@type\":\"BreadcrumbList\",\"@id\":\"https:\\\/\\\/www.driel-polen.nl\\\/herdenkingen\\\/herdenkingen-2015-2024\\\/2019-gedicht\\\/#breadcrumb\",\"itemListElement\":[{\"@type\":\"ListItem\",\"position\":1,\"name\":\"Herdenkingen\",\"item\":\"https:\\\/\\\/www.driel-polen.nl\\\/herdenkingen\\\/\"},{\"@type\":\"ListItem\",\"position\":2,\"name\":\"Herdenkingen 2015-2024\",\"item\":\"https:\\\/\\\/www.driel-polen.nl\\\/herdenkingen\\\/herdenkingen-2015-2024\\\/\"},{\"@type\":\"ListItem\",\"position\":3,\"name\":\"2019 Wierz\"}]},{\"@type\":\"WebSite\",\"@id\":\"https:\\\/\\\/www.driel-polen.nl\\\/nl\\\/#website\",\"url\":\"https:\\\/\\\/www.driel-polen.nl\\\/nl\\\/\",\"name\":\"Stichting Driel-Polen\",\"description\":\"General St. Sosabowski\",\"potentialAction\":[{\"@type\":\"SearchAction\",\"target\":{\"@type\":\"EntryPoint\",\"urlTemplate\":\"https:\\\/\\\/www.driel-polen.nl\\\/nl\\\/?s={search_term_string}\"},\"query-input\":{\"@type\":\"PropertyValueSpecification\",\"valueRequired\":true,\"valueName\":\"search_term_string\"}}],\"inLanguage\":\"nl-NL\"}]}<\/script>\n<!-- \/ Yoast SEO plugin. -->","yoast_head_json":{"title":"2019 Gedicht - Stichting Driel-Polen","robots":{"index":"index","follow":"follow","max-snippet":"max-snippet:-1","max-image-preview":"max-image-preview:large","max-video-preview":"max-video-preview:-1"},"canonical":"https:\/\/www.driel-polen.nl\/herdenkingen\/herdenkingen-2015-2024\/2019-gedicht\/","og_locale":"nl_NL","og_type":"article","og_title":"2019 Gedicht - Stichting Driel-Polen","og_description":"17 september Een volgende zomer gaat voorbij als een nachtmerrie\u2026 * Kijk! Is dit sneeuw? Nee, dat zijn de witte koepels van de parachutisten. De soldaten vliegen als adelaars de dood tegemoet. Zo veel schoten, Zo veel rood bloed. Een &hellip;","og_url":"https:\/\/www.driel-polen.nl\/herdenkingen\/herdenkingen-2015-2024\/2019-gedicht\/","og_site_name":"Stichting Driel-Polen","article_modified_time":"2021-01-12T13:34:22+00:00","twitter_misc":{"Geschatte leestijd":"1 minuut"},"schema":{"@context":"https:\/\/schema.org","@graph":[{"@type":"WebPage","@id":"https:\/\/www.driel-polen.nl\/herdenkingen\/herdenkingen-2015-2024\/2019-gedicht\/","url":"https:\/\/www.driel-polen.nl\/herdenkingen\/herdenkingen-2015-2024\/2019-gedicht\/","name":"2019 Gedicht - Stichting Driel-Polen","isPartOf":{"@id":"https:\/\/www.driel-polen.nl\/nl\/#website"},"datePublished":"2019-09-27T17:17:50+00:00","dateModified":"2021-01-12T13:34:22+00:00","breadcrumb":{"@id":"https:\/\/www.driel-polen.nl\/herdenkingen\/herdenkingen-2015-2024\/2019-gedicht\/#breadcrumb"},"inLanguage":"nl-NL","potentialAction":[{"@type":"ReadAction","target":["https:\/\/www.driel-polen.nl\/herdenkingen\/herdenkingen-2015-2024\/2019-gedicht\/"]}]},{"@type":"BreadcrumbList","@id":"https:\/\/www.driel-polen.nl\/herdenkingen\/herdenkingen-2015-2024\/2019-gedicht\/#breadcrumb","itemListElement":[{"@type":"ListItem","position":1,"name":"Herdenkingen","item":"https:\/\/www.driel-polen.nl\/herdenkingen\/"},{"@type":"ListItem","position":2,"name":"Herdenkingen 2015-2024","item":"https:\/\/www.driel-polen.nl\/herdenkingen\/herdenkingen-2015-2024\/"},{"@type":"ListItem","position":3,"name":"2019 Wierz"}]},{"@type":"WebSite","@id":"https:\/\/www.driel-polen.nl\/nl\/#website","url":"https:\/\/www.driel-polen.nl\/nl\/","name":"Stichting Driel-Polen","description":"General St. Sosabowski","potentialAction":[{"@type":"SearchAction","target":{"@type":"EntryPoint","urlTemplate":"https:\/\/www.driel-polen.nl\/nl\/?s={search_term_string}"},"query-input":{"@type":"PropertyValueSpecification","valueRequired":true,"valueName":"search_term_string"}}],"inLanguage":"nl-NL"}]}},"_links":{"self":[{"href":"https:\/\/www.driel-polen.nl\/nl\/wp-json\/wp\/v2\/pages\/4093","targetHints":{"allow":["GET"]}}],"collection":[{"href":"https:\/\/www.driel-polen.nl\/nl\/wp-json\/wp\/v2\/pages"}],"about":[{"href":"https:\/\/www.driel-polen.nl\/nl\/wp-json\/wp\/v2\/types\/page"}],"author":[{"embeddable":true,"href":"https:\/\/www.driel-polen.nl\/nl\/wp-json\/wp\/v2\/users\/17"}],"replies":[{"embeddable":true,"href":"https:\/\/www.driel-polen.nl\/nl\/wp-json\/wp\/v2\/comments?post=4093"}],"version-history":[{"count":2,"href":"https:\/\/www.driel-polen.nl\/nl\/wp-json\/wp\/v2\/pages\/4093\/revisions"}],"predecessor-version":[{"id":4097,"href":"https:\/\/www.driel-polen.nl\/nl\/wp-json\/wp\/v2\/pages\/4093\/revisions\/4097"}],"up":[{"embeddable":true,"href":"https:\/\/www.driel-polen.nl\/nl\/wp-json\/wp\/v2\/pages\/5633"}],"wp:attachment":[{"href":"https:\/\/www.driel-polen.nl\/nl\/wp-json\/wp\/v2\/media?parent=4093"}],"curies":[{"name":"wp","href":"https:\/\/api.w.org\/{rel}","templated":true}]}}