{"id":3877,"date":"2019-09-20T19:28:48","date_gmt":"2019-09-20T17:28:48","guid":{"rendered":"https:\/\/www.driel-polen.nl\/?page_id=3877"},"modified":"2021-01-12T14:36:28","modified_gmt":"2021-01-12T13:36:28","slug":"2019-voorzitter-stichting-driel-polen","status":"publish","type":"page","link":"https:\/\/www.driel-polen.nl\/nl\/herdenkingen\/herdenkingen-2015-2024\/2019-voorzitter-stichting-driel-polen\/","title":{"rendered":"2019 Voorzitter Stichting Driel-Polen"},"content":{"rendered":"<p><\/p>\n<h4 style=\"text-align: center;\"><strong>Openingswoord van de voorzitter van de Stichting Driel-Polen<br \/>\n<\/strong><strong>de heer A.J.M. Baltussen<br \/>\n<\/strong><strong>tijdens de 75<sup>e<\/sup> Herdenking van de bijdrage van de 1ste\u00a0 Poolse<br \/>\nOnafhankelijke Parachutistenbrigade aan Operatie Market Garden<br \/>\n<\/strong><strong>Driel, 21 september 2019<\/strong><\/h4>\n<p><em><strong>Your Royal Highness,<\/strong><\/em><br \/>\n<em><strong>Excellencies,<\/strong><\/em><br \/>\n<em><strong>Dear Polish &amp; British Veterans,<\/strong><\/em><br \/>\n<em><strong>Members of the Sosabowski family,<\/strong><\/em><br \/>\n<em><strong>Ladies and gentlemen<\/strong><\/em><\/p>\n<p>On behalf of the Driel-Polen Foundation I would like to welcome you all to this commemoration, where we give special attention to the contribution of the 1<sup>st<\/sup> Polish Independent Parachute Brigade to Market Garden &#8211; 75 years ago.<\/p>\n<p>Mr Kubinski, Mr Staszkiewicz and Mr Cisek a special welcome to you. For you Mr. Cisek it is very special since you returned for the first time since 1944.<br \/>\nAlso a special welcome to the British veterans.<\/p>\n<p>I will continue my introduction in Dutch<br \/>\nA translation of my text in Polish and English is included in your program.<\/p>\n<p><strong>Dames en heren, jongens en meisjes<\/strong><br \/>\nOp 23 augustus 1939 tekenden nazi-Duitsland en de Sovjet-Unie een niet-aanvalsverdrag. Hierin regelden beide landen de verdeling van Oost-Europa en de deling van Polen.<br \/>\nHitler was hiermee verzekerd van Stalins steun bij de Duitse inval van Polen op 1 september 1939, waarmee de Tweede Wereldoorlog begon. De Sovjet-Unie viel op 17 september vervolgens vanaf de andere kant aan. Voor het einde van september 1939 was Polen opgedeeld. Een derde stuk Polen, het Generale Gouvernement in het midden, kwam ook onder het bewind van Duitsland.<br \/>\nDe 3 veteranen vanmiddag hier aanwezig zijn slachtoffer geworden van de tragedie die geheel Polen in september 1939 moest doorstaan.<br \/>\nBijna een miljoen Polen werden gedeporteerd naar de Sovjet-Unie.<br \/>\nWaaronder Tad Cisek en Konstanty Staszkiewicz en hun families die destijds in het oosten van Polen woonden.<br \/>\nIn de toespraken van Minister Bijleveld en Burgemeester Hoytink worden hun ervaringen weergegeven.<\/p>\n<p>Henryk Kubinski woonde in het westen van Polen en ook de bezetter daar deporteerde Polen om ze als dwangarbeider in Duitsland in te zetten.<\/p>\n<p>Veel van deze Polen in zowel het oosten als westen ontsnapten en kwamen in de geallieerde legers terecht.<br \/>\nHenryk Kubinski was als 15-jarige vanaf mei 1940 tot en met november 1943 gedwongen dwangarbeid op een Duitse boerderij te verrichten. Eind november 1943 sloot hij zich noodgedwongen aan bij de Wehrmacht en werd gestationeerd nabij de Frans-Belgische grens.<br \/>\nIn augustus 1944 kwam de kans waar Kubinski en vijf andere Polen op hadden gewacht: zij lieten zich bewust krijgsgevangen nemen door Engelse militairen. Daarmee kwam hun oorlog als Duitse soldaat tot een einde.<\/p>\n<p>Na een week in krijgsgevangenschap boden zij zich aan als vrijwilliger bij de Poolse troepen. Hiermee ving hun oorlog als geallieerde soldaat aan! Henryk Kubinski arriveerde te laat om de training in Schotland tijdig te doorlopen en te kunnen worden ingezet als parachutist bij Driel. Als onderdeel van het bezettingsleger bezocht hij tussen mei 1945 en eind 1947 verschillende keren Driel.<\/p>\n<p>Het ultieme doel van de Poolse regering in ballingschap en de Poolse troepen was de bevrijding van Polen.<br \/>\nIn totaal hebben 250.000 tot 300.000 Poolse militairen deelgenomen aan de bevrijding van West-Europa.<br \/>\nNiet in 1945 maar pas in 1989 kreeg Polen de mogelijkheid zich los te rukken uit de macht van de Sovjet-Unie.<br \/>\nIn Driel blijven wij de Polen dankbaar voor hun bijdrage aan de bevrijding van ons land.<\/p>\n<p><strong>Jongens en meisjes<br \/>\n<\/strong>Tegenover jullie op het plein zitten de Poolse veteranen. In vorige jaren ben ik bij jullie op school geweest om wat over de geschiedenis en het herdenken te vertellen.<br \/>\nIk heb toen verteld over de lange reizen die velen van de Poolse veteranen hebben moeten maken om uiteindelijk in september 1944 hier bij Driel gedropt te worden. In veel gevallen konden zij na de oorlog niet meer naar hun land en families terug. Net zoals er nu op de wereld veel vluchtelingen zijn. Voor hen bestond toen ook geen vrije samenleving.<br \/>\nProbeer tijdens de herdenking je eens voor te stellen wat dit voor jou zou betekenen en wat een vrije samenleving voor jullie betekent.<\/p>\n<p><em>\u00a0<\/em>Voor ons allemaal &#8211; maar zeker voor deze veteranen &#8211; is het heel speciaal dat jullie vanmiddag 2 liedjes in het Pools zingen. Bijzonder is ook dat jullie daarbij begeleid worden door leeftijdsgenoten uit Polen.<br \/>\nVeel succes dadelijk!!<\/p>\n<p>Royal Highness, Excellenties, dames en heren,<br \/>\nSinds enkele jaren helpt een jongere van de Airborne International Youth Conference ons bij met het voorlezen van de Poolse teksten.<br \/>\nDit jaar leest Katarzyna Serafin \u00a0de Poolse teksten voor.<\/p>\n<p>Het jeugdkoor, begeleid door het orkest met leeftijdsgenoten uit Krakau \u2212 Promyki Krakowa \u2212 zal nu voor ons zingen in het Pools <em>\u201d<\/em>Rozkwita\u0142y p\u0105ki bia\u0142ych r\u00f3\u017c<em>\u201d <\/em>dat vertaald kan worden als \u201cDe knoppen van witte rozen gingen open\u201d<\/p>","protected":false},"excerpt":{"rendered":"<p>Openingswoord van de voorzitter van de Stichting Driel-Polen de heer A.J.M. Baltussen tijdens de 75e Herdenking van de bijdrage van de 1ste\u00a0 Poolse Onafhankelijke Parachutistenbrigade aan Operatie Market Garden Driel, 21 september 2019 Your Royal Highness, Excellencies, Dear Polish &amp; <span class=\"excerpt-dots\">&hellip;<\/span> <a class=\"more-link\" href=\"https:\/\/www.driel-polen.nl\/nl\/herdenkingen\/herdenkingen-2015-2024\/2019-voorzitter-stichting-driel-polen\/\"><span class=\"more-msg\"><img decoding=\"async\" src=\"https:\/\/www.driel-polen.nl\/downloads\/lees-meer3.jpg\"><\/p>\n<hr class=\"wvrx-expand-full\" style=\"margin:0\"><\/span><\/a><\/p>\n","protected":false},"author":17,"featured_media":0,"parent":5633,"menu_order":0,"comment_status":"closed","ping_status":"closed","template":"","meta":{"_monsterinsights_skip_tracking":false,"_monsterinsights_sitenote_active":false,"_monsterinsights_sitenote_note":"","_monsterinsights_sitenote_category":0,"ngg_post_thumbnail":0,"footnotes":""},"class_list":["post-3877","page","type-page","status-publish","hentry"],"yoast_head":"<!-- This site is optimized with the Yoast SEO plugin v27.4 - https:\/\/yoast.com\/product\/yoast-seo-wordpress\/ -->\n<title>2019 Voorzitter Stichting Driel-Polen - Stichting Driel-Polen<\/title>\n<meta name=\"robots\" content=\"index, follow, max-snippet:-1, max-image-preview:large, max-video-preview:-1\" \/>\n<link rel=\"canonical\" href=\"https:\/\/www.driel-polen.nl\/herdenkingen\/herdenkingen-2015-2024\/2019-voorzitter-stichting-driel-polen\/\" \/>\n<meta property=\"og:locale\" content=\"nl_NL\" \/>\n<meta property=\"og:type\" content=\"article\" \/>\n<meta property=\"og:title\" content=\"2019 Voorzitter Stichting Driel-Polen - Stichting Driel-Polen\" \/>\n<meta property=\"og:description\" content=\"Openingswoord van de voorzitter van de Stichting Driel-Polen de heer A.J.M. Baltussen tijdens de 75e Herdenking van de bijdrage van de 1ste\u00a0 Poolse Onafhankelijke Parachutistenbrigade aan Operatie Market Garden Driel, 21 september 2019 Your Royal Highness, Excellencies, Dear Polish &amp; &hellip;\" \/>\n<meta property=\"og:url\" content=\"https:\/\/www.driel-polen.nl\/herdenkingen\/herdenkingen-2015-2024\/2019-voorzitter-stichting-driel-polen\/\" \/>\n<meta property=\"og:site_name\" content=\"Stichting Driel-Polen\" \/>\n<meta property=\"article:modified_time\" content=\"2021-01-12T13:36:28+00:00\" \/>\n<meta name=\"twitter:label1\" content=\"Geschatte leestijd\" \/>\n\t<meta name=\"twitter:data1\" content=\"11 minuten\" \/>\n<script type=\"application\/ld+json\" class=\"yoast-schema-graph\">{\"@context\":\"https:\\\/\\\/schema.org\",\"@graph\":[{\"@type\":\"WebPage\",\"@id\":\"https:\\\/\\\/www.driel-polen.nl\\\/herdenkingen\\\/herdenkingen-2015-2024\\\/2019-voorzitter-stichting-driel-polen\\\/\",\"url\":\"https:\\\/\\\/www.driel-polen.nl\\\/herdenkingen\\\/herdenkingen-2015-2024\\\/2019-voorzitter-stichting-driel-polen\\\/\",\"name\":\"2019 Voorzitter Stichting Driel-Polen - Stichting Driel-Polen\",\"isPartOf\":{\"@id\":\"https:\\\/\\\/www.driel-polen.nl\\\/nl\\\/#website\"},\"datePublished\":\"2019-09-20T17:28:48+00:00\",\"dateModified\":\"2021-01-12T13:36:28+00:00\",\"breadcrumb\":{\"@id\":\"https:\\\/\\\/www.driel-polen.nl\\\/herdenkingen\\\/herdenkingen-2015-2024\\\/2019-voorzitter-stichting-driel-polen\\\/#breadcrumb\"},\"inLanguage\":\"nl-NL\",\"potentialAction\":[{\"@type\":\"ReadAction\",\"target\":[\"https:\\\/\\\/www.driel-polen.nl\\\/herdenkingen\\\/herdenkingen-2015-2024\\\/2019-voorzitter-stichting-driel-polen\\\/\"]}]},{\"@type\":\"BreadcrumbList\",\"@id\":\"https:\\\/\\\/www.driel-polen.nl\\\/herdenkingen\\\/herdenkingen-2015-2024\\\/2019-voorzitter-stichting-driel-polen\\\/#breadcrumb\",\"itemListElement\":[{\"@type\":\"ListItem\",\"position\":1,\"name\":\"Herdenkingen\",\"item\":\"https:\\\/\\\/www.driel-polen.nl\\\/herdenkingen\\\/\"},{\"@type\":\"ListItem\",\"position\":2,\"name\":\"Herdenkingen 2015-2024\",\"item\":\"https:\\\/\\\/www.driel-polen.nl\\\/herdenkingen\\\/herdenkingen-2015-2024\\\/\"},{\"@type\":\"ListItem\",\"position\":3,\"name\":\"2019-przez przewodnicz\u0105cego Fundacji Driel-Polen, pana A.J.M. Baltussena podczas uroczysto\u015bci\"}]},{\"@type\":\"WebSite\",\"@id\":\"https:\\\/\\\/www.driel-polen.nl\\\/nl\\\/#website\",\"url\":\"https:\\\/\\\/www.driel-polen.nl\\\/nl\\\/\",\"name\":\"Stichting Driel-Polen\",\"description\":\"General St. Sosabowski\",\"potentialAction\":[{\"@type\":\"SearchAction\",\"target\":{\"@type\":\"EntryPoint\",\"urlTemplate\":\"https:\\\/\\\/www.driel-polen.nl\\\/nl\\\/?s={search_term_string}\"},\"query-input\":{\"@type\":\"PropertyValueSpecification\",\"valueRequired\":true,\"valueName\":\"search_term_string\"}}],\"inLanguage\":\"nl-NL\"}]}<\/script>\n<!-- \/ Yoast SEO plugin. -->","yoast_head_json":{"title":"2019 Voorzitter Stichting Driel-Polen - Stichting Driel-Polen","robots":{"index":"index","follow":"follow","max-snippet":"max-snippet:-1","max-image-preview":"max-image-preview:large","max-video-preview":"max-video-preview:-1"},"canonical":"https:\/\/www.driel-polen.nl\/herdenkingen\/herdenkingen-2015-2024\/2019-voorzitter-stichting-driel-polen\/","og_locale":"nl_NL","og_type":"article","og_title":"2019 Voorzitter Stichting Driel-Polen - Stichting Driel-Polen","og_description":"Openingswoord van de voorzitter van de Stichting Driel-Polen de heer A.J.M. Baltussen tijdens de 75e Herdenking van de bijdrage van de 1ste\u00a0 Poolse Onafhankelijke Parachutistenbrigade aan Operatie Market Garden Driel, 21 september 2019 Your Royal Highness, Excellencies, Dear Polish &amp; &hellip;","og_url":"https:\/\/www.driel-polen.nl\/herdenkingen\/herdenkingen-2015-2024\/2019-voorzitter-stichting-driel-polen\/","og_site_name":"Stichting Driel-Polen","article_modified_time":"2021-01-12T13:36:28+00:00","twitter_misc":{"Geschatte leestijd":"11 minuten"},"schema":{"@context":"https:\/\/schema.org","@graph":[{"@type":"WebPage","@id":"https:\/\/www.driel-polen.nl\/herdenkingen\/herdenkingen-2015-2024\/2019-voorzitter-stichting-driel-polen\/","url":"https:\/\/www.driel-polen.nl\/herdenkingen\/herdenkingen-2015-2024\/2019-voorzitter-stichting-driel-polen\/","name":"2019 Voorzitter Stichting Driel-Polen - Stichting Driel-Polen","isPartOf":{"@id":"https:\/\/www.driel-polen.nl\/nl\/#website"},"datePublished":"2019-09-20T17:28:48+00:00","dateModified":"2021-01-12T13:36:28+00:00","breadcrumb":{"@id":"https:\/\/www.driel-polen.nl\/herdenkingen\/herdenkingen-2015-2024\/2019-voorzitter-stichting-driel-polen\/#breadcrumb"},"inLanguage":"nl-NL","potentialAction":[{"@type":"ReadAction","target":["https:\/\/www.driel-polen.nl\/herdenkingen\/herdenkingen-2015-2024\/2019-voorzitter-stichting-driel-polen\/"]}]},{"@type":"BreadcrumbList","@id":"https:\/\/www.driel-polen.nl\/herdenkingen\/herdenkingen-2015-2024\/2019-voorzitter-stichting-driel-polen\/#breadcrumb","itemListElement":[{"@type":"ListItem","position":1,"name":"Herdenkingen","item":"https:\/\/www.driel-polen.nl\/herdenkingen\/"},{"@type":"ListItem","position":2,"name":"Herdenkingen 2015-2024","item":"https:\/\/www.driel-polen.nl\/herdenkingen\/herdenkingen-2015-2024\/"},{"@type":"ListItem","position":3,"name":"2019-przez przewodnicz\u0105cego Fundacji Driel-Polen, pana A.J.M. Baltussena podczas uroczysto\u015bci"}]},{"@type":"WebSite","@id":"https:\/\/www.driel-polen.nl\/nl\/#website","url":"https:\/\/www.driel-polen.nl\/nl\/","name":"Stichting Driel-Polen","description":"General St. Sosabowski","potentialAction":[{"@type":"SearchAction","target":{"@type":"EntryPoint","urlTemplate":"https:\/\/www.driel-polen.nl\/nl\/?s={search_term_string}"},"query-input":{"@type":"PropertyValueSpecification","valueRequired":true,"valueName":"search_term_string"}}],"inLanguage":"nl-NL"}]}},"_links":{"self":[{"href":"https:\/\/www.driel-polen.nl\/nl\/wp-json\/wp\/v2\/pages\/3877","targetHints":{"allow":["GET"]}}],"collection":[{"href":"https:\/\/www.driel-polen.nl\/nl\/wp-json\/wp\/v2\/pages"}],"about":[{"href":"https:\/\/www.driel-polen.nl\/nl\/wp-json\/wp\/v2\/types\/page"}],"author":[{"embeddable":true,"href":"https:\/\/www.driel-polen.nl\/nl\/wp-json\/wp\/v2\/users\/17"}],"replies":[{"embeddable":true,"href":"https:\/\/www.driel-polen.nl\/nl\/wp-json\/wp\/v2\/comments?post=3877"}],"version-history":[{"count":5,"href":"https:\/\/www.driel-polen.nl\/nl\/wp-json\/wp\/v2\/pages\/3877\/revisions"}],"predecessor-version":[{"id":4065,"href":"https:\/\/www.driel-polen.nl\/nl\/wp-json\/wp\/v2\/pages\/3877\/revisions\/4065"}],"up":[{"embeddable":true,"href":"https:\/\/www.driel-polen.nl\/nl\/wp-json\/wp\/v2\/pages\/5633"}],"wp:attachment":[{"href":"https:\/\/www.driel-polen.nl\/nl\/wp-json\/wp\/v2\/media?parent=3877"}],"curies":[{"name":"wp","href":"https:\/\/api.w.org\/{rel}","templated":true}]}}