{"id":3805,"date":"2019-09-18T22:45:39","date_gmt":"2019-09-18T20:45:39","guid":{"rendered":"https:\/\/www.driel-polen.nl\/?page_id=3805"},"modified":"2021-01-12T14:34:50","modified_gmt":"2021-01-12T13:34:50","slug":"2019-minister-van-defensie","status":"publish","type":"page","link":"https:\/\/www.driel-polen.nl\/nl\/herdenkingen\/herdenkingen-2015-2024\/2019-minister-van-defensie\/","title":{"rendered":"2019 Minister van Defensie"},"content":{"rendered":"<p><\/p>\n<h4 style=\"text-align: center;\">Toespraak van de Minister van Defensie van Nederland<br \/>\nAnk Bijleveld-Schouten,<br \/>\ntijdens de 75<sup>e<\/sup> Herdenking van de bijdrage van de 1ste \u00a0Poolse Onafhankelijke<br \/>\nParachutistenbrigade aan Operatie Market Garden<br \/>\nDriel, 21 september 2019<\/h4>\n<p><strong><em>Dames en heren,<br \/>\n<\/em><\/strong><strong><em>Your Royal Highness The Prince of Wales,<br \/>\n<\/em><\/strong><strong><em>Veteranen, militairen,<\/em><\/strong><\/p>\n<p>Ik ben blij dat we hier allen tezamen zijn.<\/p>\n<p>Your Royal Highness, I know that your presence here today means a great deal to the veterans and military personnel from Poland.<br \/>\nPlease allow me to continue in Dutch.<\/p>\n<p>We zijn bij elkaar om de moed te herdenken van de Eerste Onafhankelijke Poolse Parachutistenbrigade.<br \/>\n75 jaar geleden stonden zij klaar om te springen, boven Driel.<br \/>\nDeze mannen waren over de Noordzee gevlogen; ze hadden dagen gewacht tot ze eindelijk konden opstijgen.<br \/>\nEn zij hadden al een lange reis achter de rug.<br \/>\nWant zij waren verbannen, gevlucht.<br \/>\nZe waren naar Engeland gekomen via onder meer Spanje, Roemeni\u00eb, Rusland, Palestina, Irak, Iran, Syri\u00eb, en de Verenigde Staten.<br \/>\nOnder hen waren mensen die in Sovjet-werkkampen hadden gezeten.<br \/>\nZe hadden lange barre tochten gemaakt, hadden kou, honger en pijn doorstaan.<br \/>\nAllemaal om de grijze baret te kunnen opzetten &#8211; om mee te kunnen vechten.<br \/>\nNooit hadden ze kunnen denken dat hun lange reis hen hier zou brengen: boven Nederland.<br \/>\nHun generaal, Stanislaw Sosabowski, had hen voor iets anders opgeleid.<br \/>\nZij wilden hun gesneuvelde landgenoten eer bewijzen\u2026<br \/>\n\u2026die eerder, in 1939, zo hard tegen de Duitsers hadden gevochten.<br \/>\nNu, 5 jaar later, wilden zij helpen Warschau te bevrijden.<br \/>\nMaar zij hadden de opdracht gekregen om deel te nemen aan Market Garden.<br \/>\nEen operatie die sommigen ambitieus en indrukwekkend noemden.<br \/>\nEn sommigen \u2013 zoals Generaal Sosabowski \u2013 noemden het grotesk en gevaarlijk.<br \/>\nWat zij er ook van vonden \u2013 deze Polen vochten als leeuwen.<br \/>\nIedereen die militairen kent, weet dat hun loyaliteit enorm is.<br \/>\nZij doen wat ze gevraagd wordt.<br \/>\nZij gaan door waar anderen stoppen.<br \/>\nDat weet ik als minister van Defensie heel goed.<br \/>\nEn toch maakt dat elke keer weer indruk.<br \/>\nDeze mannen werd gevraagd om voor onze vrijheid te vechten terwijl het Poolse volk schreeuwde om hun hulp.<br \/>\nSommigen hoopten dat de sprong uit het vliegtuig,<br \/>\nboven een land,<br \/>\nmeer dan 1000 kilometer verwijderd van hun moederland,<br \/>\neen stap dichterbij huis zou zijn.<\/p>\n<p>Velen van hen deden gewoon wat ze gevraagd werd.<br \/>\nOok al was het, zoals hun generaal het binnenskamers noemde, een sprong in het ongewisse.<br \/>\nWant zij werden niet gedropt bij Elden, maar bij Driel;<br \/>\nde veerpont waarmee zij de Rijn zouden oversteken was verdwenen; toen zij in rubberen bootjes naar de overkant wilden peddelen werden ze door de vijand beschoten.<br \/>\nNiks ging zoals het hoorde; maar de Poolse mannen gaven alles.<br \/>\nMannen zoals Tadeusz Cisek.<br \/>\nHier vandaag aanwezig.<br \/>\nOok hij werd op 21 september gedropt in Driel.<br \/>\nHij was toen begin 20.<br \/>\nEen knappe jongeman, als ik de foto\u2019s mag geloven! J<br \/>\nOok Tadeusz Cisek was van ver gekomen.<br \/>\nHij werd in 1940 gedeporteerd naar Kazakstan en was gevangene in een Sovjetkamp.<br \/>\nVanuit Rusland, via onder meer Iran en Syri\u00eb kwam hij in Engeland.<br \/>\nVandaag is hij 96 jaar oud.<br \/>\nEn hij is voor het eerst bij deze herdenking in Nederland.<br \/>\nHet was een lange reis vanuit de Verenigde Staten, waar hij woont.<br \/>\nKorporaal Cisek, ik wil u graag bedanken.<\/p>\n<p>U en uw kameraden van de brigade legden een lange reis af om voor onze vrijheid te vechten.<br \/>\nMaar u hebt lang op onze formele erkenning moeten wachten.<br \/>\nToenmalig Koningin Beatrix gaf de Eerste Poolse Onafhankelijke Parachutistenbrigade in 2006 de Militaire Willemsorde.<br \/>\nEn de Bronzen Leeuw postuum aan uw generaal Sosabowski.<\/p>\n<p>Eindelijk omhelsde onze leeuw de Poolse adelaar.<\/p>\n<p>Korporaal Cisek,<br \/>\nIk bewonder uw moed en kracht, en die van de twee veteranen naast u: Henryk Kubinski en Konstanty Staszkiewicz.<br \/>\nWe zullen nooit onze Polen vergeten.<br \/>\nOok Goor, mijn eigen woonplaats,<br \/>\nis op 8 april 1945 door Polen bevrijd, door the First Polish Armoured Division.<br \/>\nIk woon vlakbij het herdenkingsmonument.<\/p>\n<p>Op herdenkingen zoals vandaag worden we eraan herinnerd hoezeer wij onze vrijheid danken aan onze bondgenoten.<br \/>\nEn dat we tot op de dag van vandaag vrij zijn vanwege ons bondgenootschap.<br \/>\nWant eenheid schrikt af.<br \/>\nJuist daarom is\u00a0de NAVO nadrukkelijk aanwezig in Polen en de Baltische staten, ook met Nederlandse inzet.<br \/>\nSamen bewaken we onze vrijheid.<\/p>\n<p><strong>Beste veteranen,<br \/>\n<\/strong>U bent opgekomen voor wat ons dierbaar is.<\/p>\n<p>Dank u wel. Thank you. Dzi\u0119kuj\u0119.<\/p>","protected":false},"excerpt":{"rendered":"<p>Toespraak van de Minister van Defensie van Nederland Ank Bijleveld-Schouten, tijdens de 75e Herdenking van de bijdrage van de 1ste \u00a0Poolse Onafhankelijke Parachutistenbrigade aan Operatie Market Garden Driel, 21 september 2019 Dames en heren, Your Royal Highness The Prince of <span class=\"excerpt-dots\">&hellip;<\/span> <a class=\"more-link\" href=\"https:\/\/www.driel-polen.nl\/nl\/herdenkingen\/herdenkingen-2015-2024\/2019-minister-van-defensie\/\"><span class=\"more-msg\"><img decoding=\"async\" src=\"https:\/\/www.driel-polen.nl\/downloads\/lees-meer3.jpg\"><\/p>\n<hr class=\"wvrx-expand-full\" style=\"margin:0\"><\/span><\/a><\/p>\n","protected":false},"author":17,"featured_media":0,"parent":5633,"menu_order":0,"comment_status":"closed","ping_status":"closed","template":"","meta":{"_monsterinsights_skip_tracking":false,"_monsterinsights_sitenote_active":false,"_monsterinsights_sitenote_note":"","_monsterinsights_sitenote_category":0,"ngg_post_thumbnail":0,"footnotes":""},"class_list":["post-3805","page","type-page","status-publish","hentry"],"yoast_head":"<!-- This site is optimized with the Yoast SEO plugin v27.4 - https:\/\/yoast.com\/product\/yoast-seo-wordpress\/ -->\n<title>2019 Minister van Defensie - Stichting Driel-Polen<\/title>\n<meta name=\"robots\" content=\"index, follow, max-snippet:-1, max-image-preview:large, max-video-preview:-1\" \/>\n<link rel=\"canonical\" href=\"https:\/\/www.driel-polen.nl\/herdenkingen\/herdenkingen-2015-2024\/2019-minister-van-defensie\/\" \/>\n<meta property=\"og:locale\" content=\"nl_NL\" \/>\n<meta property=\"og:type\" content=\"article\" \/>\n<meta property=\"og:title\" content=\"2019 Minister van Defensie - Stichting Driel-Polen\" \/>\n<meta property=\"og:description\" content=\"Toespraak van de Minister van Defensie van Nederland Ank Bijleveld-Schouten, tijdens de 75e Herdenking van de bijdrage van de 1ste \u00a0Poolse Onafhankelijke Parachutistenbrigade aan Operatie Market Garden Driel, 21 september 2019 Dames en heren, Your Royal Highness The Prince of &hellip;\" \/>\n<meta property=\"og:url\" content=\"https:\/\/www.driel-polen.nl\/herdenkingen\/herdenkingen-2015-2024\/2019-minister-van-defensie\/\" \/>\n<meta property=\"og:site_name\" content=\"Stichting Driel-Polen\" \/>\n<meta property=\"article:modified_time\" content=\"2021-01-12T13:34:50+00:00\" \/>\n<meta name=\"twitter:label1\" content=\"Geschatte leestijd\" \/>\n\t<meta name=\"twitter:data1\" content=\"11 minuten\" \/>\n<script type=\"application\/ld+json\" class=\"yoast-schema-graph\">{\"@context\":\"https:\\\/\\\/schema.org\",\"@graph\":[{\"@type\":\"WebPage\",\"@id\":\"https:\\\/\\\/www.driel-polen.nl\\\/herdenkingen\\\/herdenkingen-2015-2024\\\/2019-minister-van-defensie\\\/\",\"url\":\"https:\\\/\\\/www.driel-polen.nl\\\/herdenkingen\\\/herdenkingen-2015-2024\\\/2019-minister-van-defensie\\\/\",\"name\":\"2019 Minister van Defensie - Stichting Driel-Polen\",\"isPartOf\":{\"@id\":\"https:\\\/\\\/www.driel-polen.nl\\\/nl\\\/#website\"},\"datePublished\":\"2019-09-18T20:45:39+00:00\",\"dateModified\":\"2021-01-12T13:34:50+00:00\",\"breadcrumb\":{\"@id\":\"https:\\\/\\\/www.driel-polen.nl\\\/herdenkingen\\\/herdenkingen-2015-2024\\\/2019-minister-van-defensie\\\/#breadcrumb\"},\"inLanguage\":\"nl-NL\",\"potentialAction\":[{\"@type\":\"ReadAction\",\"target\":[\"https:\\\/\\\/www.driel-polen.nl\\\/herdenkingen\\\/herdenkingen-2015-2024\\\/2019-minister-van-defensie\\\/\"]}]},{\"@type\":\"BreadcrumbList\",\"@id\":\"https:\\\/\\\/www.driel-polen.nl\\\/herdenkingen\\\/herdenkingen-2015-2024\\\/2019-minister-van-defensie\\\/#breadcrumb\",\"itemListElement\":[{\"@type\":\"ListItem\",\"position\":1,\"name\":\"Herdenkingen\",\"item\":\"https:\\\/\\\/www.driel-polen.nl\\\/herdenkingen\\\/\"},{\"@type\":\"ListItem\",\"position\":2,\"name\":\"Herdenkingen 2015-2024\",\"item\":\"https:\\\/\\\/www.driel-polen.nl\\\/herdenkingen\\\/herdenkingen-2015-2024\\\/\"},{\"@type\":\"ListItem\",\"position\":3,\"name\":\"2019 Przem\u00f3wienie minister Obrony Kr\u00f3lestwa Niderland\u00f3w\"}]},{\"@type\":\"WebSite\",\"@id\":\"https:\\\/\\\/www.driel-polen.nl\\\/nl\\\/#website\",\"url\":\"https:\\\/\\\/www.driel-polen.nl\\\/nl\\\/\",\"name\":\"Stichting Driel-Polen\",\"description\":\"General St. Sosabowski\",\"potentialAction\":[{\"@type\":\"SearchAction\",\"target\":{\"@type\":\"EntryPoint\",\"urlTemplate\":\"https:\\\/\\\/www.driel-polen.nl\\\/nl\\\/?s={search_term_string}\"},\"query-input\":{\"@type\":\"PropertyValueSpecification\",\"valueRequired\":true,\"valueName\":\"search_term_string\"}}],\"inLanguage\":\"nl-NL\"}]}<\/script>\n<!-- \/ Yoast SEO plugin. -->","yoast_head_json":{"title":"2019 Minister van Defensie - Stichting Driel-Polen","robots":{"index":"index","follow":"follow","max-snippet":"max-snippet:-1","max-image-preview":"max-image-preview:large","max-video-preview":"max-video-preview:-1"},"canonical":"https:\/\/www.driel-polen.nl\/herdenkingen\/herdenkingen-2015-2024\/2019-minister-van-defensie\/","og_locale":"nl_NL","og_type":"article","og_title":"2019 Minister van Defensie - Stichting Driel-Polen","og_description":"Toespraak van de Minister van Defensie van Nederland Ank Bijleveld-Schouten, tijdens de 75e Herdenking van de bijdrage van de 1ste \u00a0Poolse Onafhankelijke Parachutistenbrigade aan Operatie Market Garden Driel, 21 september 2019 Dames en heren, Your Royal Highness The Prince of &hellip;","og_url":"https:\/\/www.driel-polen.nl\/herdenkingen\/herdenkingen-2015-2024\/2019-minister-van-defensie\/","og_site_name":"Stichting Driel-Polen","article_modified_time":"2021-01-12T13:34:50+00:00","twitter_misc":{"Geschatte leestijd":"11 minuten"},"schema":{"@context":"https:\/\/schema.org","@graph":[{"@type":"WebPage","@id":"https:\/\/www.driel-polen.nl\/herdenkingen\/herdenkingen-2015-2024\/2019-minister-van-defensie\/","url":"https:\/\/www.driel-polen.nl\/herdenkingen\/herdenkingen-2015-2024\/2019-minister-van-defensie\/","name":"2019 Minister van Defensie - Stichting Driel-Polen","isPartOf":{"@id":"https:\/\/www.driel-polen.nl\/nl\/#website"},"datePublished":"2019-09-18T20:45:39+00:00","dateModified":"2021-01-12T13:34:50+00:00","breadcrumb":{"@id":"https:\/\/www.driel-polen.nl\/herdenkingen\/herdenkingen-2015-2024\/2019-minister-van-defensie\/#breadcrumb"},"inLanguage":"nl-NL","potentialAction":[{"@type":"ReadAction","target":["https:\/\/www.driel-polen.nl\/herdenkingen\/herdenkingen-2015-2024\/2019-minister-van-defensie\/"]}]},{"@type":"BreadcrumbList","@id":"https:\/\/www.driel-polen.nl\/herdenkingen\/herdenkingen-2015-2024\/2019-minister-van-defensie\/#breadcrumb","itemListElement":[{"@type":"ListItem","position":1,"name":"Herdenkingen","item":"https:\/\/www.driel-polen.nl\/herdenkingen\/"},{"@type":"ListItem","position":2,"name":"Herdenkingen 2015-2024","item":"https:\/\/www.driel-polen.nl\/herdenkingen\/herdenkingen-2015-2024\/"},{"@type":"ListItem","position":3,"name":"2019 Przem\u00f3wienie minister Obrony Kr\u00f3lestwa Niderland\u00f3w"}]},{"@type":"WebSite","@id":"https:\/\/www.driel-polen.nl\/nl\/#website","url":"https:\/\/www.driel-polen.nl\/nl\/","name":"Stichting Driel-Polen","description":"General St. Sosabowski","potentialAction":[{"@type":"SearchAction","target":{"@type":"EntryPoint","urlTemplate":"https:\/\/www.driel-polen.nl\/nl\/?s={search_term_string}"},"query-input":{"@type":"PropertyValueSpecification","valueRequired":true,"valueName":"search_term_string"}}],"inLanguage":"nl-NL"}]}},"_links":{"self":[{"href":"https:\/\/www.driel-polen.nl\/nl\/wp-json\/wp\/v2\/pages\/3805","targetHints":{"allow":["GET"]}}],"collection":[{"href":"https:\/\/www.driel-polen.nl\/nl\/wp-json\/wp\/v2\/pages"}],"about":[{"href":"https:\/\/www.driel-polen.nl\/nl\/wp-json\/wp\/v2\/types\/page"}],"author":[{"embeddable":true,"href":"https:\/\/www.driel-polen.nl\/nl\/wp-json\/wp\/v2\/users\/17"}],"replies":[{"embeddable":true,"href":"https:\/\/www.driel-polen.nl\/nl\/wp-json\/wp\/v2\/comments?post=3805"}],"version-history":[{"count":4,"href":"https:\/\/www.driel-polen.nl\/nl\/wp-json\/wp\/v2\/pages\/3805\/revisions"}],"predecessor-version":[{"id":4033,"href":"https:\/\/www.driel-polen.nl\/nl\/wp-json\/wp\/v2\/pages\/3805\/revisions\/4033"}],"up":[{"embeddable":true,"href":"https:\/\/www.driel-polen.nl\/nl\/wp-json\/wp\/v2\/pages\/5633"}],"wp:attachment":[{"href":"https:\/\/www.driel-polen.nl\/nl\/wp-json\/wp\/v2\/media?parent=3805"}],"curies":[{"name":"wp","href":"https:\/\/api.w.org\/{rel}","templated":true}]}}