{"id":3511,"date":"2018-11-13T10:54:12","date_gmt":"2018-11-13T09:54:12","guid":{"rendered":"https:\/\/www.driel-polen.nl\/?page_id=3511"},"modified":"2021-01-12T14:46:35","modified_gmt":"2021-01-12T13:46:35","slug":"2018-ambassadeur-van-polen-prof-marcin-czepelak","status":"publish","type":"page","link":"https:\/\/www.driel-polen.nl\/nl\/herdenkingen\/herdenkingen-2015-2024\/2018-ambassadeur-van-polen-prof-marcin-czepelak\/","title":{"rendered":"2018 Ambassadeur van Polen, Prof. Marcin Czepelak"},"content":{"rendered":"<p><\/p>\n<h4 style=\"text-align: center;\">Toespraak van de Ambassadeur van de Republiek Polen in Nederland,<br \/>\nProfessor Marcin Czepelak,<br \/>\ntijdens de herdenking van de bijdrage van de 1ste Poolse<br \/>\nOnafhankelijke Parachutistenbrigade aan Operatie Market Garden, 73 jaar geleden<br \/>\nDriel, 22 september 2018<\/h4>\n<p><em><strong>Geachte Burgemeester,<\/strong><\/em><br \/>\n<em><strong>Excellenties,<\/strong><\/em><br \/>\n<em><strong>Geachte dames en heren,<\/strong><\/em><br \/>\n<em><strong>Beste Nederlandse vrienden,<\/strong><\/em><br \/>\nIk kan mij nog goed herinneren dat ik een jaar geleden Driel bezocht, aan het prille begin van mijn diplomatieke missie in het Koninkrijk der Nederlanden. Ik herinner mij die dag nog goed. Gedurende het afgelopen jaar maakte ik kennis met U en uw land. Ik moet toegeven dat u niet ophoudt mij te verbazen.<\/p>\n<p>Ik was buitengewoon verrast toen ik vorige week een ontmoeting had met Anthony Beevor &#8211; auteur van het boek \u201eDe Slag om Arnhem\u201d. Vrijdagavond was de zaal in het Hartenstein Airborne Museum helemaal vol. Ik vroeg mij af wat de pragmatische Nederlanders op een vrijdagavond hier doen. Waarom niet naar een caf\u00e9 voor een biertje, kroketten of een portie bitterballen?<\/p>\n<p>Luisterend naar de vragen was ik nog meer verbaasd \u2013 iedereen kende de geschiedenis van de Slag om Arnhem, alsof ze allemaal beroepshistorici zijn. Velen vroegen over de Poolse soldaten en generaal Sosabowski. Maar dat was nog niet alles.<\/p>\n<p>Na afloop kwam een jonge vrouw naar mij toe en vertelde mij: \u201eGeachte Ambassadeur, wij zullen de Polen nooit vergeten.\u201d Toen ze dat zei zag ik ontroering in haar ogen.<\/p>\n<p>Ik stelde mijzelf de vraag: hoe is het mogelijk dat 74 jaar na de afloop van deze militaire operatie, die volledig mislukte en het leven kostte van bijna 2000 geallieerde soldaten en meer dan 500 Nederlandse burgers, de herinnering over de Polen is gebleven? Wat voor verassende ontmoetingen hadden Polen en Nederlanders destijds. Wie waren deze Poolse soldaten, die U, beste Nederlandse vrienden, nog steeds in uw herinnering houdt?<\/p>\n<p>Ik dacht toen aan de bevelhebber van de Poolse parachutisten \u2013 generaal Stanis\u0142aw Sosabowski. Het was hij die de Eerste Poolse Onafhankelijke Parachutistenbrigade oprichtte. Hij vormde de soldaten en zijn karakter vormde het karakter van de hele brigade.<\/p>\n<p>Wij weten dat de basiskenmerken van iemands karakter in de jeugdjaren worden gevormd. De jeugd van Sosabowski was niet makkelijk. Hij verloor zijn vader toen hij 11 jaar oud was; zijn broer was toen 7 en zijn zuster 4. Zoals hij zelf schreef: \u201eDe dood van mijn vader was de reden voor mijn vroegtijdige volwassenwording. Ik verloor de zorgeloosheid en vreugde van mijn vroege jeugd. Het weduwenpensioen van mijn moeder was niet genoeg om rond te komen\u201d. Stanis\u0142aw was inderdaad straatarm. Hij had geeneens geld voor een jas en \u2018s winters rende hij zo snel mogelijk naar school, waar hij het nog steeds koud had. Hij werd geholpen door een priester, die ook zijn leraar was. Hij kreeg een jas van hem en zelf kon hij bijverdienen door het geven van bijles wiskunde en Frans. Het geld dat hij daarmee verdiende gaf hij aan zijn moeder.<\/p>\n<p>Toen was Sosabowski al hard en onbuigzaam. Dat kwam hem goed van pas toen hij bevelhebber werd in het Poolse leger. Geloof mij, Poolse soldaten zijn geen lieverdjes. Maar zijn doorzettingsvermogen maakte het mogelijk om de veel grotere uitdagingen, die hem later ten deel vielen, te overwinnen.<\/p>\n<p>Stanis\u0142aw Sosabowski werd in 1892 r. geboren te Stanis\u0142aw\u00f3w. Dat was een Poolse vestingstad \u2013 die Polen verdedigde tegen de Tataren en Turken. Tegenwoordig ligt het in de Oekra\u00efne. Toen, in 1892, was Stanis\u0142aw\u00f3w bezet door Oostenrijk en werd Sosabowski opgeroepen voor militaire dienst in het Oostenrijkse leger. Hij vocht dapper. Na een jaar strijd met 250 soldaten die met Sosabowski aan het front vochten, bleven slechts drie over. Zelf raakte Sosabowski zwaar gewond aan zijn knie met zenuwletsel. Hij kon niet lopen. Hij trouwde steunend op krukken. Wie kon toen geloven dat hij op 52 jarige leeftijd met een parachute uit een vliegtuig zou springen?<\/p>\n<p>Er was echter een moment in het leven van generaal Sosabowski waarop hij brak. Zijn jongste zoon Jacek verongelukte tragisch. Eerder verloor zijn oudere zoon \u2013 met dezelfde naam als zijn vader, Stanis\u0142aw \u2013 zijn linkeroog in een ongeluk. Deze zoon werd arts en soldaat van het Poolse ondergrondse verzetsleger, de <em>Armia Krajowa<\/em>. Op 1 augustus 1944 \u2013 dus op de eerste dag van de Opstand van Warschau, voerde de jonge luitenant Sosabowski het bevel over een eenheid die uit een SS-gevangenis 50 Joden wist te bevrijdden. Vlak na deze succesvolle actie raakte hij zwaar gewond en verloor hij tevens het gezichtsvermogen in zijn rechteroog. Vlak daarna landde zijn vader \u2013 generaal Sosabowski \u2013 in Driel.<\/p>\n<p>Gelet op al het noodlot dat de generaal ten deel viel, is zijn geloof in de mensheid verbazingwekkend. Hij was weliswaar streng en veeleisend, maar hij was geen despoot. Hij geloofde in de ambitie van zijn soldaten, hij wist ze te motiveren en te vormen. Zo was hij altijd \u2013 toen hij uit de Duitse en Russische bezettingszone ontsnapte naar Hongarije en naar Frankrijk en na diens capitulatie naar Groot-Brittanni\u00eb.<\/p>\n<p>Waar generaal Sosabowski ook was, hij toonde altijd vastberadenheid, geloof in zijn mensen en stond hij altijd open voor nieuwe idee\u00ebn. Zijn liefde voor sport hielp hem daarbij.<\/p>\n<p>Toen het \u2018s winters in 1940 in Schotland erg koud en besneeuwd werd, organiseerde hij voor zijn soldaten een cursus ski\u00ebn. Hij was zelf ski-instructeur geweest. Geen ski\u00ebn aanwezig? Geen probleem! Sosabowski leende ski\u00ebn van Noorse collega soldaten. Iedere Poolse officier vertrok voor een skicursus van 2 weken, kwam zongebruind en in een uitstekende fysieke conditie terug \u2013 sommigen waren ouder dan 40. Dat is weer heel interessant voor mij, want ik ben net 40 geworden.<\/p>\n<p>Toen niemand wist wat ze aan moesten met de soldaten bedacht Sosabowski op een gegeven moment dat indien zij een ski-cursus kunnen volgen, waarom dan ook geen parachutistentraining?<\/p>\n<p>Jullie weten al wat toen is gebeurd. Hoe het in Driel was, hoe het in Arnhem was en hoe hij is beschuldigd. Voor zijn inzet ontving hij geen recht op een pensioen en moest hij praktisch tot zijn dood door werken als eenvoudige magazijnbediende. Hij ontving geen hulp, hij was geen generaal meer en had geen geld. Hij klaagde echter nooit.<\/p>\n<p>Laten wij nu generaal Sosabowski herdenken \u2013 om zijn moed, zijn vastberadenheid, zijn patriottisme, zijn opofferingsgezindheid en zijn gevoel voor onafhankelijkheid. Al deze waarden bracht hij over op zijn soldaten \u2013 die 74 jaar geleden samen met hem zijn geland.<\/p>\n<p>Wanneer vele politici in Europa tegenwoordig spreken over normen en waarden, dan denk ik dat deze normen en waarden het best worden vertolkt door diegenen die daadwerkelijk volgens deze normen en waarden leven. De normen en waarden hoeven wij niet opnieuw uit te vinden. Je kan ze hier zien. Enige verbeeldingskracht volstaat. Het volstaat je ogen dicht te doen en de hemel in september te aanschouwen, vol met parachutisten. Probeert u maar\u2026.<\/p>\n<p>&nbsp;<\/p>","protected":false},"excerpt":{"rendered":"<p>Toespraak van de Ambassadeur van de Republiek Polen in Nederland, Professor Marcin Czepelak, tijdens de herdenking van de bijdrage van de 1ste Poolse Onafhankelijke Parachutistenbrigade aan Operatie Market Garden, 73 jaar geleden Driel, 22 september 2018 Geachte Burgemeester, Excellenties, Geachte <span class=\"excerpt-dots\">&hellip;<\/span> <a class=\"more-link\" href=\"https:\/\/www.driel-polen.nl\/nl\/herdenkingen\/herdenkingen-2015-2024\/2018-ambassadeur-van-polen-prof-marcin-czepelak\/\"><span class=\"more-msg\"><img decoding=\"async\" src=\"https:\/\/www.driel-polen.nl\/downloads\/lees-meer3.jpg\"><\/p>\n<hr class=\"wvrx-expand-full\" style=\"margin:0\"><\/span><\/a><\/p>\n","protected":false},"author":17,"featured_media":0,"parent":5633,"menu_order":1,"comment_status":"closed","ping_status":"closed","template":"","meta":{"_monsterinsights_skip_tracking":false,"_monsterinsights_sitenote_active":false,"_monsterinsights_sitenote_note":"","_monsterinsights_sitenote_category":0,"ngg_post_thumbnail":0,"footnotes":""},"class_list":["post-3511","page","type-page","status-publish","hentry"],"yoast_head":"<!-- This site is optimized with the Yoast SEO plugin v27.4 - https:\/\/yoast.com\/product\/yoast-seo-wordpress\/ -->\n<title>2018 Ambassadeur van Polen, Prof. Marcin Czepelak - Stichting Driel-Polen<\/title>\n<meta name=\"robots\" content=\"index, follow, max-snippet:-1, max-image-preview:large, max-video-preview:-1\" \/>\n<link rel=\"canonical\" href=\"https:\/\/www.driel-polen.nl\/herdenkingen\/herdenkingen-2015-2024\/2018-ambassadeur-van-polen-prof-marcin-czepelak\/\" \/>\n<meta property=\"og:locale\" content=\"nl_NL\" \/>\n<meta property=\"og:type\" content=\"article\" \/>\n<meta property=\"og:title\" content=\"2018 Ambassadeur van Polen, Prof. Marcin Czepelak - Stichting Driel-Polen\" \/>\n<meta property=\"og:description\" content=\"Toespraak van de Ambassadeur van de Republiek Polen in Nederland, Professor Marcin Czepelak, tijdens de herdenking van de bijdrage van de 1ste Poolse Onafhankelijke Parachutistenbrigade aan Operatie Market Garden, 73 jaar geleden Driel, 22 september 2018 Geachte Burgemeester, Excellenties, Geachte &hellip;\" \/>\n<meta property=\"og:url\" content=\"https:\/\/www.driel-polen.nl\/herdenkingen\/herdenkingen-2015-2024\/2018-ambassadeur-van-polen-prof-marcin-czepelak\/\" \/>\n<meta property=\"og:site_name\" content=\"Stichting Driel-Polen\" \/>\n<meta property=\"article:modified_time\" content=\"2021-01-12T13:46:35+00:00\" \/>\n<meta name=\"twitter:label1\" content=\"Geschatte leestijd\" \/>\n\t<meta name=\"twitter:data1\" content=\"17 minuten\" \/>\n<script type=\"application\/ld+json\" class=\"yoast-schema-graph\">{\"@context\":\"https:\\\/\\\/schema.org\",\"@graph\":[{\"@type\":\"WebPage\",\"@id\":\"https:\\\/\\\/www.driel-polen.nl\\\/herdenkingen\\\/herdenkingen-2015-2024\\\/2018-ambassadeur-van-polen-prof-marcin-czepelak\\\/\",\"url\":\"https:\\\/\\\/www.driel-polen.nl\\\/herdenkingen\\\/herdenkingen-2015-2024\\\/2018-ambassadeur-van-polen-prof-marcin-czepelak\\\/\",\"name\":\"2018 Ambassadeur van Polen, Prof. Marcin Czepelak - Stichting Driel-Polen\",\"isPartOf\":{\"@id\":\"https:\\\/\\\/www.driel-polen.nl\\\/nl\\\/#website\"},\"datePublished\":\"2018-11-13T09:54:12+00:00\",\"dateModified\":\"2021-01-12T13:46:35+00:00\",\"breadcrumb\":{\"@id\":\"https:\\\/\\\/www.driel-polen.nl\\\/herdenkingen\\\/herdenkingen-2015-2024\\\/2018-ambassadeur-van-polen-prof-marcin-czepelak\\\/#breadcrumb\"},\"inLanguage\":\"nl-NL\",\"potentialAction\":[{\"@type\":\"ReadAction\",\"target\":[\"https:\\\/\\\/www.driel-polen.nl\\\/herdenkingen\\\/herdenkingen-2015-2024\\\/2018-ambassadeur-van-polen-prof-marcin-czepelak\\\/\"]}]},{\"@type\":\"BreadcrumbList\",\"@id\":\"https:\\\/\\\/www.driel-polen.nl\\\/herdenkingen\\\/herdenkingen-2015-2024\\\/2018-ambassadeur-van-polen-prof-marcin-czepelak\\\/#breadcrumb\",\"itemListElement\":[{\"@type\":\"ListItem\",\"position\":1,\"name\":\"Herdenkingen\",\"item\":\"https:\\\/\\\/www.driel-polen.nl\\\/herdenkingen\\\/\"},{\"@type\":\"ListItem\",\"position\":2,\"name\":\"Herdenkingen 2015-2024\",\"item\":\"https:\\\/\\\/www.driel-polen.nl\\\/herdenkingen\\\/herdenkingen-2015-2024\\\/\"},{\"@type\":\"ListItem\",\"position\":3,\"name\":\"2018 Ambassadeur van Polen, Prof. Marcin Czepelak\"}]},{\"@type\":\"WebSite\",\"@id\":\"https:\\\/\\\/www.driel-polen.nl\\\/nl\\\/#website\",\"url\":\"https:\\\/\\\/www.driel-polen.nl\\\/nl\\\/\",\"name\":\"Stichting Driel-Polen\",\"description\":\"General St. Sosabowski\",\"potentialAction\":[{\"@type\":\"SearchAction\",\"target\":{\"@type\":\"EntryPoint\",\"urlTemplate\":\"https:\\\/\\\/www.driel-polen.nl\\\/nl\\\/?s={search_term_string}\"},\"query-input\":{\"@type\":\"PropertyValueSpecification\",\"valueRequired\":true,\"valueName\":\"search_term_string\"}}],\"inLanguage\":\"nl-NL\"}]}<\/script>\n<!-- \/ Yoast SEO plugin. -->","yoast_head_json":{"title":"2018 Ambassadeur van Polen, Prof. Marcin Czepelak - Stichting Driel-Polen","robots":{"index":"index","follow":"follow","max-snippet":"max-snippet:-1","max-image-preview":"max-image-preview:large","max-video-preview":"max-video-preview:-1"},"canonical":"https:\/\/www.driel-polen.nl\/herdenkingen\/herdenkingen-2015-2024\/2018-ambassadeur-van-polen-prof-marcin-czepelak\/","og_locale":"nl_NL","og_type":"article","og_title":"2018 Ambassadeur van Polen, Prof. Marcin Czepelak - Stichting Driel-Polen","og_description":"Toespraak van de Ambassadeur van de Republiek Polen in Nederland, Professor Marcin Czepelak, tijdens de herdenking van de bijdrage van de 1ste Poolse Onafhankelijke Parachutistenbrigade aan Operatie Market Garden, 73 jaar geleden Driel, 22 september 2018 Geachte Burgemeester, Excellenties, Geachte &hellip;","og_url":"https:\/\/www.driel-polen.nl\/herdenkingen\/herdenkingen-2015-2024\/2018-ambassadeur-van-polen-prof-marcin-czepelak\/","og_site_name":"Stichting Driel-Polen","article_modified_time":"2021-01-12T13:46:35+00:00","twitter_misc":{"Geschatte leestijd":"17 minuten"},"schema":{"@context":"https:\/\/schema.org","@graph":[{"@type":"WebPage","@id":"https:\/\/www.driel-polen.nl\/herdenkingen\/herdenkingen-2015-2024\/2018-ambassadeur-van-polen-prof-marcin-czepelak\/","url":"https:\/\/www.driel-polen.nl\/herdenkingen\/herdenkingen-2015-2024\/2018-ambassadeur-van-polen-prof-marcin-czepelak\/","name":"2018 Ambassadeur van Polen, Prof. Marcin Czepelak - Stichting Driel-Polen","isPartOf":{"@id":"https:\/\/www.driel-polen.nl\/nl\/#website"},"datePublished":"2018-11-13T09:54:12+00:00","dateModified":"2021-01-12T13:46:35+00:00","breadcrumb":{"@id":"https:\/\/www.driel-polen.nl\/herdenkingen\/herdenkingen-2015-2024\/2018-ambassadeur-van-polen-prof-marcin-czepelak\/#breadcrumb"},"inLanguage":"nl-NL","potentialAction":[{"@type":"ReadAction","target":["https:\/\/www.driel-polen.nl\/herdenkingen\/herdenkingen-2015-2024\/2018-ambassadeur-van-polen-prof-marcin-czepelak\/"]}]},{"@type":"BreadcrumbList","@id":"https:\/\/www.driel-polen.nl\/herdenkingen\/herdenkingen-2015-2024\/2018-ambassadeur-van-polen-prof-marcin-czepelak\/#breadcrumb","itemListElement":[{"@type":"ListItem","position":1,"name":"Herdenkingen","item":"https:\/\/www.driel-polen.nl\/herdenkingen\/"},{"@type":"ListItem","position":2,"name":"Herdenkingen 2015-2024","item":"https:\/\/www.driel-polen.nl\/herdenkingen\/herdenkingen-2015-2024\/"},{"@type":"ListItem","position":3,"name":"2018 Ambassadeur van Polen, Prof. Marcin Czepelak"}]},{"@type":"WebSite","@id":"https:\/\/www.driel-polen.nl\/nl\/#website","url":"https:\/\/www.driel-polen.nl\/nl\/","name":"Stichting Driel-Polen","description":"General St. Sosabowski","potentialAction":[{"@type":"SearchAction","target":{"@type":"EntryPoint","urlTemplate":"https:\/\/www.driel-polen.nl\/nl\/?s={search_term_string}"},"query-input":{"@type":"PropertyValueSpecification","valueRequired":true,"valueName":"search_term_string"}}],"inLanguage":"nl-NL"}]}},"_links":{"self":[{"href":"https:\/\/www.driel-polen.nl\/nl\/wp-json\/wp\/v2\/pages\/3511","targetHints":{"allow":["GET"]}}],"collection":[{"href":"https:\/\/www.driel-polen.nl\/nl\/wp-json\/wp\/v2\/pages"}],"about":[{"href":"https:\/\/www.driel-polen.nl\/nl\/wp-json\/wp\/v2\/types\/page"}],"author":[{"embeddable":true,"href":"https:\/\/www.driel-polen.nl\/nl\/wp-json\/wp\/v2\/users\/17"}],"replies":[{"embeddable":true,"href":"https:\/\/www.driel-polen.nl\/nl\/wp-json\/wp\/v2\/comments?post=3511"}],"version-history":[{"count":8,"href":"https:\/\/www.driel-polen.nl\/nl\/wp-json\/wp\/v2\/pages\/3511\/revisions"}],"predecessor-version":[{"id":5673,"href":"https:\/\/www.driel-polen.nl\/nl\/wp-json\/wp\/v2\/pages\/3511\/revisions\/5673"}],"up":[{"embeddable":true,"href":"https:\/\/www.driel-polen.nl\/nl\/wp-json\/wp\/v2\/pages\/5633"}],"wp:attachment":[{"href":"https:\/\/www.driel-polen.nl\/nl\/wp-json\/wp\/v2\/media?parent=3511"}],"curies":[{"name":"wp","href":"https:\/\/api.w.org\/{rel}","templated":true}]}}