{"id":213,"date":"2013-12-19T14:57:21","date_gmt":"2013-12-19T13:57:21","guid":{"rendered":"http:\/\/www.driel-polen.nl\/wordpress\/?page_id=213"},"modified":"2020-04-24T14:51:32","modified_gmt":"2020-04-24T12:51:32","slug":"poolse-strijd","status":"publish","type":"page","link":"https:\/\/www.driel-polen.nl\/nl\/historie\/poolse-strijd\/","title":{"rendered":"Poolse Parachutisten"},"content":{"rendered":"<p>Op initiatief van de anderhalf miljoen leden tellende Liga Obrony Powietrznej I Przeciwgazowej, de Poolse luchtbeschermingsdienst werd in 1937 in Polen begonnen met parachutespringen. In aanwezigheid van talrijke toeschouwers werden op 5 september 1937 in de buurt van Legionowo parachutisten gedropt uit een Fokker E-VIIE\/3m. Vervolgens werd de eerste militaire parachutistencursus gestart.<\/p>\n<p>Na de militaire nederlaag in september 1939 werd het Poolse leger in Frankrijk opnieuw geformeerd. Op 13 november 1939 richtte het Poolse ministerscomit\u00e9 een geheime organisatie op, de \u201cBond voor gewapende strijd\u201d. Deze organisatie had tot doel: \u201chet stichten van centra van daadwerkelijk nationale verzet, het voeren van gewapende acties tegen de bezetter en het voorbereiden van een nationale opstand achter het front op het ogenblik dat het reguliere Poolse leger de grenzen van Polen zou bereiken\u201d. De contacten met Polen zouden onderhouden worden door het inzetten van parachutisten. Door de capitulatie van Frankrijk werd de uitvoering van deze ambitieuze voornemens onmogelijk.<\/p>\n<p>Na de capitulatie van Frankrijk zijn de president van Polen, de opperbevelhebber van het\u00a0 leger en de regering naar Engeland uitgeweken om aan de zijde van Groot-Brittanni\u00eb de strijd voort te zetten. Op 29 juni 1940 richtte generaal W\u0142adys\u0142aw Sikorski, opperbevelhebber van het Poolse leger, in Engeland de \u201cBond voor gewapende strijd in Polen\u201d op. In een memorandum van juli 1940 over de inschakeling van luchtstrijdkrachten en het leger ter ondersteuning van de opstand in Polen werd gepleit voor het instellen van opleidingscentra voor verbindingsofficieren, voor specialisten in het plegen van sabotagedaden en voor het opleiden van parachutisten. Ook\u00a0 werd uitvoerig gepleit voor het formeren van eenheden parachutisten die snel boven Polen gedropt konden worden.<\/p>\n<p>Op 23 augustus 1940 werd in het militaire kamp van de Canadese Officiers Kader Brigade in Eliock in Schotland de 4e Kader Infanterie Brigade geformeerd. Kolonel Sosabowski werd commandant van deze brigade. In september 1940 begon de opleiding van sabotage-specialisten die in Polen ingezet zouden worden. De eerste groep officieren van de 4<sup>e<\/sup> Kader Infanterie Brigade (BKS) volgde de sabotagecursus in het opleidingscentrum SOE in Inverlochy Castle (Schotland).<\/p>\n<p>Op 10 oktober 1940 gaf generaal Sikorski een dagorder uit over de voorbereiding van een opstand in Polen. De order bevatte concrete instructies voor de ondersteuning en bescherming van de strijders vanuit de lucht en de aanvoer van parachutisten. De eerste Poolse parachutisten-opleiding in het Britse opleidingscentrum in Ringway bij Manchester begon op 28 oktober 1940. Hier werden parachutisten voor de binnenlandse strijdkrachten opgeleid die vervolgens in januari 1941 de sabotagecursus voor in het centrum van de\u00a0 SOE in Briggens volgden.\u00a0 In de nacht van 15 op 16 februari 1941 vertrok het eerste vliegtuig vanuit Engeland naar Polen met aan boord drie Poolse parachutisten. Deze sprongen bij de plaats Skocz\u00f3w. Hun opdracht was steun te geven aan het verzet.<\/p>\n<p>Op 15 maart 1941 opende de 4<sup>e<\/sup> Kader Infanterie Brigade het centrum voor de opleiding van parachutisten in Largo House (Schotland). Dit oefencentrum stond bekend als &#8221; Ma\u0142pi Gaj \u201d, het Apenbosje.<\/p>\n<p>De Polen richten in augustus in Lundin Links, in de buurt van het Largo House, een oefentoren op waarvan gesprongen kan worden. Dit type oefentoren diende tot voorbeeld bij de Britse parachutistenopleiding.<br \/>\nOp 20 juni 1941 keurde generaal Sikorski het ontwerp van het Poolse parachutisteninsigne goed. Dit ontwerp was gemaakt door de bekende Poolse graficus sergeant Marian Walentynowicz.<br \/>\nHet stelt een adelaar in een duikvlucht voor, met aan de achterzijde gegraveerd het devies: &#8220;Tobie Ojczyzno&#8221; (Voor U Vaderland). Dit insigne was bestemd voor soldaten die een parachutistenopleiding gevolgd hadden. Voor de parachutisten die in een parachutistenactie daadwerkelijk aan de strijd hadden deelgenomen werd aan dit insigne een gouden lauwerkrans, die de duikende adelaar in zijn klauwen vasthoudt, toegevoegd.<\/p>\n<p>Op 23 september 1941 werd in Kincraig in Schotland voor het eerst een echte Poolse\u00a0 luchtlandingoefening gehouden. Hierbij werd in aanwezigheid van generaal Sikorski de gehele 4<sup>e<\/sup> Brigade gedropt.<br \/>\nNa de geslaagde oefening besloot generaal Sikorski de naam van de 4eKader Infanterie Brigade te veranderen in Parachutistenbrigade. Deze was bestemd voor gevechtsacties in Polen. Tevens werden daarbij voor het eerst parachutisteninsignes uitgereikt. 23 September werd ingesteld als \u201cDag van de Brigade\u201d. Generaal Sikorski liet op 9 oktober 1941 een dagorder uitgaan waarbij de\u00a0 Poolse Parachutisten Brigade officieel werd opgericht. Kolonel Stanis\u0142aw Sosabowski werd commandant van de Brigade.<\/p>\n<p>Op 8 september 1942 tekende de commandant van de Poolse Binnenlandse Strijdkrachten, de A.K., brigadegeneraal Stefan Rowecki\u00a0 operatierapport nr.154\u00a0 betreffende de Algemene Opstand. Hierin werd er van uitgegaan dat een eventuele opstand in Polen vanuit het Westen\u00a0 ondersteuning zou krijgen van Poolse parachutisten.<br \/>\nDe brigade kreeg op 20 oktober 1942 officieel de naam van 1<sup>e<\/sup> Poolse Onafhankelijke Parachutisten Brigade (1 SBSpad). Ze stond ter beschikking van de opperbevelhebber van de Poolse Strijdkrachten.<br \/>\nDe Poolse parachutistenschool kreeg steeds meer ervaring. Ze ontwikkelde nieuwe instructiemethoden en kreeg betere voorzieningen. Verschillende nationaliteiten waaronder zelfs Nederlanders maakten met succes gebruik van het Poolse parachutistencentrum.<\/p>","protected":false},"excerpt":{"rendered":"<p>Op initiatief van de anderhalf miljoen leden tellende Liga Obrony Powietrznej I Przeciwgazowej, de Poolse luchtbeschermingsdienst werd in 1937 in Polen begonnen met parachutespringen. In aanwezigheid van talrijke toeschouwers werden op 5 september 1937 in de buurt van Legionowo parachutisten <span class=\"excerpt-dots\">&hellip;<\/span> <a class=\"more-link\" href=\"https:\/\/www.driel-polen.nl\/nl\/historie\/poolse-strijd\/\"><span class=\"more-msg\"><img decoding=\"async\" src=\"https:\/\/www.driel-polen.nl\/downloads\/lees-meer3.jpg\"><\/p>\n<hr class=\"wvrx-expand-full\" style=\"margin:0\"><\/span><\/a><\/p>\n","protected":false},"author":17,"featured_media":0,"parent":17,"menu_order":1,"comment_status":"closed","ping_status":"open","template":"","meta":{"_monsterinsights_skip_tracking":false,"_monsterinsights_sitenote_active":false,"_monsterinsights_sitenote_note":"","_monsterinsights_sitenote_category":0,"ngg_post_thumbnail":0,"footnotes":""},"class_list":["post-213","page","type-page","status-publish","hentry"],"yoast_head":"<!-- This site is optimized with the Yoast SEO plugin v27.4 - https:\/\/yoast.com\/product\/yoast-seo-wordpress\/ -->\n<title>Poolse Parachutisten<\/title>\n<meta name=\"description\" content=\"Poolse Parachutisten - Op initiatief van de Liga Obrony Powietrznej I Przeciwgazowej, werd in 1937 begonnen met parachutespringen\" \/>\n<meta name=\"robots\" content=\"index, follow, max-snippet:-1, max-image-preview:large, max-video-preview:-1\" \/>\n<link rel=\"canonical\" href=\"https:\/\/www.driel-polen.nl\/en\/historie\/poolse-strijd\/\" \/>\n<meta property=\"og:locale\" content=\"nl_NL\" \/>\n<meta property=\"og:type\" content=\"article\" \/>\n<meta property=\"og:title\" content=\"Poolse Parachutisten\" \/>\n<meta property=\"og:description\" content=\"Poolse Parachutisten - Op initiatief van de Liga Obrony Powietrznej I Przeciwgazowej, werd in 1937 begonnen met parachutespringen\" \/>\n<meta property=\"og:url\" content=\"https:\/\/www.driel-polen.nl\/en\/historie\/poolse-strijd\/\" \/>\n<meta property=\"og:site_name\" content=\"Stichting Driel-Polen\" \/>\n<meta property=\"article:modified_time\" content=\"2020-04-24T12:51:32+00:00\" \/>\n<meta name=\"twitter:label1\" content=\"Geschatte leestijd\" \/>\n\t<meta name=\"twitter:data1\" content=\"12 minuten\" \/>\n<script type=\"application\/ld+json\" class=\"yoast-schema-graph\">{\"@context\":\"https:\\\/\\\/schema.org\",\"@graph\":[{\"@type\":\"WebPage\",\"@id\":\"https:\\\/\\\/www.driel-polen.nl\\\/en\\\/historie\\\/poolse-strijd\\\/\",\"url\":\"https:\\\/\\\/www.driel-polen.nl\\\/en\\\/historie\\\/poolse-strijd\\\/\",\"name\":\"Poolse Parachutisten\",\"isPartOf\":{\"@id\":\"https:\\\/\\\/www.driel-polen.nl\\\/nl\\\/#website\"},\"datePublished\":\"2013-12-19T13:57:21+00:00\",\"dateModified\":\"2020-04-24T12:51:32+00:00\",\"description\":\"Poolse Parachutisten - Op initiatief van de Liga Obrony Powietrznej I Przeciwgazowej, werd in 1937 begonnen met parachutespringen\",\"breadcrumb\":{\"@id\":\"https:\\\/\\\/www.driel-polen.nl\\\/en\\\/historie\\\/poolse-strijd\\\/#breadcrumb\"},\"inLanguage\":\"nl-NL\",\"potentialAction\":[{\"@type\":\"ReadAction\",\"target\":[\"https:\\\/\\\/www.driel-polen.nl\\\/en\\\/historie\\\/poolse-strijd\\\/\"]}]},{\"@type\":\"BreadcrumbList\",\"@id\":\"https:\\\/\\\/www.driel-polen.nl\\\/en\\\/historie\\\/poolse-strijd\\\/#breadcrumb\",\"itemListElement\":[{\"@type\":\"ListItem\",\"position\":1,\"name\":\"History\",\"item\":\"https:\\\/\\\/www.driel-polen.nl\\\/en\\\/historie\\\/\"},{\"@type\":\"ListItem\",\"position\":2,\"name\":\"Polish Paratroopers\"}]},{\"@type\":\"WebSite\",\"@id\":\"https:\\\/\\\/www.driel-polen.nl\\\/nl\\\/#website\",\"url\":\"https:\\\/\\\/www.driel-polen.nl\\\/nl\\\/\",\"name\":\"Stichting Driel-Polen\",\"description\":\"General St. Sosabowski\",\"potentialAction\":[{\"@type\":\"SearchAction\",\"target\":{\"@type\":\"EntryPoint\",\"urlTemplate\":\"https:\\\/\\\/www.driel-polen.nl\\\/nl\\\/?s={search_term_string}\"},\"query-input\":{\"@type\":\"PropertyValueSpecification\",\"valueRequired\":true,\"valueName\":\"search_term_string\"}}],\"inLanguage\":\"nl-NL\"}]}<\/script>\n<!-- \/ Yoast SEO plugin. -->","yoast_head_json":{"title":"Poolse Parachutisten","description":"Poolse Parachutisten - Op initiatief van de Liga Obrony Powietrznej I Przeciwgazowej, werd in 1937 begonnen met parachutespringen","robots":{"index":"index","follow":"follow","max-snippet":"max-snippet:-1","max-image-preview":"max-image-preview:large","max-video-preview":"max-video-preview:-1"},"canonical":"https:\/\/www.driel-polen.nl\/en\/historie\/poolse-strijd\/","og_locale":"nl_NL","og_type":"article","og_title":"Poolse Parachutisten","og_description":"Poolse Parachutisten - Op initiatief van de Liga Obrony Powietrznej I Przeciwgazowej, werd in 1937 begonnen met parachutespringen","og_url":"https:\/\/www.driel-polen.nl\/en\/historie\/poolse-strijd\/","og_site_name":"Stichting Driel-Polen","article_modified_time":"2020-04-24T12:51:32+00:00","twitter_misc":{"Geschatte leestijd":"12 minuten"},"schema":{"@context":"https:\/\/schema.org","@graph":[{"@type":"WebPage","@id":"https:\/\/www.driel-polen.nl\/en\/historie\/poolse-strijd\/","url":"https:\/\/www.driel-polen.nl\/en\/historie\/poolse-strijd\/","name":"Poolse Parachutisten","isPartOf":{"@id":"https:\/\/www.driel-polen.nl\/nl\/#website"},"datePublished":"2013-12-19T13:57:21+00:00","dateModified":"2020-04-24T12:51:32+00:00","description":"Poolse Parachutisten - Op initiatief van de Liga Obrony Powietrznej I Przeciwgazowej, werd in 1937 begonnen met parachutespringen","breadcrumb":{"@id":"https:\/\/www.driel-polen.nl\/en\/historie\/poolse-strijd\/#breadcrumb"},"inLanguage":"nl-NL","potentialAction":[{"@type":"ReadAction","target":["https:\/\/www.driel-polen.nl\/en\/historie\/poolse-strijd\/"]}]},{"@type":"BreadcrumbList","@id":"https:\/\/www.driel-polen.nl\/en\/historie\/poolse-strijd\/#breadcrumb","itemListElement":[{"@type":"ListItem","position":1,"name":"History","item":"https:\/\/www.driel-polen.nl\/en\/historie\/"},{"@type":"ListItem","position":2,"name":"Polish Paratroopers"}]},{"@type":"WebSite","@id":"https:\/\/www.driel-polen.nl\/nl\/#website","url":"https:\/\/www.driel-polen.nl\/nl\/","name":"Stichting Driel-Polen","description":"General St. Sosabowski","potentialAction":[{"@type":"SearchAction","target":{"@type":"EntryPoint","urlTemplate":"https:\/\/www.driel-polen.nl\/nl\/?s={search_term_string}"},"query-input":{"@type":"PropertyValueSpecification","valueRequired":true,"valueName":"search_term_string"}}],"inLanguage":"nl-NL"}]}},"_links":{"self":[{"href":"https:\/\/www.driel-polen.nl\/nl\/wp-json\/wp\/v2\/pages\/213","targetHints":{"allow":["GET"]}}],"collection":[{"href":"https:\/\/www.driel-polen.nl\/nl\/wp-json\/wp\/v2\/pages"}],"about":[{"href":"https:\/\/www.driel-polen.nl\/nl\/wp-json\/wp\/v2\/types\/page"}],"author":[{"embeddable":true,"href":"https:\/\/www.driel-polen.nl\/nl\/wp-json\/wp\/v2\/users\/17"}],"replies":[{"embeddable":true,"href":"https:\/\/www.driel-polen.nl\/nl\/wp-json\/wp\/v2\/comments?post=213"}],"version-history":[{"count":6,"href":"https:\/\/www.driel-polen.nl\/nl\/wp-json\/wp\/v2\/pages\/213\/revisions"}],"predecessor-version":[{"id":4255,"href":"https:\/\/www.driel-polen.nl\/nl\/wp-json\/wp\/v2\/pages\/213\/revisions\/4255"}],"up":[{"embeddable":true,"href":"https:\/\/www.driel-polen.nl\/nl\/wp-json\/wp\/v2\/pages\/17"}],"wp:attachment":[{"href":"https:\/\/www.driel-polen.nl\/nl\/wp-json\/wp\/v2\/media?parent=213"}],"curies":[{"name":"wp","href":"https:\/\/api.w.org\/{rel}","templated":true}]}}