{"id":2065,"date":"2017-09-18T08:47:56","date_gmt":"2017-09-18T06:47:56","guid":{"rendered":"http:\/\/www.driel-polen.nl\/?page_id=2065"},"modified":"2021-01-12T15:11:22","modified_gmt":"2021-01-12T14:11:22","slug":"2017-gedicht","status":"publish","type":"page","link":"https:\/\/www.driel-polen.nl\/nl\/herdenkingen\/herdenkingen-2015-2024\/2017-gedicht\/","title":{"rendered":"2017 Engelen van Vrede"},"content":{"rendered":"<p><span style=\"color: #ff0000;\">Engelen van Vrede<\/span><\/p>\n<p>Deze oorlog heeft de mensen zes jaar van hun leven afgepakt.<br \/>\nSommigen waren nog tieners<br \/>\ntoen hij kwam en hun lot veranderde.<\/p>\n<p>Sommigen wilden hem tegenhouden,<br \/>\nmaar hij was te sterk<br \/>\nen zij kwamen nooit terug.<\/p>\n<p>Met de oorlog gingen velen heen,<br \/>\nhun enige schuld was hun geloof.<br \/>\nDaarna nam de oorlog diegenen mee<br \/>\ndie hen probeerden te beschermen.<\/p>\n<p>Hij veranderde steden in ru\u00efnes<br \/>\nen het menselijk leven in wanhoop.<\/p>\n<p>Vallende septemberbladeren,<br \/>\ndelicaat in de lucht<br \/>\ndwarrelend boven Arnhem,<br \/>\nvertellen het verhaal<br \/>\nvan dappere soldaten,<br \/>\nBritten en Polen.<\/p>\n<p>Ze landden met hun parachutes<br \/>\nals Engelen van Vrede<br \/>\nOm de gruwelijkste oorlog ooit te be\u00ebindigen<br \/>\nen om vrede te brengen.<\/p>\n<p>De prijs voor hun dapperheid was hoog:<br \/>\nhun bloed en hun leven,<br \/>\nmaar het was niet tevergeefs.<\/p>\n<p>Zij blijven in onze harten<br \/>\nomdat hun komst ons lot veranderde.<\/p>\n<p>Amelia Kaczmarek ,2a<br \/>\nOpenbaar Gymnasium nr 21 Maria Sk\u0142odowska \u2013 Curie in \u0141\u00f3d\u017a, Polen<\/p>\n<p><a href=\"javascript:history.go(-1)\"><< Terug<\/a><\/p>","protected":false},"excerpt":{"rendered":"<p>Engelen van Vrede Deze oorlog heeft de mensen zes jaar van hun leven afgepakt. Sommigen waren nog tieners toen hij kwam en hun lot veranderde. Sommigen wilden hem tegenhouden, maar hij was te sterk en zij kwamen nooit terug. Met <span class=\"excerpt-dots\">&hellip;<\/span> <a class=\"more-link\" href=\"https:\/\/www.driel-polen.nl\/nl\/herdenkingen\/herdenkingen-2015-2024\/2017-gedicht\/\"><span class=\"more-msg\"><img decoding=\"async\" src=\"https:\/\/www.driel-polen.nl\/downloads\/lees-meer3.jpg\"><\/p>\n<hr class=\"wvrx-expand-full\" style=\"margin:0\"><\/span><\/a><\/p>\n","protected":false},"author":17,"featured_media":0,"parent":5633,"menu_order":4,"comment_status":"closed","ping_status":"closed","template":"","meta":{"_monsterinsights_skip_tracking":false,"_monsterinsights_sitenote_active":false,"_monsterinsights_sitenote_note":"","_monsterinsights_sitenote_category":0,"ngg_post_thumbnail":0,"footnotes":""},"class_list":["post-2065","page","type-page","status-publish","hentry"],"yoast_head":"<!-- This site is optimized with the Yoast SEO plugin v27.4 - https:\/\/yoast.com\/product\/yoast-seo-wordpress\/ -->\n<title>2017 Engelen van Vrede - Stichting Driel-Polen<\/title>\n<meta name=\"robots\" content=\"index, follow, max-snippet:-1, max-image-preview:large, max-video-preview:-1\" \/>\n<link rel=\"canonical\" href=\"https:\/\/www.driel-polen.nl\/herdenkingen\/herdenkingen-2015-2024\/2017-gedicht\/\" \/>\n<meta property=\"og:locale\" content=\"nl_NL\" \/>\n<meta property=\"og:type\" content=\"article\" \/>\n<meta property=\"og:title\" content=\"2017 Engelen van Vrede - Stichting Driel-Polen\" \/>\n<meta property=\"og:description\" content=\"Engelen van Vrede Deze oorlog heeft de mensen zes jaar van hun leven afgepakt. Sommigen waren nog tieners toen hij kwam en hun lot veranderde. Sommigen wilden hem tegenhouden, maar hij was te sterk en zij kwamen nooit terug. Met &hellip;\" \/>\n<meta property=\"og:url\" content=\"https:\/\/www.driel-polen.nl\/herdenkingen\/herdenkingen-2015-2024\/2017-gedicht\/\" \/>\n<meta property=\"og:site_name\" content=\"Stichting Driel-Polen\" \/>\n<meta property=\"article:modified_time\" content=\"2021-01-12T14:11:22+00:00\" \/>\n<meta name=\"twitter:label1\" content=\"Geschatte leestijd\" \/>\n\t<meta name=\"twitter:data1\" content=\"1 minuut\" \/>\n<script type=\"application\/ld+json\" class=\"yoast-schema-graph\">{\"@context\":\"https:\\\/\\\/schema.org\",\"@graph\":[{\"@type\":\"WebPage\",\"@id\":\"https:\\\/\\\/www.driel-polen.nl\\\/herdenkingen\\\/herdenkingen-2015-2024\\\/2017-gedicht\\\/\",\"url\":\"https:\\\/\\\/www.driel-polen.nl\\\/herdenkingen\\\/herdenkingen-2015-2024\\\/2017-gedicht\\\/\",\"name\":\"2017 Engelen van Vrede - Stichting Driel-Polen\",\"isPartOf\":{\"@id\":\"https:\\\/\\\/www.driel-polen.nl\\\/nl\\\/#website\"},\"datePublished\":\"2017-09-18T06:47:56+00:00\",\"dateModified\":\"2021-01-12T14:11:22+00:00\",\"breadcrumb\":{\"@id\":\"https:\\\/\\\/www.driel-polen.nl\\\/herdenkingen\\\/herdenkingen-2015-2024\\\/2017-gedicht\\\/#breadcrumb\"},\"inLanguage\":\"nl-NL\",\"potentialAction\":[{\"@type\":\"ReadAction\",\"target\":[\"https:\\\/\\\/www.driel-polen.nl\\\/herdenkingen\\\/herdenkingen-2015-2024\\\/2017-gedicht\\\/\"]}]},{\"@type\":\"BreadcrumbList\",\"@id\":\"https:\\\/\\\/www.driel-polen.nl\\\/herdenkingen\\\/herdenkingen-2015-2024\\\/2017-gedicht\\\/#breadcrumb\",\"itemListElement\":[{\"@type\":\"ListItem\",\"position\":1,\"name\":\"Herdenkingen\",\"item\":\"https:\\\/\\\/www.driel-polen.nl\\\/herdenkingen\\\/\"},{\"@type\":\"ListItem\",\"position\":2,\"name\":\"Herdenkingen 2015-2024\",\"item\":\"https:\\\/\\\/www.driel-polen.nl\\\/herdenkingen\\\/herdenkingen-2015-2024\\\/\"},{\"@type\":\"ListItem\",\"position\":3,\"name\":\"2017 Anio\u0142owie Pokoju\"}]},{\"@type\":\"WebSite\",\"@id\":\"https:\\\/\\\/www.driel-polen.nl\\\/nl\\\/#website\",\"url\":\"https:\\\/\\\/www.driel-polen.nl\\\/nl\\\/\",\"name\":\"Stichting Driel-Polen\",\"description\":\"General St. Sosabowski\",\"potentialAction\":[{\"@type\":\"SearchAction\",\"target\":{\"@type\":\"EntryPoint\",\"urlTemplate\":\"https:\\\/\\\/www.driel-polen.nl\\\/nl\\\/?s={search_term_string}\"},\"query-input\":{\"@type\":\"PropertyValueSpecification\",\"valueRequired\":true,\"valueName\":\"search_term_string\"}}],\"inLanguage\":\"nl-NL\"}]}<\/script>\n<!-- \/ Yoast SEO plugin. -->","yoast_head_json":{"title":"2017 Engelen van Vrede - Stichting Driel-Polen","robots":{"index":"index","follow":"follow","max-snippet":"max-snippet:-1","max-image-preview":"max-image-preview:large","max-video-preview":"max-video-preview:-1"},"canonical":"https:\/\/www.driel-polen.nl\/herdenkingen\/herdenkingen-2015-2024\/2017-gedicht\/","og_locale":"nl_NL","og_type":"article","og_title":"2017 Engelen van Vrede - Stichting Driel-Polen","og_description":"Engelen van Vrede Deze oorlog heeft de mensen zes jaar van hun leven afgepakt. Sommigen waren nog tieners toen hij kwam en hun lot veranderde. Sommigen wilden hem tegenhouden, maar hij was te sterk en zij kwamen nooit terug. Met &hellip;","og_url":"https:\/\/www.driel-polen.nl\/herdenkingen\/herdenkingen-2015-2024\/2017-gedicht\/","og_site_name":"Stichting Driel-Polen","article_modified_time":"2021-01-12T14:11:22+00:00","twitter_misc":{"Geschatte leestijd":"1 minuut"},"schema":{"@context":"https:\/\/schema.org","@graph":[{"@type":"WebPage","@id":"https:\/\/www.driel-polen.nl\/herdenkingen\/herdenkingen-2015-2024\/2017-gedicht\/","url":"https:\/\/www.driel-polen.nl\/herdenkingen\/herdenkingen-2015-2024\/2017-gedicht\/","name":"2017 Engelen van Vrede - Stichting Driel-Polen","isPartOf":{"@id":"https:\/\/www.driel-polen.nl\/nl\/#website"},"datePublished":"2017-09-18T06:47:56+00:00","dateModified":"2021-01-12T14:11:22+00:00","breadcrumb":{"@id":"https:\/\/www.driel-polen.nl\/herdenkingen\/herdenkingen-2015-2024\/2017-gedicht\/#breadcrumb"},"inLanguage":"nl-NL","potentialAction":[{"@type":"ReadAction","target":["https:\/\/www.driel-polen.nl\/herdenkingen\/herdenkingen-2015-2024\/2017-gedicht\/"]}]},{"@type":"BreadcrumbList","@id":"https:\/\/www.driel-polen.nl\/herdenkingen\/herdenkingen-2015-2024\/2017-gedicht\/#breadcrumb","itemListElement":[{"@type":"ListItem","position":1,"name":"Herdenkingen","item":"https:\/\/www.driel-polen.nl\/herdenkingen\/"},{"@type":"ListItem","position":2,"name":"Herdenkingen 2015-2024","item":"https:\/\/www.driel-polen.nl\/herdenkingen\/herdenkingen-2015-2024\/"},{"@type":"ListItem","position":3,"name":"2017 Anio\u0142owie Pokoju"}]},{"@type":"WebSite","@id":"https:\/\/www.driel-polen.nl\/nl\/#website","url":"https:\/\/www.driel-polen.nl\/nl\/","name":"Stichting Driel-Polen","description":"General St. Sosabowski","potentialAction":[{"@type":"SearchAction","target":{"@type":"EntryPoint","urlTemplate":"https:\/\/www.driel-polen.nl\/nl\/?s={search_term_string}"},"query-input":{"@type":"PropertyValueSpecification","valueRequired":true,"valueName":"search_term_string"}}],"inLanguage":"nl-NL"}]}},"_links":{"self":[{"href":"https:\/\/www.driel-polen.nl\/nl\/wp-json\/wp\/v2\/pages\/2065","targetHints":{"allow":["GET"]}}],"collection":[{"href":"https:\/\/www.driel-polen.nl\/nl\/wp-json\/wp\/v2\/pages"}],"about":[{"href":"https:\/\/www.driel-polen.nl\/nl\/wp-json\/wp\/v2\/types\/page"}],"author":[{"embeddable":true,"href":"https:\/\/www.driel-polen.nl\/nl\/wp-json\/wp\/v2\/users\/17"}],"replies":[{"embeddable":true,"href":"https:\/\/www.driel-polen.nl\/nl\/wp-json\/wp\/v2\/comments?post=2065"}],"version-history":[{"count":7,"href":"https:\/\/www.driel-polen.nl\/nl\/wp-json\/wp\/v2\/pages\/2065\/revisions"}],"predecessor-version":[{"id":5683,"href":"https:\/\/www.driel-polen.nl\/nl\/wp-json\/wp\/v2\/pages\/2065\/revisions\/5683"}],"up":[{"embeddable":true,"href":"https:\/\/www.driel-polen.nl\/nl\/wp-json\/wp\/v2\/pages\/5633"}],"wp:attachment":[{"href":"https:\/\/www.driel-polen.nl\/nl\/wp-json\/wp\/v2\/media?parent=2065"}],"curies":[{"name":"wp","href":"https:\/\/api.w.org\/{rel}","templated":true}]}}