{"id":1042,"date":"2014-10-22T08:16:54","date_gmt":"2014-10-22T06:16:54","guid":{"rendered":"http:\/\/www.driel-polen.nl\/?page_id=1042"},"modified":"2023-10-24T21:16:54","modified_gmt":"2023-10-24T19:16:54","slug":"2014-ic-toespraken-vfonds","status":"publish","type":"page","link":"https:\/\/www.driel-polen.nl\/nl\/informatiecentrum\/2014-ic-toespraken-vfonds\/","title":{"rendered":"2014-ic-toespraken-vfonds"},"content":{"rendered":"<p><\/p>\n<p style=\"text-align: left;\" align=\"center\"><span style=\"font-size: large;\"><span style=\"color: #ff0000;\">Toespraak van de Directeur van het vfonds<\/span> <span style=\"color: #ff0000;\">de heer Ton Heerts<\/span><\/span><br \/>\ntijdens de opening van het Informatiecentrum: de Polen van Driel<br \/>\nDriel, 18 september 2014<\/p>\n<p>Dames en heren,<\/p>\n<p>Allereerst een warm welkom aan:<\/p>\n<ul>\n<li>Alle aanwezige Poolse veteranen: thank you for being here with us!<\/li>\n<\/ul>\n<p>Dziekuj\u0119 wam bardzo \u017ce jeste\u015b\u0107ie tu z nami<\/p>\n<ul>\n<li>Aan de Poolse ambassadeur zijne excellentie de heer Borkowski<\/li>\n<li>Aan de burgemeester van Overbetuwe de heer van Asseldonk,<\/li>\n<li>De vertegenwoordigers van de Stichting Driel-Polen, en alle overige aanwezigen.<\/li>\n<\/ul>\n<p>Als directeur van het vfonds (nationaal fonds voor vrede, vrijheid en veteranenzorg) voel ik me <i>vereerd<\/i>, maar ook <i>nederig<\/i> om hier op deze plek een kort woord tot u te mogen spreken. Vereerd omdat het vandaag een markant moment is: we gaan het informatiecentrum: \u201cDe Polen van Driel\u201d openen, en daarmee erkennen we de belangrijke plaats die de Polen in de bevrijding van Nederland hebben gespeeld en krijgen we er ook de nodige informatie over. Dat is mooi en ook goed!<\/p>\n<p><i>Nederig<\/i> omdat ik me terdege realiseer dat de rol die we als vfonds hier spelen in het licht van al wat zich hier in Driel, Overbetuwe, De slag om Arnhem en Gelderland heeft afgespeeld in de Tweede Wereld Oorlog een zeer bescheiden rol is. <i>Wij<\/i> hebben als vfonds <i>niet<\/i> gezorgd voor 70 jaar vrijheid in Nederland en West Europa, daarbij hebben de hier aanwezige Poolse veteranen van het 1<sup>e<\/sup> Poolse Onafhankelijke Parachutistenbrigade <i>wel <\/i>een essenti\u00eble rol vervuld.<\/p>\n<p>Het vfonds vraagt via de initiatieven die wij subsidi\u00ebren echter wel aandacht voor al hetgeen in WO2 is gebeurd en het belang van vrijheid: bijvoorbeeld via de Liberation Route, Masterpeace en de Bevrijdingsfestivals op 5 mei.<\/p>\n<p>Dames en heren,<\/p>\n<p>Ik moet u iets bekennen: toen ik voor de eerste keer de aanvraag vanuit de Stichting Driel-Polen voor een bijdrage aan het informatiecentrum onder ogen kreeg heb ik wel even <i>geaarzeld:<\/i> we doen als vfonds al veel in Gelderland, ook rondom de Slag om Arnhem, de Liberation Route en 70 jaar Operatie Market Garden: bijvoorbeeld via het \u201cBridge to the liberation concert\u201d komende vrijdag rondom de John Frost Brug, een WACO Glider in Groesbeek, evenementen in Nijmegen en Ede etc. etc. , en niet te vergeten het Vrijheidsmuseum WO2 in oprichting te Nijmegen. Mijn eerste gedachte was toch: moet daar dan ook nog een speciaal informatiecentrum in Driel over de rol van de Polen bij? Wordt het niet allemaal te versnipperd en te veel?<\/p>\n<p>Mijn eerste primaire reactie was <i>nee,<\/i> maar als je je dan geholpen door het enthousiaste bestuur van de Stichting Driel-Polen verder verdiept in de geschiedenis van WO2 en de rol die de Polen daarin hebben ingenomen moet ik vast stellen dat ik\u00a0 de WO2 geschiedenis nog niet goed genoeg kende, en was ik er snel van overtuigd dat naast erkenning en waardering voor de Amerikanen, Canadezen en Engelsen ook de Polen veel waardering en erkenning verdienen voor al hun inzet om ons te bevrijden en daardoor ons nu al meer dan 70 jaar vrijheid te gunnen!<\/p>\n<p>Speciaal daarbij was de inzet<\/p>\n<ul>\n<li>onder andere de 1<sup>e<\/sup> Poolse Pantserdivisie onder aanvoering van generaal Stanislaw Maczek vooral rondom Breda,<\/li>\n<li>en de 1<sup>e<\/sup> Poolse Onafhankelijke Parachutistenbrigade onder leiding van generaal-majoor Stanislaw Sosabowski, hier in Driel in het hart van de Slag om Arnhem.<\/li>\n<\/ul>\n<p>Een rol die, zoals ik zojuist memoreerde, ook na de tweede oorlog onderbelicht is gebleven, sterker nog de waardering en erkenning voor de inzet van de Polen is een moeizame strijd geweest.<\/p>\n<p>Mede door de niet aflatende betrokkenheid van de inwoners van Driel, met mensen als Cora Baltussen is uiteindelijk de Parachutistenbrigade met generaal Sosabowski volledig gerehabiliteerd met Militaire Willemsorde en Bronzen Leeuw, maar wel pas in 2006.<\/p>\n<p>Toen ik deze voor mij wat minder bekende geschiedenis van de rol van Polen in WO2 in Nederland tot me had genomen was er dan ook van enige aarzeling geen sprake meer.\u00a0 Sterker nog het sterkt me in de gedachte dat het Poolse verhaal in Nederland, van WO2, en daarna: want voor Polen kwam in mijn ogen de echte vrijheid pas met de val van de Berlijnse muur op 9 november 1989 (bijna 25 jaar geleden) te belangrijk is om <b><i>niet<\/i><\/b> te vertellen!<\/p>\n<p>Niet alleen hier in Driel naast de Luisterkei van de Liberation Route met een informatiecentrum in de Kerk, dat niet alleen informatie verschaft over wat er hier in de Twee wereld oorlog heeft plaatsgevonden maar ook inhoud geeft aan een band tussen Driel en de 1<sup>e<\/sup> Poolse\u00a0 Onafhankelijke Parachutisten- brigade met een jaarlijkse herdenking die dit jaar heel speciaal is: overmorgen met onze koning Willem Alexander, de President\u00a0 van Polen en namens de regering van Nederland de minister van Defensie, maar ook op andere plaatsen in Nederland. Bijvoorbeeld het Maczek museum in Breda. Vermoedelijk kunnen we eind van dit jaar meer zeggen over de plannen met het Maczek museum.<\/p>\n<p>Veteranen, dames en heren, ik rond af<\/p>\n<p>Nogmaals grote waardering voor alle vrijwilligers van stichting Driel-Polen die zich hebben ingezet voor het realiseren van het informatiecentrum: De Polen van Driel.<\/p>\n<p>Laten we de waarde van vrijheid o.a. via dit informatiecentrum overdragen op steeds nieuwe generaties- een continue opdracht, want vrijheid mogen we nooit voor lief nemen!<\/p>\n<p>Tot slot: ambassadeur Borkowski, via u en de veteranen wil ik alle Polen danken voor hun inzet om ons onze vrijheid te geven!<\/p>\n<p>Opdat wij niet vergeten!<\/p>","protected":false},"excerpt":{"rendered":"<p>Toespraak van de Directeur van het vfonds de heer Ton Heerts tijdens de opening van het Informatiecentrum: de Polen van Driel Driel, 18 september 2014 Dames en heren, Allereerst een warm welkom aan: Alle aanwezige Poolse veteranen: thank you for <span class=\"excerpt-dots\">&hellip;<\/span> <a class=\"more-link\" href=\"https:\/\/www.driel-polen.nl\/nl\/informatiecentrum\/2014-ic-toespraken-vfonds\/\"><span class=\"more-msg\"><img decoding=\"async\" src=\"https:\/\/www.driel-polen.nl\/downloads\/lees-meer3.jpg\"><\/p>\n<hr class=\"wvrx-expand-full\" style=\"margin:0\"><\/span><\/a><\/p>\n","protected":false},"author":17,"featured_media":0,"parent":51,"menu_order":5,"comment_status":"closed","ping_status":"open","template":"","meta":{"_monsterinsights_skip_tracking":false,"_monsterinsights_sitenote_active":false,"_monsterinsights_sitenote_note":"","_monsterinsights_sitenote_category":0,"ngg_post_thumbnail":0,"footnotes":""},"class_list":["post-1042","page","type-page","status-publish","hentry"],"yoast_head":"<!-- This site is optimized with the Yoast SEO plugin v27.4 - https:\/\/yoast.com\/product\/yoast-seo-wordpress\/ -->\n<title>2014-ic-toespraken-vfonds - Stichting Driel-Polen<\/title>\n<meta name=\"robots\" content=\"index, follow, max-snippet:-1, max-image-preview:large, max-video-preview:-1\" \/>\n<link rel=\"canonical\" href=\"https:\/\/www.driel-polen.nl\/informatiecentrum\/2014-ic-toespraken-vfonds\/\" \/>\n<meta property=\"og:locale\" content=\"nl_NL\" \/>\n<meta property=\"og:type\" content=\"article\" \/>\n<meta property=\"og:title\" content=\"2014-ic-toespraken-vfonds - Stichting Driel-Polen\" \/>\n<meta property=\"og:description\" content=\"Toespraak van de Directeur van het vfonds de heer Ton Heerts tijdens de opening van het Informatiecentrum: de Polen van Driel Driel, 18 september 2014 Dames en heren, Allereerst een warm welkom aan: Alle aanwezige Poolse veteranen: thank you for &hellip;\" \/>\n<meta property=\"og:url\" content=\"https:\/\/www.driel-polen.nl\/informatiecentrum\/2014-ic-toespraken-vfonds\/\" \/>\n<meta property=\"og:site_name\" content=\"Stichting Driel-Polen\" \/>\n<meta property=\"article:modified_time\" content=\"2023-10-24T19:16:54+00:00\" \/>\n<meta name=\"twitter:label1\" content=\"Geschatte leestijd\" \/>\n\t<meta name=\"twitter:data1\" content=\"4 minuten\" \/>\n<script type=\"application\/ld+json\" class=\"yoast-schema-graph\">{\"@context\":\"https:\\\/\\\/schema.org\",\"@graph\":[{\"@type\":\"WebPage\",\"@id\":\"https:\\\/\\\/www.driel-polen.nl\\\/informatiecentrum\\\/2014-ic-toespraken-vfonds\\\/\",\"url\":\"https:\\\/\\\/www.driel-polen.nl\\\/informatiecentrum\\\/2014-ic-toespraken-vfonds\\\/\",\"name\":\"2014-ic-toespraken-vfonds - Stichting Driel-Polen\",\"isPartOf\":{\"@id\":\"https:\\\/\\\/www.driel-polen.nl\\\/nl\\\/#website\"},\"datePublished\":\"2014-10-22T06:16:54+00:00\",\"dateModified\":\"2023-10-24T19:16:54+00:00\",\"breadcrumb\":{\"@id\":\"https:\\\/\\\/www.driel-polen.nl\\\/informatiecentrum\\\/2014-ic-toespraken-vfonds\\\/#breadcrumb\"},\"inLanguage\":\"nl-NL\",\"potentialAction\":[{\"@type\":\"ReadAction\",\"target\":[\"https:\\\/\\\/www.driel-polen.nl\\\/informatiecentrum\\\/2014-ic-toespraken-vfonds\\\/\"]}]},{\"@type\":\"BreadcrumbList\",\"@id\":\"https:\\\/\\\/www.driel-polen.nl\\\/informatiecentrum\\\/2014-ic-toespraken-vfonds\\\/#breadcrumb\",\"itemListElement\":[{\"@type\":\"ListItem\",\"position\":1,\"name\":\"Informatiecentrum\",\"item\":\"https:\\\/\\\/www.driel-polen.nl\\\/informatiecentrum\\\/\"},{\"@type\":\"ListItem\",\"position\":2,\"name\":\"2014-ic-toespraken-vfonds\"}]},{\"@type\":\"WebSite\",\"@id\":\"https:\\\/\\\/www.driel-polen.nl\\\/nl\\\/#website\",\"url\":\"https:\\\/\\\/www.driel-polen.nl\\\/nl\\\/\",\"name\":\"Stichting Driel-Polen\",\"description\":\"General St. Sosabowski\",\"potentialAction\":[{\"@type\":\"SearchAction\",\"target\":{\"@type\":\"EntryPoint\",\"urlTemplate\":\"https:\\\/\\\/www.driel-polen.nl\\\/nl\\\/?s={search_term_string}\"},\"query-input\":{\"@type\":\"PropertyValueSpecification\",\"valueRequired\":true,\"valueName\":\"search_term_string\"}}],\"inLanguage\":\"nl-NL\"}]}<\/script>\n<!-- \/ Yoast SEO plugin. -->","yoast_head_json":{"title":"2014-ic-toespraken-vfonds - Stichting Driel-Polen","robots":{"index":"index","follow":"follow","max-snippet":"max-snippet:-1","max-image-preview":"max-image-preview:large","max-video-preview":"max-video-preview:-1"},"canonical":"https:\/\/www.driel-polen.nl\/informatiecentrum\/2014-ic-toespraken-vfonds\/","og_locale":"nl_NL","og_type":"article","og_title":"2014-ic-toespraken-vfonds - Stichting Driel-Polen","og_description":"Toespraak van de Directeur van het vfonds de heer Ton Heerts tijdens de opening van het Informatiecentrum: de Polen van Driel Driel, 18 september 2014 Dames en heren, Allereerst een warm welkom aan: Alle aanwezige Poolse veteranen: thank you for &hellip;","og_url":"https:\/\/www.driel-polen.nl\/informatiecentrum\/2014-ic-toespraken-vfonds\/","og_site_name":"Stichting Driel-Polen","article_modified_time":"2023-10-24T19:16:54+00:00","twitter_misc":{"Geschatte leestijd":"4 minuten"},"schema":{"@context":"https:\/\/schema.org","@graph":[{"@type":"WebPage","@id":"https:\/\/www.driel-polen.nl\/informatiecentrum\/2014-ic-toespraken-vfonds\/","url":"https:\/\/www.driel-polen.nl\/informatiecentrum\/2014-ic-toespraken-vfonds\/","name":"2014-ic-toespraken-vfonds - Stichting Driel-Polen","isPartOf":{"@id":"https:\/\/www.driel-polen.nl\/nl\/#website"},"datePublished":"2014-10-22T06:16:54+00:00","dateModified":"2023-10-24T19:16:54+00:00","breadcrumb":{"@id":"https:\/\/www.driel-polen.nl\/informatiecentrum\/2014-ic-toespraken-vfonds\/#breadcrumb"},"inLanguage":"nl-NL","potentialAction":[{"@type":"ReadAction","target":["https:\/\/www.driel-polen.nl\/informatiecentrum\/2014-ic-toespraken-vfonds\/"]}]},{"@type":"BreadcrumbList","@id":"https:\/\/www.driel-polen.nl\/informatiecentrum\/2014-ic-toespraken-vfonds\/#breadcrumb","itemListElement":[{"@type":"ListItem","position":1,"name":"Informatiecentrum","item":"https:\/\/www.driel-polen.nl\/informatiecentrum\/"},{"@type":"ListItem","position":2,"name":"2014-ic-toespraken-vfonds"}]},{"@type":"WebSite","@id":"https:\/\/www.driel-polen.nl\/nl\/#website","url":"https:\/\/www.driel-polen.nl\/nl\/","name":"Stichting Driel-Polen","description":"General St. Sosabowski","potentialAction":[{"@type":"SearchAction","target":{"@type":"EntryPoint","urlTemplate":"https:\/\/www.driel-polen.nl\/nl\/?s={search_term_string}"},"query-input":{"@type":"PropertyValueSpecification","valueRequired":true,"valueName":"search_term_string"}}],"inLanguage":"nl-NL"}]}},"_links":{"self":[{"href":"https:\/\/www.driel-polen.nl\/nl\/wp-json\/wp\/v2\/pages\/1042","targetHints":{"allow":["GET"]}}],"collection":[{"href":"https:\/\/www.driel-polen.nl\/nl\/wp-json\/wp\/v2\/pages"}],"about":[{"href":"https:\/\/www.driel-polen.nl\/nl\/wp-json\/wp\/v2\/types\/page"}],"author":[{"embeddable":true,"href":"https:\/\/www.driel-polen.nl\/nl\/wp-json\/wp\/v2\/users\/17"}],"replies":[{"embeddable":true,"href":"https:\/\/www.driel-polen.nl\/nl\/wp-json\/wp\/v2\/comments?post=1042"}],"version-history":[{"count":1,"href":"https:\/\/www.driel-polen.nl\/nl\/wp-json\/wp\/v2\/pages\/1042\/revisions"}],"predecessor-version":[{"id":8029,"href":"https:\/\/www.driel-polen.nl\/nl\/wp-json\/wp\/v2\/pages\/1042\/revisions\/8029"}],"up":[{"embeddable":true,"href":"https:\/\/www.driel-polen.nl\/nl\/wp-json\/wp\/v2\/pages\/51"}],"wp:attachment":[{"href":"https:\/\/www.driel-polen.nl\/nl\/wp-json\/wp\/v2\/media?parent=1042"}],"curies":[{"name":"wp","href":"https:\/\/api.w.org\/{rel}","templated":true}]}}