{"id":8096,"date":"2023-11-06T19:34:16","date_gmt":"2023-11-06T18:34:16","guid":{"rendered":"https:\/\/www.driel-polen.nl\/?page_id=8096"},"modified":"2024-02-05T19:32:34","modified_gmt":"2024-02-05T18:32:34","slug":"2023-openingstoespraak-ambassadeur-m-kassangana","status":"publish","type":"page","link":"https:\/\/www.driel-polen.nl\/en\/herdenkingen\/herdenkingen-2015-2024\/2023-openingstoespraak-ambassadeur-m-kassangana\/","title":{"rendered":"2023: Welcome speech by ambassador M. Kassangana"},"content":{"rendered":"<p><strong>Welcoming remarks by H. E. Margareta Kassangana the Ambassador of the Republic of Poland to the Kingdom of the Netherlands <\/strong><strong>at the ceremony of rededication of the headstone<br \/>\nof\u00a0 Lance Sergeant Edward Morchonowicz <\/strong><strong>15<sup>th<\/sup> September 2023, <\/strong><strong>Airborne War Cemetery, Oosterbeek<\/strong><\/p>\n<p>Honourable representatives of the armed forces and representatives of the diplomatic corps,<\/p>\n<p>All those who preserve the memory of\u00a0 brave soldiers who took part in the operation Market garden, Ladies and Gentlemen, Dear Friends a very warm welcome to you.<\/p>\n<p>Allow me first to thank all of you for being here today, gathered at the ceremony of rededication of the headstone for the Polish soldier, Lance Sergeant Edward Morchonowicz.<\/p>\n<p>Until recently this grave of a fallen soldier had a headstone that read \u2013 \u201cAn Unknown Polish Soldier\u201d.<\/p>\n<p>Now, thanks to Mr. Mateusz Mroz and his passion for research, the identification of final resting place of our soldier in the Netherlands has been possible.<\/p>\n<p>Lance Sergeant Edward Morchonowicz was a soldier of First Polish Independent Parachute Brigade, who died here on the 23<sup>rd<\/sup> of September, 1944 during Operation Market Garden.<\/p>\n<p>Under the inspiring leadership of Major General Sosabowski, Lance Sergeant Morchonowicz and many others were turned into a tough and skilled parachute brigade. With just one goal: Liberation of Poland. But many ended up fighting here, 1600 kilometers away from Warsaw fighting on the Dutch soil \u2013 for our freedom and yours.<\/p>\n<p>79 years ago Lance Sergeant Edward Morchonowicz laid the foundation for the freedom we can enjoy today. With other soldiers, from other nations, he went to extremes to make this happen. An eye witness said \u2013 and I quote: &#8216;They fought until there was nothing left to fight with \u2013 and then they fought some more.\u201d We should never forget their sacrifice!<\/p>\n<p>We remember how Edward Morchonowicz answered the call of this nation, served with honour and gave his life in the service of others.<\/p>\n<p>By unveiling and rededicating this headstone, we not only\u00a0 ensure that one more Polish soldier is recognized and his sacrifice is not forgotten, but also symbolically we pay tribute to all unknown soldiers buried in other cemeteries across Europe.<\/p>\n<p>Current tragic events in Europe, when yet again one country aggressed its neighbour is a remainder to all of\u00a0 us, that we should never take our freedom for granted.<\/p>\n<p>We should cherish the peace and freedom we can enjoy, as all those graves at this very cemetery\u00a0 are silent proofs of the sacrifice of thousands of soldiers, who\u00a0 gave\u00a0 their life fighting for our freedom.\u00a0 And we should remember that\u00a0 there are still brave soldiers fighting for the freedom of their country in Europe today.<\/p>\n<p>Thank you for your kind attention!<\/p>","protected":false},"excerpt":{"rendered":"<p>Welcoming remarks by H. E. Margareta Kassangana the Ambassador of the Republic of Poland to the Kingdom of the Netherlands at the ceremony of rededication of the headstone of\u00a0 Lance Sergeant Edward Morchonowicz 15th September 2023, Airborne War Cemetery, Oosterbeek <span class=\"excerpt-dots\">&hellip;<\/span> <a class=\"more-link\" href=\"https:\/\/www.driel-polen.nl\/en\/herdenkingen\/herdenkingen-2015-2024\/2023-openingstoespraak-ambassadeur-m-kassangana\/\"><span class=\"more-msg\"><img decoding=\"async\" src=\"https:\/\/www.driel-polen.nl\/downloads\/lees-meer3.jpg\"><\/p>\n<hr class=\"wvrx-expand-full\" style=\"margin:0\"><\/span><\/a><\/p>\n","protected":false},"author":17,"featured_media":0,"parent":5633,"menu_order":0,"comment_status":"closed","ping_status":"closed","template":"","meta":{"_monsterinsights_skip_tracking":false,"_monsterinsights_sitenote_active":false,"_monsterinsights_sitenote_note":"","_monsterinsights_sitenote_category":0,"ngg_post_thumbnail":0,"footnotes":""},"class_list":["post-8096","page","type-page","status-publish","hentry"],"yoast_head":"<!-- This site is optimized with the Yoast SEO plugin v27.4 - https:\/\/yoast.com\/product\/yoast-seo-wordpress\/ -->\n<title>2023: Welcome speech by ambassador M. Kassangana - Stichting Driel-Polen<\/title>\n<meta name=\"description\" content=\"(Polski) Wyst\u0105pienie Ambasador Rzeczypospolitej Polskiej, podczas ponownego po\u015bwi\u0119cenia nagrobka plutonowego Edwarda Morchonowicza\" \/>\n<meta name=\"robots\" content=\"index, follow, max-snippet:-1, max-image-preview:large, max-video-preview:-1\" \/>\n<link rel=\"canonical\" href=\"https:\/\/www.driel-polen.nl\/herdenkingen\/herdenkingen-2015-2024\/2023-openingstoespraak-ambassadeur-m-kassangana\/\" \/>\n<meta property=\"og:locale\" content=\"en_US\" \/>\n<meta property=\"og:type\" content=\"article\" \/>\n<meta property=\"og:title\" content=\"2023: Welcome speech by ambassador M. Kassangana - Stichting Driel-Polen\" \/>\n<meta property=\"og:description\" content=\"{:pl}Wyst\u0105pienie Ambasador Rzeczypospolitej Polskiej, podczas ponownego po\u015bwi\u0119cenia nagrobka plutonowego Edwarda Morchonowicza{:}\" \/>\n<meta property=\"og:url\" content=\"https:\/\/www.driel-polen.nl\/herdenkingen\/herdenkingen-2015-2024\/2023-openingstoespraak-ambassadeur-m-kassangana\/\" \/>\n<meta property=\"og:site_name\" content=\"Stichting Driel-Polen\" \/>\n<meta property=\"article:modified_time\" content=\"2024-02-05T18:32:34+00:00\" \/>\n<meta name=\"twitter:label1\" content=\"Est. reading time\" \/>\n\t<meta name=\"twitter:data1\" content=\"3 minutes\" \/>\n<script type=\"application\/ld+json\" class=\"yoast-schema-graph\">{\"@context\":\"https:\\\/\\\/schema.org\",\"@graph\":[{\"@type\":\"WebPage\",\"@id\":\"https:\\\/\\\/www.driel-polen.nl\\\/herdenkingen\\\/herdenkingen-2015-2024\\\/2023-openingstoespraak-ambassadeur-m-kassangana\\\/\",\"url\":\"https:\\\/\\\/www.driel-polen.nl\\\/herdenkingen\\\/herdenkingen-2015-2024\\\/2023-openingstoespraak-ambassadeur-m-kassangana\\\/\",\"name\":\"2023: Welcome speech by ambassador M. Kassangana - Stichting Driel-Polen\",\"isPartOf\":{\"@id\":\"https:\\\/\\\/www.driel-polen.nl\\\/nl\\\/#website\"},\"datePublished\":\"2023-11-06T18:34:16+00:00\",\"dateModified\":\"2024-02-05T18:32:34+00:00\",\"description\":\"{:pl}Wyst\u0105pienie Ambasador Rzeczypospolitej Polskiej, podczas ponownego po\u015bwi\u0119cenia nagrobka plutonowego Edwarda Morchonowicza{:}\",\"breadcrumb\":{\"@id\":\"https:\\\/\\\/www.driel-polen.nl\\\/herdenkingen\\\/herdenkingen-2015-2024\\\/2023-openingstoespraak-ambassadeur-m-kassangana\\\/#breadcrumb\"},\"inLanguage\":\"en-US\",\"potentialAction\":[{\"@type\":\"ReadAction\",\"target\":[\"https:\\\/\\\/www.driel-polen.nl\\\/herdenkingen\\\/herdenkingen-2015-2024\\\/2023-openingstoespraak-ambassadeur-m-kassangana\\\/\"]}]},{\"@type\":\"BreadcrumbList\",\"@id\":\"https:\\\/\\\/www.driel-polen.nl\\\/herdenkingen\\\/herdenkingen-2015-2024\\\/2023-openingstoespraak-ambassadeur-m-kassangana\\\/#breadcrumb\",\"itemListElement\":[{\"@type\":\"ListItem\",\"position\":1,\"name\":\"Herdenkingen\",\"item\":\"https:\\\/\\\/www.driel-polen.nl\\\/herdenkingen\\\/\"},{\"@type\":\"ListItem\",\"position\":2,\"name\":\"Herdenkingen 2015-2024\",\"item\":\"https:\\\/\\\/www.driel-polen.nl\\\/herdenkingen\\\/herdenkingen-2015-2024\\\/\"},{\"@type\":\"ListItem\",\"position\":3,\"name\":\"2023 Openingstoespraak Ambassadeur M. Kassangana\"}]},{\"@type\":\"WebSite\",\"@id\":\"https:\\\/\\\/www.driel-polen.nl\\\/nl\\\/#website\",\"url\":\"https:\\\/\\\/www.driel-polen.nl\\\/nl\\\/\",\"name\":\"Stichting Driel-Polen\",\"description\":\"General St. Sosabowski\",\"potentialAction\":[{\"@type\":\"SearchAction\",\"target\":{\"@type\":\"EntryPoint\",\"urlTemplate\":\"https:\\\/\\\/www.driel-polen.nl\\\/nl\\\/?s={search_term_string}\"},\"query-input\":{\"@type\":\"PropertyValueSpecification\",\"valueRequired\":true,\"valueName\":\"search_term_string\"}}],\"inLanguage\":\"en-US\"}]}<\/script>\n<!-- \/ Yoast SEO plugin. -->","yoast_head_json":{"title":"2023: Welcome speech by ambassador M. Kassangana - Stichting Driel-Polen","description":"(Polski) Wyst\u0105pienie Ambasador Rzeczypospolitej Polskiej, podczas ponownego po\u015bwi\u0119cenia nagrobka plutonowego Edwarda Morchonowicza","robots":{"index":"index","follow":"follow","max-snippet":"max-snippet:-1","max-image-preview":"max-image-preview:large","max-video-preview":"max-video-preview:-1"},"canonical":"https:\/\/www.driel-polen.nl\/herdenkingen\/herdenkingen-2015-2024\/2023-openingstoespraak-ambassadeur-m-kassangana\/","og_locale":"en_US","og_type":"article","og_title":"2023: Welcome speech by ambassador M. Kassangana - Stichting Driel-Polen","og_description":"{:pl}Wyst\u0105pienie Ambasador Rzeczypospolitej Polskiej, podczas ponownego po\u015bwi\u0119cenia nagrobka plutonowego Edwarda Morchonowicza{:}","og_url":"https:\/\/www.driel-polen.nl\/herdenkingen\/herdenkingen-2015-2024\/2023-openingstoespraak-ambassadeur-m-kassangana\/","og_site_name":"Stichting Driel-Polen","article_modified_time":"2024-02-05T18:32:34+00:00","twitter_misc":{"Est. reading time":"3 minutes"},"schema":{"@context":"https:\/\/schema.org","@graph":[{"@type":"WebPage","@id":"https:\/\/www.driel-polen.nl\/herdenkingen\/herdenkingen-2015-2024\/2023-openingstoespraak-ambassadeur-m-kassangana\/","url":"https:\/\/www.driel-polen.nl\/herdenkingen\/herdenkingen-2015-2024\/2023-openingstoespraak-ambassadeur-m-kassangana\/","name":"2023: Welcome speech by ambassador M. Kassangana - Stichting Driel-Polen","isPartOf":{"@id":"https:\/\/www.driel-polen.nl\/nl\/#website"},"datePublished":"2023-11-06T18:34:16+00:00","dateModified":"2024-02-05T18:32:34+00:00","description":"{:pl}Wyst\u0105pienie Ambasador Rzeczypospolitej Polskiej, podczas ponownego po\u015bwi\u0119cenia nagrobka plutonowego Edwarda Morchonowicza{:}","breadcrumb":{"@id":"https:\/\/www.driel-polen.nl\/herdenkingen\/herdenkingen-2015-2024\/2023-openingstoespraak-ambassadeur-m-kassangana\/#breadcrumb"},"inLanguage":"en-US","potentialAction":[{"@type":"ReadAction","target":["https:\/\/www.driel-polen.nl\/herdenkingen\/herdenkingen-2015-2024\/2023-openingstoespraak-ambassadeur-m-kassangana\/"]}]},{"@type":"BreadcrumbList","@id":"https:\/\/www.driel-polen.nl\/herdenkingen\/herdenkingen-2015-2024\/2023-openingstoespraak-ambassadeur-m-kassangana\/#breadcrumb","itemListElement":[{"@type":"ListItem","position":1,"name":"Herdenkingen","item":"https:\/\/www.driel-polen.nl\/herdenkingen\/"},{"@type":"ListItem","position":2,"name":"Herdenkingen 2015-2024","item":"https:\/\/www.driel-polen.nl\/herdenkingen\/herdenkingen-2015-2024\/"},{"@type":"ListItem","position":3,"name":"2023 Openingstoespraak Ambassadeur M. Kassangana"}]},{"@type":"WebSite","@id":"https:\/\/www.driel-polen.nl\/nl\/#website","url":"https:\/\/www.driel-polen.nl\/nl\/","name":"Stichting Driel-Polen","description":"General St. Sosabowski","potentialAction":[{"@type":"SearchAction","target":{"@type":"EntryPoint","urlTemplate":"https:\/\/www.driel-polen.nl\/nl\/?s={search_term_string}"},"query-input":{"@type":"PropertyValueSpecification","valueRequired":true,"valueName":"search_term_string"}}],"inLanguage":"en-US"}]}},"_links":{"self":[{"href":"https:\/\/www.driel-polen.nl\/en\/wp-json\/wp\/v2\/pages\/8096","targetHints":{"allow":["GET"]}}],"collection":[{"href":"https:\/\/www.driel-polen.nl\/en\/wp-json\/wp\/v2\/pages"}],"about":[{"href":"https:\/\/www.driel-polen.nl\/en\/wp-json\/wp\/v2\/types\/page"}],"author":[{"embeddable":true,"href":"https:\/\/www.driel-polen.nl\/en\/wp-json\/wp\/v2\/users\/17"}],"replies":[{"embeddable":true,"href":"https:\/\/www.driel-polen.nl\/en\/wp-json\/wp\/v2\/comments?post=8096"}],"version-history":[{"count":5,"href":"https:\/\/www.driel-polen.nl\/en\/wp-json\/wp\/v2\/pages\/8096\/revisions"}],"predecessor-version":[{"id":8216,"href":"https:\/\/www.driel-polen.nl\/en\/wp-json\/wp\/v2\/pages\/8096\/revisions\/8216"}],"up":[{"embeddable":true,"href":"https:\/\/www.driel-polen.nl\/en\/wp-json\/wp\/v2\/pages\/5633"}],"wp:attachment":[{"href":"https:\/\/www.driel-polen.nl\/en\/wp-json\/wp\/v2\/media?parent=8096"}],"curies":[{"name":"wp","href":"https:\/\/api.w.org\/{rel}","templated":true}]}}