{"id":500,"date":"2014-04-23T13:11:45","date_gmt":"2014-04-23T11:11:45","guid":{"rendered":"http:\/\/www.driel-polen.nl\/?page_id=500"},"modified":"2023-10-24T22:24:28","modified_gmt":"2023-10-24T20:24:28","slug":"minister-h-kamp-2","status":"publish","type":"page","link":"https:\/\/www.driel-polen.nl\/en\/historie\/eerherstel\/diverse-toespraken\/minister-h-kamp-2\/","title":{"rendered":"Minister H. Kamp (2)-UK"},"content":{"rendered":"<p><img loading=\"lazy\" decoding=\"async\" class=\"alignleft size-full wp-image-533\" src=\"http:\/\/www.driel-polen.nl\/wordpress\/wp-content\/uploads\/2014\/04\/foto-henk-kamp.jpg\" alt=\"foto-henk-kamp\" width=\"175\" height=\"250\" \/>Panie i Panowie,<\/p>\n<p>Zanim zwr\u00f3c\u0119 si\u0119 do Pa\u0144stwa, chcia\u0142bym najpierw powiedzie\u0107 kilka s\u0142\u00f3w do obecnych tutaj kilku z moich rodak\u00f3w. Ta cz\u0119\u015b\u0107 w j\u0119zyku holenderskim b\u0119dzie przet\u0142umaczona na j\u0119zyk polski.<\/p>\n<p>(Cz\u0119\u015b\u0107 holenderska)<\/p>\n<p>Dzisiaj na Binnenhof, centrum holenderskiej demokracji parlamentarnej, odby\u0142o si\u0119 niezwyk\u0142e wydarzenie: po raz pierwszy od wielu lat zosta\u0142 przyznany Order Wojskowy Kr\u00f3la Wilhelma i oczywi\u015bcie po\u015bmiertnie genera\u0142owi Sosabowskiemu Order Br\u0105zowego Lwa. Wiele os\u00f3b z Holandii w\u0142o\u017cy\u0142o du\u017co wysi\u0142ku, aby to osi\u0105gn\u0105\u0107 \u2013 bo m\u00f3wi\u0105c dyplomatycznie \u2013 nie by\u0142o to w \u017cadnym wypadku nic co sta\u0142o si\u0119 automatycznie. Nie pomijaj\u0105c wk\u0142adu innych os\u00f3b chcia\u0142bym wymieni\u0107 dzi\u015b podczas lunchu kilka os\u00f3b, kt\u00f3re zas\u0142uguj\u0105 na wielkie uznanie. Zaczn\u0119 od Pana Geertjan Lassche, redaktora i producenta film\u00f3w dokumentalnych dla programu Netwerk w Telewizji Ewangelickiej, kt\u00f3ry nakr\u0119ci\u0142 przejmuj\u0105cy program o roli polskiej Brygady i genera\u0142a Sosabowskiego, dzi\u0119ki czemu kwestia odznaczenia Brygady sta\u0142a si\u0119 przedmiotem dyskusji politycznej. Dw\u00f3ch z obecnych tutaj dzisiaj parlamentarzyst\u00f3w: Pan Hans van Baalen z VVD i Pan Frans Timmermans z PVDA z\u0142o\u017cy\u0142o wniosek, kt\u00f3rym przekonali rz\u0105d, \u017ce \u017cyczenie os\u00f3b z parlamentu i z poza niego, aby uhonorowanie mia\u0142o niezwyk\u0142y charakter, musi zosta\u0107 spe\u0142nione. Po przyj\u0119ciu wniosku rz\u0105d poprosi\u0142 o opini\u0119, kt\u00f3ra zosta\u0142a wydana przez Prezesa Kancelarii ds. Order\u00f3w Niderlandzkich Pana De Kleyn i doprowadzi\u0142a do wydania decyzji przyznania odznacze\u0144, kt\u00f3re dzisiaj zosta\u0142y wr\u0119czone.<\/p>\n<p>Na zako\u0144czenie chc\u0119 jeszcze wymieni\u0107 jedn\u0105 osob\u0119, kt\u00f3rej \u017cycie wype\u0142ni\u0142a walka o uhonorowanie Brygady. Niestety nie ma jej ju\u017c w\u015br\u00f3d nas, aby cieszy\u0107 si\u0119 tym dniem razem z nami: Pani Cora Baltussen. Zwracaj\u0105c si\u0119 do jej kuzyna, Pana Baltussen ze Stowarzyszenia Driel \u2013 Polska, kt\u00f3ry jest tu dzisiaj z nami, chcia\u0142bym wyrazi\u0107 moje g\u0142\u0119bokie wyrazy uznania za bezgraniczne wysi\u0142ki Pani Cory Baltussen.<br \/>\n<a>&lt;&lt; Terug<\/a><\/p>\n","protected":false},"excerpt":{"rendered":"<p>Panie i Panowie, Zanim zwr\u00f3c\u0119 si\u0119 do Pa\u0144stwa, chcia\u0142bym najpierw powiedzie\u0107 kilka s\u0142\u00f3w do obecnych tutaj kilku z moich rodak\u00f3w. Ta cz\u0119\u015b\u0107 w j\u0119zyku holenderskim b\u0119dzie przet\u0142umaczona na j\u0119zyk polski. (Cz\u0119\u015b\u0107 holenderska) Dzisiaj na Binnenhof, centrum holenderskiej demokracji parlamentarnej, odby\u0142o <span class=\"excerpt-dots\">&hellip;<\/span> <a class=\"more-link\" href=\"https:\/\/www.driel-polen.nl\/en\/historie\/eerherstel\/diverse-toespraken\/minister-h-kamp-2\/\"><span class=\"more-msg\"><img decoding=\"async\" src=\"https:\/\/www.driel-polen.nl\/downloads\/lees-meer3.jpg\"><\/p>\n<hr class=\"wvrx-expand-full\" style=\"margin:0\"><\/span><\/a><\/p>\n","protected":false},"author":17,"featured_media":0,"parent":437,"menu_order":3,"comment_status":"closed","ping_status":"open","template":"","meta":{"_monsterinsights_skip_tracking":false,"_monsterinsights_sitenote_active":false,"_monsterinsights_sitenote_note":"","_monsterinsights_sitenote_category":0,"ngg_post_thumbnail":0,"footnotes":""},"class_list":["post-500","page","type-page","status-publish","hentry"],"yoast_head":"<!-- This site is optimized with the Yoast SEO plugin v27.4 - https:\/\/yoast.com\/product\/yoast-seo-wordpress\/ -->\n<title>Minister H. Kamp (2)-UK - Stichting Driel-Polen<\/title>\n<meta name=\"robots\" content=\"index, follow, max-snippet:-1, max-image-preview:large, max-video-preview:-1\" \/>\n<link rel=\"canonical\" href=\"https:\/\/www.driel-polen.nl\/historie\/eerherstel\/diverse-toespraken\/minister-h-kamp-2\/\" \/>\n<meta property=\"og:locale\" content=\"en_US\" \/>\n<meta property=\"og:type\" content=\"article\" \/>\n<meta property=\"og:title\" content=\"Minister H. Kamp (2)-UK - Stichting Driel-Polen\" \/>\n<meta property=\"og:description\" content=\"Panie i Panowie, Zanim zwr\u00f3c\u0119 si\u0119 do Pa\u0144stwa, chcia\u0142bym najpierw powiedzie\u0107 kilka s\u0142\u00f3w do obecnych tutaj kilku z moich rodak\u00f3w. Ta cz\u0119\u015b\u0107 w j\u0119zyku holenderskim b\u0119dzie przet\u0142umaczona na j\u0119zyk polski. (Cz\u0119\u015b\u0107 holenderska) Dzisiaj na Binnenhof, centrum holenderskiej demokracji parlamentarnej, odby\u0142o &hellip;\" \/>\n<meta property=\"og:url\" content=\"https:\/\/www.driel-polen.nl\/historie\/eerherstel\/diverse-toespraken\/minister-h-kamp-2\/\" \/>\n<meta property=\"og:site_name\" content=\"Stichting Driel-Polen\" \/>\n<meta property=\"article:modified_time\" content=\"2023-10-24T20:24:28+00:00\" \/>\n<meta property=\"og:image\" content=\"http:\/\/www.driel-polen.nl\/wordpress\/wp-content\/uploads\/2014\/04\/foto-henk-kamp.jpg\" \/>\n<meta name=\"twitter:label1\" content=\"Est. reading time\" \/>\n\t<meta name=\"twitter:data1\" content=\"2 minutes\" \/>\n<script type=\"application\/ld+json\" class=\"yoast-schema-graph\">{\"@context\":\"https:\\\/\\\/schema.org\",\"@graph\":[{\"@type\":\"WebPage\",\"@id\":\"https:\\\/\\\/www.driel-polen.nl\\\/historie\\\/eerherstel\\\/diverse-toespraken\\\/minister-h-kamp-2\\\/\",\"url\":\"https:\\\/\\\/www.driel-polen.nl\\\/historie\\\/eerherstel\\\/diverse-toespraken\\\/minister-h-kamp-2\\\/\",\"name\":\"Minister H. Kamp (2)-UK - Stichting Driel-Polen\",\"isPartOf\":{\"@id\":\"https:\\\/\\\/www.driel-polen.nl\\\/nl\\\/#website\"},\"primaryImageOfPage\":{\"@id\":\"https:\\\/\\\/www.driel-polen.nl\\\/historie\\\/eerherstel\\\/diverse-toespraken\\\/minister-h-kamp-2\\\/#primaryimage\"},\"image\":{\"@id\":\"https:\\\/\\\/www.driel-polen.nl\\\/historie\\\/eerherstel\\\/diverse-toespraken\\\/minister-h-kamp-2\\\/#primaryimage\"},\"thumbnailUrl\":\"http:\\\/\\\/www.driel-polen.nl\\\/wordpress\\\/wp-content\\\/uploads\\\/2014\\\/04\\\/foto-henk-kamp.jpg\",\"datePublished\":\"2014-04-23T11:11:45+00:00\",\"dateModified\":\"2023-10-24T20:24:28+00:00\",\"breadcrumb\":{\"@id\":\"https:\\\/\\\/www.driel-polen.nl\\\/historie\\\/eerherstel\\\/diverse-toespraken\\\/minister-h-kamp-2\\\/#breadcrumb\"},\"inLanguage\":\"en-US\",\"potentialAction\":[{\"@type\":\"ReadAction\",\"target\":[\"https:\\\/\\\/www.driel-polen.nl\\\/historie\\\/eerherstel\\\/diverse-toespraken\\\/minister-h-kamp-2\\\/\"]}]},{\"@type\":\"ImageObject\",\"inLanguage\":\"en-US\",\"@id\":\"https:\\\/\\\/www.driel-polen.nl\\\/historie\\\/eerherstel\\\/diverse-toespraken\\\/minister-h-kamp-2\\\/#primaryimage\",\"url\":\"http:\\\/\\\/www.driel-polen.nl\\\/wordpress\\\/wp-content\\\/uploads\\\/2014\\\/04\\\/foto-henk-kamp.jpg\",\"contentUrl\":\"http:\\\/\\\/www.driel-polen.nl\\\/wordpress\\\/wp-content\\\/uploads\\\/2014\\\/04\\\/foto-henk-kamp.jpg\"},{\"@type\":\"BreadcrumbList\",\"@id\":\"https:\\\/\\\/www.driel-polen.nl\\\/historie\\\/eerherstel\\\/diverse-toespraken\\\/minister-h-kamp-2\\\/#breadcrumb\",\"itemListElement\":[{\"@type\":\"ListItem\",\"position\":1,\"name\":\"History\",\"item\":\"https:\\\/\\\/www.driel-polen.nl\\\/en\\\/historie\\\/\"},{\"@type\":\"ListItem\",\"position\":2,\"name\":\"Eerherstel\",\"item\":\"https:\\\/\\\/www.driel-polen.nl\\\/historie\\\/eerherstel\\\/\"},{\"@type\":\"ListItem\",\"position\":3,\"name\":\"Diverse toespraken\",\"item\":\"https:\\\/\\\/www.driel-polen.nl\\\/historie\\\/eerherstel\\\/diverse-toespraken\\\/\"},{\"@type\":\"ListItem\",\"position\":4,\"name\":\"Minister H. Kamp (2)\"}]},{\"@type\":\"WebSite\",\"@id\":\"https:\\\/\\\/www.driel-polen.nl\\\/nl\\\/#website\",\"url\":\"https:\\\/\\\/www.driel-polen.nl\\\/nl\\\/\",\"name\":\"Stichting Driel-Polen\",\"description\":\"General St. Sosabowski\",\"potentialAction\":[{\"@type\":\"SearchAction\",\"target\":{\"@type\":\"EntryPoint\",\"urlTemplate\":\"https:\\\/\\\/www.driel-polen.nl\\\/nl\\\/?s={search_term_string}\"},\"query-input\":{\"@type\":\"PropertyValueSpecification\",\"valueRequired\":true,\"valueName\":\"search_term_string\"}}],\"inLanguage\":\"en-US\"}]}<\/script>\n<!-- \/ Yoast SEO plugin. -->","yoast_head_json":{"title":"Minister H. Kamp (2)-UK - Stichting Driel-Polen","robots":{"index":"index","follow":"follow","max-snippet":"max-snippet:-1","max-image-preview":"max-image-preview:large","max-video-preview":"max-video-preview:-1"},"canonical":"https:\/\/www.driel-polen.nl\/historie\/eerherstel\/diverse-toespraken\/minister-h-kamp-2\/","og_locale":"en_US","og_type":"article","og_title":"Minister H. Kamp (2)-UK - Stichting Driel-Polen","og_description":"Panie i Panowie, Zanim zwr\u00f3c\u0119 si\u0119 do Pa\u0144stwa, chcia\u0142bym najpierw powiedzie\u0107 kilka s\u0142\u00f3w do obecnych tutaj kilku z moich rodak\u00f3w. Ta cz\u0119\u015b\u0107 w j\u0119zyku holenderskim b\u0119dzie przet\u0142umaczona na j\u0119zyk polski. (Cz\u0119\u015b\u0107 holenderska) Dzisiaj na Binnenhof, centrum holenderskiej demokracji parlamentarnej, odby\u0142o &hellip;","og_url":"https:\/\/www.driel-polen.nl\/historie\/eerherstel\/diverse-toespraken\/minister-h-kamp-2\/","og_site_name":"Stichting Driel-Polen","article_modified_time":"2023-10-24T20:24:28+00:00","og_image":[{"url":"http:\/\/www.driel-polen.nl\/wordpress\/wp-content\/uploads\/2014\/04\/foto-henk-kamp.jpg","type":"","width":"","height":""}],"twitter_misc":{"Est. reading time":"2 minutes"},"schema":{"@context":"https:\/\/schema.org","@graph":[{"@type":"WebPage","@id":"https:\/\/www.driel-polen.nl\/historie\/eerherstel\/diverse-toespraken\/minister-h-kamp-2\/","url":"https:\/\/www.driel-polen.nl\/historie\/eerherstel\/diverse-toespraken\/minister-h-kamp-2\/","name":"Minister H. Kamp (2)-UK - Stichting Driel-Polen","isPartOf":{"@id":"https:\/\/www.driel-polen.nl\/nl\/#website"},"primaryImageOfPage":{"@id":"https:\/\/www.driel-polen.nl\/historie\/eerherstel\/diverse-toespraken\/minister-h-kamp-2\/#primaryimage"},"image":{"@id":"https:\/\/www.driel-polen.nl\/historie\/eerherstel\/diverse-toespraken\/minister-h-kamp-2\/#primaryimage"},"thumbnailUrl":"http:\/\/www.driel-polen.nl\/wordpress\/wp-content\/uploads\/2014\/04\/foto-henk-kamp.jpg","datePublished":"2014-04-23T11:11:45+00:00","dateModified":"2023-10-24T20:24:28+00:00","breadcrumb":{"@id":"https:\/\/www.driel-polen.nl\/historie\/eerherstel\/diverse-toespraken\/minister-h-kamp-2\/#breadcrumb"},"inLanguage":"en-US","potentialAction":[{"@type":"ReadAction","target":["https:\/\/www.driel-polen.nl\/historie\/eerherstel\/diverse-toespraken\/minister-h-kamp-2\/"]}]},{"@type":"ImageObject","inLanguage":"en-US","@id":"https:\/\/www.driel-polen.nl\/historie\/eerherstel\/diverse-toespraken\/minister-h-kamp-2\/#primaryimage","url":"http:\/\/www.driel-polen.nl\/wordpress\/wp-content\/uploads\/2014\/04\/foto-henk-kamp.jpg","contentUrl":"http:\/\/www.driel-polen.nl\/wordpress\/wp-content\/uploads\/2014\/04\/foto-henk-kamp.jpg"},{"@type":"BreadcrumbList","@id":"https:\/\/www.driel-polen.nl\/historie\/eerherstel\/diverse-toespraken\/minister-h-kamp-2\/#breadcrumb","itemListElement":[{"@type":"ListItem","position":1,"name":"History","item":"https:\/\/www.driel-polen.nl\/en\/historie\/"},{"@type":"ListItem","position":2,"name":"Eerherstel","item":"https:\/\/www.driel-polen.nl\/historie\/eerherstel\/"},{"@type":"ListItem","position":3,"name":"Diverse toespraken","item":"https:\/\/www.driel-polen.nl\/historie\/eerherstel\/diverse-toespraken\/"},{"@type":"ListItem","position":4,"name":"Minister H. Kamp (2)"}]},{"@type":"WebSite","@id":"https:\/\/www.driel-polen.nl\/nl\/#website","url":"https:\/\/www.driel-polen.nl\/nl\/","name":"Stichting Driel-Polen","description":"General St. Sosabowski","potentialAction":[{"@type":"SearchAction","target":{"@type":"EntryPoint","urlTemplate":"https:\/\/www.driel-polen.nl\/nl\/?s={search_term_string}"},"query-input":{"@type":"PropertyValueSpecification","valueRequired":true,"valueName":"search_term_string"}}],"inLanguage":"en-US"}]}},"_links":{"self":[{"href":"https:\/\/www.driel-polen.nl\/en\/wp-json\/wp\/v2\/pages\/500","targetHints":{"allow":["GET"]}}],"collection":[{"href":"https:\/\/www.driel-polen.nl\/en\/wp-json\/wp\/v2\/pages"}],"about":[{"href":"https:\/\/www.driel-polen.nl\/en\/wp-json\/wp\/v2\/types\/page"}],"author":[{"embeddable":true,"href":"https:\/\/www.driel-polen.nl\/en\/wp-json\/wp\/v2\/users\/17"}],"replies":[{"embeddable":true,"href":"https:\/\/www.driel-polen.nl\/en\/wp-json\/wp\/v2\/comments?post=500"}],"version-history":[{"count":5,"href":"https:\/\/www.driel-polen.nl\/en\/wp-json\/wp\/v2\/pages\/500\/revisions"}],"predecessor-version":[{"id":8085,"href":"https:\/\/www.driel-polen.nl\/en\/wp-json\/wp\/v2\/pages\/500\/revisions\/8085"}],"up":[{"embeddable":true,"href":"https:\/\/www.driel-polen.nl\/en\/wp-json\/wp\/v2\/pages\/437"}],"wp:attachment":[{"href":"https:\/\/www.driel-polen.nl\/en\/wp-json\/wp\/v2\/media?parent=500"}],"curies":[{"name":"wp","href":"https:\/\/api.w.org\/{rel}","templated":true}]}}