{"id":4709,"date":"2020-09-18T19:29:58","date_gmt":"2020-09-18T17:29:58","guid":{"rendered":"https:\/\/www.driel-polen.nl\/?page_id=4709"},"modified":"2021-01-12T14:11:23","modified_gmt":"2021-01-12T13:11:23","slug":"2020-dankwoord-onthulling-buste-generaal-sosabowski-voorzitter-stichting-driel-polen","status":"publish","type":"page","link":"https:\/\/www.driel-polen.nl\/en\/herdenkingen\/herdenkingen-2015-2024\/2020-dankwoord-onthulling-buste-generaal-sosabowski-voorzitter-stichting-driel-polen\/","title":{"rendered":"2020 A word of gratitude during the unveiling of the bust of General Sosabowski Chairman Foundation Driel-Polen"},"content":{"rendered":"<p><\/p>\n<p style=\"text-align: center;\"><strong>A word of gratitude during the unveiling of the bust of General Sosabowski<br \/>\n<\/strong><strong>Chairman Foundation Driel-Polen<br \/>\n<\/strong><strong>18 September 2020<\/strong><\/p>\n<p><strong>General Grodzki, Mayor, ladies and gentlemen<\/strong><\/p>\n<p>In September 2017, the first example of this bust of General Sosabowski was unveiled in Warsaw. Roughly three years later we are standing in Driel where, just now, the second example of the bust has been unveiled.<br \/>\nBoth on historic locations.<br \/>\nIn Warsaw, at the location where in some years time the renovated Polish Army Museum will be opened just 100 meters away from where the General had lived.<\/p>\n<p>Here in Driel opposite the place which, in September 1944, for about five days was the General\u2019s headquarters.<br \/>\nThe board of the Foundation Driel-Polen is extremely grateful to the local council for this initiative and thanks the Historical Circle Driel for the suggestion to realise the placing of the bust on this site.<br \/>\nIn the framework of the subsidy project Gelderland Herdenkt together with the four Airborne municipalities and the Liberation Route Europe (LRE) routes will be marked. With this action a long held wish of our foundation will be fulfilled.<\/p>\n<p>Before the end of this month preparations will start on making the already described route in and around Driel. The route will link up with the so-called hikers trail the LRE brings to a large part of Europe. From England via France there are various routes via different countries that end in Poland.<br \/>\nThis former headquarters in Driel is one of the most important points of our route.<br \/>\nWe are convinced that in the coming years many visitors will begin with this route from the Information Centre so they can get more information about the contribution of the 1<sup>st<\/sup> Polish Independent Parachute Brigade to Operation Market Garden.<\/p>\n<p>Thank you for your attention<\/p>","protected":false},"excerpt":{"rendered":"<p>A word of gratitude during the unveiling of the bust of General Sosabowski Chairman Foundation Driel-Polen 18 September 2020 General Grodzki, Mayor, ladies and gentlemen In September 2017, the first example of this bust of General Sosabowski was unveiled in <span class=\"excerpt-dots\">&hellip;<\/span> <a class=\"more-link\" href=\"https:\/\/www.driel-polen.nl\/en\/herdenkingen\/herdenkingen-2015-2024\/2020-dankwoord-onthulling-buste-generaal-sosabowski-voorzitter-stichting-driel-polen\/\"><span class=\"more-msg\"><img decoding=\"async\" src=\"https:\/\/www.driel-polen.nl\/downloads\/lees-meer3.jpg\"><\/p>\n<hr class=\"wvrx-expand-full\" style=\"margin:0\"><\/span><\/a><\/p>\n","protected":false},"author":17,"featured_media":0,"parent":5633,"menu_order":0,"comment_status":"closed","ping_status":"closed","template":"","meta":{"_monsterinsights_skip_tracking":false,"_monsterinsights_sitenote_active":false,"_monsterinsights_sitenote_note":"","_monsterinsights_sitenote_category":0,"ngg_post_thumbnail":0,"footnotes":""},"class_list":["post-4709","page","type-page","status-publish","hentry"],"yoast_head":"<!-- This site is optimized with the Yoast SEO plugin v27.4 - https:\/\/yoast.com\/product\/yoast-seo-wordpress\/ -->\n<title>2020 A word of gratitude during the unveiling of the bust of General Sosabowski Chairman Foundation Driel-Polen - Stichting Driel-Polen<\/title>\n<meta name=\"robots\" content=\"index, follow, max-snippet:-1, max-image-preview:large, max-video-preview:-1\" \/>\n<link rel=\"canonical\" href=\"https:\/\/www.driel-polen.nl\/herdenkingen\/herdenkingen-2015-2024\/2020-dankwoord-onthulling-buste-generaal-sosabowski-voorzitter-stichting-driel-polen\/\" \/>\n<meta property=\"og:locale\" content=\"en_US\" \/>\n<meta property=\"og:type\" content=\"article\" \/>\n<meta property=\"og:title\" content=\"2020 A word of gratitude during the unveiling of the bust of General Sosabowski Chairman Foundation Driel-Polen - Stichting Driel-Polen\" \/>\n<meta property=\"og:description\" content=\"A word of gratitude during the unveiling of the bust of General Sosabowski Chairman Foundation Driel-Polen 18 September 2020 General Grodzki, Mayor, ladies and gentlemen In September 2017, the first example of this bust of General Sosabowski was unveiled in &hellip;\" \/>\n<meta property=\"og:url\" content=\"https:\/\/www.driel-polen.nl\/herdenkingen\/herdenkingen-2015-2024\/2020-dankwoord-onthulling-buste-generaal-sosabowski-voorzitter-stichting-driel-polen\/\" \/>\n<meta property=\"og:site_name\" content=\"Stichting Driel-Polen\" \/>\n<meta property=\"article:modified_time\" content=\"2021-01-12T13:11:23+00:00\" \/>\n<meta name=\"twitter:label1\" content=\"Est. reading time\" \/>\n\t<meta name=\"twitter:data1\" content=\"4 minutes\" \/>\n<script type=\"application\/ld+json\" class=\"yoast-schema-graph\">{\"@context\":\"https:\\\/\\\/schema.org\",\"@graph\":[{\"@type\":\"WebPage\",\"@id\":\"https:\\\/\\\/www.driel-polen.nl\\\/herdenkingen\\\/herdenkingen-2015-2024\\\/2020-dankwoord-onthulling-buste-generaal-sosabowski-voorzitter-stichting-driel-polen\\\/\",\"url\":\"https:\\\/\\\/www.driel-polen.nl\\\/herdenkingen\\\/herdenkingen-2015-2024\\\/2020-dankwoord-onthulling-buste-generaal-sosabowski-voorzitter-stichting-driel-polen\\\/\",\"name\":\"2020 A word of gratitude during the unveiling of the bust of General Sosabowski Chairman Foundation Driel-Polen - Stichting Driel-Polen\",\"isPartOf\":{\"@id\":\"https:\\\/\\\/www.driel-polen.nl\\\/nl\\\/#website\"},\"datePublished\":\"2020-09-18T17:29:58+00:00\",\"dateModified\":\"2021-01-12T13:11:23+00:00\",\"breadcrumb\":{\"@id\":\"https:\\\/\\\/www.driel-polen.nl\\\/herdenkingen\\\/herdenkingen-2015-2024\\\/2020-dankwoord-onthulling-buste-generaal-sosabowski-voorzitter-stichting-driel-polen\\\/#breadcrumb\"},\"inLanguage\":\"en-US\",\"potentialAction\":[{\"@type\":\"ReadAction\",\"target\":[\"https:\\\/\\\/www.driel-polen.nl\\\/herdenkingen\\\/herdenkingen-2015-2024\\\/2020-dankwoord-onthulling-buste-generaal-sosabowski-voorzitter-stichting-driel-polen\\\/\"]}]},{\"@type\":\"BreadcrumbList\",\"@id\":\"https:\\\/\\\/www.driel-polen.nl\\\/herdenkingen\\\/herdenkingen-2015-2024\\\/2020-dankwoord-onthulling-buste-generaal-sosabowski-voorzitter-stichting-driel-polen\\\/#breadcrumb\",\"itemListElement\":[{\"@type\":\"ListItem\",\"position\":1,\"name\":\"Herdenkingen\",\"item\":\"https:\\\/\\\/www.driel-polen.nl\\\/herdenkingen\\\/\"},{\"@type\":\"ListItem\",\"position\":2,\"name\":\"Herdenkingen 2015-2024\",\"item\":\"https:\\\/\\\/www.driel-polen.nl\\\/herdenkingen\\\/herdenkingen-2015-2024\\\/\"},{\"@type\":\"ListItem\",\"position\":3,\"name\":\"2020 S\u0142owo podzi\u0119kowania z okazji ods\u0142oni\u0119cia popiersia Genera\u0142a Sosabowskiego Prezes Fundacji Driel-Polen\"}]},{\"@type\":\"WebSite\",\"@id\":\"https:\\\/\\\/www.driel-polen.nl\\\/nl\\\/#website\",\"url\":\"https:\\\/\\\/www.driel-polen.nl\\\/nl\\\/\",\"name\":\"Stichting Driel-Polen\",\"description\":\"General St. Sosabowski\",\"potentialAction\":[{\"@type\":\"SearchAction\",\"target\":{\"@type\":\"EntryPoint\",\"urlTemplate\":\"https:\\\/\\\/www.driel-polen.nl\\\/nl\\\/?s={search_term_string}\"},\"query-input\":{\"@type\":\"PropertyValueSpecification\",\"valueRequired\":true,\"valueName\":\"search_term_string\"}}],\"inLanguage\":\"en-US\"}]}<\/script>\n<!-- \/ Yoast SEO plugin. -->","yoast_head_json":{"title":"2020 A word of gratitude during the unveiling of the bust of General Sosabowski Chairman Foundation Driel-Polen - Stichting Driel-Polen","robots":{"index":"index","follow":"follow","max-snippet":"max-snippet:-1","max-image-preview":"max-image-preview:large","max-video-preview":"max-video-preview:-1"},"canonical":"https:\/\/www.driel-polen.nl\/herdenkingen\/herdenkingen-2015-2024\/2020-dankwoord-onthulling-buste-generaal-sosabowski-voorzitter-stichting-driel-polen\/","og_locale":"en_US","og_type":"article","og_title":"2020 A word of gratitude during the unveiling of the bust of General Sosabowski Chairman Foundation Driel-Polen - Stichting Driel-Polen","og_description":"A word of gratitude during the unveiling of the bust of General Sosabowski Chairman Foundation Driel-Polen 18 September 2020 General Grodzki, Mayor, ladies and gentlemen In September 2017, the first example of this bust of General Sosabowski was unveiled in &hellip;","og_url":"https:\/\/www.driel-polen.nl\/herdenkingen\/herdenkingen-2015-2024\/2020-dankwoord-onthulling-buste-generaal-sosabowski-voorzitter-stichting-driel-polen\/","og_site_name":"Stichting Driel-Polen","article_modified_time":"2021-01-12T13:11:23+00:00","twitter_misc":{"Est. reading time":"4 minutes"},"schema":{"@context":"https:\/\/schema.org","@graph":[{"@type":"WebPage","@id":"https:\/\/www.driel-polen.nl\/herdenkingen\/herdenkingen-2015-2024\/2020-dankwoord-onthulling-buste-generaal-sosabowski-voorzitter-stichting-driel-polen\/","url":"https:\/\/www.driel-polen.nl\/herdenkingen\/herdenkingen-2015-2024\/2020-dankwoord-onthulling-buste-generaal-sosabowski-voorzitter-stichting-driel-polen\/","name":"2020 A word of gratitude during the unveiling of the bust of General Sosabowski Chairman Foundation Driel-Polen - Stichting Driel-Polen","isPartOf":{"@id":"https:\/\/www.driel-polen.nl\/nl\/#website"},"datePublished":"2020-09-18T17:29:58+00:00","dateModified":"2021-01-12T13:11:23+00:00","breadcrumb":{"@id":"https:\/\/www.driel-polen.nl\/herdenkingen\/herdenkingen-2015-2024\/2020-dankwoord-onthulling-buste-generaal-sosabowski-voorzitter-stichting-driel-polen\/#breadcrumb"},"inLanguage":"en-US","potentialAction":[{"@type":"ReadAction","target":["https:\/\/www.driel-polen.nl\/herdenkingen\/herdenkingen-2015-2024\/2020-dankwoord-onthulling-buste-generaal-sosabowski-voorzitter-stichting-driel-polen\/"]}]},{"@type":"BreadcrumbList","@id":"https:\/\/www.driel-polen.nl\/herdenkingen\/herdenkingen-2015-2024\/2020-dankwoord-onthulling-buste-generaal-sosabowski-voorzitter-stichting-driel-polen\/#breadcrumb","itemListElement":[{"@type":"ListItem","position":1,"name":"Herdenkingen","item":"https:\/\/www.driel-polen.nl\/herdenkingen\/"},{"@type":"ListItem","position":2,"name":"Herdenkingen 2015-2024","item":"https:\/\/www.driel-polen.nl\/herdenkingen\/herdenkingen-2015-2024\/"},{"@type":"ListItem","position":3,"name":"2020 S\u0142owo podzi\u0119kowania z okazji ods\u0142oni\u0119cia popiersia Genera\u0142a Sosabowskiego Prezes Fundacji Driel-Polen"}]},{"@type":"WebSite","@id":"https:\/\/www.driel-polen.nl\/nl\/#website","url":"https:\/\/www.driel-polen.nl\/nl\/","name":"Stichting Driel-Polen","description":"General St. Sosabowski","potentialAction":[{"@type":"SearchAction","target":{"@type":"EntryPoint","urlTemplate":"https:\/\/www.driel-polen.nl\/nl\/?s={search_term_string}"},"query-input":{"@type":"PropertyValueSpecification","valueRequired":true,"valueName":"search_term_string"}}],"inLanguage":"en-US"}]}},"_links":{"self":[{"href":"https:\/\/www.driel-polen.nl\/en\/wp-json\/wp\/v2\/pages\/4709","targetHints":{"allow":["GET"]}}],"collection":[{"href":"https:\/\/www.driel-polen.nl\/en\/wp-json\/wp\/v2\/pages"}],"about":[{"href":"https:\/\/www.driel-polen.nl\/en\/wp-json\/wp\/v2\/types\/page"}],"author":[{"embeddable":true,"href":"https:\/\/www.driel-polen.nl\/en\/wp-json\/wp\/v2\/users\/17"}],"replies":[{"embeddable":true,"href":"https:\/\/www.driel-polen.nl\/en\/wp-json\/wp\/v2\/comments?post=4709"}],"version-history":[{"count":1,"href":"https:\/\/www.driel-polen.nl\/en\/wp-json\/wp\/v2\/pages\/4709\/revisions"}],"predecessor-version":[{"id":4711,"href":"https:\/\/www.driel-polen.nl\/en\/wp-json\/wp\/v2\/pages\/4709\/revisions\/4711"}],"up":[{"embeddable":true,"href":"https:\/\/www.driel-polen.nl\/en\/wp-json\/wp\/v2\/pages\/5633"}],"wp:attachment":[{"href":"https:\/\/www.driel-polen.nl\/en\/wp-json\/wp\/v2\/media?parent=4709"}],"curies":[{"name":"wp","href":"https:\/\/api.w.org\/{rel}","templated":true}]}}