{"id":4697,"date":"2020-09-18T19:18:54","date_gmt":"2020-09-18T17:18:54","guid":{"rendered":"https:\/\/www.driel-polen.nl\/?page_id=4697"},"modified":"2021-01-12T14:19:26","modified_gmt":"2021-01-12T13:19:26","slug":"2020-welkom-onthulling-buste-generaal-sosabowski-remco-janssen-chef-kabinet-gemeente-overbetuwe","status":"publish","type":"page","link":"https:\/\/www.driel-polen.nl\/en\/herdenkingen\/herdenkingen-2015-2024\/2020-welkom-onthulling-buste-generaal-sosabowski-remco-janssen-chef-kabinet-gemeente-overbetuwe\/","title":{"rendered":"2020 A word of gratitude during the unveiling of the bust of General Sosabowski Chairman Foundation Driel-Polen"},"content":{"rendered":"<p><\/p>\n<p style=\"text-align: center;\"><strong>A word of welcome during the unveiling of the bust of General Sosabowski<br \/>\n<\/strong><strong>Remco Janssen Chef Cabinet Overbetuwe<br \/>\n<\/strong><strong>18 September 2020<\/strong><\/p>\n<p><strong>General Grodzki, Mayor, ladies and gentlemen<\/strong><\/p>\n<p>Welcome to this short solemn ceremony in which we will unveil the bust of Major General Sosabowski here on this park at the junction of Vogelenzangsestraat with Baltussenweg. This bust was made by artist Martin Abspoel also present here. From this place, thank you very much Martin for this beautiful bust and a pleasant cooperation in the realization of it.<\/p>\n<p>The mayor will tell you in her speech in a moment why the bust is placed here. The bust will then be unveiled by Mr. Hanno Krijgsman and Mrs. Cecile de Boer with a brief explanation. Both are councilors of Overbetuwe. The initiative for placing the bust comes from the council of Overbetuwe. For that reason they will unveil the bust on behalf of the municipal council. Due to the current situation with COVID-19, it has been decided not to be present today with the full municipal council. Hopefully there will be an opportunity next year at the 77th anniversary where they can visit this bust together with representatives of the Sosabowski family.<\/p>\n<p>After the unveiling, Brigadier General Grodzki will place a flower arrangement near the bust. A bust that is flanked today by the ensign of the Polish 6th Brigade with the banner of the Knight Military Order of William.<\/p>\n<p>After the laying of the flowers, a speech by Mr. Arno Baltussen of the Driel-Polen Foundation will follow and we will conclude this ceremony. I would like to request that you stand up and go outside the gates as directed by me and my colleagues.<\/p>\n<p>&nbsp;<\/p>","protected":false},"excerpt":{"rendered":"<p>A word of welcome during the unveiling of the bust of General Sosabowski Remco Janssen Chef Cabinet Overbetuwe 18 September 2020 General Grodzki, Mayor, ladies and gentlemen Welcome to this short solemn ceremony in which we will unveil the bust <span class=\"excerpt-dots\">&hellip;<\/span> <a class=\"more-link\" href=\"https:\/\/www.driel-polen.nl\/en\/herdenkingen\/herdenkingen-2015-2024\/2020-welkom-onthulling-buste-generaal-sosabowski-remco-janssen-chef-kabinet-gemeente-overbetuwe\/\"><span class=\"more-msg\"><img decoding=\"async\" src=\"https:\/\/www.driel-polen.nl\/downloads\/lees-meer3.jpg\"><\/p>\n<hr class=\"wvrx-expand-full\" style=\"margin:0\"><\/span><\/a><\/p>\n","protected":false},"author":17,"featured_media":0,"parent":5633,"menu_order":0,"comment_status":"closed","ping_status":"closed","template":"","meta":{"_monsterinsights_skip_tracking":false,"_monsterinsights_sitenote_active":false,"_monsterinsights_sitenote_note":"","_monsterinsights_sitenote_category":0,"ngg_post_thumbnail":0,"footnotes":""},"class_list":["post-4697","page","type-page","status-publish","hentry"],"yoast_head":"<!-- This site is optimized with the Yoast SEO plugin v27.4 - https:\/\/yoast.com\/product\/yoast-seo-wordpress\/ -->\n<title>2020 A word of gratitude during the unveiling of the bust of General Sosabowski Chairman Foundation Driel-Polen - Stichting Driel-Polen<\/title>\n<meta name=\"robots\" content=\"index, follow, max-snippet:-1, max-image-preview:large, max-video-preview:-1\" \/>\n<link rel=\"canonical\" href=\"https:\/\/www.driel-polen.nl\/herdenkingen\/herdenkingen-2015-2024\/2020-welkom-onthulling-buste-generaal-sosabowski-remco-janssen-chef-kabinet-gemeente-overbetuwe\/\" \/>\n<meta property=\"og:locale\" content=\"en_US\" \/>\n<meta property=\"og:type\" content=\"article\" \/>\n<meta property=\"og:title\" content=\"2020 A word of gratitude during the unveiling of the bust of General Sosabowski Chairman Foundation Driel-Polen - Stichting Driel-Polen\" \/>\n<meta property=\"og:description\" content=\"A word of welcome during the unveiling of the bust of General Sosabowski Remco Janssen Chef Cabinet Overbetuwe 18 September 2020 General Grodzki, Mayor, ladies and gentlemen Welcome to this short solemn ceremony in which we will unveil the bust &hellip;\" \/>\n<meta property=\"og:url\" content=\"https:\/\/www.driel-polen.nl\/herdenkingen\/herdenkingen-2015-2024\/2020-welkom-onthulling-buste-generaal-sosabowski-remco-janssen-chef-kabinet-gemeente-overbetuwe\/\" \/>\n<meta property=\"og:site_name\" content=\"Stichting Driel-Polen\" \/>\n<meta property=\"article:modified_time\" content=\"2021-01-12T13:19:26+00:00\" \/>\n<meta name=\"twitter:label1\" content=\"Est. reading time\" \/>\n\t<meta name=\"twitter:data1\" content=\"4 minutes\" \/>\n<script type=\"application\/ld+json\" class=\"yoast-schema-graph\">{\"@context\":\"https:\\\/\\\/schema.org\",\"@graph\":[{\"@type\":\"WebPage\",\"@id\":\"https:\\\/\\\/www.driel-polen.nl\\\/herdenkingen\\\/herdenkingen-2015-2024\\\/2020-welkom-onthulling-buste-generaal-sosabowski-remco-janssen-chef-kabinet-gemeente-overbetuwe\\\/\",\"url\":\"https:\\\/\\\/www.driel-polen.nl\\\/herdenkingen\\\/herdenkingen-2015-2024\\\/2020-welkom-onthulling-buste-generaal-sosabowski-remco-janssen-chef-kabinet-gemeente-overbetuwe\\\/\",\"name\":\"2020 A word of gratitude during the unveiling of the bust of General Sosabowski Chairman Foundation Driel-Polen - Stichting Driel-Polen\",\"isPartOf\":{\"@id\":\"https:\\\/\\\/www.driel-polen.nl\\\/nl\\\/#website\"},\"datePublished\":\"2020-09-18T17:18:54+00:00\",\"dateModified\":\"2021-01-12T13:19:26+00:00\",\"breadcrumb\":{\"@id\":\"https:\\\/\\\/www.driel-polen.nl\\\/herdenkingen\\\/herdenkingen-2015-2024\\\/2020-welkom-onthulling-buste-generaal-sosabowski-remco-janssen-chef-kabinet-gemeente-overbetuwe\\\/#breadcrumb\"},\"inLanguage\":\"en-US\",\"potentialAction\":[{\"@type\":\"ReadAction\",\"target\":[\"https:\\\/\\\/www.driel-polen.nl\\\/herdenkingen\\\/herdenkingen-2015-2024\\\/2020-welkom-onthulling-buste-generaal-sosabowski-remco-janssen-chef-kabinet-gemeente-overbetuwe\\\/\"]}]},{\"@type\":\"BreadcrumbList\",\"@id\":\"https:\\\/\\\/www.driel-polen.nl\\\/herdenkingen\\\/herdenkingen-2015-2024\\\/2020-welkom-onthulling-buste-generaal-sosabowski-remco-janssen-chef-kabinet-gemeente-overbetuwe\\\/#breadcrumb\",\"itemListElement\":[{\"@type\":\"ListItem\",\"position\":1,\"name\":\"Herdenkingen\",\"item\":\"https:\\\/\\\/www.driel-polen.nl\\\/herdenkingen\\\/\"},{\"@type\":\"ListItem\",\"position\":2,\"name\":\"Herdenkingen 2015-2024\",\"item\":\"https:\\\/\\\/www.driel-polen.nl\\\/herdenkingen\\\/herdenkingen-2015-2024\\\/\"},{\"@type\":\"ListItem\",\"position\":3,\"name\":\"2020 S\u0142owo powitania na uroczysto\u015bci ods\u0142oni\u0119cia popiersia Genera\u0142a Sosabowskiego Remco Janssen, kierownik biura burmistrza gminy Overbetuwe\"}]},{\"@type\":\"WebSite\",\"@id\":\"https:\\\/\\\/www.driel-polen.nl\\\/nl\\\/#website\",\"url\":\"https:\\\/\\\/www.driel-polen.nl\\\/nl\\\/\",\"name\":\"Stichting Driel-Polen\",\"description\":\"General St. Sosabowski\",\"potentialAction\":[{\"@type\":\"SearchAction\",\"target\":{\"@type\":\"EntryPoint\",\"urlTemplate\":\"https:\\\/\\\/www.driel-polen.nl\\\/nl\\\/?s={search_term_string}\"},\"query-input\":{\"@type\":\"PropertyValueSpecification\",\"valueRequired\":true,\"valueName\":\"search_term_string\"}}],\"inLanguage\":\"en-US\"}]}<\/script>\n<!-- \/ Yoast SEO plugin. -->","yoast_head_json":{"title":"2020 A word of gratitude during the unveiling of the bust of General Sosabowski Chairman Foundation Driel-Polen - Stichting Driel-Polen","robots":{"index":"index","follow":"follow","max-snippet":"max-snippet:-1","max-image-preview":"max-image-preview:large","max-video-preview":"max-video-preview:-1"},"canonical":"https:\/\/www.driel-polen.nl\/herdenkingen\/herdenkingen-2015-2024\/2020-welkom-onthulling-buste-generaal-sosabowski-remco-janssen-chef-kabinet-gemeente-overbetuwe\/","og_locale":"en_US","og_type":"article","og_title":"2020 A word of gratitude during the unveiling of the bust of General Sosabowski Chairman Foundation Driel-Polen - Stichting Driel-Polen","og_description":"A word of welcome during the unveiling of the bust of General Sosabowski Remco Janssen Chef Cabinet Overbetuwe 18 September 2020 General Grodzki, Mayor, ladies and gentlemen Welcome to this short solemn ceremony in which we will unveil the bust &hellip;","og_url":"https:\/\/www.driel-polen.nl\/herdenkingen\/herdenkingen-2015-2024\/2020-welkom-onthulling-buste-generaal-sosabowski-remco-janssen-chef-kabinet-gemeente-overbetuwe\/","og_site_name":"Stichting Driel-Polen","article_modified_time":"2021-01-12T13:19:26+00:00","twitter_misc":{"Est. reading time":"4 minutes"},"schema":{"@context":"https:\/\/schema.org","@graph":[{"@type":"WebPage","@id":"https:\/\/www.driel-polen.nl\/herdenkingen\/herdenkingen-2015-2024\/2020-welkom-onthulling-buste-generaal-sosabowski-remco-janssen-chef-kabinet-gemeente-overbetuwe\/","url":"https:\/\/www.driel-polen.nl\/herdenkingen\/herdenkingen-2015-2024\/2020-welkom-onthulling-buste-generaal-sosabowski-remco-janssen-chef-kabinet-gemeente-overbetuwe\/","name":"2020 A word of gratitude during the unveiling of the bust of General Sosabowski Chairman Foundation Driel-Polen - Stichting Driel-Polen","isPartOf":{"@id":"https:\/\/www.driel-polen.nl\/nl\/#website"},"datePublished":"2020-09-18T17:18:54+00:00","dateModified":"2021-01-12T13:19:26+00:00","breadcrumb":{"@id":"https:\/\/www.driel-polen.nl\/herdenkingen\/herdenkingen-2015-2024\/2020-welkom-onthulling-buste-generaal-sosabowski-remco-janssen-chef-kabinet-gemeente-overbetuwe\/#breadcrumb"},"inLanguage":"en-US","potentialAction":[{"@type":"ReadAction","target":["https:\/\/www.driel-polen.nl\/herdenkingen\/herdenkingen-2015-2024\/2020-welkom-onthulling-buste-generaal-sosabowski-remco-janssen-chef-kabinet-gemeente-overbetuwe\/"]}]},{"@type":"BreadcrumbList","@id":"https:\/\/www.driel-polen.nl\/herdenkingen\/herdenkingen-2015-2024\/2020-welkom-onthulling-buste-generaal-sosabowski-remco-janssen-chef-kabinet-gemeente-overbetuwe\/#breadcrumb","itemListElement":[{"@type":"ListItem","position":1,"name":"Herdenkingen","item":"https:\/\/www.driel-polen.nl\/herdenkingen\/"},{"@type":"ListItem","position":2,"name":"Herdenkingen 2015-2024","item":"https:\/\/www.driel-polen.nl\/herdenkingen\/herdenkingen-2015-2024\/"},{"@type":"ListItem","position":3,"name":"2020 S\u0142owo powitania na uroczysto\u015bci ods\u0142oni\u0119cia popiersia Genera\u0142a Sosabowskiego Remco Janssen, kierownik biura burmistrza gminy Overbetuwe"}]},{"@type":"WebSite","@id":"https:\/\/www.driel-polen.nl\/nl\/#website","url":"https:\/\/www.driel-polen.nl\/nl\/","name":"Stichting Driel-Polen","description":"General St. Sosabowski","potentialAction":[{"@type":"SearchAction","target":{"@type":"EntryPoint","urlTemplate":"https:\/\/www.driel-polen.nl\/nl\/?s={search_term_string}"},"query-input":{"@type":"PropertyValueSpecification","valueRequired":true,"valueName":"search_term_string"}}],"inLanguage":"en-US"}]}},"_links":{"self":[{"href":"https:\/\/www.driel-polen.nl\/en\/wp-json\/wp\/v2\/pages\/4697","targetHints":{"allow":["GET"]}}],"collection":[{"href":"https:\/\/www.driel-polen.nl\/en\/wp-json\/wp\/v2\/pages"}],"about":[{"href":"https:\/\/www.driel-polen.nl\/en\/wp-json\/wp\/v2\/types\/page"}],"author":[{"embeddable":true,"href":"https:\/\/www.driel-polen.nl\/en\/wp-json\/wp\/v2\/users\/17"}],"replies":[{"embeddable":true,"href":"https:\/\/www.driel-polen.nl\/en\/wp-json\/wp\/v2\/comments?post=4697"}],"version-history":[{"count":2,"href":"https:\/\/www.driel-polen.nl\/en\/wp-json\/wp\/v2\/pages\/4697\/revisions"}],"predecessor-version":[{"id":4707,"href":"https:\/\/www.driel-polen.nl\/en\/wp-json\/wp\/v2\/pages\/4697\/revisions\/4707"}],"up":[{"embeddable":true,"href":"https:\/\/www.driel-polen.nl\/en\/wp-json\/wp\/v2\/pages\/5633"}],"wp:attachment":[{"href":"https:\/\/www.driel-polen.nl\/en\/wp-json\/wp\/v2\/media?parent=4697"}],"curies":[{"name":"wp","href":"https:\/\/api.w.org\/{rel}","templated":true}]}}