{"id":4681,"date":"2020-09-18T18:40:45","date_gmt":"2020-09-18T16:40:45","guid":{"rendered":"https:\/\/www.driel-polen.nl\/?page_id=4681"},"modified":"2021-01-12T14:13:18","modified_gmt":"2021-01-12T13:13:18","slug":"2020-onthulling-gerestaureerde-glas-in-lood-raam-vertegenwoordiger-rksv-frans-essers","status":"publish","type":"page","link":"https:\/\/www.driel-polen.nl\/en\/herdenkingen\/herdenkingen-2015-2024\/2020-onthulling-gerestaureerde-glas-in-lood-raam-vertegenwoordiger-rksv-frans-essers\/","title":{"rendered":"2020 Unveiling restored stained glass window Representative RKSV Driel \u2013 Frans Essers"},"content":{"rendered":"<p><\/p>\n<p style=\"text-align: center;\"><strong>Unveiling restored stained glass window<br \/>\n<\/strong><strong>Representative RKSV Driel \u2013 Frans Essers<br \/>\n<\/strong><strong>18 September 2020<\/strong><\/p>\n<p>Dear members present,<\/p>\n<p>It is really very special that I can stand here.<br \/>\nNo, I am not a veteran.<br \/>\nI was not involved in or experienced the war.<br \/>\nI was also not involved in the Christmas card action of the young people of Driel in 1946.<br \/>\nI am from the time when everything went a little better.<br \/>\nNo, I do not represent any official organization<br \/>\nI am just the representative of a football club.<br \/>\nA football club that has an extremely special relationship with the Polish parachutists.<br \/>\nI find it a great honour that I can stand here.<\/p>\n<p>In this special time when many meetings have been cancelled that we can be together is also special.<br \/>\nOr is it perhaps not so special?<br \/>\nDon\u2019t we have a very special reason to be here together.<br \/>\nDon\u2019t we share more with each other than it might seem.<br \/>\nYes, I think that we share more than many others may think.<br \/>\nWe find ourselves at this moment in very special times.<br \/>\nNow \u202676 years ago the times that people found themselves in were also very special.<br \/>\nTimes that remained anchored in the memory of those times and commemorations in later years.<br \/>\nMemories on the negative that is called \u201cwar\u201d.<br \/>\nSo now we in freedom the events that we never want to experience.<br \/>\nAnd also \u2026 we do not stay still long enough to reflect how\u2026., negative experiences positive consequences can have.<br \/>\nFor example Father Poelman, who at the end of the war with the Parachute Brigade still present in our village, was very much Concerned about the future of the young people of the village.<br \/>\nPastor Poelman who \u2026.. maybe here where we now stand\u00a0 \u2026. tried to make his ideas accessible to the young people of Driel in a way that offered them a future. A future with perspective.<br \/>\nA future that together with you the 1st Polish Independent Parachute Brigade\u00a0 was made possible.<\/p>\n<p>75 years ago the war came to an end and we could feel ourselves free.<br \/>\nWe were allowed to become united again.<br \/>\nAnd immediately that became possible a sports club was started up.<br \/>\nThe word unify perfectly describes what Pastor Poelman and those who worked to establish our club, Mr Baltussen, Mr Kock and Mr Hoogsteder had envisaged.<br \/>\nNamely: active together;<br \/>\nto have an objective together;<br \/>\nand primarily to be sportive.<\/p>\n<p>Just as General Stanislaw Sosabowski and his men also had done.<br \/>\nWorking together, keeping strong together and working towards one goal together.<br \/>\nAnd for them the goal was \u201cFreeing Warsaw and building up a future\u201c.<br \/>\nFor those who developed our club it was that: feel free and embrace the future that is offered to you.<br \/>\nThose who founded our club chose for the colours white and red as club colours. The colours of the Polish flag.<br \/>\nThere on the breast came the \u201cV\u201d for victory.<br \/>\nBefore the first commemoration in the village by the committee Driel-Poland the football club honoured with the choice of its club colours the Polish liberators. Later a parachute was added to the club logo.<br \/>\nAnd that image is inseparably bound to our club RKSV Driel.<br \/>\nEven in the higher levels of the national football federation this is considered very special.<br \/>\nThe Royal Dutch Football Federation (KNVB) gave special attention in September 2019.<br \/>\nIn a deep article about the special relationship between our club and the Polish Parachute Brigade.<\/p>\n<p>Under the heading <strong><em>RSKV Driel will never forget the Polish liberators\u201d<\/em>\u00a0 <\/strong>a detailed description was made of the relationship between 1<sup>st<\/sup> Polish Independent Parachute Brigade and our football club RSKV Driel<em>.<br \/>\n<\/em>Here attention was first given to the club colours that were chosen when our club was set up.<br \/>\nFurther in the article there was the comment<\/p>\n<p>\u201c<strong>40 years later a parachute was added to the club logo. That is an image that sticks when you walk around RSKV Driel sports park. From coffee cups to beer tapping. And from champion flag to jubilee shirt<\/strong>\u201d\u00a0 (end of quotation)<\/p>\n<p>The connection cannot be given more clearly.<br \/>\nOur club RKSV Driel stands for Roman Catholic Sports Society Driel. And is therefore not just for football.<br \/>\nYoung people should be made aware that sporting together and doing things together is the best medicine to come to a better and more healthy future.<br \/>\nGiven the very exceptional time we are now experiencing (Corvid 19) the commemorations of 75 years freedom will not take place.<br \/>\nThis ceremony will take place in small groups which we find is appropriate. Because at that time it already was about young people and the future.<br \/>\nThe future doesn\u2019t stand still.<\/p>\n<p>Our liberators showed us this in 1945.<br \/>\nThat showed Driel\u2019s children in 1946 with their Christmas card action to the Polish liberators.<br \/>\nThat showed the Polish military by their contribution to the rebuilding of the destroyed boys school that had previously provided them with shelter.<br \/>\nMrs Cora Baltussen showed this by her continued\u00a0 support for the 1<sup>st<\/sup> Polish Independent Parachute Brigade and their General Stanis\u0142aw Sosabowski.<br \/>\nThat the future hasn\u2019t remained still can be clearly seen from our club RKSV Driel.<br \/>\nPastor Poelman and those who established our club wanted to give young people an active and sportive future and the Polish veterans provided the financial contribution which enabled the building of a new school &#8212;- where young people would get a future and a perspective.<br \/>\nAnd this in addition to what they had already done in the wartime struggle in and around Driel.<\/p>\n<p>75 freedom \u2026\u2026 75 years RKVS Driel<br \/>\nThese are two milestones that cannot be separated from each other.<br \/>\nTwo milestones that are bound together in a window that we will shortly see in its full glory.<br \/>\nA window that stood and stands for appreciation<br \/>\nAppreciation that is getting a new life through RKSV Driel.<br \/>\nA window that will get a future here in this Information Centre.<\/p>\n<p>Our club with its white red heart and sheltered by a parachute has in the\u00a0\u00a0\u00a0\u00a0\u00a0\u00a0\u00a0 \u00a0\u00a0\u00a0\u00a0\u00a0\u00a075 years of its existence always had an important place and been given social recognition in the Driel\u2019s community.<br \/>\nThis can partly be seen in the large number of young people in our club. Young people who are also present during the annual commemoration.<br \/>\nAlso today they are present.<br \/>\nIn this way our club shows its social involvement and commitment.<br \/>\nOur social commitment can be partly seen in the restauration of this unique stain glass window.<\/p>\n<p>75 year freedom \u2026.. 75 year RKSV Driel<br \/>\nA Christmas card initiative of the young people<br \/>\nA hopeful reaction from the Polish military.<br \/>\nA remaining and continuing memory in glass<br \/>\nColoured glass that as the light changes calls up changing feelings<br \/>\nVibrations of history reaching into the future<br \/>\nThis is beautiful to see<br \/>\nIt is wonderful<\/p>\n<p>And everything that has happened and taken place<br \/>\nAnd everything that touches us and joins us together, I remain and I think many as well<\/p>\n<p><strong>Look around with wonder and keep wondering.<\/strong><\/p>\n<p>Thank you for your attention<br \/>\nFrank Essers<br \/>\nOn behalf of RKSV Driel<strong>\u00a0 <\/strong><\/p>\n<p>&nbsp;<\/p>\n<p>&nbsp;<\/p>\n<p>&nbsp;<\/p>\n<p>&nbsp;<\/p>","protected":false},"excerpt":{"rendered":"<p>Unveiling restored stained glass window Representative RKSV Driel \u2013 Frans Essers 18 September 2020 Dear members present, It is really very special that I can stand here. No, I am not a veteran. I was not involved in or experienced <span class=\"excerpt-dots\">&hellip;<\/span> <a class=\"more-link\" href=\"https:\/\/www.driel-polen.nl\/en\/herdenkingen\/herdenkingen-2015-2024\/2020-onthulling-gerestaureerde-glas-in-lood-raam-vertegenwoordiger-rksv-frans-essers\/\"><span class=\"more-msg\"><img decoding=\"async\" src=\"https:\/\/www.driel-polen.nl\/downloads\/lees-meer3.jpg\"><\/p>\n<hr class=\"wvrx-expand-full\" style=\"margin:0\"><\/span><\/a><\/p>\n","protected":false},"author":17,"featured_media":0,"parent":5633,"menu_order":0,"comment_status":"closed","ping_status":"closed","template":"","meta":{"_monsterinsights_skip_tracking":false,"_monsterinsights_sitenote_active":false,"_monsterinsights_sitenote_note":"","_monsterinsights_sitenote_category":0,"ngg_post_thumbnail":0,"footnotes":""},"class_list":["post-4681","page","type-page","status-publish","hentry"],"yoast_head":"<!-- This site is optimized with the Yoast SEO plugin v27.4 - https:\/\/yoast.com\/product\/yoast-seo-wordpress\/ -->\n<title>2020 Unveiling restored stained glass window Representative RKSV Driel \u2013 Frans Essers - Stichting Driel-Polen<\/title>\n<meta name=\"robots\" content=\"index, follow, max-snippet:-1, max-image-preview:large, max-video-preview:-1\" \/>\n<link rel=\"canonical\" href=\"https:\/\/www.driel-polen.nl\/herdenkingen\/herdenkingen-2015-2024\/2020-onthulling-gerestaureerde-glas-in-lood-raam-vertegenwoordiger-rksv-frans-essers\/\" \/>\n<meta property=\"og:locale\" content=\"en_US\" \/>\n<meta property=\"og:type\" content=\"article\" \/>\n<meta property=\"og:title\" content=\"2020 Unveiling restored stained glass window Representative RKSV Driel \u2013 Frans Essers - Stichting Driel-Polen\" \/>\n<meta property=\"og:description\" content=\"Unveiling restored stained glass window Representative RKSV Driel \u2013 Frans Essers 18 September 2020 Dear members present, It is really very special that I can stand here. No, I am not a veteran. I was not involved in or experienced &hellip;\" \/>\n<meta property=\"og:url\" content=\"https:\/\/www.driel-polen.nl\/herdenkingen\/herdenkingen-2015-2024\/2020-onthulling-gerestaureerde-glas-in-lood-raam-vertegenwoordiger-rksv-frans-essers\/\" \/>\n<meta property=\"og:site_name\" content=\"Stichting Driel-Polen\" \/>\n<meta property=\"article:modified_time\" content=\"2021-01-12T13:13:18+00:00\" \/>\n<meta name=\"twitter:label1\" content=\"Est. reading time\" \/>\n\t<meta name=\"twitter:data1\" content=\"18 minutes\" \/>\n<script type=\"application\/ld+json\" class=\"yoast-schema-graph\">{\"@context\":\"https:\\\/\\\/schema.org\",\"@graph\":[{\"@type\":\"WebPage\",\"@id\":\"https:\\\/\\\/www.driel-polen.nl\\\/herdenkingen\\\/herdenkingen-2015-2024\\\/2020-onthulling-gerestaureerde-glas-in-lood-raam-vertegenwoordiger-rksv-frans-essers\\\/\",\"url\":\"https:\\\/\\\/www.driel-polen.nl\\\/herdenkingen\\\/herdenkingen-2015-2024\\\/2020-onthulling-gerestaureerde-glas-in-lood-raam-vertegenwoordiger-rksv-frans-essers\\\/\",\"name\":\"2020 Unveiling restored stained glass window Representative RKSV Driel \u2013 Frans Essers - Stichting Driel-Polen\",\"isPartOf\":{\"@id\":\"https:\\\/\\\/www.driel-polen.nl\\\/nl\\\/#website\"},\"datePublished\":\"2020-09-18T16:40:45+00:00\",\"dateModified\":\"2021-01-12T13:13:18+00:00\",\"breadcrumb\":{\"@id\":\"https:\\\/\\\/www.driel-polen.nl\\\/herdenkingen\\\/herdenkingen-2015-2024\\\/2020-onthulling-gerestaureerde-glas-in-lood-raam-vertegenwoordiger-rksv-frans-essers\\\/#breadcrumb\"},\"inLanguage\":\"en-US\",\"potentialAction\":[{\"@type\":\"ReadAction\",\"target\":[\"https:\\\/\\\/www.driel-polen.nl\\\/herdenkingen\\\/herdenkingen-2015-2024\\\/2020-onthulling-gerestaureerde-glas-in-lood-raam-vertegenwoordiger-rksv-frans-essers\\\/\"]}]},{\"@type\":\"BreadcrumbList\",\"@id\":\"https:\\\/\\\/www.driel-polen.nl\\\/herdenkingen\\\/herdenkingen-2015-2024\\\/2020-onthulling-gerestaureerde-glas-in-lood-raam-vertegenwoordiger-rksv-frans-essers\\\/#breadcrumb\",\"itemListElement\":[{\"@type\":\"ListItem\",\"position\":1,\"name\":\"Herdenkingen\",\"item\":\"https:\\\/\\\/www.driel-polen.nl\\\/herdenkingen\\\/\"},{\"@type\":\"ListItem\",\"position\":2,\"name\":\"Herdenkingen 2015-2024\",\"item\":\"https:\\\/\\\/www.driel-polen.nl\\\/herdenkingen\\\/herdenkingen-2015-2024\\\/\"},{\"@type\":\"ListItem\",\"position\":3,\"name\":\"2020 Ods\u0142oni\u0119cie odrestaurowanego witra\u017ca Przedstawiciel RKSV \u2013 Frans Essers\"}]},{\"@type\":\"WebSite\",\"@id\":\"https:\\\/\\\/www.driel-polen.nl\\\/nl\\\/#website\",\"url\":\"https:\\\/\\\/www.driel-polen.nl\\\/nl\\\/\",\"name\":\"Stichting Driel-Polen\",\"description\":\"General St. Sosabowski\",\"potentialAction\":[{\"@type\":\"SearchAction\",\"target\":{\"@type\":\"EntryPoint\",\"urlTemplate\":\"https:\\\/\\\/www.driel-polen.nl\\\/nl\\\/?s={search_term_string}\"},\"query-input\":{\"@type\":\"PropertyValueSpecification\",\"valueRequired\":true,\"valueName\":\"search_term_string\"}}],\"inLanguage\":\"en-US\"}]}<\/script>\n<!-- \/ Yoast SEO plugin. -->","yoast_head_json":{"title":"2020 Unveiling restored stained glass window Representative RKSV Driel \u2013 Frans Essers - Stichting Driel-Polen","robots":{"index":"index","follow":"follow","max-snippet":"max-snippet:-1","max-image-preview":"max-image-preview:large","max-video-preview":"max-video-preview:-1"},"canonical":"https:\/\/www.driel-polen.nl\/herdenkingen\/herdenkingen-2015-2024\/2020-onthulling-gerestaureerde-glas-in-lood-raam-vertegenwoordiger-rksv-frans-essers\/","og_locale":"en_US","og_type":"article","og_title":"2020 Unveiling restored stained glass window Representative RKSV Driel \u2013 Frans Essers - Stichting Driel-Polen","og_description":"Unveiling restored stained glass window Representative RKSV Driel \u2013 Frans Essers 18 September 2020 Dear members present, It is really very special that I can stand here. No, I am not a veteran. I was not involved in or experienced &hellip;","og_url":"https:\/\/www.driel-polen.nl\/herdenkingen\/herdenkingen-2015-2024\/2020-onthulling-gerestaureerde-glas-in-lood-raam-vertegenwoordiger-rksv-frans-essers\/","og_site_name":"Stichting Driel-Polen","article_modified_time":"2021-01-12T13:13:18+00:00","twitter_misc":{"Est. reading time":"18 minutes"},"schema":{"@context":"https:\/\/schema.org","@graph":[{"@type":"WebPage","@id":"https:\/\/www.driel-polen.nl\/herdenkingen\/herdenkingen-2015-2024\/2020-onthulling-gerestaureerde-glas-in-lood-raam-vertegenwoordiger-rksv-frans-essers\/","url":"https:\/\/www.driel-polen.nl\/herdenkingen\/herdenkingen-2015-2024\/2020-onthulling-gerestaureerde-glas-in-lood-raam-vertegenwoordiger-rksv-frans-essers\/","name":"2020 Unveiling restored stained glass window Representative RKSV Driel \u2013 Frans Essers - Stichting Driel-Polen","isPartOf":{"@id":"https:\/\/www.driel-polen.nl\/nl\/#website"},"datePublished":"2020-09-18T16:40:45+00:00","dateModified":"2021-01-12T13:13:18+00:00","breadcrumb":{"@id":"https:\/\/www.driel-polen.nl\/herdenkingen\/herdenkingen-2015-2024\/2020-onthulling-gerestaureerde-glas-in-lood-raam-vertegenwoordiger-rksv-frans-essers\/#breadcrumb"},"inLanguage":"en-US","potentialAction":[{"@type":"ReadAction","target":["https:\/\/www.driel-polen.nl\/herdenkingen\/herdenkingen-2015-2024\/2020-onthulling-gerestaureerde-glas-in-lood-raam-vertegenwoordiger-rksv-frans-essers\/"]}]},{"@type":"BreadcrumbList","@id":"https:\/\/www.driel-polen.nl\/herdenkingen\/herdenkingen-2015-2024\/2020-onthulling-gerestaureerde-glas-in-lood-raam-vertegenwoordiger-rksv-frans-essers\/#breadcrumb","itemListElement":[{"@type":"ListItem","position":1,"name":"Herdenkingen","item":"https:\/\/www.driel-polen.nl\/herdenkingen\/"},{"@type":"ListItem","position":2,"name":"Herdenkingen 2015-2024","item":"https:\/\/www.driel-polen.nl\/herdenkingen\/herdenkingen-2015-2024\/"},{"@type":"ListItem","position":3,"name":"2020 Ods\u0142oni\u0119cie odrestaurowanego witra\u017ca Przedstawiciel RKSV \u2013 Frans Essers"}]},{"@type":"WebSite","@id":"https:\/\/www.driel-polen.nl\/nl\/#website","url":"https:\/\/www.driel-polen.nl\/nl\/","name":"Stichting Driel-Polen","description":"General St. Sosabowski","potentialAction":[{"@type":"SearchAction","target":{"@type":"EntryPoint","urlTemplate":"https:\/\/www.driel-polen.nl\/nl\/?s={search_term_string}"},"query-input":{"@type":"PropertyValueSpecification","valueRequired":true,"valueName":"search_term_string"}}],"inLanguage":"en-US"}]}},"_links":{"self":[{"href":"https:\/\/www.driel-polen.nl\/en\/wp-json\/wp\/v2\/pages\/4681","targetHints":{"allow":["GET"]}}],"collection":[{"href":"https:\/\/www.driel-polen.nl\/en\/wp-json\/wp\/v2\/pages"}],"about":[{"href":"https:\/\/www.driel-polen.nl\/en\/wp-json\/wp\/v2\/types\/page"}],"author":[{"embeddable":true,"href":"https:\/\/www.driel-polen.nl\/en\/wp-json\/wp\/v2\/users\/17"}],"replies":[{"embeddable":true,"href":"https:\/\/www.driel-polen.nl\/en\/wp-json\/wp\/v2\/comments?post=4681"}],"version-history":[{"count":3,"href":"https:\/\/www.driel-polen.nl\/en\/wp-json\/wp\/v2\/pages\/4681\/revisions"}],"predecessor-version":[{"id":4693,"href":"https:\/\/www.driel-polen.nl\/en\/wp-json\/wp\/v2\/pages\/4681\/revisions\/4693"}],"up":[{"embeddable":true,"href":"https:\/\/www.driel-polen.nl\/en\/wp-json\/wp\/v2\/pages\/5633"}],"wp:attachment":[{"href":"https:\/\/www.driel-polen.nl\/en\/wp-json\/wp\/v2\/media?parent=4681"}],"curies":[{"name":"wp","href":"https:\/\/api.w.org\/{rel}","templated":true}]}}