{"id":4671,"date":"2020-09-18T18:21:48","date_gmt":"2020-09-18T16:21:48","guid":{"rendered":"https:\/\/www.driel-polen.nl\/?page_id=4671"},"modified":"2021-01-12T14:16:00","modified_gmt":"2021-01-12T13:16:00","slug":"2020-opening-door-voorzitter-driel-polen-a-j-m-baltussen","status":"publish","type":"page","link":"https:\/\/www.driel-polen.nl\/en\/herdenkingen\/herdenkingen-2015-2024\/2020-opening-door-voorzitter-driel-polen-a-j-m-baltussen\/","title":{"rendered":"2020  Unveiling of the restored stained glass window Arno Baltussen Chairman Foundation Driel-Poland"},"content":{"rendered":"<p><\/p>\n<p style=\"text-align: center;\"><strong>Unveiling of the restored stained glass window<br \/>\n<\/strong><strong>Arno Baltussen Chairman Foundation Driel-Poland<br \/>\n<\/strong><strong>18 September 2020<\/strong><\/p>\n<p>General Grodzki,\u00a0 Burgomaster Hoytink-Roubos, committee members of the football club RKSV, ladies and gentlemen, boys and girls.<\/p>\n<p>Welcome at the unveiling of the restored stained glass window. This window was an important element in the band that developed in September 1944 between Driel and Poland and which, after the liberation in 1945, continued.<\/p>\n<p>Shortly after the people came back from their evacuation addresses they came quickly in contact with members of the 1<sup>st<\/sup> Polish Independent Parachute Brigade that at that moment as part of the occupying army were in Kleef and Gronau. From here they travelled frequently to Driel in search of the graves in the fields of comrades who had died\u00a0 and the remnants of the\u00a0 materials that they had had to leave behind during their retreat on 26 September 1944.<\/p>\n<p>The relationships during this period were strengthen on both sides.<\/p>\n<p>This must be the reason why those who took the initiative to set up the football club to choose the colours of the Polish flag.\u00a0 During the jubilee in 1985 the logo with the parachutist was added.<\/p>\n<p>Since October 1945 members play every week in the colours of the flag of Poland \u2013 at the moment 35 teams and 600 members. During the last 75 years it is unlikely that anyone had missed the fact that Poland and Driel are closely connected.<\/p>\n<p>Last year our foundation was asked by the committee of the football club how, in the year they celebrate their 75 years of existence they could make clear the link that they have with our liberators in the Information Centre in the years to come<em>. <\/em>\u00a0In the context of the Gelderland Herdenkt subsidy we developed\u00a0 a project that amongst others included the restauration and placing of the stained glass window.<\/p>\n<p>When we explored the history behind this window it emerged that it was an excellent object to express the relationship between our Polish liberators and the local football club. In the following speeches this will become clear.<\/p>\n<p>However, the sponsoring of this stained glass window is not all.<\/p>\n<p>Last year, with enthusiasm, an agreement has been made that during this weekend a football match would be played between the star teams of the 6<sup>th<\/sup> Airborne Brigade and the 1<sup>st<\/sup> team of RKSV. It is a pity that the current pandemic has been responsible for breaking play. I am sure that in the coming years both teams will take on this football match.\u00a0 Members of our foundation\u2019s board experienced that various members of the 6<sup>th<\/sup> Airborne Brigade are fighting for a place in the star team during this very special match. From the bottom of our hearts we hope that next year it will be possible to watch this football match.<\/p>\n<p>Thank you for your attention<br \/>\nCan I ask your attention for General Grodzki<\/p>","protected":false},"excerpt":{"rendered":"<p>Unveiling of the restored stained glass window Arno Baltussen Chairman Foundation Driel-Poland 18 September 2020 General Grodzki,\u00a0 Burgomaster Hoytink-Roubos, committee members of the football club RKSV, ladies and gentlemen, boys and girls. Welcome at the unveiling of the restored stained <span class=\"excerpt-dots\">&hellip;<\/span> <a class=\"more-link\" href=\"https:\/\/www.driel-polen.nl\/en\/herdenkingen\/herdenkingen-2015-2024\/2020-opening-door-voorzitter-driel-polen-a-j-m-baltussen\/\"><span class=\"more-msg\"><img decoding=\"async\" src=\"https:\/\/www.driel-polen.nl\/downloads\/lees-meer3.jpg\"><\/p>\n<hr class=\"wvrx-expand-full\" style=\"margin:0\"><\/span><\/a><\/p>\n","protected":false},"author":17,"featured_media":0,"parent":5633,"menu_order":0,"comment_status":"closed","ping_status":"closed","template":"","meta":{"_monsterinsights_skip_tracking":false,"_monsterinsights_sitenote_active":false,"_monsterinsights_sitenote_note":"","_monsterinsights_sitenote_category":0,"ngg_post_thumbnail":0,"footnotes":""},"class_list":["post-4671","page","type-page","status-publish","hentry"],"yoast_head":"<!-- This site is optimized with the Yoast SEO plugin v27.4 - https:\/\/yoast.com\/product\/yoast-seo-wordpress\/ -->\n<title>2020 Unveiling of the restored stained glass window Arno Baltussen Chairman Foundation Driel-Poland - Stichting Driel-Polen<\/title>\n<meta name=\"robots\" content=\"index, follow, max-snippet:-1, max-image-preview:large, max-video-preview:-1\" \/>\n<link rel=\"canonical\" href=\"https:\/\/www.driel-polen.nl\/herdenkingen\/herdenkingen-2015-2024\/2020-opening-door-voorzitter-driel-polen-a-j-m-baltussen\/\" \/>\n<meta property=\"og:locale\" content=\"en_US\" \/>\n<meta property=\"og:type\" content=\"article\" \/>\n<meta property=\"og:title\" content=\"2020 Unveiling of the restored stained glass window Arno Baltussen Chairman Foundation Driel-Poland - Stichting Driel-Polen\" \/>\n<meta property=\"og:description\" content=\"Unveiling of the restored stained glass window Arno Baltussen Chairman Foundation Driel-Poland 18 September 2020 General Grodzki,\u00a0 Burgomaster Hoytink-Roubos, committee members of the football club RKSV, ladies and gentlemen, boys and girls. Welcome at the unveiling of the restored stained &hellip;\" \/>\n<meta property=\"og:url\" content=\"https:\/\/www.driel-polen.nl\/herdenkingen\/herdenkingen-2015-2024\/2020-opening-door-voorzitter-driel-polen-a-j-m-baltussen\/\" \/>\n<meta property=\"og:site_name\" content=\"Stichting Driel-Polen\" \/>\n<meta property=\"article:modified_time\" content=\"2021-01-12T13:16:00+00:00\" \/>\n<meta name=\"twitter:label1\" content=\"Est. reading time\" \/>\n\t<meta name=\"twitter:data1\" content=\"7 minutes\" \/>\n<script type=\"application\/ld+json\" class=\"yoast-schema-graph\">{\"@context\":\"https:\\\/\\\/schema.org\",\"@graph\":[{\"@type\":\"WebPage\",\"@id\":\"https:\\\/\\\/www.driel-polen.nl\\\/herdenkingen\\\/herdenkingen-2015-2024\\\/2020-opening-door-voorzitter-driel-polen-a-j-m-baltussen\\\/\",\"url\":\"https:\\\/\\\/www.driel-polen.nl\\\/herdenkingen\\\/herdenkingen-2015-2024\\\/2020-opening-door-voorzitter-driel-polen-a-j-m-baltussen\\\/\",\"name\":\"2020 Unveiling of the restored stained glass window Arno Baltussen Chairman Foundation Driel-Poland - Stichting Driel-Polen\",\"isPartOf\":{\"@id\":\"https:\\\/\\\/www.driel-polen.nl\\\/nl\\\/#website\"},\"datePublished\":\"2020-09-18T16:21:48+00:00\",\"dateModified\":\"2021-01-12T13:16:00+00:00\",\"breadcrumb\":{\"@id\":\"https:\\\/\\\/www.driel-polen.nl\\\/herdenkingen\\\/herdenkingen-2015-2024\\\/2020-opening-door-voorzitter-driel-polen-a-j-m-baltussen\\\/#breadcrumb\"},\"inLanguage\":\"en-US\",\"potentialAction\":[{\"@type\":\"ReadAction\",\"target\":[\"https:\\\/\\\/www.driel-polen.nl\\\/herdenkingen\\\/herdenkingen-2015-2024\\\/2020-opening-door-voorzitter-driel-polen-a-j-m-baltussen\\\/\"]}]},{\"@type\":\"BreadcrumbList\",\"@id\":\"https:\\\/\\\/www.driel-polen.nl\\\/herdenkingen\\\/herdenkingen-2015-2024\\\/2020-opening-door-voorzitter-driel-polen-a-j-m-baltussen\\\/#breadcrumb\",\"itemListElement\":[{\"@type\":\"ListItem\",\"position\":1,\"name\":\"Herdenkingen\",\"item\":\"https:\\\/\\\/www.driel-polen.nl\\\/herdenkingen\\\/\"},{\"@type\":\"ListItem\",\"position\":2,\"name\":\"Herdenkingen 2015-2024\",\"item\":\"https:\\\/\\\/www.driel-polen.nl\\\/herdenkingen\\\/herdenkingen-2015-2024\\\/\"},{\"@type\":\"ListItem\",\"position\":3,\"name\":\"2020 Ods\u0142oni\u0119cie odrestaurowanego witra\u017ca Arno Baltussen \u2013 prezes Fundacji Driel-Polen\"}]},{\"@type\":\"WebSite\",\"@id\":\"https:\\\/\\\/www.driel-polen.nl\\\/nl\\\/#website\",\"url\":\"https:\\\/\\\/www.driel-polen.nl\\\/nl\\\/\",\"name\":\"Stichting Driel-Polen\",\"description\":\"General St. Sosabowski\",\"potentialAction\":[{\"@type\":\"SearchAction\",\"target\":{\"@type\":\"EntryPoint\",\"urlTemplate\":\"https:\\\/\\\/www.driel-polen.nl\\\/nl\\\/?s={search_term_string}\"},\"query-input\":{\"@type\":\"PropertyValueSpecification\",\"valueRequired\":true,\"valueName\":\"search_term_string\"}}],\"inLanguage\":\"en-US\"}]}<\/script>\n<!-- \/ Yoast SEO plugin. -->","yoast_head_json":{"title":"2020 Unveiling of the restored stained glass window Arno Baltussen Chairman Foundation Driel-Poland - Stichting Driel-Polen","robots":{"index":"index","follow":"follow","max-snippet":"max-snippet:-1","max-image-preview":"max-image-preview:large","max-video-preview":"max-video-preview:-1"},"canonical":"https:\/\/www.driel-polen.nl\/herdenkingen\/herdenkingen-2015-2024\/2020-opening-door-voorzitter-driel-polen-a-j-m-baltussen\/","og_locale":"en_US","og_type":"article","og_title":"2020 Unveiling of the restored stained glass window Arno Baltussen Chairman Foundation Driel-Poland - Stichting Driel-Polen","og_description":"Unveiling of the restored stained glass window Arno Baltussen Chairman Foundation Driel-Poland 18 September 2020 General Grodzki,\u00a0 Burgomaster Hoytink-Roubos, committee members of the football club RKSV, ladies and gentlemen, boys and girls. Welcome at the unveiling of the restored stained &hellip;","og_url":"https:\/\/www.driel-polen.nl\/herdenkingen\/herdenkingen-2015-2024\/2020-opening-door-voorzitter-driel-polen-a-j-m-baltussen\/","og_site_name":"Stichting Driel-Polen","article_modified_time":"2021-01-12T13:16:00+00:00","twitter_misc":{"Est. reading time":"7 minutes"},"schema":{"@context":"https:\/\/schema.org","@graph":[{"@type":"WebPage","@id":"https:\/\/www.driel-polen.nl\/herdenkingen\/herdenkingen-2015-2024\/2020-opening-door-voorzitter-driel-polen-a-j-m-baltussen\/","url":"https:\/\/www.driel-polen.nl\/herdenkingen\/herdenkingen-2015-2024\/2020-opening-door-voorzitter-driel-polen-a-j-m-baltussen\/","name":"2020 Unveiling of the restored stained glass window Arno Baltussen Chairman Foundation Driel-Poland - Stichting Driel-Polen","isPartOf":{"@id":"https:\/\/www.driel-polen.nl\/nl\/#website"},"datePublished":"2020-09-18T16:21:48+00:00","dateModified":"2021-01-12T13:16:00+00:00","breadcrumb":{"@id":"https:\/\/www.driel-polen.nl\/herdenkingen\/herdenkingen-2015-2024\/2020-opening-door-voorzitter-driel-polen-a-j-m-baltussen\/#breadcrumb"},"inLanguage":"en-US","potentialAction":[{"@type":"ReadAction","target":["https:\/\/www.driel-polen.nl\/herdenkingen\/herdenkingen-2015-2024\/2020-opening-door-voorzitter-driel-polen-a-j-m-baltussen\/"]}]},{"@type":"BreadcrumbList","@id":"https:\/\/www.driel-polen.nl\/herdenkingen\/herdenkingen-2015-2024\/2020-opening-door-voorzitter-driel-polen-a-j-m-baltussen\/#breadcrumb","itemListElement":[{"@type":"ListItem","position":1,"name":"Herdenkingen","item":"https:\/\/www.driel-polen.nl\/herdenkingen\/"},{"@type":"ListItem","position":2,"name":"Herdenkingen 2015-2024","item":"https:\/\/www.driel-polen.nl\/herdenkingen\/herdenkingen-2015-2024\/"},{"@type":"ListItem","position":3,"name":"2020 Ods\u0142oni\u0119cie odrestaurowanego witra\u017ca Arno Baltussen \u2013 prezes Fundacji Driel-Polen"}]},{"@type":"WebSite","@id":"https:\/\/www.driel-polen.nl\/nl\/#website","url":"https:\/\/www.driel-polen.nl\/nl\/","name":"Stichting Driel-Polen","description":"General St. Sosabowski","potentialAction":[{"@type":"SearchAction","target":{"@type":"EntryPoint","urlTemplate":"https:\/\/www.driel-polen.nl\/nl\/?s={search_term_string}"},"query-input":{"@type":"PropertyValueSpecification","valueRequired":true,"valueName":"search_term_string"}}],"inLanguage":"en-US"}]}},"_links":{"self":[{"href":"https:\/\/www.driel-polen.nl\/en\/wp-json\/wp\/v2\/pages\/4671","targetHints":{"allow":["GET"]}}],"collection":[{"href":"https:\/\/www.driel-polen.nl\/en\/wp-json\/wp\/v2\/pages"}],"about":[{"href":"https:\/\/www.driel-polen.nl\/en\/wp-json\/wp\/v2\/types\/page"}],"author":[{"embeddable":true,"href":"https:\/\/www.driel-polen.nl\/en\/wp-json\/wp\/v2\/users\/17"}],"replies":[{"embeddable":true,"href":"https:\/\/www.driel-polen.nl\/en\/wp-json\/wp\/v2\/comments?post=4671"}],"version-history":[{"count":4,"href":"https:\/\/www.driel-polen.nl\/en\/wp-json\/wp\/v2\/pages\/4671\/revisions"}],"predecessor-version":[{"id":4679,"href":"https:\/\/www.driel-polen.nl\/en\/wp-json\/wp\/v2\/pages\/4671\/revisions\/4679"}],"up":[{"embeddable":true,"href":"https:\/\/www.driel-polen.nl\/en\/wp-json\/wp\/v2\/pages\/5633"}],"wp:attachment":[{"href":"https:\/\/www.driel-polen.nl\/en\/wp-json\/wp\/v2\/media?parent=4671"}],"curies":[{"name":"wp","href":"https:\/\/api.w.org\/{rel}","templated":true}]}}