{"id":3805,"date":"2019-09-18T22:45:39","date_gmt":"2019-09-18T20:45:39","guid":{"rendered":"https:\/\/www.driel-polen.nl\/?page_id=3805"},"modified":"2021-01-12T14:34:50","modified_gmt":"2021-01-12T13:34:50","slug":"2019-minister-van-defensie","status":"publish","type":"page","link":"https:\/\/www.driel-polen.nl\/en\/herdenkingen\/herdenkingen-2015-2024\/2019-minister-van-defensie\/","title":{"rendered":"2019 Minister of Defence"},"content":{"rendered":"<p><\/p>\n<h4 style=\"text-align: center;\">Address by the Minister of Defence of the Netherlands<br \/>\nMrs Ank Bijleveld-Schouten<br \/>\nat the Commemoration of the contribution of the<br \/>\n1st Polish Independent Parachute Brigade<br \/>\nto Operation Market Garden, 75 years ago<br \/>\nDriel, 21 September 2019<\/h4>\n<p><em><strong>Ladies and gentlemen,<\/strong><\/em><br \/>\n<em><strong>Your Royal Highness The Prince of Wales,<\/strong><\/em><br \/>\n<strong><em>Veterans, military personnel<\/em>,<\/strong><\/p>\n<p>I\u2019m glad that we\u2019re all together here today;<br \/>\nYour Royal Highness, I know that your presence here today means a great deal to the veterans and military personnel from Poland.<br \/>\nWe have gathered here today to commemorate the courage of the men of the First Polish Independent Parachute Brigade.<br \/>\nSeventy-five years ago, they stood ready to jump, over Driel.<br \/>\nThose men had flown over the North Sea; they had waited days until they were finally able to get airborne.<br \/>\nAnd they already had a long journey behind them.<br \/>\nBecause they had been exiled, they had fled their country.<br \/>\nThey had reached England by way of such countries as Spain, Romania, Russia, Palestine, Iraq, Iran, Syria and the United States.<br \/>\nAmong them were people who had been in the Soviet labour camps.<br \/>\nThey had made long and arduous journeys, they had endured cold, hunger and pain.<br \/>\nAll to be able to don the grey beret \u2013 to wear it into battle.<\/p>\n<p>They could never have imagined that their long journey would bring them here: in an aircraft over the Netherlands.<\/p>\n<p>Their general, Stanislaw Sosabowski, had trained them for something else.<br \/>\nThey wanted to pay tribute to their fallen compatriots \u2026<br \/>\n\u2026who, earlier, in 1939, had fought so hard against the Germans.<br \/>\nNow, 5 years later, they wanted to help to liberate Warsaw.<br \/>\nBut they had received orders to take part in Market Garden.<br \/>\nAn operation that some regarded as ambitious and impressive.<br \/>\nAnd others \u2013 such as General Sosabowski \u2013 considered grotesque and dangerous.<br \/>\nBut whatever they thought of it, those Poles fought like lions.<br \/>\nAnyone who knows military personnel knows that their loyalty is beyond question.<br \/>\nThey do what is asked of them.<br \/>\nThey carry on when others stop.<br \/>\nAs Minister of Defence, I know that all too well.<br \/>\nAnd yet it never ceases to impress.<br \/>\nThose men were asked to fight for our freedom while the people of Poland were crying out for their help.<br \/>\nSome hoped that the jump from the aircraft, over a country more than 1000 kilometres from their motherland, would bring them a step closer to home.<br \/>\nMany of them just did what they were asked to do.<\/p>\n<p>Even though it was, as their general referred to it in secret, a leap of faith.<br \/>\nBecause they were not dropped at Elden, but at Driel;<br \/>\nThe ferry on which they were supposed to cross the Rhine had disappeared; when they tried to row across in rubber boats, they were shot at by the enemy.<br \/>\nNothing went according to plan, but the Polish men gave their all.<br \/>\nMen like Tadeusz Cisek.<br \/>\nHere with us today.<br \/>\nHe too was dropped in Driel on 21 September.<br \/>\nHe was in his early twenties.<br \/>\nA handsome young man, if the photos are anything to go by! J<br \/>\nTadeusz Cisek had also come a long way.<br \/>\nHe was deported to Kazakhstan in 1940 and was a prisoner in a Soviet camp.<br \/>\nFrom Russia, passing through countries such as Iran and Syria, he eventually reached England.<\/p>\n<p>Today, he is 96 years old.<br \/>\nAnd he is visiting these commemorations in the Netherlands for the first time.<br \/>\nIt was a long journey for him from his home in the United States.<br \/>\nCorporal Cisek, I thank you.<br \/>\nYou and your comrades from the brigade travelled a long road to fight for our freedom.<br \/>\nBut you have had to wait a long time for our formal recognition.<br \/>\nThe then Queen Beatrix awarded the Military Order of William to the First Polish Independent Parachute Brigade in 2006.<br \/>\nAnd the Bronze Lion, posthumously, to your General Sosabowski.<br \/>\nAt last, our lion embraced the Polish eagle.<\/p>\n<p>Corporal Cisek,<br \/>\nI am humbled by your courage and strength, and that of the two veterans next to you:<br \/>\nHenryk Kubinski and Konstanty Staszkiewicz.<br \/>\nWe will never forget our Polish friends.<br \/>\nMy own home town of Goor was also liberated by Polish troops, by the First Polish Armoured Division, on 8 April 1945.<br \/>\nI live near to the memorial.<br \/>\nAt commemorations such as today\u2019s, we are reminded of how much we owe to our allies for our freedom.<br \/>\nAnd that it is because of our alliance that we live in freedom today.<br \/>\nBecause unity deters.<br \/>\nThat is precisely why NATO maintains a strong presence in Poland and the Baltic states, with Dutch involvement too.<br \/>\nTogether we protect our freedom.<\/p>\n<p><strong>Honoured veterans,<br \/>\n<\/strong>You fought for what we hold dear.<\/p>\n<p>Thank you. Dzi\u0119kuj\u0119.<\/p>","protected":false},"excerpt":{"rendered":"<p>Address by the Minister of Defence of the Netherlands Mrs Ank Bijleveld-Schouten at the Commemoration of the contribution of the 1st Polish Independent Parachute Brigade to Operation Market Garden, 75 years ago Driel, 21 September 2019 Ladies and gentlemen, Your <span class=\"excerpt-dots\">&hellip;<\/span> <a class=\"more-link\" href=\"https:\/\/www.driel-polen.nl\/en\/herdenkingen\/herdenkingen-2015-2024\/2019-minister-van-defensie\/\"><span class=\"more-msg\"><img decoding=\"async\" src=\"https:\/\/www.driel-polen.nl\/downloads\/lees-meer3.jpg\"><\/p>\n<hr class=\"wvrx-expand-full\" style=\"margin:0\"><\/span><\/a><\/p>\n","protected":false},"author":17,"featured_media":0,"parent":5633,"menu_order":0,"comment_status":"closed","ping_status":"closed","template":"","meta":{"_monsterinsights_skip_tracking":false,"_monsterinsights_sitenote_active":false,"_monsterinsights_sitenote_note":"","_monsterinsights_sitenote_category":0,"ngg_post_thumbnail":0,"footnotes":""},"class_list":["post-3805","page","type-page","status-publish","hentry"],"yoast_head":"<!-- This site is optimized with the Yoast SEO plugin v27.4 - https:\/\/yoast.com\/product\/yoast-seo-wordpress\/ -->\n<title>2019 Minister of Defence - Stichting Driel-Polen<\/title>\n<meta name=\"robots\" content=\"index, follow, max-snippet:-1, max-image-preview:large, max-video-preview:-1\" \/>\n<link rel=\"canonical\" href=\"https:\/\/www.driel-polen.nl\/herdenkingen\/herdenkingen-2015-2024\/2019-minister-van-defensie\/\" \/>\n<meta property=\"og:locale\" content=\"en_US\" \/>\n<meta property=\"og:type\" content=\"article\" \/>\n<meta property=\"og:title\" content=\"2019 Minister of Defence - Stichting Driel-Polen\" \/>\n<meta property=\"og:description\" content=\"Address by the Minister of Defence of the Netherlands Mrs Ank Bijleveld-Schouten at the Commemoration of the contribution of the 1st Polish Independent Parachute Brigade to Operation Market Garden, 75 years ago Driel, 21 September 2019 Ladies and gentlemen, Your &hellip;\" \/>\n<meta property=\"og:url\" content=\"https:\/\/www.driel-polen.nl\/herdenkingen\/herdenkingen-2015-2024\/2019-minister-van-defensie\/\" \/>\n<meta property=\"og:site_name\" content=\"Stichting Driel-Polen\" \/>\n<meta property=\"article:modified_time\" content=\"2021-01-12T13:34:50+00:00\" \/>\n<meta name=\"twitter:label1\" content=\"Est. reading time\" \/>\n\t<meta name=\"twitter:data1\" content=\"11 minutes\" \/>\n<script type=\"application\/ld+json\" class=\"yoast-schema-graph\">{\"@context\":\"https:\\\/\\\/schema.org\",\"@graph\":[{\"@type\":\"WebPage\",\"@id\":\"https:\\\/\\\/www.driel-polen.nl\\\/herdenkingen\\\/herdenkingen-2015-2024\\\/2019-minister-van-defensie\\\/\",\"url\":\"https:\\\/\\\/www.driel-polen.nl\\\/herdenkingen\\\/herdenkingen-2015-2024\\\/2019-minister-van-defensie\\\/\",\"name\":\"2019 Minister of Defence - Stichting Driel-Polen\",\"isPartOf\":{\"@id\":\"https:\\\/\\\/www.driel-polen.nl\\\/nl\\\/#website\"},\"datePublished\":\"2019-09-18T20:45:39+00:00\",\"dateModified\":\"2021-01-12T13:34:50+00:00\",\"breadcrumb\":{\"@id\":\"https:\\\/\\\/www.driel-polen.nl\\\/herdenkingen\\\/herdenkingen-2015-2024\\\/2019-minister-van-defensie\\\/#breadcrumb\"},\"inLanguage\":\"en-US\",\"potentialAction\":[{\"@type\":\"ReadAction\",\"target\":[\"https:\\\/\\\/www.driel-polen.nl\\\/herdenkingen\\\/herdenkingen-2015-2024\\\/2019-minister-van-defensie\\\/\"]}]},{\"@type\":\"BreadcrumbList\",\"@id\":\"https:\\\/\\\/www.driel-polen.nl\\\/herdenkingen\\\/herdenkingen-2015-2024\\\/2019-minister-van-defensie\\\/#breadcrumb\",\"itemListElement\":[{\"@type\":\"ListItem\",\"position\":1,\"name\":\"Herdenkingen\",\"item\":\"https:\\\/\\\/www.driel-polen.nl\\\/herdenkingen\\\/\"},{\"@type\":\"ListItem\",\"position\":2,\"name\":\"Herdenkingen 2015-2024\",\"item\":\"https:\\\/\\\/www.driel-polen.nl\\\/herdenkingen\\\/herdenkingen-2015-2024\\\/\"},{\"@type\":\"ListItem\",\"position\":3,\"name\":\"2019 Przem\u00f3wienie minister Obrony Kr\u00f3lestwa Niderland\u00f3w\"}]},{\"@type\":\"WebSite\",\"@id\":\"https:\\\/\\\/www.driel-polen.nl\\\/nl\\\/#website\",\"url\":\"https:\\\/\\\/www.driel-polen.nl\\\/nl\\\/\",\"name\":\"Stichting Driel-Polen\",\"description\":\"General St. Sosabowski\",\"potentialAction\":[{\"@type\":\"SearchAction\",\"target\":{\"@type\":\"EntryPoint\",\"urlTemplate\":\"https:\\\/\\\/www.driel-polen.nl\\\/nl\\\/?s={search_term_string}\"},\"query-input\":{\"@type\":\"PropertyValueSpecification\",\"valueRequired\":true,\"valueName\":\"search_term_string\"}}],\"inLanguage\":\"en-US\"}]}<\/script>\n<!-- \/ Yoast SEO plugin. -->","yoast_head_json":{"title":"2019 Minister of Defence - Stichting Driel-Polen","robots":{"index":"index","follow":"follow","max-snippet":"max-snippet:-1","max-image-preview":"max-image-preview:large","max-video-preview":"max-video-preview:-1"},"canonical":"https:\/\/www.driel-polen.nl\/herdenkingen\/herdenkingen-2015-2024\/2019-minister-van-defensie\/","og_locale":"en_US","og_type":"article","og_title":"2019 Minister of Defence - Stichting Driel-Polen","og_description":"Address by the Minister of Defence of the Netherlands Mrs Ank Bijleveld-Schouten at the Commemoration of the contribution of the 1st Polish Independent Parachute Brigade to Operation Market Garden, 75 years ago Driel, 21 September 2019 Ladies and gentlemen, Your &hellip;","og_url":"https:\/\/www.driel-polen.nl\/herdenkingen\/herdenkingen-2015-2024\/2019-minister-van-defensie\/","og_site_name":"Stichting Driel-Polen","article_modified_time":"2021-01-12T13:34:50+00:00","twitter_misc":{"Est. reading time":"11 minutes"},"schema":{"@context":"https:\/\/schema.org","@graph":[{"@type":"WebPage","@id":"https:\/\/www.driel-polen.nl\/herdenkingen\/herdenkingen-2015-2024\/2019-minister-van-defensie\/","url":"https:\/\/www.driel-polen.nl\/herdenkingen\/herdenkingen-2015-2024\/2019-minister-van-defensie\/","name":"2019 Minister of Defence - Stichting Driel-Polen","isPartOf":{"@id":"https:\/\/www.driel-polen.nl\/nl\/#website"},"datePublished":"2019-09-18T20:45:39+00:00","dateModified":"2021-01-12T13:34:50+00:00","breadcrumb":{"@id":"https:\/\/www.driel-polen.nl\/herdenkingen\/herdenkingen-2015-2024\/2019-minister-van-defensie\/#breadcrumb"},"inLanguage":"en-US","potentialAction":[{"@type":"ReadAction","target":["https:\/\/www.driel-polen.nl\/herdenkingen\/herdenkingen-2015-2024\/2019-minister-van-defensie\/"]}]},{"@type":"BreadcrumbList","@id":"https:\/\/www.driel-polen.nl\/herdenkingen\/herdenkingen-2015-2024\/2019-minister-van-defensie\/#breadcrumb","itemListElement":[{"@type":"ListItem","position":1,"name":"Herdenkingen","item":"https:\/\/www.driel-polen.nl\/herdenkingen\/"},{"@type":"ListItem","position":2,"name":"Herdenkingen 2015-2024","item":"https:\/\/www.driel-polen.nl\/herdenkingen\/herdenkingen-2015-2024\/"},{"@type":"ListItem","position":3,"name":"2019 Przem\u00f3wienie minister Obrony Kr\u00f3lestwa Niderland\u00f3w"}]},{"@type":"WebSite","@id":"https:\/\/www.driel-polen.nl\/nl\/#website","url":"https:\/\/www.driel-polen.nl\/nl\/","name":"Stichting Driel-Polen","description":"General St. Sosabowski","potentialAction":[{"@type":"SearchAction","target":{"@type":"EntryPoint","urlTemplate":"https:\/\/www.driel-polen.nl\/nl\/?s={search_term_string}"},"query-input":{"@type":"PropertyValueSpecification","valueRequired":true,"valueName":"search_term_string"}}],"inLanguage":"en-US"}]}},"_links":{"self":[{"href":"https:\/\/www.driel-polen.nl\/en\/wp-json\/wp\/v2\/pages\/3805","targetHints":{"allow":["GET"]}}],"collection":[{"href":"https:\/\/www.driel-polen.nl\/en\/wp-json\/wp\/v2\/pages"}],"about":[{"href":"https:\/\/www.driel-polen.nl\/en\/wp-json\/wp\/v2\/types\/page"}],"author":[{"embeddable":true,"href":"https:\/\/www.driel-polen.nl\/en\/wp-json\/wp\/v2\/users\/17"}],"replies":[{"embeddable":true,"href":"https:\/\/www.driel-polen.nl\/en\/wp-json\/wp\/v2\/comments?post=3805"}],"version-history":[{"count":4,"href":"https:\/\/www.driel-polen.nl\/en\/wp-json\/wp\/v2\/pages\/3805\/revisions"}],"predecessor-version":[{"id":4033,"href":"https:\/\/www.driel-polen.nl\/en\/wp-json\/wp\/v2\/pages\/3805\/revisions\/4033"}],"up":[{"embeddable":true,"href":"https:\/\/www.driel-polen.nl\/en\/wp-json\/wp\/v2\/pages\/5633"}],"wp:attachment":[{"href":"https:\/\/www.driel-polen.nl\/en\/wp-json\/wp\/v2\/media?parent=3805"}],"curies":[{"name":"wp","href":"https:\/\/api.w.org\/{rel}","templated":true}]}}