{"id":2053,"date":"2017-09-18T08:45:21","date_gmt":"2017-09-18T06:45:21","guid":{"rendered":"http:\/\/www.driel-polen.nl\/?page_id=2053"},"modified":"2021-01-12T14:59:10","modified_gmt":"2021-01-12T13:59:10","slug":"voorzitter-stichting-driel-polen","status":"publish","type":"page","link":"https:\/\/www.driel-polen.nl\/en\/herdenkingen\/herdenkingen-2015-2024\/voorzitter-stichting-driel-polen\/","title":{"rendered":"2017 Chairman of the Foundation Driel-Polen, Mr. A.J.M. Baltussen"},"content":{"rendered":"<p><\/p>\n<h4 style=\"text-align: center;\"><span style=\"color: #000000;\">Address by the Chairman of the Foundation Driel-Polen,<br \/>\nMr. A.J.M. Baltussen,<br \/>\nat the Commemoration of the contribution of the 1st Polish Independent Parachute Brigade to Operation Market Garden, 73 years ago<\/span><br \/>\n<em><strong><span style=\"color: #000000;\">Driel, 16 September 2017<\/span><\/strong><\/em><\/h4>\n<p><em><strong>Panie i Panowie,<\/strong><\/em><br \/>\n<em><strong> Ladies &amp; Gentlemen,<\/strong><\/em><br \/>\n<em><strong> Dames &amp; Heren<\/strong><\/em><br \/>\nOn behalf of the Driel-Polen Foundation I would like to welcome you all to this commemoration, where we give special attention to the contribution of the 1st Polish Independent Parachute Brigade to Operation Market Garden &#8211; 73 years ago.<\/p>\n<p>A special word of welcome to<\/p>\n<p>The 5 Polish Veterans, who could make the way to Driel from their home in Great Britain, Canada and the USA Mr. Kubi\u0144ski,<br \/>\nMr Opalacz, Mr. Staszkiewicz , Mr. Wojciechowski and<br \/>\nMr. Ziolowski.<br \/>\nAnd Mrs. Nawrocka a previous member of the Armia Krakowia and widow of a member of the Brigade.<br \/>\nAlso to the other widows of Polish veterans living in the UK and the Netherlands.<br \/>\nThe Ambassador of the Republic of Poland in the Kingdom of the Netherlands His Excellency Professor Czepelak and Mrs. Czepelak<br \/>\nThe Ambassadors of Great Britain His Excellency Mr. Wilson and from Canada Her Excellency Mrs. N\u00f6lke and the charg\u00e9 d\u2019\u00e1ffaires from the United States of America Mr. Crowley.<br \/>\nThe King\u2019s Commissioner of our province Mr. Cornielje<br \/>\nCommander of the 6th Airborne Brigade, Brigade General Ha\u0142upka and other members from this Brigade<br \/>\nLt. Gen. Sir Lorimer, Lady Lorimer and other members of the Para Regiment and<br \/>\nBrigade General Smits and Mrs. Smits on behalf of the Commander of the Dutch Armed Forces<br \/>\nThe Burgomaster of this municipality Mr. Van Asseldonk and his partner Mr. Diepeveen<br \/>\nThe representatives of the Sosabowski family Mr. Jeremy Sosabowski and his partner Bettina Beinhoff and Mrs. Tomczyk Sosabowska<br \/>\nThe representative of the British veterans Staff Sgt. Laurie Weeden<br \/>\nThe Burgomasters of the partner municipalities of Overbetuwe<br \/>\nFrom Germany Mr. Wernard representing Usingen and Mr. H\u00fcrtgen representing Z\u00fclpich<br \/>\nFrom Poland the representative of the burgomaster from Boleszkowice Mr. Bukiel.<br \/>\nThe marshal of Lubielski, Mr. Sosnowski and the members of his delegation.<br \/>\nProfessor Wawer, historian specialised in the history of the Polish Armed Forces in the West during WW2 and director of the Royal \u0141azienki Museum in Warsaw<br \/>\nand<br \/>\nthe director of the Polish Army Museum Mr. Adam Bu\u0142awa and his colleague Mrs. Anna Popielarczyk-Pa\u0142\u0119ga<br \/>\nAll the British veterans present this afternoon<\/p>\n<p><em><strong>Ladies and Gentlemen,<\/strong><\/em><br \/>\nWe wish you a warm welcome this afternoon when we remember the contribution of the 1st Polish Independent Parachute Brigade to Operation Market Garden 73 years ago.<\/p>\n<p>A year ago we had contact with nearly 50 veterans worldwide who were members of the 1st Polish Independent Parachute Brigade and who had taken part in Operation Market Garden. Now there are just 40 veterans who are still alive. Given the fact that they are over 90 years old this is to be expected.<\/p>\n<p>I would like to mention one of the veterans who passed away this year. On 31 January 2017 Alfons Victor Mackowiak &#8211; also well known as Alan Mack &#8211; passed away. He was 100 years old. On 18 September 1944 he landed in a glider near Wolfheze, was active in the struggle in and around Oosterbeek, was wounded by the Oude Kerk \u2013 Old Church and brought the last months of the war as a prisoner of war in Camp Spangenberg. During the war he held the rank of Captain.<br \/>\nAfter 1947, in England, he contributed as a highly respected and valued sports instructor to amongst others the skills of Olympic athletes. In the course of his life he was promoted to Colonel. After his death President Andrzej Duda promoted him to the rank of Brigadier General. Next week Saturday the urn with his ashes will be laid to rest in Warsaw\u2019s military graveyard.<\/p>\n<p>He will be in our thoughts this afternoon together with the other veterans who passed away since last year\u2019s commemoration.<\/p>\n<p>Because this year is not a quinquennium you might think that in addition to the 2017 remembrance ceremony and a visit to our information centre there are no other special activities. Nothing could be further from the truth.<br \/>\nOne hundred and twenty five years ago on 8 May 1892 General Stanislaw Sosabowski was born. On 8 May, Poland celebrates the name day of Saint Stanislaw. Every reason not to let this day go unrecognized. Therefore, on 8 May here on this square the General Stanislaw Sosabowski tulip was christened.<\/p>\n<p>Another special event that I would like to draw your attention to is the unveiling of a bust of General Sosabowski in Warsaw next week Saturday. The statue has been created by the Dutch sculptor Martin Abspoel and was acquired by the Dutch Embassy in Poland in 2014. It will come to stand in a square in Warsaw where &#8211; in 2018 &#8211; the new Polish Army museum will be established.<\/p>\n<p>Next week Thursday in Krakow the annual commemoration of the setting up of the 1st Polish Independent Parachute Brigade on 23 September 1941 will be celebrated. On Friday the board of Stichting Driel-Polen will also attend the celebrations of the 60th anniversary of the Polish Army Parachutists and that 80 years ago for the first time Polish soldiers used parachutes.<\/p>\n<p>Girls and boys in the choir. It is fantastic that you &#8211; as a group &#8211; are here today to sing and together with the members of the Promyki Krakowa orchestra lay flowers. We also offer a warm welcome to the young members of the football club who are dressed in their team\u2019s colours &#8211; colours representative of the Polish flag &#8211; and which carry the emblem of a parachutist. We very much appreciate that later this afternoon you will also be involved in the wreath laying ceremony.<\/p>\n<p>We remember we know it was Polish parachutists who &#8211; 73 years ago &#8211; in Driel not far from here landed with their parachutes to fight for our parents, grand-parents and great grand-parents against the enemy that had captured our country. By doing so they contributed to the freedom that we experience today.<\/p>\n<p>Remembrance is important to ensure that we continue to be aware that freedom didn\u2019t just come to us. We should be aware that others committed themselves and continue to commit themselves to our freedom even at the risk of their own lives. In the past but also today.<\/p>\n<p>At the beginning of the war Polish parachutist together with others fled or was driven out of their country. Via complex routes they eventually came together in Scotland. There on 23 September 1941 they set up their Brigade.<\/p>\n<p>For us all \u2013 but certainly for these five veterans \u2013 it is very significant and special that you, accompanied by peers from Poland, will sing two songs in Polish. Also the contribution of the football club is very much appreciated.<\/p>\n<p>Wishing you success this afternoon!!<\/p>","protected":false},"excerpt":{"rendered":"<p>Address by the Chairman of the Foundation Driel-Polen, Mr. A.J.M. Baltussen, at the Commemoration of the contribution of the 1st Polish Independent Parachute Brigade to Operation Market Garden, 73 years ago Driel, 16 September 2017 Panie i Panowie, Ladies &amp; <span class=\"excerpt-dots\">&hellip;<\/span> <a class=\"more-link\" href=\"https:\/\/www.driel-polen.nl\/en\/herdenkingen\/herdenkingen-2015-2024\/voorzitter-stichting-driel-polen\/\"><span class=\"more-msg\"><img decoding=\"async\" src=\"https:\/\/www.driel-polen.nl\/downloads\/lees-meer3.jpg\"><\/p>\n<hr class=\"wvrx-expand-full\" style=\"margin:0\"><\/span><\/a><\/p>\n","protected":false},"author":17,"featured_media":0,"parent":5633,"menu_order":1,"comment_status":"closed","ping_status":"closed","template":"","meta":{"_monsterinsights_skip_tracking":false,"_monsterinsights_sitenote_active":false,"_monsterinsights_sitenote_note":"","_monsterinsights_sitenote_category":0,"ngg_post_thumbnail":0,"footnotes":""},"class_list":["post-2053","page","type-page","status-publish","hentry"],"yoast_head":"<!-- This site is optimized with the Yoast SEO plugin v27.4 - https:\/\/yoast.com\/product\/yoast-seo-wordpress\/ -->\n<title>2017 Chairman of the Foundation Driel-Polen, Mr. A.J.M. Baltussen - Stichting Driel-Polen<\/title>\n<meta name=\"robots\" content=\"index, follow, max-snippet:-1, max-image-preview:large, max-video-preview:-1\" \/>\n<link rel=\"canonical\" href=\"https:\/\/www.driel-polen.nl\/herdenkingen\/herdenkingen-2015-2024\/voorzitter-stichting-driel-polen\/\" \/>\n<meta property=\"og:locale\" content=\"en_US\" \/>\n<meta property=\"og:type\" content=\"article\" \/>\n<meta property=\"og:title\" content=\"2017 Chairman of the Foundation Driel-Polen, Mr. A.J.M. Baltussen - Stichting Driel-Polen\" \/>\n<meta property=\"og:description\" content=\"Address by the Chairman of the Foundation Driel-Polen, Mr. A.J.M. Baltussen, at the Commemoration of the contribution of the 1st Polish Independent Parachute Brigade to Operation Market Garden, 73 years ago Driel, 16 September 2017 Panie i Panowie, Ladies &amp; &hellip;\" \/>\n<meta property=\"og:url\" content=\"https:\/\/www.driel-polen.nl\/herdenkingen\/herdenkingen-2015-2024\/voorzitter-stichting-driel-polen\/\" \/>\n<meta property=\"og:site_name\" content=\"Stichting Driel-Polen\" \/>\n<meta property=\"article:modified_time\" content=\"2021-01-12T13:59:10+00:00\" \/>\n<meta name=\"twitter:label1\" content=\"Est. reading time\" \/>\n\t<meta name=\"twitter:data1\" content=\"16 minutes\" \/>\n<script type=\"application\/ld+json\" class=\"yoast-schema-graph\">{\"@context\":\"https:\\\/\\\/schema.org\",\"@graph\":[{\"@type\":\"WebPage\",\"@id\":\"https:\\\/\\\/www.driel-polen.nl\\\/herdenkingen\\\/herdenkingen-2015-2024\\\/voorzitter-stichting-driel-polen\\\/\",\"url\":\"https:\\\/\\\/www.driel-polen.nl\\\/herdenkingen\\\/herdenkingen-2015-2024\\\/voorzitter-stichting-driel-polen\\\/\",\"name\":\"2017 Chairman of the Foundation Driel-Polen, Mr. A.J.M. Baltussen - Stichting Driel-Polen\",\"isPartOf\":{\"@id\":\"https:\\\/\\\/www.driel-polen.nl\\\/nl\\\/#website\"},\"datePublished\":\"2017-09-18T06:45:21+00:00\",\"dateModified\":\"2021-01-12T13:59:10+00:00\",\"breadcrumb\":{\"@id\":\"https:\\\/\\\/www.driel-polen.nl\\\/herdenkingen\\\/herdenkingen-2015-2024\\\/voorzitter-stichting-driel-polen\\\/#breadcrumb\"},\"inLanguage\":\"en-US\",\"potentialAction\":[{\"@type\":\"ReadAction\",\"target\":[\"https:\\\/\\\/www.driel-polen.nl\\\/herdenkingen\\\/herdenkingen-2015-2024\\\/voorzitter-stichting-driel-polen\\\/\"]}]},{\"@type\":\"BreadcrumbList\",\"@id\":\"https:\\\/\\\/www.driel-polen.nl\\\/herdenkingen\\\/herdenkingen-2015-2024\\\/voorzitter-stichting-driel-polen\\\/#breadcrumb\",\"itemListElement\":[{\"@type\":\"ListItem\",\"position\":1,\"name\":\"Herdenkingen\",\"item\":\"https:\\\/\\\/www.driel-polen.nl\\\/herdenkingen\\\/\"},{\"@type\":\"ListItem\",\"position\":2,\"name\":\"Herdenkingen 2015-2024\",\"item\":\"https:\\\/\\\/www.driel-polen.nl\\\/herdenkingen\\\/herdenkingen-2015-2024\\\/\"},{\"@type\":\"ListItem\",\"position\":3,\"name\":\"2017 Przewodnicz\u0105cy Fundacji Driel-Polen, Pan A.J.M.Baltussen\"}]},{\"@type\":\"WebSite\",\"@id\":\"https:\\\/\\\/www.driel-polen.nl\\\/nl\\\/#website\",\"url\":\"https:\\\/\\\/www.driel-polen.nl\\\/nl\\\/\",\"name\":\"Stichting Driel-Polen\",\"description\":\"General St. Sosabowski\",\"potentialAction\":[{\"@type\":\"SearchAction\",\"target\":{\"@type\":\"EntryPoint\",\"urlTemplate\":\"https:\\\/\\\/www.driel-polen.nl\\\/nl\\\/?s={search_term_string}\"},\"query-input\":{\"@type\":\"PropertyValueSpecification\",\"valueRequired\":true,\"valueName\":\"search_term_string\"}}],\"inLanguage\":\"en-US\"}]}<\/script>\n<!-- \/ Yoast SEO plugin. -->","yoast_head_json":{"title":"2017 Chairman of the Foundation Driel-Polen, Mr. A.J.M. Baltussen - Stichting Driel-Polen","robots":{"index":"index","follow":"follow","max-snippet":"max-snippet:-1","max-image-preview":"max-image-preview:large","max-video-preview":"max-video-preview:-1"},"canonical":"https:\/\/www.driel-polen.nl\/herdenkingen\/herdenkingen-2015-2024\/voorzitter-stichting-driel-polen\/","og_locale":"en_US","og_type":"article","og_title":"2017 Chairman of the Foundation Driel-Polen, Mr. A.J.M. Baltussen - Stichting Driel-Polen","og_description":"Address by the Chairman of the Foundation Driel-Polen, Mr. A.J.M. Baltussen, at the Commemoration of the contribution of the 1st Polish Independent Parachute Brigade to Operation Market Garden, 73 years ago Driel, 16 September 2017 Panie i Panowie, Ladies &amp; &hellip;","og_url":"https:\/\/www.driel-polen.nl\/herdenkingen\/herdenkingen-2015-2024\/voorzitter-stichting-driel-polen\/","og_site_name":"Stichting Driel-Polen","article_modified_time":"2021-01-12T13:59:10+00:00","twitter_misc":{"Est. reading time":"16 minutes"},"schema":{"@context":"https:\/\/schema.org","@graph":[{"@type":"WebPage","@id":"https:\/\/www.driel-polen.nl\/herdenkingen\/herdenkingen-2015-2024\/voorzitter-stichting-driel-polen\/","url":"https:\/\/www.driel-polen.nl\/herdenkingen\/herdenkingen-2015-2024\/voorzitter-stichting-driel-polen\/","name":"2017 Chairman of the Foundation Driel-Polen, Mr. A.J.M. Baltussen - Stichting Driel-Polen","isPartOf":{"@id":"https:\/\/www.driel-polen.nl\/nl\/#website"},"datePublished":"2017-09-18T06:45:21+00:00","dateModified":"2021-01-12T13:59:10+00:00","breadcrumb":{"@id":"https:\/\/www.driel-polen.nl\/herdenkingen\/herdenkingen-2015-2024\/voorzitter-stichting-driel-polen\/#breadcrumb"},"inLanguage":"en-US","potentialAction":[{"@type":"ReadAction","target":["https:\/\/www.driel-polen.nl\/herdenkingen\/herdenkingen-2015-2024\/voorzitter-stichting-driel-polen\/"]}]},{"@type":"BreadcrumbList","@id":"https:\/\/www.driel-polen.nl\/herdenkingen\/herdenkingen-2015-2024\/voorzitter-stichting-driel-polen\/#breadcrumb","itemListElement":[{"@type":"ListItem","position":1,"name":"Herdenkingen","item":"https:\/\/www.driel-polen.nl\/herdenkingen\/"},{"@type":"ListItem","position":2,"name":"Herdenkingen 2015-2024","item":"https:\/\/www.driel-polen.nl\/herdenkingen\/herdenkingen-2015-2024\/"},{"@type":"ListItem","position":3,"name":"2017 Przewodnicz\u0105cy Fundacji Driel-Polen, Pan A.J.M.Baltussen"}]},{"@type":"WebSite","@id":"https:\/\/www.driel-polen.nl\/nl\/#website","url":"https:\/\/www.driel-polen.nl\/nl\/","name":"Stichting Driel-Polen","description":"General St. Sosabowski","potentialAction":[{"@type":"SearchAction","target":{"@type":"EntryPoint","urlTemplate":"https:\/\/www.driel-polen.nl\/nl\/?s={search_term_string}"},"query-input":{"@type":"PropertyValueSpecification","valueRequired":true,"valueName":"search_term_string"}}],"inLanguage":"en-US"}]}},"_links":{"self":[{"href":"https:\/\/www.driel-polen.nl\/en\/wp-json\/wp\/v2\/pages\/2053","targetHints":{"allow":["GET"]}}],"collection":[{"href":"https:\/\/www.driel-polen.nl\/en\/wp-json\/wp\/v2\/pages"}],"about":[{"href":"https:\/\/www.driel-polen.nl\/en\/wp-json\/wp\/v2\/types\/page"}],"author":[{"embeddable":true,"href":"https:\/\/www.driel-polen.nl\/en\/wp-json\/wp\/v2\/users\/17"}],"replies":[{"embeddable":true,"href":"https:\/\/www.driel-polen.nl\/en\/wp-json\/wp\/v2\/comments?post=2053"}],"version-history":[{"count":10,"href":"https:\/\/www.driel-polen.nl\/en\/wp-json\/wp\/v2\/pages\/2053\/revisions"}],"predecessor-version":[{"id":4083,"href":"https:\/\/www.driel-polen.nl\/en\/wp-json\/wp\/v2\/pages\/2053\/revisions\/4083"}],"up":[{"embeddable":true,"href":"https:\/\/www.driel-polen.nl\/en\/wp-json\/wp\/v2\/pages\/5633"}],"wp:attachment":[{"href":"https:\/\/www.driel-polen.nl\/en\/wp-json\/wp\/v2\/media?parent=2053"}],"curies":[{"name":"wp","href":"https:\/\/api.w.org\/{rel}","templated":true}]}}