{"id":1723,"date":"2016-09-19T12:26:37","date_gmt":"2016-09-19T10:26:37","guid":{"rendered":"http:\/\/www.driel-polen.nl\/?page_id=1723"},"modified":"2021-01-12T15:19:45","modified_gmt":"2021-01-12T14:19:45","slug":"ambassador-the-republic-poland-the-netherlands","status":"publish","type":"page","link":"https:\/\/www.driel-polen.nl\/en\/herdenkingen\/herdenkingen-2015-2024\/ambassador-the-republic-poland-the-netherlands\/","title":{"rendered":"2016 Ambassador of the Republic of Poland in the Netherlands"},"content":{"rendered":"<p><\/p>\n<h4 style=\"text-align: center;\"><span style=\"color: #000000;\">Address by the Ambassador of the Republic of Poland in the Netherlands,<br \/>\nH.E. Dr. Jan Borkowski,<\/span><br \/>\n<span style=\"color: #000000;\">at the Commemoration of the contribution of the 1st Polish Independent Parachute Brigade to Operation Market Garden, 72 years ago<\/span><br \/>\n<span style=\"color: #000000;\">Driel, 17 September 2016<\/span><\/h4>\n<p><em><strong>Szanowni Weterani,<\/strong><\/em><br \/>\n<em><strong>Mister Mayor,<\/strong><\/em><br \/>\n<em><strong>Excellencies,<\/strong><\/em><br \/>\n<em><strong>Dames en Heren,<\/strong><\/em><br \/>\n<em><strong>Szanowni Pa\u0144stwo!<\/strong><\/em><br \/>\nToday we are celebrating the seventy-second anniversary of the Battle of Arnhem. I am particularly honored to come to Driel for the fifth time during my term as the Ambassador of Poland to the Netherlands, to pay tribute to General Sosabowski and his soldiers.<\/p>\n<p>We have also another particular occasion to celebrate today \u2013 ten years ago Queen Beatrix awarded, posthumously, the Bronze Lion to General Sosabowski for his actions in Operation Market Garden. This rare decoration is awarded to servicemen who have shown extreme bravery and leadership in the battle. This way, General Sosabowski got the recognition he deserved.<\/p>\n<p>I am mentioning this because I wish once again to underline our gratefulness to Queen Beatrix for her recognition of General Sosabowski ten years ago. We are equally grateful to all Dutch friends who made this restitution of memory possible. The Dutch set an example for every country how we should commonly cherish the heritage of our common history.<\/p>\n<p>Chcia\u0142bym si\u0119 teraz zwr\u00f3ci\u0107 do Polak\u00f3w, moich rodak\u00f3w, tu zgromadzonych na Placu Polskim w Driel. Szanowni Pa\u0144stwo! Dzisiaj jest z nami trzech weteran\u00f3w, panowie Kubinski, Staszkiewicz i Wojciechowski. Oni s\u0105 g\u0142\u00f3wnymi bohaterami dzisiejszej uroczysto\u015bci i to dzi\u0119ki nim Polska nale\u017cy do rodziny wolnych narod\u00f3w europejskich.<\/p>\n<p>Drodzy Weterani! Zwracam si\u0119 do Was w imieniu Rzeczypospolitej. Dzisiejsza uroczysto\u015b\u0107 jest przede wszystkim Waszym \u015bwi\u0119tem. To Wy pozbawieni mo\u017cliwo\u015bci walki w Powstaniu Warszawskim skierowani zostali\u015bcie do walki o wolno\u015b\u0107 Holandii. Pomimo, \u017ce Operacja Market Garden nie osi\u0105gn\u0119\u0142a zamierzonego celu, to wojna po kilku miesi\u0105cach zako\u0144czy\u0142a si\u0119 zwyci\u0119stwem, r\u00f3wnie\u017c dzi\u0119ki Wam. W imieniu w\u0142adz polskich i polskiego spo\u0142ecze\u0144stwa serdecznie Wam dzi\u0119kuj\u0119 za dzisiejsz\u0105 wolno\u015b\u0107 i \u017cycz\u0119 wielu lat w zdrowiu i pomy\u015blno\u015bci.<\/p>\n<p><em><strong>Ladies and Gentlemen,<\/strong><\/em><br \/>\nI would like to also pay special tribute to all Dutch friends who have cultivated the memory of General Sosabowski\u2019s soldiers in the Netherlands. As this is perhaps the last time I am here in Driel in my official capacity as the Ambassador of Poland, let me mention how grateful I am to Mr. Arno Baltussen, the honorary consul of Poland in Gelderland, and all the persons actively involved in the activities of the Foundation Driel-Polen, for all these years of promoting remembrance of Polish troops here in Gelderland. My warm thankfulness goes also to the authorities of Driel and Overbetuwe as well as to regional authorities of Gelderland together with the Commissioner of the King, Mr. Cornielje.<\/p>\n<p><em><strong>Dear Dutch Friends,<\/strong><\/em><br \/>\n<em><strong>Ladies and Gentlemen,<\/strong><\/em><br \/>\nEvery year in September we meet here in Driel at the Polish Square to commemorate those who sacrificed their lives so that we could live today in a free and democratic Europe. Of course, since 1944 many aspects of our lives have changed significantly. We are faced with new challenges and dangers. But one thing has remained the same. It is the bonds which were then established and which have evolved into Polish-Dutch friendship. Between ordinary people and between the two states.<\/p>\n<p>That is why, as I look back on my more than four years in the Netherland, I see clearly that celebrations of the Second World War events were not only ceremonies connected with the past. They were perfectly rooted in the present times. Many groups of visitors coming to this country \u2013 soldiers, policemen, musicians, school children \u2013 they were all coming on the occasion of commemorations in Driel and in Breda. This is of huge importance, because despite the fact that Poland and the Netherlands are bound by a close political and cultural relationship, they still need further discovering.<\/p>\n<p>We live in challenging times, with the challenges like the migration waves and Brexit. But how are we able to understand migrants from Africa if we do not often know other nations from Europe? Europe still has a homework to do in discovering itself. Then we will be stronger and more prosperous. This is what soldiers of general Sosabowski teach us today.<\/p>\n<p><em><strong>Ladies and Gentleman, Dames en Heren!<\/strong><\/em><br \/>\nI wish you yet many years of keeping Polish-Dutch friendship alive.<\/p>\n<p>Thank you for your attention.<\/p>","protected":false},"excerpt":{"rendered":"<p>Address by the Ambassador of the Republic of Poland in the Netherlands, H.E. Dr. Jan Borkowski, at the Commemoration of the contribution of the 1st Polish Independent Parachute Brigade to Operation Market Garden, 72 years ago Driel, 17 September 2016 <span class=\"excerpt-dots\">&hellip;<\/span> <a class=\"more-link\" href=\"https:\/\/www.driel-polen.nl\/en\/herdenkingen\/herdenkingen-2015-2024\/ambassador-the-republic-poland-the-netherlands\/\"><span class=\"more-msg\"><img decoding=\"async\" src=\"https:\/\/www.driel-polen.nl\/downloads\/lees-meer3.jpg\"><\/p>\n<hr class=\"wvrx-expand-full\" style=\"margin:0\"><\/span><\/a><\/p>\n","protected":false},"author":17,"featured_media":0,"parent":5633,"menu_order":3,"comment_status":"closed","ping_status":"closed","template":"","meta":{"_monsterinsights_skip_tracking":false,"_monsterinsights_sitenote_active":false,"_monsterinsights_sitenote_note":"","_monsterinsights_sitenote_category":0,"ngg_post_thumbnail":0,"footnotes":""},"class_list":["post-1723","page","type-page","status-publish","hentry"],"yoast_head":"<!-- This site is optimized with the Yoast SEO plugin v27.4 - https:\/\/yoast.com\/product\/yoast-seo-wordpress\/ -->\n<title>2016 Ambassador of the Republic of Poland in the Netherlands - Stichting Driel-Polen<\/title>\n<meta name=\"robots\" content=\"index, follow, max-snippet:-1, max-image-preview:large, max-video-preview:-1\" \/>\n<link rel=\"canonical\" href=\"https:\/\/www.driel-polen.nl\/herdenkingen\/herdenkingen-2015-2024\/ambassador-the-republic-poland-the-netherlands\/\" \/>\n<meta property=\"og:locale\" content=\"en_US\" \/>\n<meta property=\"og:type\" content=\"article\" \/>\n<meta property=\"og:title\" content=\"2016 Ambassador of the Republic of Poland in the Netherlands - Stichting Driel-Polen\" \/>\n<meta property=\"og:description\" content=\"Address by the Ambassador of the Republic of Poland in the Netherlands, H.E. Dr. Jan Borkowski, at the Commemoration of the contribution of the 1st Polish Independent Parachute Brigade to Operation Market Garden, 72 years ago Driel, 17 September 2016 &hellip;\" \/>\n<meta property=\"og:url\" content=\"https:\/\/www.driel-polen.nl\/herdenkingen\/herdenkingen-2015-2024\/ambassador-the-republic-poland-the-netherlands\/\" \/>\n<meta property=\"og:site_name\" content=\"Stichting Driel-Polen\" \/>\n<meta property=\"article:modified_time\" content=\"2021-01-12T14:19:45+00:00\" \/>\n<meta name=\"twitter:label1\" content=\"Est. reading time\" \/>\n\t<meta name=\"twitter:data1\" content=\"11 minutes\" \/>\n<script type=\"application\/ld+json\" class=\"yoast-schema-graph\">{\"@context\":\"https:\\\/\\\/schema.org\",\"@graph\":[{\"@type\":\"WebPage\",\"@id\":\"https:\\\/\\\/www.driel-polen.nl\\\/herdenkingen\\\/herdenkingen-2015-2024\\\/ambassador-the-republic-poland-the-netherlands\\\/\",\"url\":\"https:\\\/\\\/www.driel-polen.nl\\\/herdenkingen\\\/herdenkingen-2015-2024\\\/ambassador-the-republic-poland-the-netherlands\\\/\",\"name\":\"2016 Ambassador of the Republic of Poland in the Netherlands - Stichting Driel-Polen\",\"isPartOf\":{\"@id\":\"https:\\\/\\\/www.driel-polen.nl\\\/nl\\\/#website\"},\"datePublished\":\"2016-09-19T10:26:37+00:00\",\"dateModified\":\"2021-01-12T14:19:45+00:00\",\"breadcrumb\":{\"@id\":\"https:\\\/\\\/www.driel-polen.nl\\\/herdenkingen\\\/herdenkingen-2015-2024\\\/ambassador-the-republic-poland-the-netherlands\\\/#breadcrumb\"},\"inLanguage\":\"en-US\",\"potentialAction\":[{\"@type\":\"ReadAction\",\"target\":[\"https:\\\/\\\/www.driel-polen.nl\\\/herdenkingen\\\/herdenkingen-2015-2024\\\/ambassador-the-republic-poland-the-netherlands\\\/\"]}]},{\"@type\":\"BreadcrumbList\",\"@id\":\"https:\\\/\\\/www.driel-polen.nl\\\/herdenkingen\\\/herdenkingen-2015-2024\\\/ambassador-the-republic-poland-the-netherlands\\\/#breadcrumb\",\"itemListElement\":[{\"@type\":\"ListItem\",\"position\":1,\"name\":\"Herdenkingen\",\"item\":\"https:\\\/\\\/www.driel-polen.nl\\\/herdenkingen\\\/\"},{\"@type\":\"ListItem\",\"position\":2,\"name\":\"Herdenkingen 2015-2024\",\"item\":\"https:\\\/\\\/www.driel-polen.nl\\\/herdenkingen\\\/herdenkingen-2015-2024\\\/\"},{\"@type\":\"ListItem\",\"position\":3,\"name\":\"2016 Ambasadora Rzeczypospolitej Polskiej w Kr\u00f3lestwie Niderland\u00f3w\"}]},{\"@type\":\"WebSite\",\"@id\":\"https:\\\/\\\/www.driel-polen.nl\\\/nl\\\/#website\",\"url\":\"https:\\\/\\\/www.driel-polen.nl\\\/nl\\\/\",\"name\":\"Stichting Driel-Polen\",\"description\":\"General St. Sosabowski\",\"potentialAction\":[{\"@type\":\"SearchAction\",\"target\":{\"@type\":\"EntryPoint\",\"urlTemplate\":\"https:\\\/\\\/www.driel-polen.nl\\\/nl\\\/?s={search_term_string}\"},\"query-input\":{\"@type\":\"PropertyValueSpecification\",\"valueRequired\":true,\"valueName\":\"search_term_string\"}}],\"inLanguage\":\"en-US\"}]}<\/script>\n<!-- \/ Yoast SEO plugin. -->","yoast_head_json":{"title":"2016 Ambassador of the Republic of Poland in the Netherlands - Stichting Driel-Polen","robots":{"index":"index","follow":"follow","max-snippet":"max-snippet:-1","max-image-preview":"max-image-preview:large","max-video-preview":"max-video-preview:-1"},"canonical":"https:\/\/www.driel-polen.nl\/herdenkingen\/herdenkingen-2015-2024\/ambassador-the-republic-poland-the-netherlands\/","og_locale":"en_US","og_type":"article","og_title":"2016 Ambassador of the Republic of Poland in the Netherlands - Stichting Driel-Polen","og_description":"Address by the Ambassador of the Republic of Poland in the Netherlands, H.E. Dr. Jan Borkowski, at the Commemoration of the contribution of the 1st Polish Independent Parachute Brigade to Operation Market Garden, 72 years ago Driel, 17 September 2016 &hellip;","og_url":"https:\/\/www.driel-polen.nl\/herdenkingen\/herdenkingen-2015-2024\/ambassador-the-republic-poland-the-netherlands\/","og_site_name":"Stichting Driel-Polen","article_modified_time":"2021-01-12T14:19:45+00:00","twitter_misc":{"Est. reading time":"11 minutes"},"schema":{"@context":"https:\/\/schema.org","@graph":[{"@type":"WebPage","@id":"https:\/\/www.driel-polen.nl\/herdenkingen\/herdenkingen-2015-2024\/ambassador-the-republic-poland-the-netherlands\/","url":"https:\/\/www.driel-polen.nl\/herdenkingen\/herdenkingen-2015-2024\/ambassador-the-republic-poland-the-netherlands\/","name":"2016 Ambassador of the Republic of Poland in the Netherlands - Stichting Driel-Polen","isPartOf":{"@id":"https:\/\/www.driel-polen.nl\/nl\/#website"},"datePublished":"2016-09-19T10:26:37+00:00","dateModified":"2021-01-12T14:19:45+00:00","breadcrumb":{"@id":"https:\/\/www.driel-polen.nl\/herdenkingen\/herdenkingen-2015-2024\/ambassador-the-republic-poland-the-netherlands\/#breadcrumb"},"inLanguage":"en-US","potentialAction":[{"@type":"ReadAction","target":["https:\/\/www.driel-polen.nl\/herdenkingen\/herdenkingen-2015-2024\/ambassador-the-republic-poland-the-netherlands\/"]}]},{"@type":"BreadcrumbList","@id":"https:\/\/www.driel-polen.nl\/herdenkingen\/herdenkingen-2015-2024\/ambassador-the-republic-poland-the-netherlands\/#breadcrumb","itemListElement":[{"@type":"ListItem","position":1,"name":"Herdenkingen","item":"https:\/\/www.driel-polen.nl\/herdenkingen\/"},{"@type":"ListItem","position":2,"name":"Herdenkingen 2015-2024","item":"https:\/\/www.driel-polen.nl\/herdenkingen\/herdenkingen-2015-2024\/"},{"@type":"ListItem","position":3,"name":"2016 Ambasadora Rzeczypospolitej Polskiej w Kr\u00f3lestwie Niderland\u00f3w"}]},{"@type":"WebSite","@id":"https:\/\/www.driel-polen.nl\/nl\/#website","url":"https:\/\/www.driel-polen.nl\/nl\/","name":"Stichting Driel-Polen","description":"General St. Sosabowski","potentialAction":[{"@type":"SearchAction","target":{"@type":"EntryPoint","urlTemplate":"https:\/\/www.driel-polen.nl\/nl\/?s={search_term_string}"},"query-input":{"@type":"PropertyValueSpecification","valueRequired":true,"valueName":"search_term_string"}}],"inLanguage":"en-US"}]}},"_links":{"self":[{"href":"https:\/\/www.driel-polen.nl\/en\/wp-json\/wp\/v2\/pages\/1723","targetHints":{"allow":["GET"]}}],"collection":[{"href":"https:\/\/www.driel-polen.nl\/en\/wp-json\/wp\/v2\/pages"}],"about":[{"href":"https:\/\/www.driel-polen.nl\/en\/wp-json\/wp\/v2\/types\/page"}],"author":[{"embeddable":true,"href":"https:\/\/www.driel-polen.nl\/en\/wp-json\/wp\/v2\/users\/17"}],"replies":[{"embeddable":true,"href":"https:\/\/www.driel-polen.nl\/en\/wp-json\/wp\/v2\/comments?post=1723"}],"version-history":[{"count":5,"href":"https:\/\/www.driel-polen.nl\/en\/wp-json\/wp\/v2\/pages\/1723\/revisions"}],"predecessor-version":[{"id":4089,"href":"https:\/\/www.driel-polen.nl\/en\/wp-json\/wp\/v2\/pages\/1723\/revisions\/4089"}],"up":[{"embeddable":true,"href":"https:\/\/www.driel-polen.nl\/en\/wp-json\/wp\/v2\/pages\/5633"}],"wp:attachment":[{"href":"https:\/\/www.driel-polen.nl\/en\/wp-json\/wp\/v2\/media?parent=1723"}],"curies":[{"name":"wp","href":"https:\/\/api.w.org\/{rel}","templated":true}]}}